{"id":101292,"date":"2023-07-28T16:07:04","date_gmt":"2023-07-28T15:07:04","guid":{"rendered":"https:\/\/\/uk\/?post_type=product&#038;p=101292"},"modified":"2023-11-24T08:55:41","modified_gmt":"2023-11-24T08:55:41","slug":"confesion-de-fe-de-westminster","status":"publish","type":"product","link":"https:\/\/banneroftruth.org\/uk\/store\/theology\/confesion-de-fe-de-westminster\/","title":{"rendered":"Confesi\u00f3n De Fe De Westminster"},"content":{"rendered":"<p><strong>\u00a0<\/strong><\/p>\n<p style=\"text-align: center;\">\u00bbEl fin principal del hombre es glorificar a Dios<br \/>\ny gozar de \u00c9l para siempre\u00ab<\/p>\n<p style=\"text-align: center;\">\u2014<em>Catecismo Menor de Westminster<\/em><\/p>\n<p>&nbsp;<\/p>\n<p>A trav\u00e9s de esta nueva edici\u00f3n de la <em>Confesi\u00f3n de Fe de \u200cWestminster<\/em>, y su respectivo <em>Catecismo Menor<\/em>, queremos invitar al pueblo cristiano hispano a continuar profundizando en aquellas verdades doctrinales que han llevado a la Iglesia, a lo largo de la historia, a glorificar a Dios. Estos documentos enriquecer\u00e1n nuestra confesi\u00f3n del Dios trino que nos escogi\u00f3, redimi\u00f3 y contin\u00faa santificando para as\u00ed, gozar de \u00c9l para siempre. Adem\u00e1s, hemos incluido algunos Credos cristianos universales para entregar m\u00e1s recursos que nos lleven a crecer en la fe que creemos y confesamos.<\/p>\n<p>&nbsp;<\/p>\n<p>\u00bbLa Confesi\u00f3n de Westminster y sus Catecismos son, por lo tanto, el fruto maduro de todo el movimiento de formaci\u00f3n de credos a lo largo de quince siglos de historia cristiana y, en particular, la Confesi\u00f3n y sus Catecismos son la corona de la mayor \u00e9poca de exposici\u00f3n confesional, la Reforma protestante. Ning\u00fan otro documento similar ha concentrado en ellos, y formulado con tanta precisi\u00f3n, tanto de la verdad contenida en la revelaci\u00f3n cristiana\u00ab.<\/p>\n<p>\u2014Profesor John Murray (1898\u20131975)<\/p>\n<p>\u00bbLa verdad que expresa la Confesi\u00f3n tiene el poder de moldear tu pensamiento; su ense\u00f1anza ampliar\u00e1 y aclarar\u00e1 tu comprensi\u00f3n. Adem\u00e1s, y lo mejor de todo, la sabidur\u00eda pastoral de la Confesi\u00f3n de Fe te ayudar\u00e1 a vivir la vida cristiana con la perspectiva magn\u00edficamente expresada en la respuesta a la primera pregunta del Catecismo Menor que la acompa\u00f1aba: glorificar a Dios y gozar de \u00e9l para siempre\u00bb.<\/p>\n<p>\u2014Sinclair B. Ferguson<\/p>\n","protected":false},"excerpt":{"rendered":"<p>\u00a0 \u00bbEl fin principal del hombre es glorificar a Dios y gozar de \u00c9l para siempre\u00ab \u2014Catecismo Menor de Westminster &nbsp; A trav\u00e9s de esta nueva edici\u00f3n de la Confesi\u00f3n de Fe de \u200cWestminster, y su respectivo Catecismo Menor, queremos invitar al pueblo cristiano hispano a continuar profundizando en aquellas verdades doctrinales que han llevado [&hellip;]<\/p>\n","protected":false},"featured_media":101330,"comment_status":"open","ping_status":"closed","template":"","meta":[],"product_brand":[],"product_cat":[1270],"product_tag":[1734],"class_list":{"0":"post-101292","1":"product","2":"type-product","3":"status-publish","4":"has-post-thumbnail","6":"product_cat-theology","7":"product_tag-new-releases","8":"pa_binding-paperback","9":"pa_format-book","10":"pa_isbn-20246","11":"pa_language-spanish","12":"pa_page-count-2915","13":"pa_subtitle-catecismo-menor-de-westminster-y-algunos-credos","15":"first","16":"instock","17":"purchasable","18":"product-type-simple"},"bundled_by":[],"bundle_stock_status":"instock","bundle_stock_quantity":null,"bundle_virtual":false,"bundle_layout":"","bundle_add_to_cart_form_location":"","bundle_editable_in_cart":false,"bundle_sold_individually_context":"","bundle_item_grouping":"","bundle_min_size":"","bundle_max_size":"","bundle_price":[],"bundled_items":[],"bundle_sell_ids":[],"yoast_head":"<!-- This site is optimized with the Yoast SEO Premium plugin v27.3 (Yoast SEO v27.3) - https:\/\/yoast.com\/product\/yoast-seo-premium-wordpress\/ -->\n<title>Confesi\u00f3n De Fe De Westminster - Banner of Truth UK<\/title>\n<meta name=\"description\" content=\"\u00bbEl fin principal del hombre es glorificar a Dios y gozar de \u00c9l para siempre\u00ab\u2014Catecismo Menor de Westminster\" \/>\n<meta name=\"robots\" content=\"index, follow, max-snippet:-1, max-image-preview:large, max-video-preview:-1\" \/>\n<link rel=\"canonical\" href=\"https:\/\/banneroftruth.org\/uk\/store\/theology\/confesion-de-fe-de-westminster\/\" \/>\n<meta property=\"og:locale\" content=\"en_GB\" \/>\n<meta property=\"og:type\" content=\"article\" \/>\n<meta property=\"og:title\" content=\"Confesi\u00f3n De Fe De Westminster\" \/>\n<meta property=\"og:description\" content=\"\u00bbEl fin principal del hombre es glorificar a Dios y gozar de \u00c9l para siempre\u00ab\u2014Catecismo Menor de Westminster\" \/>\n<meta property=\"og:url\" content=\"https:\/\/banneroftruth.org\/uk\/store\/theology\/confesion-de-fe-de-westminster\/\" \/>\n<meta property=\"og:site_name\" content=\"Banner of Truth UK\" \/>\n<meta property=\"article:publisher\" content=\"https:\/\/www.facebook.com\/TheBannerofTruth\" \/>\n<meta property=\"article:modified_time\" content=\"2023-11-24T08:55:41+00:00\" \/>\n<meta property=\"og:image\" content=\"https:\/\/banneroftruth.org\/uk\/wp-content\/uploads\/sites\/6\/2023\/07\/Spanish_Westminster_Cover_front_RGB.png\" \/>\n\t<meta property=\"og:image:width\" content=\"1263\" \/>\n\t<meta property=\"og:image:height\" content=\"2000\" \/>\n\t<meta property=\"og:image:type\" content=\"image\/png\" \/>\n<meta name=\"twitter:card\" content=\"summary_large_image\" \/>\n<meta name=\"twitter:site\" content=\"@Banneroftruth\" \/>\n<meta name=\"twitter:label1\" content=\"Price\" \/>\n\t<meta name=\"twitter:data1\" content=\"&pound;6.50\" \/>\n\t<meta name=\"twitter:label2\" content=\"Availability\" \/>\n\t<meta name=\"twitter:data2\" content=\"In stock\" \/>\n<script type=\"application\/ld+json\" class=\"yoast-schema-graph\">{\"@context\":\"https:\\\/\\\/schema.org\",\"@graph\":[{\"@type\":\"WebPage\",\"@id\":\"https:\\\/\\\/banneroftruth.org\\\/uk\\\/store\\\/theology\\\/confesion-de-fe-de-westminster\\\/\",\"url\":\"https:\\\/\\\/banneroftruth.org\\\/uk\\\/store\\\/theology\\\/confesion-de-fe-de-westminster\\\/\",\"name\":\"Confesi\u00f3n De Fe De Westminster - Banner of Truth UK\",\"isPartOf\":{\"@id\":\"https:\\\/\\\/banneroftruth.org\\\/uk\\\/#website\"},\"primaryImageOfPage\":{\"@id\":\"https:\\\/\\\/banneroftruth.org\\\/uk\\\/store\\\/theology\\\/confesion-de-fe-de-westminster\\\/#primaryimage\"},\"image\":{\"@id\":\"https:\\\/\\\/banneroftruth.org\\\/uk\\\/store\\\/theology\\\/confesion-de-fe-de-westminster\\\/#primaryimage\"},\"thumbnailUrl\":\"https:\\\/\\\/banneroftruth.org\\\/uk\\\/wp-content\\\/uploads\\\/sites\\\/6\\\/2023\\\/07\\\/Spanish_Westminster_Cover_front_RGB.png\",\"datePublished\":\"2023-07-28T15:07:04+00:00\",\"dateModified\":\"2023-11-24T08:55:41+00:00\",\"description\":\"\u00bbEl fin principal del hombre es glorificar a Dios y gozar de \u00c9l para siempre\u00ab\u2014Catecismo Menor de Westminster\",\"breadcrumb\":{\"@id\":\"https:\\\/\\\/banneroftruth.org\\\/uk\\\/store\\\/theology\\\/confesion-de-fe-de-westminster\\\/#breadcrumb\"},\"inLanguage\":\"en-GB\",\"potentialAction\":[{\"@type\":\"ReadAction\",\"target\":[\"https:\\\/\\\/banneroftruth.org\\\/uk\\\/store\\\/theology\\\/confesion-de-fe-de-westminster\\\/\"]}]},{\"@type\":\"ImageObject\",\"inLanguage\":\"en-GB\",\"@id\":\"https:\\\/\\\/banneroftruth.org\\\/uk\\\/store\\\/theology\\\/confesion-de-fe-de-westminster\\\/#primaryimage\",\"url\":\"https:\\\/\\\/banneroftruth.org\\\/uk\\\/wp-content\\\/uploads\\\/sites\\\/6\\\/2023\\\/07\\\/Spanish_Westminster_Cover_front_RGB.png\",\"contentUrl\":\"https:\\\/\\\/banneroftruth.org\\\/uk\\\/wp-content\\\/uploads\\\/sites\\\/6\\\/2023\\\/07\\\/Spanish_Westminster_Cover_front_RGB.png\",\"width\":1263,\"height\":2000,\"caption\":\"Cover of Confesion De Fe De Westminster\"},{\"@type\":\"BreadcrumbList\",\"@id\":\"https:\\\/\\\/banneroftruth.org\\\/uk\\\/store\\\/theology\\\/confesion-de-fe-de-westminster\\\/#breadcrumb\",\"itemListElement\":[{\"@type\":\"ListItem\",\"position\":1,\"name\":\"Home\",\"item\":\"https:\\\/\\\/banneroftruth.org\\\/uk\\\/\"},{\"@type\":\"ListItem\",\"position\":2,\"name\":\"Store\",\"item\":\"https:\\\/\\\/banneroftruth.org\\\/uk\\\/store\\\/\"},{\"@type\":\"ListItem\",\"position\":3,\"name\":\"Confesi\u00f3n De Fe De Westminster\"}]},{\"@type\":\"WebSite\",\"@id\":\"https:\\\/\\\/banneroftruth.org\\\/uk\\\/#website\",\"url\":\"https:\\\/\\\/banneroftruth.org\\\/uk\\\/\",\"name\":\"Banner of Truth UK\",\"description\":\"Christian Publisher of Reformed &amp; Puritan Books\",\"publisher\":{\"@id\":\"https:\\\/\\\/banneroftruth.org\\\/uk\\\/#organization\"},\"potentialAction\":[{\"@type\":\"SearchAction\",\"target\":{\"@type\":\"EntryPoint\",\"urlTemplate\":\"https:\\\/\\\/banneroftruth.org\\\/uk\\\/?s={search_term_string}\"},\"query-input\":{\"@type\":\"PropertyValueSpecification\",\"valueRequired\":true,\"valueName\":\"search_term_string\"}}],\"inLanguage\":\"en-GB\"},{\"@type\":\"Organization\",\"@id\":\"https:\\\/\\\/banneroftruth.org\\\/uk\\\/#organization\",\"name\":\"Banner of Truth UK\",\"url\":\"https:\\\/\\\/banneroftruth.org\\\/uk\\\/\",\"logo\":{\"@type\":\"ImageObject\",\"inLanguage\":\"en-GB\",\"@id\":\"https:\\\/\\\/banneroftruth.org\\\/uk\\\/#\\\/schema\\\/logo\\\/image\\\/\",\"url\":\"https:\\\/\\\/banneroftruth.org\\\/uk\\\/wp-content\\\/uploads\\\/sites\\\/6\\\/2021\\\/04\\\/logo_and_text_Jun2015.png\",\"contentUrl\":\"https:\\\/\\\/banneroftruth.org\\\/uk\\\/wp-content\\\/uploads\\\/sites\\\/6\\\/2021\\\/04\\\/logo_and_text_Jun2015.png\",\"width\":377,\"height\":132,\"caption\":\"Banner of Truth UK\"},\"image\":{\"@id\":\"https:\\\/\\\/banneroftruth.org\\\/uk\\\/#\\\/schema\\\/logo\\\/image\\\/\"},\"sameAs\":[\"https:\\\/\\\/www.facebook.com\\\/TheBannerofTruth\",\"https:\\\/\\\/x.com\\\/Banneroftruth\",\"https:\\\/\\\/www.instagram.com\\\/banneroftruth\\\/?hl=en\"]}]}<\/script>\n<meta property=\"product:price:amount\" content=\"6.50\" \/>\n<meta property=\"product:price:currency\" content=\"GBP\" \/>\n<meta property=\"og:availability\" content=\"instock\" \/>\n<meta property=\"product:availability\" content=\"instock\" \/>\n<meta property=\"product:retailer_item_id\" content=\"9781800403390\" \/>\n<meta property=\"product:condition\" content=\"new\" \/>\n<!-- \/ Yoast SEO Premium plugin. -->","yoast_head_json":{"title":"Confesi\u00f3n De Fe De Westminster - Banner of Truth UK","description":"\u00bbEl fin principal del hombre es glorificar a Dios y gozar de \u00c9l para siempre\u00ab\u2014Catecismo Menor de Westminster","robots":{"index":"index","follow":"follow","max-snippet":"max-snippet:-1","max-image-preview":"max-image-preview:large","max-video-preview":"max-video-preview:-1"},"canonical":"https:\/\/banneroftruth.org\/uk\/store\/theology\/confesion-de-fe-de-westminster\/","og_locale":"en_GB","og_type":"article","og_title":"Confesi\u00f3n De Fe De Westminster","og_description":"\u00bbEl fin principal del hombre es glorificar a Dios y gozar de \u00c9l para siempre\u00ab\u2014Catecismo Menor de Westminster","og_url":"https:\/\/banneroftruth.org\/uk\/store\/theology\/confesion-de-fe-de-westminster\/","og_site_name":"Banner of Truth UK","article_publisher":"https:\/\/www.facebook.com\/TheBannerofTruth","article_modified_time":"2023-11-24T08:55:41+00:00","og_image":[{"width":1263,"height":2000,"url":"https:\/\/banneroftruth.org\/uk\/wp-content\/uploads\/sites\/6\/2023\/07\/Spanish_Westminster_Cover_front_RGB.png","type":"image\/png"}],"twitter_card":"summary_large_image","twitter_site":"@Banneroftruth","twitter_misc":{"Price":"&pound;6.50","Availability":"In stock"},"schema":{"@context":"https:\/\/schema.org","@graph":[{"@type":"WebPage","@id":"https:\/\/banneroftruth.org\/uk\/store\/theology\/confesion-de-fe-de-westminster\/","url":"https:\/\/banneroftruth.org\/uk\/store\/theology\/confesion-de-fe-de-westminster\/","name":"Confesi\u00f3n De Fe De Westminster - Banner of Truth UK","isPartOf":{"@id":"https:\/\/banneroftruth.org\/uk\/#website"},"primaryImageOfPage":{"@id":"https:\/\/banneroftruth.org\/uk\/store\/theology\/confesion-de-fe-de-westminster\/#primaryimage"},"image":{"@id":"https:\/\/banneroftruth.org\/uk\/store\/theology\/confesion-de-fe-de-westminster\/#primaryimage"},"thumbnailUrl":"https:\/\/banneroftruth.org\/uk\/wp-content\/uploads\/sites\/6\/2023\/07\/Spanish_Westminster_Cover_front_RGB.png","datePublished":"2023-07-28T15:07:04+00:00","dateModified":"2023-11-24T08:55:41+00:00","description":"\u00bbEl fin principal del hombre es glorificar a Dios y gozar de \u00c9l para siempre\u00ab\u2014Catecismo Menor de Westminster","breadcrumb":{"@id":"https:\/\/banneroftruth.org\/uk\/store\/theology\/confesion-de-fe-de-westminster\/#breadcrumb"},"inLanguage":"en-GB","potentialAction":[{"@type":"ReadAction","target":["https:\/\/banneroftruth.org\/uk\/store\/theology\/confesion-de-fe-de-westminster\/"]}]},{"@type":"ImageObject","inLanguage":"en-GB","@id":"https:\/\/banneroftruth.org\/uk\/store\/theology\/confesion-de-fe-de-westminster\/#primaryimage","url":"https:\/\/banneroftruth.org\/uk\/wp-content\/uploads\/sites\/6\/2023\/07\/Spanish_Westminster_Cover_front_RGB.png","contentUrl":"https:\/\/banneroftruth.org\/uk\/wp-content\/uploads\/sites\/6\/2023\/07\/Spanish_Westminster_Cover_front_RGB.png","width":1263,"height":2000,"caption":"Cover of Confesion De Fe De Westminster"},{"@type":"BreadcrumbList","@id":"https:\/\/banneroftruth.org\/uk\/store\/theology\/confesion-de-fe-de-westminster\/#breadcrumb","itemListElement":[{"@type":"ListItem","position":1,"name":"Home","item":"https:\/\/banneroftruth.org\/uk\/"},{"@type":"ListItem","position":2,"name":"Store","item":"https:\/\/banneroftruth.org\/uk\/store\/"},{"@type":"ListItem","position":3,"name":"Confesi\u00f3n De Fe De Westminster"}]},{"@type":"WebSite","@id":"https:\/\/banneroftruth.org\/uk\/#website","url":"https:\/\/banneroftruth.org\/uk\/","name":"Banner of Truth UK","description":"Christian Publisher of Reformed &amp; Puritan Books","publisher":{"@id":"https:\/\/banneroftruth.org\/uk\/#organization"},"potentialAction":[{"@type":"SearchAction","target":{"@type":"EntryPoint","urlTemplate":"https:\/\/banneroftruth.org\/uk\/?s={search_term_string}"},"query-input":{"@type":"PropertyValueSpecification","valueRequired":true,"valueName":"search_term_string"}}],"inLanguage":"en-GB"},{"@type":"Organization","@id":"https:\/\/banneroftruth.org\/uk\/#organization","name":"Banner of Truth UK","url":"https:\/\/banneroftruth.org\/uk\/","logo":{"@type":"ImageObject","inLanguage":"en-GB","@id":"https:\/\/banneroftruth.org\/uk\/#\/schema\/logo\/image\/","url":"https:\/\/banneroftruth.org\/uk\/wp-content\/uploads\/sites\/6\/2021\/04\/logo_and_text_Jun2015.png","contentUrl":"https:\/\/banneroftruth.org\/uk\/wp-content\/uploads\/sites\/6\/2021\/04\/logo_and_text_Jun2015.png","width":377,"height":132,"caption":"Banner of Truth UK"},"image":{"@id":"https:\/\/banneroftruth.org\/uk\/#\/schema\/logo\/image\/"},"sameAs":["https:\/\/www.facebook.com\/TheBannerofTruth","https:\/\/x.com\/Banneroftruth","https:\/\/www.instagram.com\/banneroftruth\/?hl=en"]}]},"product_price_amount":"6.50","product_price_currency":"GBP","og_availability":"instock","product_availability":"instock","product_retailer_item_id":"9781800403390","product_condition":"new"},"_links":{"self":[{"href":"https:\/\/banneroftruth.org\/uk\/wp-json\/wp\/v2\/product\/101292","targetHints":{"allow":["GET"]}}],"collection":[{"href":"https:\/\/banneroftruth.org\/uk\/wp-json\/wp\/v2\/product"}],"about":[{"href":"https:\/\/banneroftruth.org\/uk\/wp-json\/wp\/v2\/types\/product"}],"replies":[{"embeddable":true,"href":"https:\/\/banneroftruth.org\/uk\/wp-json\/wp\/v2\/comments?post=101292"}],"wp:featuredmedia":[{"embeddable":true,"href":"https:\/\/banneroftruth.org\/uk\/wp-json\/wp\/v2\/media\/101330"}],"wp:attachment":[{"href":"https:\/\/banneroftruth.org\/uk\/wp-json\/wp\/v2\/media?parent=101292"}],"wp:term":[{"taxonomy":"product_brand","embeddable":true,"href":"https:\/\/banneroftruth.org\/uk\/wp-json\/wp\/v2\/product_brand?post=101292"},{"taxonomy":"product_cat","embeddable":true,"href":"https:\/\/banneroftruth.org\/uk\/wp-json\/wp\/v2\/product_cat?post=101292"},{"taxonomy":"product_tag","embeddable":true,"href":"https:\/\/banneroftruth.org\/uk\/wp-json\/wp\/v2\/product_tag?post=101292"}],"curies":[{"name":"wp","href":"https:\/\/api.w.org\/{rel}","templated":true}]}}