{"id":15742,"date":"2014-09-22T10:16:53","date_gmt":"2014-09-22T09:16:53","guid":{"rendered":"http:\/\/\/uk\/store\/uncategorized\/los-diez-mandamientos\/"},"modified":"2026-01-19T09:45:51","modified_gmt":"2026-01-19T09:45:51","slug":"los-diez-mandamientos","status":"publish","type":"product","link":"https:\/\/banneroftruth.org\/uk\/store\/theology\/los-diez-mandamientos\/","title":{"rendered":"Los Diez Mandamientos"},"content":{"rendered":"<h2>Book Description<\/h2>\n<p>En este libro Thomas Watson contin\u00faa su exposici\u00f3n del Catecismo Menor elaborado por la Asamblea de Westminster. Watson fue uno de los predicadores m\u00e1s populares de Londres durante la era puritana. Sus escritos se caracterizan por la claridad, raciness y riqueza espiritual. La serie de tres vol\u00famenes, de los cuales \u00e9ste es el segundo, hace una introducci\u00f3n ideal a la literatura puritana.<\/p>\n<p>Hay pocas cuestiones sobre las que los puritanos difieren m\u00e1s de los cristianos de hoy en d\u00eda que en su evaluaci\u00f3n de la importancia de los diez mandamientos. Los mandamientos, sostuvieron, son lo primero en el cristianismo que el hombre natural necesita ser ense\u00f1ado y ellos deber\u00edan ser la preocupaci\u00f3n diaria de los cristianos a la \u00faltima.<\/p>\n<p>En <em>El Diez Mandamientos<\/em> Watson examina la ley moral en su conjunto, as\u00ed como llevar a cabo el significado y la fuerza de cada mandamiento en particular. En vista de la importante funci\u00f3n de la ley en la vida y la evangelizaci\u00f3n cristiana se trata de un volumen m\u00e1s valioso.<\/p>\n","protected":false},"excerpt":{"rendered":"<p>Book Description En este libro Thomas Watson contin\u00faa su exposici\u00f3n del Catecismo Menor elaborado por la Asamblea de Westminster. Watson fue uno de los predicadores m\u00e1s populares de Londres durante la era puritana. Sus escritos se caracterizan por la claridad, raciness y riqueza espiritual. La serie de tres vol\u00famenes, de los cuales \u00e9ste es el [&hellip;]<\/p>\n","protected":false},"featured_media":15743,"comment_status":"open","ping_status":"closed","template":"","meta":[],"product_brand":[],"product_cat":[1270],"product_tag":[5654],"class_list":{"0":"post-15742","1":"product","2":"type-product","3":"status-publish","4":"has-post-thumbnail","6":"product_cat-theology","7":"product_tag-10-commandments-in-spanish","8":"pa_binding-paperback","9":"pa_era-17th-century","10":"pa_format-book","11":"pa_isbn-5655","12":"pa_language-spanish","13":"pa_original-pub-date-2153","14":"pa_page-count-1685","15":"pa_recent-pub-date-apr-30-1958","16":"pa_recent-pub-date-year-6274","17":"pa_scripture-whole-bible","18":"pa_subtitle-the-ten-commandments","19":"pa_theauthor-watson-thomas","21":"first","22":"outofstock","23":"purchasable","24":"product-type-simple"},"bundled_by":[],"bundle_stock_status":"outofstock","bundle_stock_quantity":null,"bundle_virtual":false,"bundle_layout":"","bundle_add_to_cart_form_location":"","bundle_editable_in_cart":false,"bundle_sold_individually_context":"","bundle_item_grouping":"","bundle_min_size":"","bundle_max_size":"","bundle_price":[],"bundled_items":[],"bundle_sell_ids":[],"yoast_head":"<!-- This site is optimized with the Yoast SEO Premium plugin v27.3 (Yoast SEO v27.3) - https:\/\/yoast.com\/product\/yoast-seo-premium-wordpress\/ -->\n<title>Los Diez Mandamientos - Banner of Truth UK<\/title>\n<meta name=\"description\" content=\"En Los Diez Mandamientos Thomas Watson contin\u00faa su exposici\u00f3n del Catecismo Menor elaborado por la Asamblea de Westminster .\" \/>\n<meta name=\"robots\" content=\"index, follow, max-snippet:-1, max-image-preview:large, max-video-preview:-1\" \/>\n<link rel=\"canonical\" href=\"https:\/\/banneroftruth.org\/uk\/store\/theology\/los-diez-mandamientos\/\" \/>\n<meta property=\"og:locale\" content=\"en_GB\" \/>\n<meta property=\"og:type\" content=\"article\" \/>\n<meta property=\"og:title\" content=\"Los Diez Mandamientos\" \/>\n<meta property=\"og:description\" content=\"En Los Diez Mandamientos Thomas Watson contin\u00faa su exposici\u00f3n del Catecismo Menor elaborado por la Asamblea de Westminster .\" \/>\n<meta property=\"og:url\" content=\"https:\/\/banneroftruth.org\/uk\/store\/theology\/los-diez-mandamientos\/\" \/>\n<meta property=\"og:site_name\" content=\"Banner of Truth UK\" \/>\n<meta property=\"article:publisher\" content=\"https:\/\/www.facebook.com\/TheBannerofTruth\" \/>\n<meta property=\"article:modified_time\" content=\"2026-01-19T09:45:51+00:00\" \/>\n<meta property=\"og:image\" content=\"https:\/\/banneroftruth.org\/uk\/wp-content\/uploads\/sites\/6\/2014\/10\/Los-Diez-Mandamientos-front.jpg\" \/>\n\t<meta property=\"og:image:width\" content=\"1576\" \/>\n\t<meta property=\"og:image:height\" content=\"2554\" \/>\n\t<meta property=\"og:image:type\" content=\"image\/jpeg\" \/>\n<meta name=\"twitter:card\" content=\"summary_large_image\" \/>\n<meta name=\"twitter:site\" content=\"@Banneroftruth\" \/>\n<meta name=\"twitter:label1\" content=\"Price\" \/>\n\t<meta name=\"twitter:data1\" content=\"&pound;8.50\" \/>\n\t<meta name=\"twitter:label2\" content=\"Availability\" \/>\n\t<meta name=\"twitter:data2\" content=\"Out of stock\" \/>\n<script type=\"application\/ld+json\" class=\"yoast-schema-graph\">{\"@context\":\"https:\\\/\\\/schema.org\",\"@graph\":[{\"@type\":\"WebPage\",\"@id\":\"https:\\\/\\\/banneroftruth.org\\\/uk\\\/store\\\/theology\\\/los-diez-mandamientos\\\/\",\"url\":\"https:\\\/\\\/banneroftruth.org\\\/uk\\\/store\\\/theology\\\/los-diez-mandamientos\\\/\",\"name\":\"Los Diez Mandamientos - Banner of Truth UK\",\"isPartOf\":{\"@id\":\"https:\\\/\\\/banneroftruth.org\\\/uk\\\/#website\"},\"primaryImageOfPage\":{\"@id\":\"https:\\\/\\\/banneroftruth.org\\\/uk\\\/store\\\/theology\\\/los-diez-mandamientos\\\/#primaryimage\"},\"image\":{\"@id\":\"https:\\\/\\\/banneroftruth.org\\\/uk\\\/store\\\/theology\\\/los-diez-mandamientos\\\/#primaryimage\"},\"thumbnailUrl\":\"https:\\\/\\\/banneroftruth.org\\\/uk\\\/wp-content\\\/uploads\\\/sites\\\/6\\\/2014\\\/10\\\/Los-Diez-Mandamientos-front.jpg\",\"datePublished\":\"2014-09-22T09:16:53+00:00\",\"dateModified\":\"2026-01-19T09:45:51+00:00\",\"description\":\"En Los Diez Mandamientos Thomas Watson contin\u00faa su exposici\u00f3n del Catecismo Menor elaborado por la Asamblea de Westminster .\",\"breadcrumb\":{\"@id\":\"https:\\\/\\\/banneroftruth.org\\\/uk\\\/store\\\/theology\\\/los-diez-mandamientos\\\/#breadcrumb\"},\"inLanguage\":\"en-GB\",\"potentialAction\":[{\"@type\":\"ReadAction\",\"target\":[\"https:\\\/\\\/banneroftruth.org\\\/uk\\\/store\\\/theology\\\/los-diez-mandamientos\\\/\"]}]},{\"@type\":\"ImageObject\",\"inLanguage\":\"en-GB\",\"@id\":\"https:\\\/\\\/banneroftruth.org\\\/uk\\\/store\\\/theology\\\/los-diez-mandamientos\\\/#primaryimage\",\"url\":\"https:\\\/\\\/banneroftruth.org\\\/uk\\\/wp-content\\\/uploads\\\/sites\\\/6\\\/2014\\\/10\\\/Los-Diez-Mandamientos-front.jpg\",\"contentUrl\":\"https:\\\/\\\/banneroftruth.org\\\/uk\\\/wp-content\\\/uploads\\\/sites\\\/6\\\/2014\\\/10\\\/Los-Diez-Mandamientos-front.jpg\",\"width\":1576,\"height\":2554,\"caption\":\"Cover image for 'Los Diez Mandamientos'\"},{\"@type\":\"BreadcrumbList\",\"@id\":\"https:\\\/\\\/banneroftruth.org\\\/uk\\\/store\\\/theology\\\/los-diez-mandamientos\\\/#breadcrumb\",\"itemListElement\":[{\"@type\":\"ListItem\",\"position\":1,\"name\":\"Home\",\"item\":\"https:\\\/\\\/banneroftruth.org\\\/uk\\\/\"},{\"@type\":\"ListItem\",\"position\":2,\"name\":\"Store\",\"item\":\"https:\\\/\\\/banneroftruth.org\\\/uk\\\/store\\\/\"},{\"@type\":\"ListItem\",\"position\":3,\"name\":\"Los Diez Mandamientos\"}]},{\"@type\":\"WebSite\",\"@id\":\"https:\\\/\\\/banneroftruth.org\\\/uk\\\/#website\",\"url\":\"https:\\\/\\\/banneroftruth.org\\\/uk\\\/\",\"name\":\"Banner of Truth UK\",\"description\":\"Christian Publisher of Reformed &amp; Puritan Books\",\"publisher\":{\"@id\":\"https:\\\/\\\/banneroftruth.org\\\/uk\\\/#organization\"},\"potentialAction\":[{\"@type\":\"SearchAction\",\"target\":{\"@type\":\"EntryPoint\",\"urlTemplate\":\"https:\\\/\\\/banneroftruth.org\\\/uk\\\/?s={search_term_string}\"},\"query-input\":{\"@type\":\"PropertyValueSpecification\",\"valueRequired\":true,\"valueName\":\"search_term_string\"}}],\"inLanguage\":\"en-GB\"},{\"@type\":\"Organization\",\"@id\":\"https:\\\/\\\/banneroftruth.org\\\/uk\\\/#organization\",\"name\":\"Banner of Truth UK\",\"url\":\"https:\\\/\\\/banneroftruth.org\\\/uk\\\/\",\"logo\":{\"@type\":\"ImageObject\",\"inLanguage\":\"en-GB\",\"@id\":\"https:\\\/\\\/banneroftruth.org\\\/uk\\\/#\\\/schema\\\/logo\\\/image\\\/\",\"url\":\"https:\\\/\\\/banneroftruth.org\\\/uk\\\/wp-content\\\/uploads\\\/sites\\\/6\\\/2021\\\/04\\\/logo_and_text_Jun2015.png\",\"contentUrl\":\"https:\\\/\\\/banneroftruth.org\\\/uk\\\/wp-content\\\/uploads\\\/sites\\\/6\\\/2021\\\/04\\\/logo_and_text_Jun2015.png\",\"width\":377,\"height\":132,\"caption\":\"Banner of Truth UK\"},\"image\":{\"@id\":\"https:\\\/\\\/banneroftruth.org\\\/uk\\\/#\\\/schema\\\/logo\\\/image\\\/\"},\"sameAs\":[\"https:\\\/\\\/www.facebook.com\\\/TheBannerofTruth\",\"https:\\\/\\\/x.com\\\/Banneroftruth\",\"https:\\\/\\\/www.instagram.com\\\/banneroftruth\\\/?hl=en\"]}]}<\/script>\n<meta property=\"product:price:amount\" content=\"8.50\" \/>\n<meta property=\"product:price:currency\" content=\"GBP\" \/>\n<meta property=\"og:availability\" content=\"out of stock\" \/>\n<meta property=\"product:availability\" content=\"out of stock\" \/>\n<meta property=\"product:retailer_item_id\" content=\"9781848714137\" \/>\n<meta property=\"product:condition\" content=\"new\" \/>\n<!-- \/ Yoast SEO Premium plugin. -->","yoast_head_json":{"title":"Los Diez Mandamientos - Banner of Truth UK","description":"En Los Diez Mandamientos Thomas Watson contin\u00faa su exposici\u00f3n del Catecismo Menor elaborado por la Asamblea de Westminster .","robots":{"index":"index","follow":"follow","max-snippet":"max-snippet:-1","max-image-preview":"max-image-preview:large","max-video-preview":"max-video-preview:-1"},"canonical":"https:\/\/banneroftruth.org\/uk\/store\/theology\/los-diez-mandamientos\/","og_locale":"en_GB","og_type":"article","og_title":"Los Diez Mandamientos","og_description":"En Los Diez Mandamientos Thomas Watson contin\u00faa su exposici\u00f3n del Catecismo Menor elaborado por la Asamblea de Westminster .","og_url":"https:\/\/banneroftruth.org\/uk\/store\/theology\/los-diez-mandamientos\/","og_site_name":"Banner of Truth UK","article_publisher":"https:\/\/www.facebook.com\/TheBannerofTruth","article_modified_time":"2026-01-19T09:45:51+00:00","og_image":[{"width":1576,"height":2554,"url":"https:\/\/banneroftruth.org\/uk\/wp-content\/uploads\/sites\/6\/2014\/10\/Los-Diez-Mandamientos-front.jpg","type":"image\/jpeg"}],"twitter_card":"summary_large_image","twitter_site":"@Banneroftruth","twitter_misc":{"Price":"&pound;8.50","Availability":"Out of stock"},"schema":{"@context":"https:\/\/schema.org","@graph":[{"@type":"WebPage","@id":"https:\/\/banneroftruth.org\/uk\/store\/theology\/los-diez-mandamientos\/","url":"https:\/\/banneroftruth.org\/uk\/store\/theology\/los-diez-mandamientos\/","name":"Los Diez Mandamientos - Banner of Truth UK","isPartOf":{"@id":"https:\/\/banneroftruth.org\/uk\/#website"},"primaryImageOfPage":{"@id":"https:\/\/banneroftruth.org\/uk\/store\/theology\/los-diez-mandamientos\/#primaryimage"},"image":{"@id":"https:\/\/banneroftruth.org\/uk\/store\/theology\/los-diez-mandamientos\/#primaryimage"},"thumbnailUrl":"https:\/\/banneroftruth.org\/uk\/wp-content\/uploads\/sites\/6\/2014\/10\/Los-Diez-Mandamientos-front.jpg","datePublished":"2014-09-22T09:16:53+00:00","dateModified":"2026-01-19T09:45:51+00:00","description":"En Los Diez Mandamientos Thomas Watson contin\u00faa su exposici\u00f3n del Catecismo Menor elaborado por la Asamblea de Westminster .","breadcrumb":{"@id":"https:\/\/banneroftruth.org\/uk\/store\/theology\/los-diez-mandamientos\/#breadcrumb"},"inLanguage":"en-GB","potentialAction":[{"@type":"ReadAction","target":["https:\/\/banneroftruth.org\/uk\/store\/theology\/los-diez-mandamientos\/"]}]},{"@type":"ImageObject","inLanguage":"en-GB","@id":"https:\/\/banneroftruth.org\/uk\/store\/theology\/los-diez-mandamientos\/#primaryimage","url":"https:\/\/banneroftruth.org\/uk\/wp-content\/uploads\/sites\/6\/2014\/10\/Los-Diez-Mandamientos-front.jpg","contentUrl":"https:\/\/banneroftruth.org\/uk\/wp-content\/uploads\/sites\/6\/2014\/10\/Los-Diez-Mandamientos-front.jpg","width":1576,"height":2554,"caption":"Cover image for 'Los Diez Mandamientos'"},{"@type":"BreadcrumbList","@id":"https:\/\/banneroftruth.org\/uk\/store\/theology\/los-diez-mandamientos\/#breadcrumb","itemListElement":[{"@type":"ListItem","position":1,"name":"Home","item":"https:\/\/banneroftruth.org\/uk\/"},{"@type":"ListItem","position":2,"name":"Store","item":"https:\/\/banneroftruth.org\/uk\/store\/"},{"@type":"ListItem","position":3,"name":"Los Diez Mandamientos"}]},{"@type":"WebSite","@id":"https:\/\/banneroftruth.org\/uk\/#website","url":"https:\/\/banneroftruth.org\/uk\/","name":"Banner of Truth UK","description":"Christian Publisher of Reformed &amp; Puritan Books","publisher":{"@id":"https:\/\/banneroftruth.org\/uk\/#organization"},"potentialAction":[{"@type":"SearchAction","target":{"@type":"EntryPoint","urlTemplate":"https:\/\/banneroftruth.org\/uk\/?s={search_term_string}"},"query-input":{"@type":"PropertyValueSpecification","valueRequired":true,"valueName":"search_term_string"}}],"inLanguage":"en-GB"},{"@type":"Organization","@id":"https:\/\/banneroftruth.org\/uk\/#organization","name":"Banner of Truth UK","url":"https:\/\/banneroftruth.org\/uk\/","logo":{"@type":"ImageObject","inLanguage":"en-GB","@id":"https:\/\/banneroftruth.org\/uk\/#\/schema\/logo\/image\/","url":"https:\/\/banneroftruth.org\/uk\/wp-content\/uploads\/sites\/6\/2021\/04\/logo_and_text_Jun2015.png","contentUrl":"https:\/\/banneroftruth.org\/uk\/wp-content\/uploads\/sites\/6\/2021\/04\/logo_and_text_Jun2015.png","width":377,"height":132,"caption":"Banner of Truth UK"},"image":{"@id":"https:\/\/banneroftruth.org\/uk\/#\/schema\/logo\/image\/"},"sameAs":["https:\/\/www.facebook.com\/TheBannerofTruth","https:\/\/x.com\/Banneroftruth","https:\/\/www.instagram.com\/banneroftruth\/?hl=en"]}]},"product_price_amount":"8.50","product_price_currency":"GBP","og_availability":"out of stock","product_availability":"out of stock","product_retailer_item_id":"9781848714137","product_condition":"new"},"_links":{"self":[{"href":"https:\/\/banneroftruth.org\/uk\/wp-json\/wp\/v2\/product\/15742","targetHints":{"allow":["GET"]}}],"collection":[{"href":"https:\/\/banneroftruth.org\/uk\/wp-json\/wp\/v2\/product"}],"about":[{"href":"https:\/\/banneroftruth.org\/uk\/wp-json\/wp\/v2\/types\/product"}],"replies":[{"embeddable":true,"href":"https:\/\/banneroftruth.org\/uk\/wp-json\/wp\/v2\/comments?post=15742"}],"wp:featuredmedia":[{"embeddable":true,"href":"https:\/\/banneroftruth.org\/uk\/wp-json\/wp\/v2\/media\/15743"}],"wp:attachment":[{"href":"https:\/\/banneroftruth.org\/uk\/wp-json\/wp\/v2\/media?parent=15742"}],"wp:term":[{"taxonomy":"product_brand","embeddable":true,"href":"https:\/\/banneroftruth.org\/uk\/wp-json\/wp\/v2\/product_brand?post=15742"},{"taxonomy":"product_cat","embeddable":true,"href":"https:\/\/banneroftruth.org\/uk\/wp-json\/wp\/v2\/product_cat?post=15742"},{"taxonomy":"product_tag","embeddable":true,"href":"https:\/\/banneroftruth.org\/uk\/wp-json\/wp\/v2\/product_tag?post=15742"}],"curies":[{"name":"wp","href":"https:\/\/api.w.org\/{rel}","templated":true}]}}