{"id":19052,"date":"2013-12-09T09:32:22","date_gmt":"2013-12-09T09:32:22","guid":{"rendered":"http:\/\/\/uk\/store\/uncategorized\/el-ganador-de-almas-2\/"},"modified":"2019-12-11T13:48:48","modified_gmt":"2019-12-11T13:48:48","slug":"el-ganador-de-almas-2","status":"publish","type":"product","link":"https:\/\/banneroftruth.org\/uk\/store\/christian-living\/el-ganador-de-almas-2\/","title":{"rendered":"El Ganador De Almas"},"content":{"rendered":"<h2>Book Description<\/h2>\n<p>Spurgeon pronunci\u00f3 una breve serie de conferencias a los estudiantes de su curso pastoral, indic\u00e1ndoles que &#8216;el ganar almas es la ocupaci\u00f3n principal del ministro cristiano; y, por cierto, debiera ser la de todo verdadero creyente&#8217;.<\/p>\n<p>Esta serie de conferencias ocupan los primeros seis cap\u00edtulos de este libro. Le siguen cuatro discursos ofrecidos a los maestros de escuelas dominicales, predicadores al aire libre y amigos que asist\u00edan a las reuniones de oraci\u00f3n los lunes por la noche en el Tabern\u00e1culo Metropolitano (as\u00ed se llamaba la iglesia de la que Spurgeon era pastor). Finalmente, los\u00a0\u00faltimos cinco cap\u00edtulos consisten en una serie de sermones en los que Spurgeon recomienda encarecidamente a todos los creyentes en el Se\u00f1or Jesucristo la obra de ganar almas.<\/p>\n","protected":false},"excerpt":{"rendered":"<p>Book Description Spurgeon pronunci\u00f3 una breve serie de conferencias a los estudiantes de su curso pastoral, indic\u00e1ndoles que &#8216;el ganar almas es la ocupaci\u00f3n principal del ministro cristiano; y, por cierto, debiera ser la de todo verdadero creyente&#8217;. Esta serie de conferencias ocupan los primeros seis cap\u00edtulos de este libro. Le siguen cuatro discursos ofrecidos [&hellip;]<\/p>\n","protected":false},"featured_media":13230,"comment_status":"open","ping_status":"closed","template":"","meta":[],"product_brand":[],"product_cat":[1249],"product_tag":[5489],"class_list":{"0":"post-19052","1":"product","2":"type-product","3":"status-publish","4":"has-post-thumbnail","6":"product_cat-christian-living","7":"product_tag-spurgeon-in-spanish","8":"pa_binding-paperback","9":"pa_format-book","10":"pa_isbn-5490","11":"pa_language-spanish","12":"pa_original-pub-date-2621","13":"pa_page-count-1729","14":"pa_recent-pub-date-dec-10-2013","15":"pa_subtitle-winner-of-souls","16":"pa_theauthor-spurgeon-charles-haddon","17":"pa_topic-preaching-teaching","18":"pa_topic-spiritual-growth","20":"first","21":"instock","22":"purchasable","23":"product-type-simple"},"bundled_by":[],"bundle_stock_status":"instock","bundle_stock_quantity":null,"bundle_virtual":false,"bundle_layout":"","bundle_add_to_cart_form_location":"","bundle_editable_in_cart":false,"bundle_sold_individually_context":"","bundle_item_grouping":"","bundle_min_size":"","bundle_max_size":"","bundle_price":[],"bundled_items":[],"bundle_sell_ids":[],"yoast_head":"<!-- This site is optimized with the Yoast SEO Premium plugin v27.3 (Yoast SEO v27.3) - https:\/\/yoast.com\/product\/yoast-seo-premium-wordpress\/ -->\n<title>El Ganador De Almas - Banner of Truth UK<\/title>\n<meta name=\"description\" content=\"Finalmente, los \u00faltimos cinco cap\u00edtulos consisten en una serie de sermones en los que Spurgeon recomienda encarecidamente a todos los creyentes en el Se\u00f1or Jesucristo la obra de ganar almas.\" \/>\n<meta name=\"robots\" content=\"index, follow, max-snippet:-1, max-image-preview:large, max-video-preview:-1\" \/>\n<link rel=\"canonical\" href=\"https:\/\/banneroftruth.org\/uk\/store\/christian-living\/el-ganador-de-almas-2\/\" \/>\n<meta property=\"og:locale\" content=\"en_GB\" \/>\n<meta property=\"og:type\" content=\"article\" \/>\n<meta property=\"og:title\" content=\"El Ganador De Almas\" \/>\n<meta property=\"og:description\" content=\"Finalmente, los \u00faltimos cinco cap\u00edtulos consisten en una serie de sermones en los que Spurgeon recomienda encarecidamente a todos los creyentes en el Se\u00f1or Jesucristo la obra de ganar almas.\" \/>\n<meta property=\"og:url\" content=\"https:\/\/banneroftruth.org\/uk\/store\/christian-living\/el-ganador-de-almas-2\/\" \/>\n<meta property=\"og:site_name\" content=\"Banner of Truth UK\" \/>\n<meta property=\"article:publisher\" content=\"https:\/\/www.facebook.com\/TheBannerofTruth\" \/>\n<meta property=\"article:modified_time\" content=\"2019-12-11T13:48:48+00:00\" \/>\n<meta property=\"og:image\" content=\"https:\/\/banneroftruth.org\/uk\/wp-content\/uploads\/sites\/6\/2013\/11\/ElGanadorDeAlmas_Grayscale.jpg\" \/>\n\t<meta property=\"og:image:width\" content=\"804\" \/>\n\t<meta property=\"og:image:height\" content=\"1312\" \/>\n\t<meta property=\"og:image:type\" content=\"image\/jpeg\" \/>\n<meta name=\"twitter:card\" content=\"summary_large_image\" \/>\n<meta name=\"twitter:site\" content=\"@Banneroftruth\" \/>\n<meta name=\"twitter:label1\" content=\"Price\" \/>\n\t<meta name=\"twitter:data1\" content=\"&pound;7.00\" \/>\n\t<meta name=\"twitter:label2\" content=\"Availability\" \/>\n\t<meta name=\"twitter:data2\" content=\"In stock\" \/>\n<script type=\"application\/ld+json\" class=\"yoast-schema-graph\">{\"@context\":\"https:\\\/\\\/schema.org\",\"@graph\":[{\"@type\":\"WebPage\",\"@id\":\"https:\\\/\\\/banneroftruth.org\\\/uk\\\/store\\\/christian-living\\\/el-ganador-de-almas-2\\\/\",\"url\":\"https:\\\/\\\/banneroftruth.org\\\/uk\\\/store\\\/christian-living\\\/el-ganador-de-almas-2\\\/\",\"name\":\"El Ganador De Almas - Banner of Truth UK\",\"isPartOf\":{\"@id\":\"https:\\\/\\\/banneroftruth.org\\\/uk\\\/#website\"},\"primaryImageOfPage\":{\"@id\":\"https:\\\/\\\/banneroftruth.org\\\/uk\\\/store\\\/christian-living\\\/el-ganador-de-almas-2\\\/#primaryimage\"},\"image\":{\"@id\":\"https:\\\/\\\/banneroftruth.org\\\/uk\\\/store\\\/christian-living\\\/el-ganador-de-almas-2\\\/#primaryimage\"},\"thumbnailUrl\":\"https:\\\/\\\/banneroftruth.org\\\/uk\\\/wp-content\\\/uploads\\\/sites\\\/6\\\/2013\\\/11\\\/ElGanadorDeAlmas_Grayscale.jpg\",\"datePublished\":\"2013-12-09T09:32:22+00:00\",\"dateModified\":\"2019-12-11T13:48:48+00:00\",\"description\":\"Finalmente, los \u00faltimos cinco cap\u00edtulos consisten en una serie de sermones en los que Spurgeon recomienda encarecidamente a todos los creyentes en el Se\u00f1or Jesucristo la obra de ganar almas.\",\"breadcrumb\":{\"@id\":\"https:\\\/\\\/banneroftruth.org\\\/uk\\\/store\\\/christian-living\\\/el-ganador-de-almas-2\\\/#breadcrumb\"},\"inLanguage\":\"en-GB\",\"potentialAction\":[{\"@type\":\"ReadAction\",\"target\":[\"https:\\\/\\\/banneroftruth.org\\\/uk\\\/store\\\/christian-living\\\/el-ganador-de-almas-2\\\/\"]}]},{\"@type\":\"ImageObject\",\"inLanguage\":\"en-GB\",\"@id\":\"https:\\\/\\\/banneroftruth.org\\\/uk\\\/store\\\/christian-living\\\/el-ganador-de-almas-2\\\/#primaryimage\",\"url\":\"https:\\\/\\\/banneroftruth.org\\\/uk\\\/wp-content\\\/uploads\\\/sites\\\/6\\\/2013\\\/11\\\/ElGanadorDeAlmas_Grayscale.jpg\",\"contentUrl\":\"https:\\\/\\\/banneroftruth.org\\\/uk\\\/wp-content\\\/uploads\\\/sites\\\/6\\\/2013\\\/11\\\/ElGanadorDeAlmas_Grayscale.jpg\",\"width\":804,\"height\":1312},{\"@type\":\"BreadcrumbList\",\"@id\":\"https:\\\/\\\/banneroftruth.org\\\/uk\\\/store\\\/christian-living\\\/el-ganador-de-almas-2\\\/#breadcrumb\",\"itemListElement\":[{\"@type\":\"ListItem\",\"position\":1,\"name\":\"Home\",\"item\":\"https:\\\/\\\/banneroftruth.org\\\/uk\\\/\"},{\"@type\":\"ListItem\",\"position\":2,\"name\":\"Store\",\"item\":\"https:\\\/\\\/banneroftruth.org\\\/uk\\\/store\\\/\"},{\"@type\":\"ListItem\",\"position\":3,\"name\":\"El Ganador De Almas\"}]},{\"@type\":\"WebSite\",\"@id\":\"https:\\\/\\\/banneroftruth.org\\\/uk\\\/#website\",\"url\":\"https:\\\/\\\/banneroftruth.org\\\/uk\\\/\",\"name\":\"Banner of Truth UK\",\"description\":\"Christian Publisher of Reformed &amp; Puritan Books\",\"publisher\":{\"@id\":\"https:\\\/\\\/banneroftruth.org\\\/uk\\\/#organization\"},\"potentialAction\":[{\"@type\":\"SearchAction\",\"target\":{\"@type\":\"EntryPoint\",\"urlTemplate\":\"https:\\\/\\\/banneroftruth.org\\\/uk\\\/?s={search_term_string}\"},\"query-input\":{\"@type\":\"PropertyValueSpecification\",\"valueRequired\":true,\"valueName\":\"search_term_string\"}}],\"inLanguage\":\"en-GB\"},{\"@type\":\"Organization\",\"@id\":\"https:\\\/\\\/banneroftruth.org\\\/uk\\\/#organization\",\"name\":\"Banner of Truth UK\",\"url\":\"https:\\\/\\\/banneroftruth.org\\\/uk\\\/\",\"logo\":{\"@type\":\"ImageObject\",\"inLanguage\":\"en-GB\",\"@id\":\"https:\\\/\\\/banneroftruth.org\\\/uk\\\/#\\\/schema\\\/logo\\\/image\\\/\",\"url\":\"https:\\\/\\\/banneroftruth.org\\\/uk\\\/wp-content\\\/uploads\\\/sites\\\/6\\\/2021\\\/04\\\/logo_and_text_Jun2015.png\",\"contentUrl\":\"https:\\\/\\\/banneroftruth.org\\\/uk\\\/wp-content\\\/uploads\\\/sites\\\/6\\\/2021\\\/04\\\/logo_and_text_Jun2015.png\",\"width\":377,\"height\":132,\"caption\":\"Banner of Truth UK\"},\"image\":{\"@id\":\"https:\\\/\\\/banneroftruth.org\\\/uk\\\/#\\\/schema\\\/logo\\\/image\\\/\"},\"sameAs\":[\"https:\\\/\\\/www.facebook.com\\\/TheBannerofTruth\",\"https:\\\/\\\/x.com\\\/Banneroftruth\",\"https:\\\/\\\/www.instagram.com\\\/banneroftruth\\\/?hl=en\"]}]}<\/script>\n<meta property=\"product:price:amount\" content=\"7.00\" \/>\n<meta property=\"product:price:currency\" content=\"GBP\" \/>\n<meta property=\"og:availability\" content=\"instock\" \/>\n<meta property=\"product:availability\" content=\"instock\" \/>\n<meta property=\"product:retailer_item_id\" content=\"9781848713925\" \/>\n<meta property=\"product:condition\" content=\"new\" \/>\n<!-- \/ Yoast SEO Premium plugin. -->","yoast_head_json":{"title":"El Ganador De Almas - Banner of Truth UK","description":"Finalmente, los \u00faltimos cinco cap\u00edtulos consisten en una serie de sermones en los que Spurgeon recomienda encarecidamente a todos los creyentes en el Se\u00f1or Jesucristo la obra de ganar almas.","robots":{"index":"index","follow":"follow","max-snippet":"max-snippet:-1","max-image-preview":"max-image-preview:large","max-video-preview":"max-video-preview:-1"},"canonical":"https:\/\/banneroftruth.org\/uk\/store\/christian-living\/el-ganador-de-almas-2\/","og_locale":"en_GB","og_type":"article","og_title":"El Ganador De Almas","og_description":"Finalmente, los \u00faltimos cinco cap\u00edtulos consisten en una serie de sermones en los que Spurgeon recomienda encarecidamente a todos los creyentes en el Se\u00f1or Jesucristo la obra de ganar almas.","og_url":"https:\/\/banneroftruth.org\/uk\/store\/christian-living\/el-ganador-de-almas-2\/","og_site_name":"Banner of Truth UK","article_publisher":"https:\/\/www.facebook.com\/TheBannerofTruth","article_modified_time":"2019-12-11T13:48:48+00:00","og_image":[{"width":804,"height":1312,"url":"https:\/\/banneroftruth.org\/uk\/wp-content\/uploads\/sites\/6\/2013\/11\/ElGanadorDeAlmas_Grayscale.jpg","type":"image\/jpeg"}],"twitter_card":"summary_large_image","twitter_site":"@Banneroftruth","twitter_misc":{"Price":"&pound;7.00","Availability":"In stock"},"schema":{"@context":"https:\/\/schema.org","@graph":[{"@type":"WebPage","@id":"https:\/\/banneroftruth.org\/uk\/store\/christian-living\/el-ganador-de-almas-2\/","url":"https:\/\/banneroftruth.org\/uk\/store\/christian-living\/el-ganador-de-almas-2\/","name":"El Ganador De Almas - Banner of Truth UK","isPartOf":{"@id":"https:\/\/banneroftruth.org\/uk\/#website"},"primaryImageOfPage":{"@id":"https:\/\/banneroftruth.org\/uk\/store\/christian-living\/el-ganador-de-almas-2\/#primaryimage"},"image":{"@id":"https:\/\/banneroftruth.org\/uk\/store\/christian-living\/el-ganador-de-almas-2\/#primaryimage"},"thumbnailUrl":"https:\/\/banneroftruth.org\/uk\/wp-content\/uploads\/sites\/6\/2013\/11\/ElGanadorDeAlmas_Grayscale.jpg","datePublished":"2013-12-09T09:32:22+00:00","dateModified":"2019-12-11T13:48:48+00:00","description":"Finalmente, los \u00faltimos cinco cap\u00edtulos consisten en una serie de sermones en los que Spurgeon recomienda encarecidamente a todos los creyentes en el Se\u00f1or Jesucristo la obra de ganar almas.","breadcrumb":{"@id":"https:\/\/banneroftruth.org\/uk\/store\/christian-living\/el-ganador-de-almas-2\/#breadcrumb"},"inLanguage":"en-GB","potentialAction":[{"@type":"ReadAction","target":["https:\/\/banneroftruth.org\/uk\/store\/christian-living\/el-ganador-de-almas-2\/"]}]},{"@type":"ImageObject","inLanguage":"en-GB","@id":"https:\/\/banneroftruth.org\/uk\/store\/christian-living\/el-ganador-de-almas-2\/#primaryimage","url":"https:\/\/banneroftruth.org\/uk\/wp-content\/uploads\/sites\/6\/2013\/11\/ElGanadorDeAlmas_Grayscale.jpg","contentUrl":"https:\/\/banneroftruth.org\/uk\/wp-content\/uploads\/sites\/6\/2013\/11\/ElGanadorDeAlmas_Grayscale.jpg","width":804,"height":1312},{"@type":"BreadcrumbList","@id":"https:\/\/banneroftruth.org\/uk\/store\/christian-living\/el-ganador-de-almas-2\/#breadcrumb","itemListElement":[{"@type":"ListItem","position":1,"name":"Home","item":"https:\/\/banneroftruth.org\/uk\/"},{"@type":"ListItem","position":2,"name":"Store","item":"https:\/\/banneroftruth.org\/uk\/store\/"},{"@type":"ListItem","position":3,"name":"El Ganador De Almas"}]},{"@type":"WebSite","@id":"https:\/\/banneroftruth.org\/uk\/#website","url":"https:\/\/banneroftruth.org\/uk\/","name":"Banner of Truth UK","description":"Christian Publisher of Reformed &amp; Puritan Books","publisher":{"@id":"https:\/\/banneroftruth.org\/uk\/#organization"},"potentialAction":[{"@type":"SearchAction","target":{"@type":"EntryPoint","urlTemplate":"https:\/\/banneroftruth.org\/uk\/?s={search_term_string}"},"query-input":{"@type":"PropertyValueSpecification","valueRequired":true,"valueName":"search_term_string"}}],"inLanguage":"en-GB"},{"@type":"Organization","@id":"https:\/\/banneroftruth.org\/uk\/#organization","name":"Banner of Truth UK","url":"https:\/\/banneroftruth.org\/uk\/","logo":{"@type":"ImageObject","inLanguage":"en-GB","@id":"https:\/\/banneroftruth.org\/uk\/#\/schema\/logo\/image\/","url":"https:\/\/banneroftruth.org\/uk\/wp-content\/uploads\/sites\/6\/2021\/04\/logo_and_text_Jun2015.png","contentUrl":"https:\/\/banneroftruth.org\/uk\/wp-content\/uploads\/sites\/6\/2021\/04\/logo_and_text_Jun2015.png","width":377,"height":132,"caption":"Banner of Truth UK"},"image":{"@id":"https:\/\/banneroftruth.org\/uk\/#\/schema\/logo\/image\/"},"sameAs":["https:\/\/www.facebook.com\/TheBannerofTruth","https:\/\/x.com\/Banneroftruth","https:\/\/www.instagram.com\/banneroftruth\/?hl=en"]}]},"product_price_amount":"7.00","product_price_currency":"GBP","og_availability":"instock","product_availability":"instock","product_retailer_item_id":"9781848713925","product_condition":"new"},"_links":{"self":[{"href":"https:\/\/banneroftruth.org\/uk\/wp-json\/wp\/v2\/product\/19052","targetHints":{"allow":["GET"]}}],"collection":[{"href":"https:\/\/banneroftruth.org\/uk\/wp-json\/wp\/v2\/product"}],"about":[{"href":"https:\/\/banneroftruth.org\/uk\/wp-json\/wp\/v2\/types\/product"}],"replies":[{"embeddable":true,"href":"https:\/\/banneroftruth.org\/uk\/wp-json\/wp\/v2\/comments?post=19052"}],"wp:featuredmedia":[{"embeddable":true,"href":"https:\/\/banneroftruth.org\/uk\/wp-json\/wp\/v2\/media\/13230"}],"wp:attachment":[{"href":"https:\/\/banneroftruth.org\/uk\/wp-json\/wp\/v2\/media?parent=19052"}],"wp:term":[{"taxonomy":"product_brand","embeddable":true,"href":"https:\/\/banneroftruth.org\/uk\/wp-json\/wp\/v2\/product_brand?post=19052"},{"taxonomy":"product_cat","embeddable":true,"href":"https:\/\/banneroftruth.org\/uk\/wp-json\/wp\/v2\/product_cat?post=19052"},{"taxonomy":"product_tag","embeddable":true,"href":"https:\/\/banneroftruth.org\/uk\/wp-json\/wp\/v2\/product_tag?post=19052"}],"curies":[{"name":"wp","href":"https:\/\/api.w.org\/{rel}","templated":true}]}}