{"id":19053,"date":"2013-12-09T09:57:15","date_gmt":"2013-12-09T09:57:15","guid":{"rendered":"http:\/\/\/uk\/store\/uncategorized\/el-padre-nuestro-2\/"},"modified":"2017-08-09T12:02:47","modified_gmt":"2017-08-09T11:02:47","slug":"el-padre-nuestro-2","status":"publish","type":"product","link":"https:\/\/banneroftruth.org\/uk\/store\/christian-living\/el-padre-nuestro-2\/","title":{"rendered":"El Padre Nuestro"},"content":{"rendered":"<h2>Book Description<\/h2>\n<p>Thomas Watson (c. 1620-1686) fue uno de los predicadores m\u00e1s populares de Londres durante la era puritana. Sus obras se caracterizan por su claridad, su viveza y su riqueza espiritual. Y en ning\u00fan otro sitio se constata como en esta util\u00edsima exposici\u00f3n del Catecismo Menor formulado por la Asamblea de Westminstger. La edici\u00f3n en tres vol\u00famenes (de los cuales este es el tercero) ofrece una gu\u00eda id\u00f3nea a la doctrina y la \u00a0praxis cristianas, y sirve asimismo como una maravillosa introducci\u00f3n a la literatura puritana.<\/p>\n<p>En <em>El Padrenuestro<\/em>,\u00a0Watson analiza detalladamente el prefacio a la oraci\u00f3n y las seis peticiones que contiene. Su an\u00e1lisis de las palabras {venga tu reino} es excepcionalmente profundo, esclarecedor y emocionante. Tal como sucede con todos los grandes libros acerca de la oraci\u00f3n, proporciona una ayuda <em>pr\u00e1ctica<\/em> porque se concentra en la ense\u00f1anza\u00a0<em>b\u00edblica<\/em>.<\/p>\n","protected":false},"excerpt":{"rendered":"<p>Book Description Thomas Watson (c. 1620-1686) fue uno de los predicadores m\u00e1s populares de Londres durante la era puritana. Sus obras se caracterizan por su claridad, su viveza y su riqueza espiritual. Y en ning\u00fan otro sitio se constata como en esta util\u00edsima exposici\u00f3n del Catecismo Menor formulado por la Asamblea de Westminstger. La edici\u00f3n [&hellip;]<\/p>\n","protected":false},"featured_media":13289,"comment_status":"open","ping_status":"closed","template":"","meta":[],"product_brand":[],"product_cat":[1249],"product_tag":[5486],"class_list":{"0":"post-19053","1":"product","2":"type-product","3":"status-publish","4":"has-post-thumbnail","6":"product_cat-christian-living","7":"product_tag-lords-prayer-in-spanish","8":"pa_binding-paperback","9":"pa_format-book","10":"pa_isbn-5487","11":"pa_language-spanish","12":"pa_original-pub-date-2153","13":"pa_page-count-1839","14":"pa_recent-pub-date-dec-10-2013","15":"pa_scripture-john-new-testament","16":"pa_scripture-luke","17":"pa_scripture-mark","18":"pa_scripture-matthew","19":"pa_subtitle-lords-prayer","20":"pa_theauthor-watson-thomas","21":"pa_topic-prayer","23":"first","24":"instock","25":"purchasable","26":"product-type-simple"},"bundled_by":[],"bundle_stock_status":"instock","bundle_stock_quantity":null,"bundle_virtual":false,"bundle_layout":"","bundle_add_to_cart_form_location":"","bundle_editable_in_cart":false,"bundle_sold_individually_context":"","bundle_item_grouping":"","bundle_min_size":"","bundle_max_size":"","bundle_price":[],"bundled_items":[],"bundle_sell_ids":[],"yoast_head":"<!-- This site is optimized with the Yoast SEO Premium plugin v27.3 (Yoast SEO v27.3) - https:\/\/yoast.com\/product\/yoast-seo-premium-wordpress\/ -->\n<title>El Padre Nuestro - Banner of Truth UK<\/title>\n<meta name=\"description\" content=\"Thomas Watson (c. 1620-1686) fue uno de los predicadores m\u00e1s populares de Londres durante la era puritana.\" \/>\n<meta name=\"robots\" content=\"index, follow, max-snippet:-1, max-image-preview:large, max-video-preview:-1\" \/>\n<link rel=\"canonical\" href=\"https:\/\/banneroftruth.org\/uk\/store\/christian-living\/el-padre-nuestro-2\/\" \/>\n<meta property=\"og:locale\" content=\"en_GB\" \/>\n<meta property=\"og:type\" content=\"article\" \/>\n<meta property=\"og:title\" content=\"El Padre Nuestro\" \/>\n<meta property=\"og:description\" content=\"Thomas Watson (c. 1620-1686) fue uno de los predicadores m\u00e1s populares de Londres durante la era puritana.\" \/>\n<meta property=\"og:url\" content=\"https:\/\/banneroftruth.org\/uk\/store\/christian-living\/el-padre-nuestro-2\/\" \/>\n<meta property=\"og:site_name\" content=\"Banner of Truth UK\" \/>\n<meta property=\"article:publisher\" content=\"https:\/\/www.facebook.com\/TheBannerofTruth\" \/>\n<meta property=\"article:modified_time\" content=\"2017-08-09T11:02:47+00:00\" \/>\n<meta property=\"og:image\" content=\"https:\/\/banneroftruth.org\/uk\/wp-content\/uploads\/sites\/6\/2013\/11\/ElPadreNuestro.jpg\" \/>\n\t<meta property=\"og:image:width\" content=\"377\" \/>\n\t<meta property=\"og:image:height\" content=\"613\" \/>\n\t<meta property=\"og:image:type\" content=\"image\/jpeg\" \/>\n<meta name=\"twitter:card\" content=\"summary_large_image\" \/>\n<meta name=\"twitter:site\" content=\"@Banneroftruth\" \/>\n<meta name=\"twitter:label1\" content=\"Price\" \/>\n\t<meta name=\"twitter:data1\" content=\"&pound;8.50\" \/>\n\t<meta name=\"twitter:label2\" content=\"Availability\" \/>\n\t<meta name=\"twitter:data2\" content=\"In stock\" \/>\n<script type=\"application\/ld+json\" class=\"yoast-schema-graph\">{\"@context\":\"https:\\\/\\\/schema.org\",\"@graph\":[{\"@type\":\"WebPage\",\"@id\":\"https:\\\/\\\/banneroftruth.org\\\/uk\\\/store\\\/christian-living\\\/el-padre-nuestro-2\\\/\",\"url\":\"https:\\\/\\\/banneroftruth.org\\\/uk\\\/store\\\/christian-living\\\/el-padre-nuestro-2\\\/\",\"name\":\"El Padre Nuestro - Banner of Truth UK\",\"isPartOf\":{\"@id\":\"https:\\\/\\\/banneroftruth.org\\\/uk\\\/#website\"},\"primaryImageOfPage\":{\"@id\":\"https:\\\/\\\/banneroftruth.org\\\/uk\\\/store\\\/christian-living\\\/el-padre-nuestro-2\\\/#primaryimage\"},\"image\":{\"@id\":\"https:\\\/\\\/banneroftruth.org\\\/uk\\\/store\\\/christian-living\\\/el-padre-nuestro-2\\\/#primaryimage\"},\"thumbnailUrl\":\"https:\\\/\\\/banneroftruth.org\\\/uk\\\/wp-content\\\/uploads\\\/sites\\\/6\\\/2013\\\/11\\\/ElPadreNuestro.jpg\",\"datePublished\":\"2013-12-09T09:57:15+00:00\",\"dateModified\":\"2017-08-09T11:02:47+00:00\",\"description\":\"Thomas Watson (c. 1620-1686) fue uno de los predicadores m\u00e1s populares de Londres durante la era puritana.\",\"breadcrumb\":{\"@id\":\"https:\\\/\\\/banneroftruth.org\\\/uk\\\/store\\\/christian-living\\\/el-padre-nuestro-2\\\/#breadcrumb\"},\"inLanguage\":\"en-GB\",\"potentialAction\":[{\"@type\":\"ReadAction\",\"target\":[\"https:\\\/\\\/banneroftruth.org\\\/uk\\\/store\\\/christian-living\\\/el-padre-nuestro-2\\\/\"]}]},{\"@type\":\"ImageObject\",\"inLanguage\":\"en-GB\",\"@id\":\"https:\\\/\\\/banneroftruth.org\\\/uk\\\/store\\\/christian-living\\\/el-padre-nuestro-2\\\/#primaryimage\",\"url\":\"https:\\\/\\\/banneroftruth.org\\\/uk\\\/wp-content\\\/uploads\\\/sites\\\/6\\\/2013\\\/11\\\/ElPadreNuestro.jpg\",\"contentUrl\":\"https:\\\/\\\/banneroftruth.org\\\/uk\\\/wp-content\\\/uploads\\\/sites\\\/6\\\/2013\\\/11\\\/ElPadreNuestro.jpg\",\"width\":377,\"height\":613},{\"@type\":\"BreadcrumbList\",\"@id\":\"https:\\\/\\\/banneroftruth.org\\\/uk\\\/store\\\/christian-living\\\/el-padre-nuestro-2\\\/#breadcrumb\",\"itemListElement\":[{\"@type\":\"ListItem\",\"position\":1,\"name\":\"Home\",\"item\":\"https:\\\/\\\/banneroftruth.org\\\/uk\\\/\"},{\"@type\":\"ListItem\",\"position\":2,\"name\":\"Store\",\"item\":\"https:\\\/\\\/banneroftruth.org\\\/uk\\\/store\\\/\"},{\"@type\":\"ListItem\",\"position\":3,\"name\":\"El Padre Nuestro\"}]},{\"@type\":\"WebSite\",\"@id\":\"https:\\\/\\\/banneroftruth.org\\\/uk\\\/#website\",\"url\":\"https:\\\/\\\/banneroftruth.org\\\/uk\\\/\",\"name\":\"Banner of Truth UK\",\"description\":\"Christian Publisher of Reformed &amp; Puritan Books\",\"publisher\":{\"@id\":\"https:\\\/\\\/banneroftruth.org\\\/uk\\\/#organization\"},\"potentialAction\":[{\"@type\":\"SearchAction\",\"target\":{\"@type\":\"EntryPoint\",\"urlTemplate\":\"https:\\\/\\\/banneroftruth.org\\\/uk\\\/?s={search_term_string}\"},\"query-input\":{\"@type\":\"PropertyValueSpecification\",\"valueRequired\":true,\"valueName\":\"search_term_string\"}}],\"inLanguage\":\"en-GB\"},{\"@type\":\"Organization\",\"@id\":\"https:\\\/\\\/banneroftruth.org\\\/uk\\\/#organization\",\"name\":\"Banner of Truth UK\",\"url\":\"https:\\\/\\\/banneroftruth.org\\\/uk\\\/\",\"logo\":{\"@type\":\"ImageObject\",\"inLanguage\":\"en-GB\",\"@id\":\"https:\\\/\\\/banneroftruth.org\\\/uk\\\/#\\\/schema\\\/logo\\\/image\\\/\",\"url\":\"https:\\\/\\\/banneroftruth.org\\\/uk\\\/wp-content\\\/uploads\\\/sites\\\/6\\\/2021\\\/04\\\/logo_and_text_Jun2015.png\",\"contentUrl\":\"https:\\\/\\\/banneroftruth.org\\\/uk\\\/wp-content\\\/uploads\\\/sites\\\/6\\\/2021\\\/04\\\/logo_and_text_Jun2015.png\",\"width\":377,\"height\":132,\"caption\":\"Banner of Truth UK\"},\"image\":{\"@id\":\"https:\\\/\\\/banneroftruth.org\\\/uk\\\/#\\\/schema\\\/logo\\\/image\\\/\"},\"sameAs\":[\"https:\\\/\\\/www.facebook.com\\\/TheBannerofTruth\",\"https:\\\/\\\/x.com\\\/Banneroftruth\",\"https:\\\/\\\/www.instagram.com\\\/banneroftruth\\\/?hl=en\"]}]}<\/script>\n<meta property=\"product:price:amount\" content=\"8.50\" \/>\n<meta property=\"product:price:currency\" content=\"GBP\" \/>\n<meta property=\"og:availability\" content=\"instock\" \/>\n<meta property=\"product:availability\" content=\"instock\" \/>\n<meta property=\"product:retailer_item_id\" content=\"9781848713772\" \/>\n<meta property=\"product:condition\" content=\"new\" \/>\n<!-- \/ Yoast SEO Premium plugin. -->","yoast_head_json":{"title":"El Padre Nuestro - Banner of Truth UK","description":"Thomas Watson (c. 1620-1686) fue uno de los predicadores m\u00e1s populares de Londres durante la era puritana.","robots":{"index":"index","follow":"follow","max-snippet":"max-snippet:-1","max-image-preview":"max-image-preview:large","max-video-preview":"max-video-preview:-1"},"canonical":"https:\/\/banneroftruth.org\/uk\/store\/christian-living\/el-padre-nuestro-2\/","og_locale":"en_GB","og_type":"article","og_title":"El Padre Nuestro","og_description":"Thomas Watson (c. 1620-1686) fue uno de los predicadores m\u00e1s populares de Londres durante la era puritana.","og_url":"https:\/\/banneroftruth.org\/uk\/store\/christian-living\/el-padre-nuestro-2\/","og_site_name":"Banner of Truth UK","article_publisher":"https:\/\/www.facebook.com\/TheBannerofTruth","article_modified_time":"2017-08-09T11:02:47+00:00","og_image":[{"width":377,"height":613,"url":"https:\/\/banneroftruth.org\/uk\/wp-content\/uploads\/sites\/6\/2013\/11\/ElPadreNuestro.jpg","type":"image\/jpeg"}],"twitter_card":"summary_large_image","twitter_site":"@Banneroftruth","twitter_misc":{"Price":"&pound;8.50","Availability":"In stock"},"schema":{"@context":"https:\/\/schema.org","@graph":[{"@type":"WebPage","@id":"https:\/\/banneroftruth.org\/uk\/store\/christian-living\/el-padre-nuestro-2\/","url":"https:\/\/banneroftruth.org\/uk\/store\/christian-living\/el-padre-nuestro-2\/","name":"El Padre Nuestro - Banner of Truth UK","isPartOf":{"@id":"https:\/\/banneroftruth.org\/uk\/#website"},"primaryImageOfPage":{"@id":"https:\/\/banneroftruth.org\/uk\/store\/christian-living\/el-padre-nuestro-2\/#primaryimage"},"image":{"@id":"https:\/\/banneroftruth.org\/uk\/store\/christian-living\/el-padre-nuestro-2\/#primaryimage"},"thumbnailUrl":"https:\/\/banneroftruth.org\/uk\/wp-content\/uploads\/sites\/6\/2013\/11\/ElPadreNuestro.jpg","datePublished":"2013-12-09T09:57:15+00:00","dateModified":"2017-08-09T11:02:47+00:00","description":"Thomas Watson (c. 1620-1686) fue uno de los predicadores m\u00e1s populares de Londres durante la era puritana.","breadcrumb":{"@id":"https:\/\/banneroftruth.org\/uk\/store\/christian-living\/el-padre-nuestro-2\/#breadcrumb"},"inLanguage":"en-GB","potentialAction":[{"@type":"ReadAction","target":["https:\/\/banneroftruth.org\/uk\/store\/christian-living\/el-padre-nuestro-2\/"]}]},{"@type":"ImageObject","inLanguage":"en-GB","@id":"https:\/\/banneroftruth.org\/uk\/store\/christian-living\/el-padre-nuestro-2\/#primaryimage","url":"https:\/\/banneroftruth.org\/uk\/wp-content\/uploads\/sites\/6\/2013\/11\/ElPadreNuestro.jpg","contentUrl":"https:\/\/banneroftruth.org\/uk\/wp-content\/uploads\/sites\/6\/2013\/11\/ElPadreNuestro.jpg","width":377,"height":613},{"@type":"BreadcrumbList","@id":"https:\/\/banneroftruth.org\/uk\/store\/christian-living\/el-padre-nuestro-2\/#breadcrumb","itemListElement":[{"@type":"ListItem","position":1,"name":"Home","item":"https:\/\/banneroftruth.org\/uk\/"},{"@type":"ListItem","position":2,"name":"Store","item":"https:\/\/banneroftruth.org\/uk\/store\/"},{"@type":"ListItem","position":3,"name":"El Padre Nuestro"}]},{"@type":"WebSite","@id":"https:\/\/banneroftruth.org\/uk\/#website","url":"https:\/\/banneroftruth.org\/uk\/","name":"Banner of Truth UK","description":"Christian Publisher of Reformed &amp; Puritan Books","publisher":{"@id":"https:\/\/banneroftruth.org\/uk\/#organization"},"potentialAction":[{"@type":"SearchAction","target":{"@type":"EntryPoint","urlTemplate":"https:\/\/banneroftruth.org\/uk\/?s={search_term_string}"},"query-input":{"@type":"PropertyValueSpecification","valueRequired":true,"valueName":"search_term_string"}}],"inLanguage":"en-GB"},{"@type":"Organization","@id":"https:\/\/banneroftruth.org\/uk\/#organization","name":"Banner of Truth UK","url":"https:\/\/banneroftruth.org\/uk\/","logo":{"@type":"ImageObject","inLanguage":"en-GB","@id":"https:\/\/banneroftruth.org\/uk\/#\/schema\/logo\/image\/","url":"https:\/\/banneroftruth.org\/uk\/wp-content\/uploads\/sites\/6\/2021\/04\/logo_and_text_Jun2015.png","contentUrl":"https:\/\/banneroftruth.org\/uk\/wp-content\/uploads\/sites\/6\/2021\/04\/logo_and_text_Jun2015.png","width":377,"height":132,"caption":"Banner of Truth UK"},"image":{"@id":"https:\/\/banneroftruth.org\/uk\/#\/schema\/logo\/image\/"},"sameAs":["https:\/\/www.facebook.com\/TheBannerofTruth","https:\/\/x.com\/Banneroftruth","https:\/\/www.instagram.com\/banneroftruth\/?hl=en"]}]},"product_price_amount":"8.50","product_price_currency":"GBP","og_availability":"instock","product_availability":"instock","product_retailer_item_id":"9781848713772","product_condition":"new"},"_links":{"self":[{"href":"https:\/\/banneroftruth.org\/uk\/wp-json\/wp\/v2\/product\/19053","targetHints":{"allow":["GET"]}}],"collection":[{"href":"https:\/\/banneroftruth.org\/uk\/wp-json\/wp\/v2\/product"}],"about":[{"href":"https:\/\/banneroftruth.org\/uk\/wp-json\/wp\/v2\/types\/product"}],"replies":[{"embeddable":true,"href":"https:\/\/banneroftruth.org\/uk\/wp-json\/wp\/v2\/comments?post=19053"}],"wp:featuredmedia":[{"embeddable":true,"href":"https:\/\/banneroftruth.org\/uk\/wp-json\/wp\/v2\/media\/13289"}],"wp:attachment":[{"href":"https:\/\/banneroftruth.org\/uk\/wp-json\/wp\/v2\/media?parent=19053"}],"wp:term":[{"taxonomy":"product_brand","embeddable":true,"href":"https:\/\/banneroftruth.org\/uk\/wp-json\/wp\/v2\/product_brand?post=19053"},{"taxonomy":"product_cat","embeddable":true,"href":"https:\/\/banneroftruth.org\/uk\/wp-json\/wp\/v2\/product_cat?post=19053"},{"taxonomy":"product_tag","embeddable":true,"href":"https:\/\/banneroftruth.org\/uk\/wp-json\/wp\/v2\/product_tag?post=19053"}],"curies":[{"name":"wp","href":"https:\/\/api.w.org\/{rel}","templated":true}]}}