{"id":20459,"date":"2015-10-01T09:30:51","date_gmt":"2015-10-01T08:30:51","guid":{"rendered":"http:\/\/\/uk\/store\/uncategorized\/la-salvacion-la-biblia-y-el-catolicismo-romano\/"},"modified":"2024-04-22T06:40:16","modified_gmt":"2024-04-22T05:40:16","slug":"la-salvacion-la-biblia-y-el-catolicismo-romano","status":"publish","type":"product","link":"https:\/\/banneroftruth.org\/uk\/store\/christian-living\/la-salvacion-la-biblia-y-el-catolicismo-romano\/","title":{"rendered":"La Salvacion, La Biblia y El Catolicismo Romano"},"content":{"rendered":"<p>\u00bfPor qu\u00e9 hay iglesias cat\u00f3licas y protestantes ? \u00bfHay alguna raz\u00f3n por un desacuerdo sobre la doctrina que tuvo lugar hace casi 500 a\u00f1os debe seguir dividir a la gente hoy en d\u00eda? Es no es el caso de que los cat\u00f3licos romanos y protestantes creen b\u00e1sicamente las mismas cosas ?<\/p>\n<p>En La Salvaci\u00f3n, La Biblia y el catolicismo romano William Webster explora las respuestas a estas y otras preguntas. Al hacerlo apela tanto a los documentos cat\u00f3licos autoritarios ya la Biblia.<\/p>\n<p>William Webster trae una cualificaci\u00f3n especial para su estudio &#8211; aunque ahora protestante , fue educado como cat\u00f3lico romano.<\/p>\n<h3 id=\"toctoggle\">Table of Contents <a class=\"button\" href=\"#toc\">Expand \u2193<\/a><\/h3>\n<div id=\"toc\" class=\"table-of-contents\">\n<table>\n<tbody>\n<tr>\n<td><\/td>\n<td>Introducci\u00f3n<\/td>\n<td>7<\/td>\n<\/tr>\n<tr>\n<td><\/td>\n<td><strong>PARTE I: El CATOLICISMO ROMANO Y EL EVANGELIO<\/strong><\/td>\n<td><\/td>\n<\/tr>\n<tr>\n<td>1<\/td>\n<td>La tradici\u00f3n y la Palabra de Dios<\/td>\n<td>11<\/td>\n<\/tr>\n<tr>\n<td>2<\/td>\n<td>La misa<\/td>\n<td>18<\/td>\n<\/tr>\n<tr>\n<td>3<\/td>\n<td>El sacerdocio<\/td>\n<td>25<\/td>\n<\/tr>\n<tr>\n<td>4<\/td>\n<td>La confesi\u00f3n y la penitencia<\/td>\n<td>36<\/td>\n<\/tr>\n<tr>\n<td>5<\/td>\n<td>La eucarist\u00eda<\/td>\n<td>58<\/td>\n<\/tr>\n<tr>\n<td>6<\/td>\n<td>El bautismo<\/td>\n<td>66<\/td>\n<\/tr>\n<tr>\n<td>7<\/td>\n<td>El catolicismo romano, los judaizantes, y el libro de los G\u00e1latas<\/td>\n<td>82<\/td>\n<\/tr>\n<tr>\n<td><\/td>\n<td><strong>PARTE II: EL CAMINO DE LA SALVACI\u00d3N<\/strong><\/td>\n<td><\/td>\n<\/tr>\n<tr>\n<td>8<\/td>\n<td>La definici\u00f3n del problema del hombre<\/td>\n<td>95<\/td>\n<\/tr>\n<tr>\n<td>9<\/td>\n<td>La obra de Jesucristo<\/td>\n<td>104<\/td>\n<\/tr>\n<tr>\n<td>10<\/td>\n<td>El arrepentimiento y la fe<\/td>\n<td>111<\/td>\n<\/tr>\n<tr>\n<td>11<\/td>\n<td>Los resultados de la salvaci\u00f3n<\/td>\n<td>117<\/td>\n<\/tr>\n<tr>\n<td><\/td>\n<td><strong>AP\u00c9NDICES<\/strong><\/td>\n<td><\/td>\n<\/tr>\n<tr>\n<td><\/td>\n<td>Ap\u00e9ndice A:<\/td>\n<td><\/td>\n<\/tr>\n<tr>\n<td><\/td>\n<td>Fuentes oficiales de la doctrina cat\u00f3lica romana<\/td>\n<td>126<\/td>\n<\/tr>\n<tr>\n<td><\/td>\n<td>Ap\u00e9ndice B:<\/td>\n<td><\/td>\n<\/tr>\n<tr>\n<td><\/td>\n<td>Declaraciones autoritativas del catolicismo romano sobre la misa<\/td>\n<td>129<\/td>\n<\/tr>\n<tr>\n<td><\/td>\n<td>Ap\u00e9ndice C:<\/td>\n<td><\/td>\n<\/tr>\n<tr>\n<td><\/td>\n<td>Declaraciones autoritativas del catolicismo romano sobre el sacerdocio<\/td>\n<td>136<\/td>\n<\/tr>\n<tr>\n<td><\/td>\n<td>Ap\u00e9ndice D:<\/td>\n<td><\/td>\n<\/tr>\n<tr>\n<td><\/td>\n<td>Declaraciones autoritativas del catolicismo romano sobre la confesi\u00f3n y la penitencia<\/td>\n<td>141<\/td>\n<\/tr>\n<tr>\n<td><\/td>\n<td>Ap\u00e9ndice E:<\/td>\n<td><\/td>\n<\/tr>\n<tr>\n<td><\/td>\n<td>Declaraciones autoritativas del catolicismo romano sobre la eucarist\u00eda<\/td>\n<td>155<\/td>\n<\/tr>\n<tr>\n<td><\/td>\n<td>Ap\u00e9ndice F:<\/td>\n<td><\/td>\n<\/tr>\n<tr>\n<td><\/td>\n<td>Declaraciones autoritativas del catolicismo romano sobre el bautismo<\/td>\n<td>162<\/td>\n<\/tr>\n<tr>\n<td><\/td>\n<td>Ap\u00e9ndice G:<\/td>\n<td><\/td>\n<\/tr>\n<tr>\n<td><\/td>\n<td>Declaraciones autoritativas del catolicismo romano sobre la salvaci\u00f3n<\/td>\n<td>167<\/td>\n<\/tr>\n<\/tbody>\n<\/table>\n<\/div>\n","protected":false},"excerpt":{"rendered":"<p>\u00bfPor qu\u00e9 hay iglesias cat\u00f3licas y protestantes ? \u00bfHay alguna raz\u00f3n por un desacuerdo sobre la doctrina que tuvo lugar hace casi 500 a\u00f1os debe seguir dividir a la gente hoy en d\u00eda? Es no es el caso de que los cat\u00f3licos romanos y protestantes creen b\u00e1sicamente las mismas cosas ? En La Salvaci\u00f3n, La [&hellip;]<\/p>\n","protected":false},"featured_media":20460,"comment_status":"open","ping_status":"closed","template":"","meta":[],"product_brand":[],"product_cat":[1249,1270],"product_tag":[],"class_list":{"0":"post-20459","1":"product","2":"type-product","3":"status-publish","4":"has-post-thumbnail","6":"product_cat-christian-living","7":"product_cat-theology","8":"pa_binding-paperback","9":"pa_format-book","10":"pa_isbn-20355","11":"pa_language-spanish","12":"pa_original-pub-date-5733","13":"pa_page-count-3017","14":"pa_recent-pub-date-sep-23-2015","15":"pa_recent-pub-date-year-5765","16":"pa_subtitle-salvation-the-bible-roman-catholicism","17":"pa_theauthor-webster-william","18":"pa_topic-apologetics","19":"pa_topic-justification","20":"pa_topic-roman-catholicism","21":"pa_topic-salvation","23":"first","24":"instock","25":"purchasable","26":"product-type-simple"},"bundled_by":[],"bundle_stock_status":"instock","bundle_stock_quantity":null,"bundle_virtual":false,"bundle_layout":"","bundle_add_to_cart_form_location":"","bundle_editable_in_cart":false,"bundle_sold_individually_context":"","bundle_item_grouping":"","bundle_min_size":"","bundle_max_size":"","bundle_price":[],"bundled_items":[],"bundle_sell_ids":[],"yoast_head":"<!-- This site is optimized with the Yoast SEO Premium plugin v27.3 (Yoast SEO v27.3) - https:\/\/yoast.com\/product\/yoast-seo-premium-wordpress\/ -->\n<title>La Salvacion, La Biblia y El Catolicismo Romano<\/title>\n<meta name=\"description\" content=\"\u00bfPor qu\u00e9 hay iglesias cat\u00f3licas y protestantes ? En La Salvaci\u00f3n, La Biblia y el catolicismo romano William Webster explora la respuesta a esta pregunta .\" \/>\n<meta name=\"robots\" content=\"index, follow, max-snippet:-1, max-image-preview:large, max-video-preview:-1\" \/>\n<link rel=\"canonical\" href=\"https:\/\/banneroftruth.org\/uk\/store\/christian-living\/la-salvacion-la-biblia-y-el-catolicismo-romano\/\" \/>\n<meta property=\"og:locale\" content=\"en_GB\" \/>\n<meta property=\"og:type\" content=\"article\" \/>\n<meta property=\"og:title\" content=\"La Salvacion, La Biblia y El Catolicismo Romano\" \/>\n<meta property=\"og:description\" content=\"\u00bfPor qu\u00e9 hay iglesias cat\u00f3licas y protestantes ? En La Salvaci\u00f3n, La Biblia y el catolicismo romano William Webster explora la respuesta a esta pregunta .\" \/>\n<meta property=\"og:url\" content=\"https:\/\/banneroftruth.org\/uk\/store\/christian-living\/la-salvacion-la-biblia-y-el-catolicismo-romano\/\" \/>\n<meta property=\"og:site_name\" content=\"Banner of Truth UK\" \/>\n<meta property=\"article:publisher\" content=\"https:\/\/www.facebook.com\/TheBannerofTruth\" \/>\n<meta property=\"article:modified_time\" content=\"2024-04-22T05:40:16+00:00\" \/>\n<meta property=\"og:image\" content=\"https:\/\/banneroftruth.org\/uk\/wp-content\/uploads\/sites\/6\/2015\/10\/SALVACION-BIBLIA-CATOLICISMO-front.jpg\" \/>\n\t<meta property=\"og:image:width\" content=\"1592\" \/>\n\t<meta property=\"og:image:height\" content=\"2545\" \/>\n\t<meta property=\"og:image:type\" content=\"image\/jpeg\" \/>\n<meta name=\"twitter:card\" content=\"summary_large_image\" \/>\n<meta name=\"twitter:site\" content=\"@Banneroftruth\" \/>\n<meta name=\"twitter:label1\" content=\"Price\" \/>\n\t<meta name=\"twitter:data1\" content=\"&pound;6.00\" \/>\n\t<meta name=\"twitter:label2\" content=\"Availability\" \/>\n\t<meta name=\"twitter:data2\" content=\"In stock\" \/>\n<script type=\"application\/ld+json\" class=\"yoast-schema-graph\">{\"@context\":\"https:\\\/\\\/schema.org\",\"@graph\":[{\"@type\":\"WebPage\",\"@id\":\"https:\\\/\\\/banneroftruth.org\\\/uk\\\/store\\\/christian-living\\\/la-salvacion-la-biblia-y-el-catolicismo-romano\\\/\",\"url\":\"https:\\\/\\\/banneroftruth.org\\\/uk\\\/store\\\/christian-living\\\/la-salvacion-la-biblia-y-el-catolicismo-romano\\\/\",\"name\":\"La Salvacion, La Biblia y El Catolicismo Romano\",\"isPartOf\":{\"@id\":\"https:\\\/\\\/banneroftruth.org\\\/uk\\\/#website\"},\"primaryImageOfPage\":{\"@id\":\"https:\\\/\\\/banneroftruth.org\\\/uk\\\/store\\\/christian-living\\\/la-salvacion-la-biblia-y-el-catolicismo-romano\\\/#primaryimage\"},\"image\":{\"@id\":\"https:\\\/\\\/banneroftruth.org\\\/uk\\\/store\\\/christian-living\\\/la-salvacion-la-biblia-y-el-catolicismo-romano\\\/#primaryimage\"},\"thumbnailUrl\":\"https:\\\/\\\/banneroftruth.org\\\/uk\\\/wp-content\\\/uploads\\\/sites\\\/6\\\/2015\\\/10\\\/SALVACION-BIBLIA-CATOLICISMO-front.jpg\",\"datePublished\":\"2015-10-01T08:30:51+00:00\",\"dateModified\":\"2024-04-22T05:40:16+00:00\",\"description\":\"\u00bfPor qu\u00e9 hay iglesias cat\u00f3licas y protestantes ? En La Salvaci\u00f3n, La Biblia y el catolicismo romano William Webster explora la respuesta a esta pregunta .\",\"breadcrumb\":{\"@id\":\"https:\\\/\\\/banneroftruth.org\\\/uk\\\/store\\\/christian-living\\\/la-salvacion-la-biblia-y-el-catolicismo-romano\\\/#breadcrumb\"},\"inLanguage\":\"en-GB\",\"potentialAction\":[{\"@type\":\"ReadAction\",\"target\":[\"https:\\\/\\\/banneroftruth.org\\\/uk\\\/store\\\/christian-living\\\/la-salvacion-la-biblia-y-el-catolicismo-romano\\\/\"]}]},{\"@type\":\"ImageObject\",\"inLanguage\":\"en-GB\",\"@id\":\"https:\\\/\\\/banneroftruth.org\\\/uk\\\/store\\\/christian-living\\\/la-salvacion-la-biblia-y-el-catolicismo-romano\\\/#primaryimage\",\"url\":\"https:\\\/\\\/banneroftruth.org\\\/uk\\\/wp-content\\\/uploads\\\/sites\\\/6\\\/2015\\\/10\\\/SALVACION-BIBLIA-CATOLICISMO-front.jpg\",\"contentUrl\":\"https:\\\/\\\/banneroftruth.org\\\/uk\\\/wp-content\\\/uploads\\\/sites\\\/6\\\/2015\\\/10\\\/SALVACION-BIBLIA-CATOLICISMO-front.jpg\",\"width\":1592,\"height\":2545,\"caption\":\"Cover image for Salvacion Biblia y el Catolicismo Romano\"},{\"@type\":\"BreadcrumbList\",\"@id\":\"https:\\\/\\\/banneroftruth.org\\\/uk\\\/store\\\/christian-living\\\/la-salvacion-la-biblia-y-el-catolicismo-romano\\\/#breadcrumb\",\"itemListElement\":[{\"@type\":\"ListItem\",\"position\":1,\"name\":\"Home\",\"item\":\"https:\\\/\\\/banneroftruth.org\\\/uk\\\/\"},{\"@type\":\"ListItem\",\"position\":2,\"name\":\"Store\",\"item\":\"https:\\\/\\\/banneroftruth.org\\\/uk\\\/store\\\/\"},{\"@type\":\"ListItem\",\"position\":3,\"name\":\"La Salvacion, La Biblia y El Catolicismo Romano\"}]},{\"@type\":\"WebSite\",\"@id\":\"https:\\\/\\\/banneroftruth.org\\\/uk\\\/#website\",\"url\":\"https:\\\/\\\/banneroftruth.org\\\/uk\\\/\",\"name\":\"Banner of Truth UK\",\"description\":\"Christian Publisher of Reformed &amp; Puritan Books\",\"publisher\":{\"@id\":\"https:\\\/\\\/banneroftruth.org\\\/uk\\\/#organization\"},\"potentialAction\":[{\"@type\":\"SearchAction\",\"target\":{\"@type\":\"EntryPoint\",\"urlTemplate\":\"https:\\\/\\\/banneroftruth.org\\\/uk\\\/?s={search_term_string}\"},\"query-input\":{\"@type\":\"PropertyValueSpecification\",\"valueRequired\":true,\"valueName\":\"search_term_string\"}}],\"inLanguage\":\"en-GB\"},{\"@type\":\"Organization\",\"@id\":\"https:\\\/\\\/banneroftruth.org\\\/uk\\\/#organization\",\"name\":\"Banner of Truth UK\",\"url\":\"https:\\\/\\\/banneroftruth.org\\\/uk\\\/\",\"logo\":{\"@type\":\"ImageObject\",\"inLanguage\":\"en-GB\",\"@id\":\"https:\\\/\\\/banneroftruth.org\\\/uk\\\/#\\\/schema\\\/logo\\\/image\\\/\",\"url\":\"https:\\\/\\\/banneroftruth.org\\\/uk\\\/wp-content\\\/uploads\\\/sites\\\/6\\\/2021\\\/04\\\/logo_and_text_Jun2015.png\",\"contentUrl\":\"https:\\\/\\\/banneroftruth.org\\\/uk\\\/wp-content\\\/uploads\\\/sites\\\/6\\\/2021\\\/04\\\/logo_and_text_Jun2015.png\",\"width\":377,\"height\":132,\"caption\":\"Banner of Truth UK\"},\"image\":{\"@id\":\"https:\\\/\\\/banneroftruth.org\\\/uk\\\/#\\\/schema\\\/logo\\\/image\\\/\"},\"sameAs\":[\"https:\\\/\\\/www.facebook.com\\\/TheBannerofTruth\",\"https:\\\/\\\/x.com\\\/Banneroftruth\",\"https:\\\/\\\/www.instagram.com\\\/banneroftruth\\\/?hl=en\"]}]}<\/script>\n<meta property=\"product:price:amount\" content=\"6.00\" \/>\n<meta property=\"product:price:currency\" content=\"GBP\" \/>\n<meta property=\"og:availability\" content=\"instock\" \/>\n<meta property=\"product:availability\" content=\"instock\" \/>\n<meta property=\"product:retailer_item_id\" content=\"9781848716278\" \/>\n<meta property=\"product:condition\" content=\"new\" \/>\n<!-- \/ Yoast SEO Premium plugin. -->","yoast_head_json":{"title":"La Salvacion, La Biblia y El Catolicismo Romano","description":"\u00bfPor qu\u00e9 hay iglesias cat\u00f3licas y protestantes ? En La Salvaci\u00f3n, La Biblia y el catolicismo romano William Webster explora la respuesta a esta pregunta .","robots":{"index":"index","follow":"follow","max-snippet":"max-snippet:-1","max-image-preview":"max-image-preview:large","max-video-preview":"max-video-preview:-1"},"canonical":"https:\/\/banneroftruth.org\/uk\/store\/christian-living\/la-salvacion-la-biblia-y-el-catolicismo-romano\/","og_locale":"en_GB","og_type":"article","og_title":"La Salvacion, La Biblia y El Catolicismo Romano","og_description":"\u00bfPor qu\u00e9 hay iglesias cat\u00f3licas y protestantes ? En La Salvaci\u00f3n, La Biblia y el catolicismo romano William Webster explora la respuesta a esta pregunta .","og_url":"https:\/\/banneroftruth.org\/uk\/store\/christian-living\/la-salvacion-la-biblia-y-el-catolicismo-romano\/","og_site_name":"Banner of Truth UK","article_publisher":"https:\/\/www.facebook.com\/TheBannerofTruth","article_modified_time":"2024-04-22T05:40:16+00:00","og_image":[{"width":1592,"height":2545,"url":"https:\/\/banneroftruth.org\/uk\/wp-content\/uploads\/sites\/6\/2015\/10\/SALVACION-BIBLIA-CATOLICISMO-front.jpg","type":"image\/jpeg"}],"twitter_card":"summary_large_image","twitter_site":"@Banneroftruth","twitter_misc":{"Price":"&pound;6.00","Availability":"In stock"},"schema":{"@context":"https:\/\/schema.org","@graph":[{"@type":"WebPage","@id":"https:\/\/banneroftruth.org\/uk\/store\/christian-living\/la-salvacion-la-biblia-y-el-catolicismo-romano\/","url":"https:\/\/banneroftruth.org\/uk\/store\/christian-living\/la-salvacion-la-biblia-y-el-catolicismo-romano\/","name":"La Salvacion, La Biblia y El Catolicismo Romano","isPartOf":{"@id":"https:\/\/banneroftruth.org\/uk\/#website"},"primaryImageOfPage":{"@id":"https:\/\/banneroftruth.org\/uk\/store\/christian-living\/la-salvacion-la-biblia-y-el-catolicismo-romano\/#primaryimage"},"image":{"@id":"https:\/\/banneroftruth.org\/uk\/store\/christian-living\/la-salvacion-la-biblia-y-el-catolicismo-romano\/#primaryimage"},"thumbnailUrl":"https:\/\/banneroftruth.org\/uk\/wp-content\/uploads\/sites\/6\/2015\/10\/SALVACION-BIBLIA-CATOLICISMO-front.jpg","datePublished":"2015-10-01T08:30:51+00:00","dateModified":"2024-04-22T05:40:16+00:00","description":"\u00bfPor qu\u00e9 hay iglesias cat\u00f3licas y protestantes ? En La Salvaci\u00f3n, La Biblia y el catolicismo romano William Webster explora la respuesta a esta pregunta .","breadcrumb":{"@id":"https:\/\/banneroftruth.org\/uk\/store\/christian-living\/la-salvacion-la-biblia-y-el-catolicismo-romano\/#breadcrumb"},"inLanguage":"en-GB","potentialAction":[{"@type":"ReadAction","target":["https:\/\/banneroftruth.org\/uk\/store\/christian-living\/la-salvacion-la-biblia-y-el-catolicismo-romano\/"]}]},{"@type":"ImageObject","inLanguage":"en-GB","@id":"https:\/\/banneroftruth.org\/uk\/store\/christian-living\/la-salvacion-la-biblia-y-el-catolicismo-romano\/#primaryimage","url":"https:\/\/banneroftruth.org\/uk\/wp-content\/uploads\/sites\/6\/2015\/10\/SALVACION-BIBLIA-CATOLICISMO-front.jpg","contentUrl":"https:\/\/banneroftruth.org\/uk\/wp-content\/uploads\/sites\/6\/2015\/10\/SALVACION-BIBLIA-CATOLICISMO-front.jpg","width":1592,"height":2545,"caption":"Cover image for Salvacion Biblia y el Catolicismo Romano"},{"@type":"BreadcrumbList","@id":"https:\/\/banneroftruth.org\/uk\/store\/christian-living\/la-salvacion-la-biblia-y-el-catolicismo-romano\/#breadcrumb","itemListElement":[{"@type":"ListItem","position":1,"name":"Home","item":"https:\/\/banneroftruth.org\/uk\/"},{"@type":"ListItem","position":2,"name":"Store","item":"https:\/\/banneroftruth.org\/uk\/store\/"},{"@type":"ListItem","position":3,"name":"La Salvacion, La Biblia y El Catolicismo Romano"}]},{"@type":"WebSite","@id":"https:\/\/banneroftruth.org\/uk\/#website","url":"https:\/\/banneroftruth.org\/uk\/","name":"Banner of Truth UK","description":"Christian Publisher of Reformed &amp; Puritan Books","publisher":{"@id":"https:\/\/banneroftruth.org\/uk\/#organization"},"potentialAction":[{"@type":"SearchAction","target":{"@type":"EntryPoint","urlTemplate":"https:\/\/banneroftruth.org\/uk\/?s={search_term_string}"},"query-input":{"@type":"PropertyValueSpecification","valueRequired":true,"valueName":"search_term_string"}}],"inLanguage":"en-GB"},{"@type":"Organization","@id":"https:\/\/banneroftruth.org\/uk\/#organization","name":"Banner of Truth UK","url":"https:\/\/banneroftruth.org\/uk\/","logo":{"@type":"ImageObject","inLanguage":"en-GB","@id":"https:\/\/banneroftruth.org\/uk\/#\/schema\/logo\/image\/","url":"https:\/\/banneroftruth.org\/uk\/wp-content\/uploads\/sites\/6\/2021\/04\/logo_and_text_Jun2015.png","contentUrl":"https:\/\/banneroftruth.org\/uk\/wp-content\/uploads\/sites\/6\/2021\/04\/logo_and_text_Jun2015.png","width":377,"height":132,"caption":"Banner of Truth UK"},"image":{"@id":"https:\/\/banneroftruth.org\/uk\/#\/schema\/logo\/image\/"},"sameAs":["https:\/\/www.facebook.com\/TheBannerofTruth","https:\/\/x.com\/Banneroftruth","https:\/\/www.instagram.com\/banneroftruth\/?hl=en"]}]},"product_price_amount":"6.00","product_price_currency":"GBP","og_availability":"instock","product_availability":"instock","product_retailer_item_id":"9781848716278","product_condition":"new"},"_links":{"self":[{"href":"https:\/\/banneroftruth.org\/uk\/wp-json\/wp\/v2\/product\/20459","targetHints":{"allow":["GET"]}}],"collection":[{"href":"https:\/\/banneroftruth.org\/uk\/wp-json\/wp\/v2\/product"}],"about":[{"href":"https:\/\/banneroftruth.org\/uk\/wp-json\/wp\/v2\/types\/product"}],"replies":[{"embeddable":true,"href":"https:\/\/banneroftruth.org\/uk\/wp-json\/wp\/v2\/comments?post=20459"}],"wp:featuredmedia":[{"embeddable":true,"href":"https:\/\/banneroftruth.org\/uk\/wp-json\/wp\/v2\/media\/20460"}],"wp:attachment":[{"href":"https:\/\/banneroftruth.org\/uk\/wp-json\/wp\/v2\/media?parent=20459"}],"wp:term":[{"taxonomy":"product_brand","embeddable":true,"href":"https:\/\/banneroftruth.org\/uk\/wp-json\/wp\/v2\/product_brand?post=20459"},{"taxonomy":"product_cat","embeddable":true,"href":"https:\/\/banneroftruth.org\/uk\/wp-json\/wp\/v2\/product_cat?post=20459"},{"taxonomy":"product_tag","embeddable":true,"href":"https:\/\/banneroftruth.org\/uk\/wp-json\/wp\/v2\/product_tag?post=20459"}],"curies":[{"name":"wp","href":"https:\/\/api.w.org\/{rel}","templated":true}]}}