{"id":846,"date":"2013-01-30T17:38:00","date_gmt":"2013-01-30T17:38:00","guid":{"rendered":"http:\/\/54.225.232.228\/us\/store\/uncategorized\/cristianismo-autzntico-tomo-4-hechos-71-29-sermones-sobre-hechos-de-los-apstoles\/"},"modified":"2020-06-09T09:29:59","modified_gmt":"2020-06-09T08:29:59","slug":"cristianismo-autzntico-tomo-4-hechos-71-29-sermones-sobre-hechos-de-los-apstoles","status":"publish","type":"product","link":"https:\/\/banneroftruth.org\/uk\/store\/sermons-and-expositions\/cristianismo-autzntico-tomo-4-hechos-71-29-sermones-sobre-hechos-de-los-apstoles\/","title":{"rendered":"Cristianismo Aut\u00e9ntico, Tomo 4 Hechos 7:1-29 \u2013 Sermones Sobre Hechos De Los Ap\u00f3stoles"},"content":{"rendered":"<h2>Book Description<\/h2>\n<p>\u00bfPor qu\u00e9 debieran los lectores en el siglo XXI interesarse por la predicaci\u00f3n del siglo I? \u00bfAcaso no hay ya muchos asuntos mucho m\u00e1s urgentes que les interesen que un largo discurso dado por un cristiano jud\u00edo a los l\u00edderes de su naci\u00f3n en Jerusal\u00e9n? El Dr. Martyn Lloyd-Jones estaba convencido de que el tiempo empleado en los primeros cap\u00edtulos de Hechos, &#8220;para descubrir c\u00f3mo comenz\u00f3 la Iglesia y cu\u00e1l era su mensaje en el principio&#8221; fue bien invertido.<\/p>\n<p><em>Cristianismo aut\u00e9ntico<\/em>, Tomo 4 est\u00e1 formado por veinte sermones evangel\u00edsticos que fueron predicados en la iglesia <em>Westminster Chapel<\/em> las tardes de los domingos entre octubre de 1966 y febrero de 1967. En todos ellos, el Dr. Lloyd-Jones aparta a sus oyentes de la ruina y la confusi\u00f3n del pensamiento moderno hasta la \u00fanica fuente de esperanza para su generaci\u00f3n o para cualquier generaci\u00f3n: el immutable &#8216;Evangel\u00edo de Dios, concerniente a su Hijo, Jesucr\u00edsto Nuestro Se\u00f1or&#8217;.<\/p>\n","protected":false},"excerpt":{"rendered":"<p>Book Description \u00bfPor qu\u00e9 debieran los lectores en el siglo XXI interesarse por la predicaci\u00f3n del siglo I? \u00bfAcaso no hay ya muchos asuntos mucho m\u00e1s urgentes que les interesen que un largo discurso dado por un cristiano jud\u00edo a los l\u00edderes de su naci\u00f3n en Jerusal\u00e9n? El Dr. Martyn Lloyd-Jones estaba convencido de que [&hellip;]<\/p>\n","protected":false},"featured_media":9747,"comment_status":"open","ping_status":"closed","template":"","meta":[],"product_brand":[],"product_cat":[1228],"product_tag":[],"class_list":{"0":"post-846","1":"product","2":"type-product","3":"status-publish","4":"has-post-thumbnail","6":"product_cat-sermons-and-expositions","7":"pa_binding-paperback","8":"pa_class-sp","9":"pa_format-book","10":"pa_isbn-4966","11":"pa_language-spanish","12":"pa_original-pub-date-1566","13":"pa_page-count-1613","14":"pa_recent-pub-date-jul-1-2009","15":"pa_recent-pub-date-year-6073","16":"pa_scripture-acts","17":"pa_subtitle-authentic-christianity-v4-acts-71-29","18":"pa_theauthor-lloyd-jones-d-martyn","19":"pa_topic-biblical-studies","20":"pa_topic-spiritual-growth","21":"pa_vol-6075","23":"first","24":"instock","25":"purchasable","26":"product-type-simple"},"bundled_by":[],"bundle_stock_status":"instock","bundle_stock_quantity":null,"bundle_virtual":false,"bundle_layout":"","bundle_add_to_cart_form_location":"","bundle_editable_in_cart":false,"bundle_sold_individually_context":"","bundle_item_grouping":"","bundle_min_size":"","bundle_max_size":"","bundle_price":[],"bundled_items":[],"bundle_sell_ids":[],"yoast_head":"<!-- This site is optimized with the Yoast SEO Premium plugin v27.3 (Yoast SEO v27.3) - https:\/\/yoast.com\/product\/yoast-seo-premium-wordpress\/ -->\n<title>Cristianismo Aut\u00e9ntico, Tomo 4 Hechos 7:1-29 \u2013 Sermones Sobre Hechos De Los Ap\u00f3stoles - Banner of Truth UK<\/title>\n<meta name=\"robots\" content=\"index, follow, max-snippet:-1, max-image-preview:large, max-video-preview:-1\" \/>\n<link rel=\"canonical\" href=\"https:\/\/banneroftruth.org\/uk\/store\/sermons-and-expositions\/cristianismo-autzntico-tomo-4-hechos-71-29-sermones-sobre-hechos-de-los-apstoles\/\" \/>\n<meta property=\"og:locale\" content=\"en_GB\" \/>\n<meta property=\"og:type\" content=\"article\" \/>\n<meta property=\"og:title\" content=\"Cristianismo Aut\u00e9ntico, Tomo 4 Hechos 7:1-29 \u2013 Sermones Sobre Hechos De Los Ap\u00f3stoles\" \/>\n<meta property=\"og:description\" content=\"Book Description \u00bfPor qu\u00e9 debieran los lectores en el siglo XXI interesarse por la predicaci\u00f3n del siglo I? \u00bfAcaso no hay ya muchos asuntos mucho m\u00e1s urgentes que les interesen que un largo discurso dado por un cristiano jud\u00edo a los l\u00edderes de su naci\u00f3n en Jerusal\u00e9n? El Dr. Martyn Lloyd-Jones estaba convencido de que [&hellip;]\" \/>\n<meta property=\"og:url\" content=\"https:\/\/banneroftruth.org\/uk\/store\/sermons-and-expositions\/cristianismo-autzntico-tomo-4-hechos-71-29-sermones-sobre-hechos-de-los-apstoles\/\" \/>\n<meta property=\"og:site_name\" content=\"Banner of Truth UK\" \/>\n<meta property=\"article:publisher\" content=\"https:\/\/www.facebook.com\/TheBannerofTruth\" \/>\n<meta property=\"article:modified_time\" content=\"2020-06-09T08:29:59+00:00\" \/>\n<meta property=\"og:image\" content=\"https:\/\/banneroftruth.org\/uk\/wp-content\/uploads\/sites\/6\/2013\/01\/CristianismoAutentico_4_FINAL.jpg\" \/>\n\t<meta property=\"og:image:width\" content=\"423\" \/>\n\t<meta property=\"og:image:height\" content=\"684\" \/>\n\t<meta property=\"og:image:type\" content=\"image\/jpeg\" \/>\n<meta name=\"twitter:card\" content=\"summary_large_image\" \/>\n<meta name=\"twitter:site\" content=\"@Banneroftruth\" \/>\n<meta name=\"twitter:label1\" content=\"Price\" \/>\n\t<meta name=\"twitter:data1\" content=\"&pound;10.00\" \/>\n\t<meta name=\"twitter:label2\" content=\"Availability\" \/>\n\t<meta name=\"twitter:data2\" content=\"In stock\" \/>\n<script type=\"application\/ld+json\" class=\"yoast-schema-graph\">{\"@context\":\"https:\\\/\\\/schema.org\",\"@graph\":[{\"@type\":\"WebPage\",\"@id\":\"https:\\\/\\\/banneroftruth.org\\\/uk\\\/store\\\/sermons-and-expositions\\\/cristianismo-autzntico-tomo-4-hechos-71-29-sermones-sobre-hechos-de-los-apstoles\\\/\",\"url\":\"https:\\\/\\\/banneroftruth.org\\\/uk\\\/store\\\/sermons-and-expositions\\\/cristianismo-autzntico-tomo-4-hechos-71-29-sermones-sobre-hechos-de-los-apstoles\\\/\",\"name\":\"Cristianismo Aut\u00e9ntico, Tomo 4 Hechos 7:1-29 \u2013 Sermones Sobre Hechos De Los Ap\u00f3stoles - Banner of Truth UK\",\"isPartOf\":{\"@id\":\"https:\\\/\\\/banneroftruth.org\\\/uk\\\/#website\"},\"primaryImageOfPage\":{\"@id\":\"https:\\\/\\\/banneroftruth.org\\\/uk\\\/store\\\/sermons-and-expositions\\\/cristianismo-autzntico-tomo-4-hechos-71-29-sermones-sobre-hechos-de-los-apstoles\\\/#primaryimage\"},\"image\":{\"@id\":\"https:\\\/\\\/banneroftruth.org\\\/uk\\\/store\\\/sermons-and-expositions\\\/cristianismo-autzntico-tomo-4-hechos-71-29-sermones-sobre-hechos-de-los-apstoles\\\/#primaryimage\"},\"thumbnailUrl\":\"https:\\\/\\\/banneroftruth.org\\\/uk\\\/wp-content\\\/uploads\\\/sites\\\/6\\\/2013\\\/01\\\/CristianismoAutentico_4_FINAL.jpg\",\"datePublished\":\"2013-01-30T17:38:00+00:00\",\"dateModified\":\"2020-06-09T08:29:59+00:00\",\"breadcrumb\":{\"@id\":\"https:\\\/\\\/banneroftruth.org\\\/uk\\\/store\\\/sermons-and-expositions\\\/cristianismo-autzntico-tomo-4-hechos-71-29-sermones-sobre-hechos-de-los-apstoles\\\/#breadcrumb\"},\"inLanguage\":\"en-GB\",\"potentialAction\":[{\"@type\":\"ReadAction\",\"target\":[\"https:\\\/\\\/banneroftruth.org\\\/uk\\\/store\\\/sermons-and-expositions\\\/cristianismo-autzntico-tomo-4-hechos-71-29-sermones-sobre-hechos-de-los-apstoles\\\/\"]}]},{\"@type\":\"ImageObject\",\"inLanguage\":\"en-GB\",\"@id\":\"https:\\\/\\\/banneroftruth.org\\\/uk\\\/store\\\/sermons-and-expositions\\\/cristianismo-autzntico-tomo-4-hechos-71-29-sermones-sobre-hechos-de-los-apstoles\\\/#primaryimage\",\"url\":\"https:\\\/\\\/banneroftruth.org\\\/uk\\\/wp-content\\\/uploads\\\/sites\\\/6\\\/2013\\\/01\\\/CristianismoAutentico_4_FINAL.jpg\",\"contentUrl\":\"https:\\\/\\\/banneroftruth.org\\\/uk\\\/wp-content\\\/uploads\\\/sites\\\/6\\\/2013\\\/01\\\/CristianismoAutentico_4_FINAL.jpg\",\"width\":423,\"height\":684},{\"@type\":\"BreadcrumbList\",\"@id\":\"https:\\\/\\\/banneroftruth.org\\\/uk\\\/store\\\/sermons-and-expositions\\\/cristianismo-autzntico-tomo-4-hechos-71-29-sermones-sobre-hechos-de-los-apstoles\\\/#breadcrumb\",\"itemListElement\":[{\"@type\":\"ListItem\",\"position\":1,\"name\":\"Home\",\"item\":\"https:\\\/\\\/banneroftruth.org\\\/uk\\\/\"},{\"@type\":\"ListItem\",\"position\":2,\"name\":\"Store\",\"item\":\"https:\\\/\\\/banneroftruth.org\\\/uk\\\/store\\\/\"},{\"@type\":\"ListItem\",\"position\":3,\"name\":\"Cristianismo Aut\u00e9ntico, Tomo 4 Hechos 7:1-29 \u2013 Sermones Sobre Hechos De Los Ap\u00f3stoles\"}]},{\"@type\":\"WebSite\",\"@id\":\"https:\\\/\\\/banneroftruth.org\\\/uk\\\/#website\",\"url\":\"https:\\\/\\\/banneroftruth.org\\\/uk\\\/\",\"name\":\"Banner of Truth UK\",\"description\":\"Christian Publisher of Reformed &amp; Puritan Books\",\"publisher\":{\"@id\":\"https:\\\/\\\/banneroftruth.org\\\/uk\\\/#organization\"},\"potentialAction\":[{\"@type\":\"SearchAction\",\"target\":{\"@type\":\"EntryPoint\",\"urlTemplate\":\"https:\\\/\\\/banneroftruth.org\\\/uk\\\/?s={search_term_string}\"},\"query-input\":{\"@type\":\"PropertyValueSpecification\",\"valueRequired\":true,\"valueName\":\"search_term_string\"}}],\"inLanguage\":\"en-GB\"},{\"@type\":\"Organization\",\"@id\":\"https:\\\/\\\/banneroftruth.org\\\/uk\\\/#organization\",\"name\":\"Banner of Truth UK\",\"url\":\"https:\\\/\\\/banneroftruth.org\\\/uk\\\/\",\"logo\":{\"@type\":\"ImageObject\",\"inLanguage\":\"en-GB\",\"@id\":\"https:\\\/\\\/banneroftruth.org\\\/uk\\\/#\\\/schema\\\/logo\\\/image\\\/\",\"url\":\"https:\\\/\\\/banneroftruth.org\\\/uk\\\/wp-content\\\/uploads\\\/sites\\\/6\\\/2021\\\/04\\\/logo_and_text_Jun2015.png\",\"contentUrl\":\"https:\\\/\\\/banneroftruth.org\\\/uk\\\/wp-content\\\/uploads\\\/sites\\\/6\\\/2021\\\/04\\\/logo_and_text_Jun2015.png\",\"width\":377,\"height\":132,\"caption\":\"Banner of Truth UK\"},\"image\":{\"@id\":\"https:\\\/\\\/banneroftruth.org\\\/uk\\\/#\\\/schema\\\/logo\\\/image\\\/\"},\"sameAs\":[\"https:\\\/\\\/www.facebook.com\\\/TheBannerofTruth\",\"https:\\\/\\\/x.com\\\/Banneroftruth\",\"https:\\\/\\\/www.instagram.com\\\/banneroftruth\\\/?hl=en\"]}]}<\/script>\n<meta property=\"product:price:amount\" content=\"10.00\" \/>\n<meta property=\"product:price:currency\" content=\"GBP\" \/>\n<meta property=\"og:availability\" content=\"instock\" \/>\n<meta property=\"product:availability\" content=\"instock\" \/>\n<meta property=\"product:retailer_item_id\" content=\"9781848710344\" \/>\n<meta property=\"product:condition\" content=\"new\" \/>\n<!-- \/ Yoast SEO Premium plugin. -->","yoast_head_json":{"title":"Cristianismo Aut\u00e9ntico, Tomo 4 Hechos 7:1-29 \u2013 Sermones Sobre Hechos De Los Ap\u00f3stoles - Banner of Truth UK","robots":{"index":"index","follow":"follow","max-snippet":"max-snippet:-1","max-image-preview":"max-image-preview:large","max-video-preview":"max-video-preview:-1"},"canonical":"https:\/\/banneroftruth.org\/uk\/store\/sermons-and-expositions\/cristianismo-autzntico-tomo-4-hechos-71-29-sermones-sobre-hechos-de-los-apstoles\/","og_locale":"en_GB","og_type":"article","og_title":"Cristianismo Aut\u00e9ntico, Tomo 4 Hechos 7:1-29 \u2013 Sermones Sobre Hechos De Los Ap\u00f3stoles","og_description":"Book Description \u00bfPor qu\u00e9 debieran los lectores en el siglo XXI interesarse por la predicaci\u00f3n del siglo I? \u00bfAcaso no hay ya muchos asuntos mucho m\u00e1s urgentes que les interesen que un largo discurso dado por un cristiano jud\u00edo a los l\u00edderes de su naci\u00f3n en Jerusal\u00e9n? El Dr. Martyn Lloyd-Jones estaba convencido de que [&hellip;]","og_url":"https:\/\/banneroftruth.org\/uk\/store\/sermons-and-expositions\/cristianismo-autzntico-tomo-4-hechos-71-29-sermones-sobre-hechos-de-los-apstoles\/","og_site_name":"Banner of Truth UK","article_publisher":"https:\/\/www.facebook.com\/TheBannerofTruth","article_modified_time":"2020-06-09T08:29:59+00:00","og_image":[{"width":423,"height":684,"url":"https:\/\/banneroftruth.org\/uk\/wp-content\/uploads\/sites\/6\/2013\/01\/CristianismoAutentico_4_FINAL.jpg","type":"image\/jpeg"}],"twitter_card":"summary_large_image","twitter_site":"@Banneroftruth","twitter_misc":{"Price":"&pound;10.00","Availability":"In stock"},"schema":{"@context":"https:\/\/schema.org","@graph":[{"@type":"WebPage","@id":"https:\/\/banneroftruth.org\/uk\/store\/sermons-and-expositions\/cristianismo-autzntico-tomo-4-hechos-71-29-sermones-sobre-hechos-de-los-apstoles\/","url":"https:\/\/banneroftruth.org\/uk\/store\/sermons-and-expositions\/cristianismo-autzntico-tomo-4-hechos-71-29-sermones-sobre-hechos-de-los-apstoles\/","name":"Cristianismo Aut\u00e9ntico, Tomo 4 Hechos 7:1-29 \u2013 Sermones Sobre Hechos De Los Ap\u00f3stoles - Banner of Truth UK","isPartOf":{"@id":"https:\/\/banneroftruth.org\/uk\/#website"},"primaryImageOfPage":{"@id":"https:\/\/banneroftruth.org\/uk\/store\/sermons-and-expositions\/cristianismo-autzntico-tomo-4-hechos-71-29-sermones-sobre-hechos-de-los-apstoles\/#primaryimage"},"image":{"@id":"https:\/\/banneroftruth.org\/uk\/store\/sermons-and-expositions\/cristianismo-autzntico-tomo-4-hechos-71-29-sermones-sobre-hechos-de-los-apstoles\/#primaryimage"},"thumbnailUrl":"https:\/\/banneroftruth.org\/uk\/wp-content\/uploads\/sites\/6\/2013\/01\/CristianismoAutentico_4_FINAL.jpg","datePublished":"2013-01-30T17:38:00+00:00","dateModified":"2020-06-09T08:29:59+00:00","breadcrumb":{"@id":"https:\/\/banneroftruth.org\/uk\/store\/sermons-and-expositions\/cristianismo-autzntico-tomo-4-hechos-71-29-sermones-sobre-hechos-de-los-apstoles\/#breadcrumb"},"inLanguage":"en-GB","potentialAction":[{"@type":"ReadAction","target":["https:\/\/banneroftruth.org\/uk\/store\/sermons-and-expositions\/cristianismo-autzntico-tomo-4-hechos-71-29-sermones-sobre-hechos-de-los-apstoles\/"]}]},{"@type":"ImageObject","inLanguage":"en-GB","@id":"https:\/\/banneroftruth.org\/uk\/store\/sermons-and-expositions\/cristianismo-autzntico-tomo-4-hechos-71-29-sermones-sobre-hechos-de-los-apstoles\/#primaryimage","url":"https:\/\/banneroftruth.org\/uk\/wp-content\/uploads\/sites\/6\/2013\/01\/CristianismoAutentico_4_FINAL.jpg","contentUrl":"https:\/\/banneroftruth.org\/uk\/wp-content\/uploads\/sites\/6\/2013\/01\/CristianismoAutentico_4_FINAL.jpg","width":423,"height":684},{"@type":"BreadcrumbList","@id":"https:\/\/banneroftruth.org\/uk\/store\/sermons-and-expositions\/cristianismo-autzntico-tomo-4-hechos-71-29-sermones-sobre-hechos-de-los-apstoles\/#breadcrumb","itemListElement":[{"@type":"ListItem","position":1,"name":"Home","item":"https:\/\/banneroftruth.org\/uk\/"},{"@type":"ListItem","position":2,"name":"Store","item":"https:\/\/banneroftruth.org\/uk\/store\/"},{"@type":"ListItem","position":3,"name":"Cristianismo Aut\u00e9ntico, Tomo 4 Hechos 7:1-29 \u2013 Sermones Sobre Hechos De Los Ap\u00f3stoles"}]},{"@type":"WebSite","@id":"https:\/\/banneroftruth.org\/uk\/#website","url":"https:\/\/banneroftruth.org\/uk\/","name":"Banner of Truth UK","description":"Christian Publisher of Reformed &amp; Puritan Books","publisher":{"@id":"https:\/\/banneroftruth.org\/uk\/#organization"},"potentialAction":[{"@type":"SearchAction","target":{"@type":"EntryPoint","urlTemplate":"https:\/\/banneroftruth.org\/uk\/?s={search_term_string}"},"query-input":{"@type":"PropertyValueSpecification","valueRequired":true,"valueName":"search_term_string"}}],"inLanguage":"en-GB"},{"@type":"Organization","@id":"https:\/\/banneroftruth.org\/uk\/#organization","name":"Banner of Truth UK","url":"https:\/\/banneroftruth.org\/uk\/","logo":{"@type":"ImageObject","inLanguage":"en-GB","@id":"https:\/\/banneroftruth.org\/uk\/#\/schema\/logo\/image\/","url":"https:\/\/banneroftruth.org\/uk\/wp-content\/uploads\/sites\/6\/2021\/04\/logo_and_text_Jun2015.png","contentUrl":"https:\/\/banneroftruth.org\/uk\/wp-content\/uploads\/sites\/6\/2021\/04\/logo_and_text_Jun2015.png","width":377,"height":132,"caption":"Banner of Truth UK"},"image":{"@id":"https:\/\/banneroftruth.org\/uk\/#\/schema\/logo\/image\/"},"sameAs":["https:\/\/www.facebook.com\/TheBannerofTruth","https:\/\/x.com\/Banneroftruth","https:\/\/www.instagram.com\/banneroftruth\/?hl=en"]}]},"product_price_amount":"10.00","product_price_currency":"GBP","og_availability":"instock","product_availability":"instock","product_retailer_item_id":"9781848710344","product_condition":"new"},"_links":{"self":[{"href":"https:\/\/banneroftruth.org\/uk\/wp-json\/wp\/v2\/product\/846","targetHints":{"allow":["GET"]}}],"collection":[{"href":"https:\/\/banneroftruth.org\/uk\/wp-json\/wp\/v2\/product"}],"about":[{"href":"https:\/\/banneroftruth.org\/uk\/wp-json\/wp\/v2\/types\/product"}],"replies":[{"embeddable":true,"href":"https:\/\/banneroftruth.org\/uk\/wp-json\/wp\/v2\/comments?post=846"}],"wp:featuredmedia":[{"embeddable":true,"href":"https:\/\/banneroftruth.org\/uk\/wp-json\/wp\/v2\/media\/9747"}],"wp:attachment":[{"href":"https:\/\/banneroftruth.org\/uk\/wp-json\/wp\/v2\/media?parent=846"}],"wp:term":[{"taxonomy":"product_brand","embeddable":true,"href":"https:\/\/banneroftruth.org\/uk\/wp-json\/wp\/v2\/product_brand?post=846"},{"taxonomy":"product_cat","embeddable":true,"href":"https:\/\/banneroftruth.org\/uk\/wp-json\/wp\/v2\/product_cat?post=846"},{"taxonomy":"product_tag","embeddable":true,"href":"https:\/\/banneroftruth.org\/uk\/wp-json\/wp\/v2\/product_tag?post=846"}],"curies":[{"name":"wp","href":"https:\/\/api.w.org\/{rel}","templated":true}]}}