{"id":859,"date":"2013-01-30T17:38:56","date_gmt":"2013-01-30T17:38:56","guid":{"rendered":"http:\/\/54.225.232.228\/us\/store\/uncategorized\/el-momento-transcendental\/"},"modified":"2020-05-14T16:32:52","modified_gmt":"2020-05-14T15:32:52","slug":"el-momento-transcendental","status":"publish","type":"product","link":"https:\/\/banneroftruth.org\/uk\/store\/theology\/el-momento-transcendental\/","title":{"rendered":"El Momento Transcendental"},"content":{"rendered":"<h2>Book Description<\/h2>\n<p>Esta es la mejor introducci\u00f3n de que se dispone acerca de la ense\u00f1nza b\u00edblica sobre el regreso del Se\u00f1or Jesucristo. J.W. Grier expone con la m\u00e1xima objetividad las distintas posturas escatol\u00f3gicas y examina ecu\u00e1nimemente los argumentos en pro y en contra de cada una de ellas. Mediante un repaso hist\u00f3rico y b\u00edblico, el autor trata los aspectos m\u00e1s relavantes del tema y nos hace sentir el peso y la consistencia de su propia interpretaci\u00f3n. Una obra indispensable para quienes deseen obtener una visi\u00f3n amplia y b\u00edblica sobre la Segunda Venida de Cristo.<\/p>\n","protected":false},"excerpt":{"rendered":"<p>Book Description Esta es la mejor introducci\u00f3n de que se dispone acerca de la ense\u00f1nza b\u00edblica sobre el regreso del Se\u00f1or Jesucristo. J.W. Grier expone con la m\u00e1xima objetividad las distintas posturas escatol\u00f3gicas y examina ecu\u00e1nimemente los argumentos en pro y en contra de cada una de ellas. Mediante un repaso hist\u00f3rico y b\u00edblico, el [&hellip;]<\/p>\n","protected":false},"featured_media":9695,"comment_status":"open","ping_status":"closed","template":"","meta":[],"product_brand":[],"product_cat":[1270],"product_tag":[],"class_list":{"0":"post-859","1":"product","2":"type-product","3":"status-publish","4":"has-post-thumbnail","6":"product_cat-theology","7":"pa_binding-paperback","8":"pa_class-sp","9":"pa_format-book","10":"pa_isbn-4987","11":"pa_language-spanish","12":"pa_original-pub-date-1642","13":"pa_page-count-4606","14":"pa_recent-pub-date-feb-1-2011","15":"pa_recent-pub-date-year-6072","16":"pa_subtitle-momentous-event","17":"pa_theauthor-grier-w-j","18":"pa_topic-the-end-times","20":"first","21":"instock","22":"purchasable","23":"product-type-simple"},"bundled_by":[],"bundle_stock_status":"instock","bundle_stock_quantity":null,"bundle_virtual":false,"bundle_layout":"","bundle_add_to_cart_form_location":"","bundle_editable_in_cart":false,"bundle_sold_individually_context":"","bundle_item_grouping":"","bundle_min_size":"","bundle_max_size":"","bundle_price":[],"bundled_items":[],"bundle_sell_ids":[],"yoast_head":"<!-- This site is optimized with the Yoast SEO Premium plugin v27.3 (Yoast SEO v27.3) - https:\/\/yoast.com\/product\/yoast-seo-premium-wordpress\/ -->\n<title>El Momento Transcendental - Banner of Truth UK<\/title>\n<meta name=\"robots\" content=\"index, follow, max-snippet:-1, max-image-preview:large, max-video-preview:-1\" \/>\n<link rel=\"canonical\" href=\"https:\/\/banneroftruth.org\/uk\/store\/theology\/el-momento-transcendental\/\" \/>\n<meta property=\"og:locale\" content=\"en_GB\" \/>\n<meta property=\"og:type\" content=\"article\" \/>\n<meta property=\"og:title\" content=\"El Momento Transcendental\" \/>\n<meta property=\"og:description\" content=\"Book Description Esta es la mejor introducci\u00f3n de que se dispone acerca de la ense\u00f1nza b\u00edblica sobre el regreso del Se\u00f1or Jesucristo. J.W. Grier expone con la m\u00e1xima objetividad las distintas posturas escatol\u00f3gicas y examina ecu\u00e1nimemente los argumentos en pro y en contra de cada una de ellas. Mediante un repaso hist\u00f3rico y b\u00edblico, el [&hellip;]\" \/>\n<meta property=\"og:url\" content=\"https:\/\/banneroftruth.org\/uk\/store\/theology\/el-momento-transcendental\/\" \/>\n<meta property=\"og:site_name\" content=\"Banner of Truth UK\" \/>\n<meta property=\"article:publisher\" content=\"https:\/\/www.facebook.com\/TheBannerofTruth\" \/>\n<meta property=\"article:modified_time\" content=\"2020-05-14T15:32:52+00:00\" \/>\n<meta property=\"og:image\" content=\"https:\/\/banneroftruth.org\/uk\/wp-content\/uploads\/sites\/6\/2013\/01\/Momento_trascendental.jpg\" \/>\n\t<meta property=\"og:image:width\" content=\"426\" \/>\n\t<meta property=\"og:image:height\" content=\"682\" \/>\n\t<meta property=\"og:image:type\" content=\"image\/jpeg\" \/>\n<meta name=\"twitter:card\" content=\"summary_large_image\" \/>\n<meta name=\"twitter:site\" content=\"@Banneroftruth\" \/>\n<meta name=\"twitter:label1\" content=\"Price\" \/>\n\t<meta name=\"twitter:data1\" content=\"&pound;4.50\" \/>\n\t<meta name=\"twitter:label2\" content=\"Availability\" \/>\n\t<meta name=\"twitter:data2\" content=\"In stock\" \/>\n<script type=\"application\/ld+json\" class=\"yoast-schema-graph\">{\"@context\":\"https:\\\/\\\/schema.org\",\"@graph\":[{\"@type\":\"WebPage\",\"@id\":\"https:\\\/\\\/banneroftruth.org\\\/uk\\\/store\\\/theology\\\/el-momento-transcendental\\\/\",\"url\":\"https:\\\/\\\/banneroftruth.org\\\/uk\\\/store\\\/theology\\\/el-momento-transcendental\\\/\",\"name\":\"El Momento Transcendental - Banner of Truth UK\",\"isPartOf\":{\"@id\":\"https:\\\/\\\/banneroftruth.org\\\/uk\\\/#website\"},\"primaryImageOfPage\":{\"@id\":\"https:\\\/\\\/banneroftruth.org\\\/uk\\\/store\\\/theology\\\/el-momento-transcendental\\\/#primaryimage\"},\"image\":{\"@id\":\"https:\\\/\\\/banneroftruth.org\\\/uk\\\/store\\\/theology\\\/el-momento-transcendental\\\/#primaryimage\"},\"thumbnailUrl\":\"https:\\\/\\\/banneroftruth.org\\\/uk\\\/wp-content\\\/uploads\\\/sites\\\/6\\\/2013\\\/01\\\/Momento_trascendental.jpg\",\"datePublished\":\"2013-01-30T17:38:56+00:00\",\"dateModified\":\"2020-05-14T15:32:52+00:00\",\"breadcrumb\":{\"@id\":\"https:\\\/\\\/banneroftruth.org\\\/uk\\\/store\\\/theology\\\/el-momento-transcendental\\\/#breadcrumb\"},\"inLanguage\":\"en-GB\",\"potentialAction\":[{\"@type\":\"ReadAction\",\"target\":[\"https:\\\/\\\/banneroftruth.org\\\/uk\\\/store\\\/theology\\\/el-momento-transcendental\\\/\"]}]},{\"@type\":\"ImageObject\",\"inLanguage\":\"en-GB\",\"@id\":\"https:\\\/\\\/banneroftruth.org\\\/uk\\\/store\\\/theology\\\/el-momento-transcendental\\\/#primaryimage\",\"url\":\"https:\\\/\\\/banneroftruth.org\\\/uk\\\/wp-content\\\/uploads\\\/sites\\\/6\\\/2013\\\/01\\\/Momento_trascendental.jpg\",\"contentUrl\":\"https:\\\/\\\/banneroftruth.org\\\/uk\\\/wp-content\\\/uploads\\\/sites\\\/6\\\/2013\\\/01\\\/Momento_trascendental.jpg\",\"width\":426,\"height\":682},{\"@type\":\"BreadcrumbList\",\"@id\":\"https:\\\/\\\/banneroftruth.org\\\/uk\\\/store\\\/theology\\\/el-momento-transcendental\\\/#breadcrumb\",\"itemListElement\":[{\"@type\":\"ListItem\",\"position\":1,\"name\":\"Home\",\"item\":\"https:\\\/\\\/banneroftruth.org\\\/uk\\\/\"},{\"@type\":\"ListItem\",\"position\":2,\"name\":\"Store\",\"item\":\"https:\\\/\\\/banneroftruth.org\\\/uk\\\/store\\\/\"},{\"@type\":\"ListItem\",\"position\":3,\"name\":\"El Momento Transcendental\"}]},{\"@type\":\"WebSite\",\"@id\":\"https:\\\/\\\/banneroftruth.org\\\/uk\\\/#website\",\"url\":\"https:\\\/\\\/banneroftruth.org\\\/uk\\\/\",\"name\":\"Banner of Truth UK\",\"description\":\"Christian Publisher of Reformed &amp; Puritan Books\",\"publisher\":{\"@id\":\"https:\\\/\\\/banneroftruth.org\\\/uk\\\/#organization\"},\"potentialAction\":[{\"@type\":\"SearchAction\",\"target\":{\"@type\":\"EntryPoint\",\"urlTemplate\":\"https:\\\/\\\/banneroftruth.org\\\/uk\\\/?s={search_term_string}\"},\"query-input\":{\"@type\":\"PropertyValueSpecification\",\"valueRequired\":true,\"valueName\":\"search_term_string\"}}],\"inLanguage\":\"en-GB\"},{\"@type\":\"Organization\",\"@id\":\"https:\\\/\\\/banneroftruth.org\\\/uk\\\/#organization\",\"name\":\"Banner of Truth UK\",\"url\":\"https:\\\/\\\/banneroftruth.org\\\/uk\\\/\",\"logo\":{\"@type\":\"ImageObject\",\"inLanguage\":\"en-GB\",\"@id\":\"https:\\\/\\\/banneroftruth.org\\\/uk\\\/#\\\/schema\\\/logo\\\/image\\\/\",\"url\":\"https:\\\/\\\/banneroftruth.org\\\/uk\\\/wp-content\\\/uploads\\\/sites\\\/6\\\/2021\\\/04\\\/logo_and_text_Jun2015.png\",\"contentUrl\":\"https:\\\/\\\/banneroftruth.org\\\/uk\\\/wp-content\\\/uploads\\\/sites\\\/6\\\/2021\\\/04\\\/logo_and_text_Jun2015.png\",\"width\":377,\"height\":132,\"caption\":\"Banner of Truth UK\"},\"image\":{\"@id\":\"https:\\\/\\\/banneroftruth.org\\\/uk\\\/#\\\/schema\\\/logo\\\/image\\\/\"},\"sameAs\":[\"https:\\\/\\\/www.facebook.com\\\/TheBannerofTruth\",\"https:\\\/\\\/x.com\\\/Banneroftruth\",\"https:\\\/\\\/www.instagram.com\\\/banneroftruth\\\/?hl=en\"]}]}<\/script>\n<meta property=\"product:price:amount\" content=\"4.50\" \/>\n<meta property=\"product:price:currency\" content=\"GBP\" \/>\n<meta property=\"og:availability\" content=\"instock\" \/>\n<meta property=\"product:availability\" content=\"instock\" \/>\n<meta property=\"product:retailer_item_id\" content=\"9781848710962\" \/>\n<meta property=\"product:condition\" content=\"new\" \/>\n<!-- \/ Yoast SEO Premium plugin. -->","yoast_head_json":{"title":"El Momento Transcendental - Banner of Truth UK","robots":{"index":"index","follow":"follow","max-snippet":"max-snippet:-1","max-image-preview":"max-image-preview:large","max-video-preview":"max-video-preview:-1"},"canonical":"https:\/\/banneroftruth.org\/uk\/store\/theology\/el-momento-transcendental\/","og_locale":"en_GB","og_type":"article","og_title":"El Momento Transcendental","og_description":"Book Description Esta es la mejor introducci\u00f3n de que se dispone acerca de la ense\u00f1nza b\u00edblica sobre el regreso del Se\u00f1or Jesucristo. J.W. Grier expone con la m\u00e1xima objetividad las distintas posturas escatol\u00f3gicas y examina ecu\u00e1nimemente los argumentos en pro y en contra de cada una de ellas. Mediante un repaso hist\u00f3rico y b\u00edblico, el [&hellip;]","og_url":"https:\/\/banneroftruth.org\/uk\/store\/theology\/el-momento-transcendental\/","og_site_name":"Banner of Truth UK","article_publisher":"https:\/\/www.facebook.com\/TheBannerofTruth","article_modified_time":"2020-05-14T15:32:52+00:00","og_image":[{"width":426,"height":682,"url":"https:\/\/banneroftruth.org\/uk\/wp-content\/uploads\/sites\/6\/2013\/01\/Momento_trascendental.jpg","type":"image\/jpeg"}],"twitter_card":"summary_large_image","twitter_site":"@Banneroftruth","twitter_misc":{"Price":"&pound;4.50","Availability":"In stock"},"schema":{"@context":"https:\/\/schema.org","@graph":[{"@type":"WebPage","@id":"https:\/\/banneroftruth.org\/uk\/store\/theology\/el-momento-transcendental\/","url":"https:\/\/banneroftruth.org\/uk\/store\/theology\/el-momento-transcendental\/","name":"El Momento Transcendental - Banner of Truth UK","isPartOf":{"@id":"https:\/\/banneroftruth.org\/uk\/#website"},"primaryImageOfPage":{"@id":"https:\/\/banneroftruth.org\/uk\/store\/theology\/el-momento-transcendental\/#primaryimage"},"image":{"@id":"https:\/\/banneroftruth.org\/uk\/store\/theology\/el-momento-transcendental\/#primaryimage"},"thumbnailUrl":"https:\/\/banneroftruth.org\/uk\/wp-content\/uploads\/sites\/6\/2013\/01\/Momento_trascendental.jpg","datePublished":"2013-01-30T17:38:56+00:00","dateModified":"2020-05-14T15:32:52+00:00","breadcrumb":{"@id":"https:\/\/banneroftruth.org\/uk\/store\/theology\/el-momento-transcendental\/#breadcrumb"},"inLanguage":"en-GB","potentialAction":[{"@type":"ReadAction","target":["https:\/\/banneroftruth.org\/uk\/store\/theology\/el-momento-transcendental\/"]}]},{"@type":"ImageObject","inLanguage":"en-GB","@id":"https:\/\/banneroftruth.org\/uk\/store\/theology\/el-momento-transcendental\/#primaryimage","url":"https:\/\/banneroftruth.org\/uk\/wp-content\/uploads\/sites\/6\/2013\/01\/Momento_trascendental.jpg","contentUrl":"https:\/\/banneroftruth.org\/uk\/wp-content\/uploads\/sites\/6\/2013\/01\/Momento_trascendental.jpg","width":426,"height":682},{"@type":"BreadcrumbList","@id":"https:\/\/banneroftruth.org\/uk\/store\/theology\/el-momento-transcendental\/#breadcrumb","itemListElement":[{"@type":"ListItem","position":1,"name":"Home","item":"https:\/\/banneroftruth.org\/uk\/"},{"@type":"ListItem","position":2,"name":"Store","item":"https:\/\/banneroftruth.org\/uk\/store\/"},{"@type":"ListItem","position":3,"name":"El Momento Transcendental"}]},{"@type":"WebSite","@id":"https:\/\/banneroftruth.org\/uk\/#website","url":"https:\/\/banneroftruth.org\/uk\/","name":"Banner of Truth UK","description":"Christian Publisher of Reformed &amp; Puritan Books","publisher":{"@id":"https:\/\/banneroftruth.org\/uk\/#organization"},"potentialAction":[{"@type":"SearchAction","target":{"@type":"EntryPoint","urlTemplate":"https:\/\/banneroftruth.org\/uk\/?s={search_term_string}"},"query-input":{"@type":"PropertyValueSpecification","valueRequired":true,"valueName":"search_term_string"}}],"inLanguage":"en-GB"},{"@type":"Organization","@id":"https:\/\/banneroftruth.org\/uk\/#organization","name":"Banner of Truth UK","url":"https:\/\/banneroftruth.org\/uk\/","logo":{"@type":"ImageObject","inLanguage":"en-GB","@id":"https:\/\/banneroftruth.org\/uk\/#\/schema\/logo\/image\/","url":"https:\/\/banneroftruth.org\/uk\/wp-content\/uploads\/sites\/6\/2021\/04\/logo_and_text_Jun2015.png","contentUrl":"https:\/\/banneroftruth.org\/uk\/wp-content\/uploads\/sites\/6\/2021\/04\/logo_and_text_Jun2015.png","width":377,"height":132,"caption":"Banner of Truth UK"},"image":{"@id":"https:\/\/banneroftruth.org\/uk\/#\/schema\/logo\/image\/"},"sameAs":["https:\/\/www.facebook.com\/TheBannerofTruth","https:\/\/x.com\/Banneroftruth","https:\/\/www.instagram.com\/banneroftruth\/?hl=en"]}]},"product_price_amount":"4.50","product_price_currency":"GBP","og_availability":"instock","product_availability":"instock","product_retailer_item_id":"9781848710962","product_condition":"new"},"_links":{"self":[{"href":"https:\/\/banneroftruth.org\/uk\/wp-json\/wp\/v2\/product\/859","targetHints":{"allow":["GET"]}}],"collection":[{"href":"https:\/\/banneroftruth.org\/uk\/wp-json\/wp\/v2\/product"}],"about":[{"href":"https:\/\/banneroftruth.org\/uk\/wp-json\/wp\/v2\/types\/product"}],"replies":[{"embeddable":true,"href":"https:\/\/banneroftruth.org\/uk\/wp-json\/wp\/v2\/comments?post=859"}],"wp:featuredmedia":[{"embeddable":true,"href":"https:\/\/banneroftruth.org\/uk\/wp-json\/wp\/v2\/media\/9695"}],"wp:attachment":[{"href":"https:\/\/banneroftruth.org\/uk\/wp-json\/wp\/v2\/media?parent=859"}],"wp:term":[{"taxonomy":"product_brand","embeddable":true,"href":"https:\/\/banneroftruth.org\/uk\/wp-json\/wp\/v2\/product_brand?post=859"},{"taxonomy":"product_cat","embeddable":true,"href":"https:\/\/banneroftruth.org\/uk\/wp-json\/wp\/v2\/product_cat?post=859"},{"taxonomy":"product_tag","embeddable":true,"href":"https:\/\/banneroftruth.org\/uk\/wp-json\/wp\/v2\/product_tag?post=859"}],"curies":[{"name":"wp","href":"https:\/\/api.w.org\/{rel}","templated":true}]}}