{"id":867,"date":"2013-01-30T17:38:57","date_gmt":"2013-01-30T17:38:57","guid":{"rendered":"http:\/\/54.225.232.228\/us\/store\/uncategorized\/ii-corintios\/"},"modified":"2021-03-01T16:08:09","modified_gmt":"2021-03-01T16:08:09","slug":"ii-corintios","status":"publish","type":"product","link":"https:\/\/banneroftruth.org\/uk\/store\/commentaries\/ii-corintios\/","title":{"rendered":"Commentario II Corintios"},"content":{"rendered":"<h2>Book Description<\/h2>\n<p>No cabe duda que en los \u00faltimos a\u00f1os los avances en los estudios b\u00edblicos han producido una explosi\u00f3n de comentarios b\u00edblicos de alto nivel y de excelente calidad. Sin embargo, hay cl\u00e1sicos que se levantan erguidos sin que el tiempo los da\u00f1e. Este es precisamente el caso de los comentarios de Charles Hodge. De ellos B. B. Warfield escibi\u00f3: La percepci\u00f3n que el Dr. Hodge ten\u00eda del significado general de un pasaje era insuperable. Pose\u00eda todo el discernimiento de Calvino sobre la fluidez y conexi\u00f3n del pensamiento. . .Parec\u00eda como si analizara un pasaje, captara su sentido general y todas sus coordenadas teol\u00f3gicas, y presentara el resultado con frases dignas de un Bacon.<\/p>\n","protected":false},"excerpt":{"rendered":"<p>Book Description No cabe duda que en los \u00faltimos a\u00f1os los avances en los estudios b\u00edblicos han producido una explosi\u00f3n de comentarios b\u00edblicos de alto nivel y de excelente calidad. Sin embargo, hay cl\u00e1sicos que se levantan erguidos sin que el tiempo los da\u00f1e. Este es precisamente el caso de los comentarios de Charles Hodge. [&hellip;]<\/p>\n","protected":false},"featured_media":9820,"comment_status":"open","ping_status":"closed","template":"","meta":[],"product_brand":[],"product_cat":[1499],"product_tag":[],"class_list":{"0":"post-867","1":"product","2":"type-product","3":"status-publish","4":"has-post-thumbnail","6":"product_cat-commentaries","7":"pa_binding-paperback","8":"pa_class-sp","9":"pa_format-book","10":"pa_isbn-5040","11":"pa_language-spanish","12":"pa_page-count-1864","13":"pa_scripture-2-corinthians","14":"pa_subtitle-commentary-on-2-corinthians","15":"pa_theauthor-hodge-charles","17":"first","18":"instock","19":"purchasable","20":"product-type-simple"},"bundled_by":[],"bundle_stock_status":"instock","bundle_stock_quantity":null,"bundle_virtual":false,"bundle_layout":"","bundle_add_to_cart_form_location":"","bundle_editable_in_cart":false,"bundle_sold_individually_context":"","bundle_item_grouping":"","bundle_min_size":"","bundle_max_size":"","bundle_price":[],"bundled_items":[],"bundle_sell_ids":[],"yoast_head":"<!-- This site is optimized with the Yoast SEO Premium plugin v27.3 (Yoast SEO v27.3) - https:\/\/yoast.com\/product\/yoast-seo-premium-wordpress\/ -->\n<title>Commentario II Corintios - Banner of Truth UK<\/title>\n<meta name=\"robots\" content=\"index, follow, max-snippet:-1, max-image-preview:large, max-video-preview:-1\" \/>\n<link rel=\"canonical\" href=\"https:\/\/banneroftruth.org\/uk\/store\/commentaries\/ii-corintios\/\" \/>\n<meta property=\"og:locale\" content=\"en_GB\" \/>\n<meta property=\"og:type\" content=\"article\" \/>\n<meta property=\"og:title\" content=\"Commentario II Corintios\" \/>\n<meta property=\"og:description\" content=\"Book Description No cabe duda que en los \u00faltimos a\u00f1os los avances en los estudios b\u00edblicos han producido una explosi\u00f3n de comentarios b\u00edblicos de alto nivel y de excelente calidad. Sin embargo, hay cl\u00e1sicos que se levantan erguidos sin que el tiempo los da\u00f1e. Este es precisamente el caso de los comentarios de Charles Hodge. [&hellip;]\" \/>\n<meta property=\"og:url\" content=\"https:\/\/banneroftruth.org\/uk\/store\/commentaries\/ii-corintios\/\" \/>\n<meta property=\"og:site_name\" content=\"Banner of Truth UK\" \/>\n<meta property=\"article:publisher\" content=\"https:\/\/www.facebook.com\/TheBannerofTruth\" \/>\n<meta property=\"article:modified_time\" content=\"2021-03-01T16:08:09+00:00\" \/>\n<meta property=\"og:image\" content=\"https:\/\/banneroftruth.org\/uk\/wp-content\/uploads\/sites\/6\/2013\/01\/IICorintias_FINAL-scaled.jpg\" \/>\n\t<meta property=\"og:image:width\" content=\"1701\" \/>\n\t<meta property=\"og:image:height\" content=\"2560\" \/>\n\t<meta property=\"og:image:type\" content=\"image\/jpeg\" \/>\n<meta name=\"twitter:card\" content=\"summary_large_image\" \/>\n<meta name=\"twitter:site\" content=\"@Banneroftruth\" \/>\n<meta name=\"twitter:label1\" content=\"Price\" \/>\n\t<meta name=\"twitter:data1\" content=\"&pound;5.50\" \/>\n\t<meta name=\"twitter:label2\" content=\"Availability\" \/>\n\t<meta name=\"twitter:data2\" content=\"In stock\" \/>\n<script type=\"application\/ld+json\" class=\"yoast-schema-graph\">{\"@context\":\"https:\\\/\\\/schema.org\",\"@graph\":[{\"@type\":\"WebPage\",\"@id\":\"https:\\\/\\\/banneroftruth.org\\\/uk\\\/store\\\/commentaries\\\/ii-corintios\\\/\",\"url\":\"https:\\\/\\\/banneroftruth.org\\\/uk\\\/store\\\/commentaries\\\/ii-corintios\\\/\",\"name\":\"Commentario II Corintios - Banner of Truth UK\",\"isPartOf\":{\"@id\":\"https:\\\/\\\/banneroftruth.org\\\/uk\\\/#website\"},\"primaryImageOfPage\":{\"@id\":\"https:\\\/\\\/banneroftruth.org\\\/uk\\\/store\\\/commentaries\\\/ii-corintios\\\/#primaryimage\"},\"image\":{\"@id\":\"https:\\\/\\\/banneroftruth.org\\\/uk\\\/store\\\/commentaries\\\/ii-corintios\\\/#primaryimage\"},\"thumbnailUrl\":\"https:\\\/\\\/banneroftruth.org\\\/uk\\\/wp-content\\\/uploads\\\/sites\\\/6\\\/2013\\\/01\\\/IICorintias_FINAL-scaled.jpg\",\"datePublished\":\"2013-01-30T17:38:57+00:00\",\"dateModified\":\"2021-03-01T16:08:09+00:00\",\"breadcrumb\":{\"@id\":\"https:\\\/\\\/banneroftruth.org\\\/uk\\\/store\\\/commentaries\\\/ii-corintios\\\/#breadcrumb\"},\"inLanguage\":\"en-GB\",\"potentialAction\":[{\"@type\":\"ReadAction\",\"target\":[\"https:\\\/\\\/banneroftruth.org\\\/uk\\\/store\\\/commentaries\\\/ii-corintios\\\/\"]}]},{\"@type\":\"ImageObject\",\"inLanguage\":\"en-GB\",\"@id\":\"https:\\\/\\\/banneroftruth.org\\\/uk\\\/store\\\/commentaries\\\/ii-corintios\\\/#primaryimage\",\"url\":\"https:\\\/\\\/banneroftruth.org\\\/uk\\\/wp-content\\\/uploads\\\/sites\\\/6\\\/2013\\\/01\\\/IICorintias_FINAL-scaled.jpg\",\"contentUrl\":\"https:\\\/\\\/banneroftruth.org\\\/uk\\\/wp-content\\\/uploads\\\/sites\\\/6\\\/2013\\\/01\\\/IICorintias_FINAL-scaled.jpg\",\"width\":1701,\"height\":2560},{\"@type\":\"BreadcrumbList\",\"@id\":\"https:\\\/\\\/banneroftruth.org\\\/uk\\\/store\\\/commentaries\\\/ii-corintios\\\/#breadcrumb\",\"itemListElement\":[{\"@type\":\"ListItem\",\"position\":1,\"name\":\"Home\",\"item\":\"https:\\\/\\\/banneroftruth.org\\\/uk\\\/\"},{\"@type\":\"ListItem\",\"position\":2,\"name\":\"Store\",\"item\":\"https:\\\/\\\/banneroftruth.org\\\/uk\\\/store\\\/\"},{\"@type\":\"ListItem\",\"position\":3,\"name\":\"Commentario II Corintios\"}]},{\"@type\":\"WebSite\",\"@id\":\"https:\\\/\\\/banneroftruth.org\\\/uk\\\/#website\",\"url\":\"https:\\\/\\\/banneroftruth.org\\\/uk\\\/\",\"name\":\"Banner of Truth UK\",\"description\":\"Christian Publisher of Reformed &amp; Puritan Books\",\"publisher\":{\"@id\":\"https:\\\/\\\/banneroftruth.org\\\/uk\\\/#organization\"},\"potentialAction\":[{\"@type\":\"SearchAction\",\"target\":{\"@type\":\"EntryPoint\",\"urlTemplate\":\"https:\\\/\\\/banneroftruth.org\\\/uk\\\/?s={search_term_string}\"},\"query-input\":{\"@type\":\"PropertyValueSpecification\",\"valueRequired\":true,\"valueName\":\"search_term_string\"}}],\"inLanguage\":\"en-GB\"},{\"@type\":\"Organization\",\"@id\":\"https:\\\/\\\/banneroftruth.org\\\/uk\\\/#organization\",\"name\":\"Banner of Truth UK\",\"url\":\"https:\\\/\\\/banneroftruth.org\\\/uk\\\/\",\"logo\":{\"@type\":\"ImageObject\",\"inLanguage\":\"en-GB\",\"@id\":\"https:\\\/\\\/banneroftruth.org\\\/uk\\\/#\\\/schema\\\/logo\\\/image\\\/\",\"url\":\"https:\\\/\\\/banneroftruth.org\\\/uk\\\/wp-content\\\/uploads\\\/sites\\\/6\\\/2021\\\/04\\\/logo_and_text_Jun2015.png\",\"contentUrl\":\"https:\\\/\\\/banneroftruth.org\\\/uk\\\/wp-content\\\/uploads\\\/sites\\\/6\\\/2021\\\/04\\\/logo_and_text_Jun2015.png\",\"width\":377,\"height\":132,\"caption\":\"Banner of Truth UK\"},\"image\":{\"@id\":\"https:\\\/\\\/banneroftruth.org\\\/uk\\\/#\\\/schema\\\/logo\\\/image\\\/\"},\"sameAs\":[\"https:\\\/\\\/www.facebook.com\\\/TheBannerofTruth\",\"https:\\\/\\\/x.com\\\/Banneroftruth\",\"https:\\\/\\\/www.instagram.com\\\/banneroftruth\\\/?hl=en\"]}]}<\/script>\n<meta property=\"product:price:amount\" content=\"5.50\" \/>\n<meta property=\"product:price:currency\" content=\"GBP\" \/>\n<meta property=\"og:availability\" content=\"instock\" \/>\n<meta property=\"product:availability\" content=\"instock\" \/>\n<meta property=\"product:retailer_item_id\" content=\"9780851517841\" \/>\n<meta property=\"product:condition\" content=\"new\" \/>\n<!-- \/ Yoast SEO Premium plugin. -->","yoast_head_json":{"title":"Commentario II Corintios - Banner of Truth UK","robots":{"index":"index","follow":"follow","max-snippet":"max-snippet:-1","max-image-preview":"max-image-preview:large","max-video-preview":"max-video-preview:-1"},"canonical":"https:\/\/banneroftruth.org\/uk\/store\/commentaries\/ii-corintios\/","og_locale":"en_GB","og_type":"article","og_title":"Commentario II Corintios","og_description":"Book Description No cabe duda que en los \u00faltimos a\u00f1os los avances en los estudios b\u00edblicos han producido una explosi\u00f3n de comentarios b\u00edblicos de alto nivel y de excelente calidad. Sin embargo, hay cl\u00e1sicos que se levantan erguidos sin que el tiempo los da\u00f1e. Este es precisamente el caso de los comentarios de Charles Hodge. [&hellip;]","og_url":"https:\/\/banneroftruth.org\/uk\/store\/commentaries\/ii-corintios\/","og_site_name":"Banner of Truth UK","article_publisher":"https:\/\/www.facebook.com\/TheBannerofTruth","article_modified_time":"2021-03-01T16:08:09+00:00","og_image":[{"width":1701,"height":2560,"url":"https:\/\/banneroftruth.org\/uk\/wp-content\/uploads\/sites\/6\/2013\/01\/IICorintias_FINAL-scaled.jpg","type":"image\/jpeg"}],"twitter_card":"summary_large_image","twitter_site":"@Banneroftruth","twitter_misc":{"Price":"&pound;5.50","Availability":"In stock"},"schema":{"@context":"https:\/\/schema.org","@graph":[{"@type":"WebPage","@id":"https:\/\/banneroftruth.org\/uk\/store\/commentaries\/ii-corintios\/","url":"https:\/\/banneroftruth.org\/uk\/store\/commentaries\/ii-corintios\/","name":"Commentario II Corintios - Banner of Truth UK","isPartOf":{"@id":"https:\/\/banneroftruth.org\/uk\/#website"},"primaryImageOfPage":{"@id":"https:\/\/banneroftruth.org\/uk\/store\/commentaries\/ii-corintios\/#primaryimage"},"image":{"@id":"https:\/\/banneroftruth.org\/uk\/store\/commentaries\/ii-corintios\/#primaryimage"},"thumbnailUrl":"https:\/\/banneroftruth.org\/uk\/wp-content\/uploads\/sites\/6\/2013\/01\/IICorintias_FINAL-scaled.jpg","datePublished":"2013-01-30T17:38:57+00:00","dateModified":"2021-03-01T16:08:09+00:00","breadcrumb":{"@id":"https:\/\/banneroftruth.org\/uk\/store\/commentaries\/ii-corintios\/#breadcrumb"},"inLanguage":"en-GB","potentialAction":[{"@type":"ReadAction","target":["https:\/\/banneroftruth.org\/uk\/store\/commentaries\/ii-corintios\/"]}]},{"@type":"ImageObject","inLanguage":"en-GB","@id":"https:\/\/banneroftruth.org\/uk\/store\/commentaries\/ii-corintios\/#primaryimage","url":"https:\/\/banneroftruth.org\/uk\/wp-content\/uploads\/sites\/6\/2013\/01\/IICorintias_FINAL-scaled.jpg","contentUrl":"https:\/\/banneroftruth.org\/uk\/wp-content\/uploads\/sites\/6\/2013\/01\/IICorintias_FINAL-scaled.jpg","width":1701,"height":2560},{"@type":"BreadcrumbList","@id":"https:\/\/banneroftruth.org\/uk\/store\/commentaries\/ii-corintios\/#breadcrumb","itemListElement":[{"@type":"ListItem","position":1,"name":"Home","item":"https:\/\/banneroftruth.org\/uk\/"},{"@type":"ListItem","position":2,"name":"Store","item":"https:\/\/banneroftruth.org\/uk\/store\/"},{"@type":"ListItem","position":3,"name":"Commentario II Corintios"}]},{"@type":"WebSite","@id":"https:\/\/banneroftruth.org\/uk\/#website","url":"https:\/\/banneroftruth.org\/uk\/","name":"Banner of Truth UK","description":"Christian Publisher of Reformed &amp; Puritan Books","publisher":{"@id":"https:\/\/banneroftruth.org\/uk\/#organization"},"potentialAction":[{"@type":"SearchAction","target":{"@type":"EntryPoint","urlTemplate":"https:\/\/banneroftruth.org\/uk\/?s={search_term_string}"},"query-input":{"@type":"PropertyValueSpecification","valueRequired":true,"valueName":"search_term_string"}}],"inLanguage":"en-GB"},{"@type":"Organization","@id":"https:\/\/banneroftruth.org\/uk\/#organization","name":"Banner of Truth UK","url":"https:\/\/banneroftruth.org\/uk\/","logo":{"@type":"ImageObject","inLanguage":"en-GB","@id":"https:\/\/banneroftruth.org\/uk\/#\/schema\/logo\/image\/","url":"https:\/\/banneroftruth.org\/uk\/wp-content\/uploads\/sites\/6\/2021\/04\/logo_and_text_Jun2015.png","contentUrl":"https:\/\/banneroftruth.org\/uk\/wp-content\/uploads\/sites\/6\/2021\/04\/logo_and_text_Jun2015.png","width":377,"height":132,"caption":"Banner of Truth UK"},"image":{"@id":"https:\/\/banneroftruth.org\/uk\/#\/schema\/logo\/image\/"},"sameAs":["https:\/\/www.facebook.com\/TheBannerofTruth","https:\/\/x.com\/Banneroftruth","https:\/\/www.instagram.com\/banneroftruth\/?hl=en"]}]},"product_price_amount":"5.50","product_price_currency":"GBP","og_availability":"instock","product_availability":"instock","product_retailer_item_id":"9780851517841","product_condition":"new"},"_links":{"self":[{"href":"https:\/\/banneroftruth.org\/uk\/wp-json\/wp\/v2\/product\/867","targetHints":{"allow":["GET"]}}],"collection":[{"href":"https:\/\/banneroftruth.org\/uk\/wp-json\/wp\/v2\/product"}],"about":[{"href":"https:\/\/banneroftruth.org\/uk\/wp-json\/wp\/v2\/types\/product"}],"replies":[{"embeddable":true,"href":"https:\/\/banneroftruth.org\/uk\/wp-json\/wp\/v2\/comments?post=867"}],"wp:featuredmedia":[{"embeddable":true,"href":"https:\/\/banneroftruth.org\/uk\/wp-json\/wp\/v2\/media\/9820"}],"wp:attachment":[{"href":"https:\/\/banneroftruth.org\/uk\/wp-json\/wp\/v2\/media?parent=867"}],"wp:term":[{"taxonomy":"product_brand","embeddable":true,"href":"https:\/\/banneroftruth.org\/uk\/wp-json\/wp\/v2\/product_brand?post=867"},{"taxonomy":"product_cat","embeddable":true,"href":"https:\/\/banneroftruth.org\/uk\/wp-json\/wp\/v2\/product_cat?post=867"},{"taxonomy":"product_tag","embeddable":true,"href":"https:\/\/banneroftruth.org\/uk\/wp-json\/wp\/v2\/product_tag?post=867"}],"curies":[{"name":"wp","href":"https:\/\/api.w.org\/{rel}","templated":true}]}}