{"id":870,"date":"2013-01-30T17:38:00","date_gmt":"2013-01-30T17:38:00","guid":{"rendered":"http:\/\/54.225.232.228\/us\/store\/uncategorized\/la-gravedad-del-pecado-un-mensaje-vital-para-analizar-nuestro-estado-espiritual\/"},"modified":"2020-07-26T03:06:16","modified_gmt":"2020-07-26T02:06:16","slug":"la-gravedad-del-pecado-un-mensaje-vital-para-analizar-nuestro-estado-espiritual","status":"publish","type":"product","link":"https:\/\/banneroftruth.org\/uk\/store\/theology\/la-gravedad-del-pecado-un-mensaje-vital-para-analizar-nuestro-estado-espiritual\/","title":{"rendered":"La Gravedad del Pecado: Un mensaje vital para analizar nuestro estado espiritual"},"content":{"rendered":"<h2>Book Description<\/h2>\n<p>Este librito contiene un cap\u00edtuio de la obra El Serm\u00f3n del Monte, del mismo autor. En \u00e9l se toman en consideraci\u00f3n las distintas ideas populares en cuanto al pecado y la moralidad al tiempo que se prueba de forma clara y directa cu\u00e1l es el concepto biblico de estas cuestiones.<\/p>\n<p>Tomando como base de su estudio Mateo 5:27-30, el autor demuestra que el pecado no consiste meramente en una serie de actos externos ni tiene nada que ver con procesos evolutivos de la raza humana. Nos advierte del peligro de contundir los pecados con el pecado (los efectos con la causa) y nos hace ver que una mera moralidad externa no es la respuesta.<\/p>\n<p>En definitiva, un mensaje vital para todo aquel que tome en ser\u00edo su estado espiritual.<\/p>\n","protected":false},"excerpt":{"rendered":"<p>Book Description Este librito contiene un cap\u00edtuio de la obra El Serm\u00f3n del Monte, del mismo autor. En \u00e9l se toman en consideraci\u00f3n las distintas ideas populares en cuanto al pecado y la moralidad al tiempo que se prueba de forma clara y directa cu\u00e1l es el concepto biblico de estas cuestiones. Tomando como base [&hellip;]<\/p>\n","protected":false},"featured_media":9796,"comment_status":"open","ping_status":"closed","template":"","meta":[],"product_brand":[],"product_cat":[1270],"product_tag":[],"class_list":{"0":"post-870","1":"product","2":"type-product","3":"status-publish","4":"has-post-thumbnail","6":"product_cat-theology","7":"pa_binding-booklet","8":"pa_class-sp","9":"pa_format-booklet","10":"pa_isbn-5050","11":"pa_language-spanish","12":"pa_original-pub-date-2060","13":"pa_page-count-1265","14":"pa_recent-pub-date-mar-2-2009","15":"pa_recent-pub-date-year-6073","16":"pa_subtitle-gravity-of-sin-the","17":"pa_theauthor-lloyd-jones-d-martyn","18":"pa_topic-man-sin","20":"first","21":"instock","22":"purchasable","23":"product-type-simple"},"bundled_by":[],"bundle_stock_status":"instock","bundle_stock_quantity":null,"bundle_virtual":false,"bundle_layout":"","bundle_add_to_cart_form_location":"","bundle_editable_in_cart":false,"bundle_sold_individually_context":"","bundle_item_grouping":"","bundle_min_size":"","bundle_max_size":"","bundle_price":[],"bundled_items":[],"bundle_sell_ids":[],"yoast_head":"<!-- This site is optimized with the Yoast SEO Premium plugin v27.3 (Yoast SEO v27.3) - https:\/\/yoast.com\/product\/yoast-seo-premium-wordpress\/ -->\n<title>La Gravedad del Pecado: Un mensaje vital para analizar nuestro estado espiritual - Banner of Truth UK<\/title>\n<meta name=\"robots\" content=\"index, follow, max-snippet:-1, max-image-preview:large, max-video-preview:-1\" \/>\n<link rel=\"canonical\" href=\"https:\/\/banneroftruth.org\/uk\/store\/theology\/la-gravedad-del-pecado-un-mensaje-vital-para-analizar-nuestro-estado-espiritual\/\" \/>\n<meta property=\"og:locale\" content=\"en_GB\" \/>\n<meta property=\"og:type\" content=\"article\" \/>\n<meta property=\"og:title\" content=\"La Gravedad del Pecado: Un mensaje vital para analizar nuestro estado espiritual\" \/>\n<meta property=\"og:description\" content=\"Book Description Este librito contiene un cap\u00edtuio de la obra El Serm\u00f3n del Monte, del mismo autor. En \u00e9l se toman en consideraci\u00f3n las distintas ideas populares en cuanto al pecado y la moralidad al tiempo que se prueba de forma clara y directa cu\u00e1l es el concepto biblico de estas cuestiones. Tomando como base [&hellip;]\" \/>\n<meta property=\"og:url\" content=\"https:\/\/banneroftruth.org\/uk\/store\/theology\/la-gravedad-del-pecado-un-mensaje-vital-para-analizar-nuestro-estado-espiritual\/\" \/>\n<meta property=\"og:site_name\" content=\"Banner of Truth UK\" \/>\n<meta property=\"article:publisher\" content=\"https:\/\/www.facebook.com\/TheBannerofTruth\" \/>\n<meta property=\"article:modified_time\" content=\"2020-07-26T02:06:16+00:00\" \/>\n<meta property=\"og:image\" content=\"https:\/\/banneroftruth.org\/uk\/wp-content\/uploads\/sites\/6\/2013\/01\/GravedadDelPecado_FINAL.jpg\" \/>\n\t<meta property=\"og:image:width\" content=\"1475\" \/>\n\t<meta property=\"og:image:height\" content=\"2499\" \/>\n\t<meta property=\"og:image:type\" content=\"image\/jpeg\" \/>\n<meta name=\"twitter:card\" content=\"summary_large_image\" \/>\n<meta name=\"twitter:site\" content=\"@Banneroftruth\" \/>\n<meta name=\"twitter:label1\" content=\"Price\" \/>\n\t<meta name=\"twitter:data1\" content=\"&pound;1.50\" \/>\n\t<meta name=\"twitter:label2\" content=\"Availability\" \/>\n\t<meta name=\"twitter:data2\" content=\"In stock\" \/>\n<script type=\"application\/ld+json\" class=\"yoast-schema-graph\">{\"@context\":\"https:\\\/\\\/schema.org\",\"@graph\":[{\"@type\":\"WebPage\",\"@id\":\"https:\\\/\\\/banneroftruth.org\\\/uk\\\/store\\\/theology\\\/la-gravedad-del-pecado-un-mensaje-vital-para-analizar-nuestro-estado-espiritual\\\/\",\"url\":\"https:\\\/\\\/banneroftruth.org\\\/uk\\\/store\\\/theology\\\/la-gravedad-del-pecado-un-mensaje-vital-para-analizar-nuestro-estado-espiritual\\\/\",\"name\":\"La Gravedad del Pecado: Un mensaje vital para analizar nuestro estado espiritual - Banner of Truth UK\",\"isPartOf\":{\"@id\":\"https:\\\/\\\/banneroftruth.org\\\/uk\\\/#website\"},\"primaryImageOfPage\":{\"@id\":\"https:\\\/\\\/banneroftruth.org\\\/uk\\\/store\\\/theology\\\/la-gravedad-del-pecado-un-mensaje-vital-para-analizar-nuestro-estado-espiritual\\\/#primaryimage\"},\"image\":{\"@id\":\"https:\\\/\\\/banneroftruth.org\\\/uk\\\/store\\\/theology\\\/la-gravedad-del-pecado-un-mensaje-vital-para-analizar-nuestro-estado-espiritual\\\/#primaryimage\"},\"thumbnailUrl\":\"https:\\\/\\\/banneroftruth.org\\\/uk\\\/wp-content\\\/uploads\\\/sites\\\/6\\\/2013\\\/01\\\/GravedadDelPecado_FINAL.jpg\",\"datePublished\":\"2013-01-30T17:38:00+00:00\",\"dateModified\":\"2020-07-26T02:06:16+00:00\",\"breadcrumb\":{\"@id\":\"https:\\\/\\\/banneroftruth.org\\\/uk\\\/store\\\/theology\\\/la-gravedad-del-pecado-un-mensaje-vital-para-analizar-nuestro-estado-espiritual\\\/#breadcrumb\"},\"inLanguage\":\"en-GB\",\"potentialAction\":[{\"@type\":\"ReadAction\",\"target\":[\"https:\\\/\\\/banneroftruth.org\\\/uk\\\/store\\\/theology\\\/la-gravedad-del-pecado-un-mensaje-vital-para-analizar-nuestro-estado-espiritual\\\/\"]}]},{\"@type\":\"ImageObject\",\"inLanguage\":\"en-GB\",\"@id\":\"https:\\\/\\\/banneroftruth.org\\\/uk\\\/store\\\/theology\\\/la-gravedad-del-pecado-un-mensaje-vital-para-analizar-nuestro-estado-espiritual\\\/#primaryimage\",\"url\":\"https:\\\/\\\/banneroftruth.org\\\/uk\\\/wp-content\\\/uploads\\\/sites\\\/6\\\/2013\\\/01\\\/GravedadDelPecado_FINAL.jpg\",\"contentUrl\":\"https:\\\/\\\/banneroftruth.org\\\/uk\\\/wp-content\\\/uploads\\\/sites\\\/6\\\/2013\\\/01\\\/GravedadDelPecado_FINAL.jpg\",\"width\":1475,\"height\":2499},{\"@type\":\"BreadcrumbList\",\"@id\":\"https:\\\/\\\/banneroftruth.org\\\/uk\\\/store\\\/theology\\\/la-gravedad-del-pecado-un-mensaje-vital-para-analizar-nuestro-estado-espiritual\\\/#breadcrumb\",\"itemListElement\":[{\"@type\":\"ListItem\",\"position\":1,\"name\":\"Home\",\"item\":\"https:\\\/\\\/banneroftruth.org\\\/uk\\\/\"},{\"@type\":\"ListItem\",\"position\":2,\"name\":\"Store\",\"item\":\"https:\\\/\\\/banneroftruth.org\\\/uk\\\/store\\\/\"},{\"@type\":\"ListItem\",\"position\":3,\"name\":\"La Gravedad del Pecado: Un mensaje vital para analizar nuestro estado espiritual\"}]},{\"@type\":\"WebSite\",\"@id\":\"https:\\\/\\\/banneroftruth.org\\\/uk\\\/#website\",\"url\":\"https:\\\/\\\/banneroftruth.org\\\/uk\\\/\",\"name\":\"Banner of Truth UK\",\"description\":\"Christian Publisher of Reformed &amp; Puritan Books\",\"publisher\":{\"@id\":\"https:\\\/\\\/banneroftruth.org\\\/uk\\\/#organization\"},\"potentialAction\":[{\"@type\":\"SearchAction\",\"target\":{\"@type\":\"EntryPoint\",\"urlTemplate\":\"https:\\\/\\\/banneroftruth.org\\\/uk\\\/?s={search_term_string}\"},\"query-input\":{\"@type\":\"PropertyValueSpecification\",\"valueRequired\":true,\"valueName\":\"search_term_string\"}}],\"inLanguage\":\"en-GB\"},{\"@type\":\"Organization\",\"@id\":\"https:\\\/\\\/banneroftruth.org\\\/uk\\\/#organization\",\"name\":\"Banner of Truth UK\",\"url\":\"https:\\\/\\\/banneroftruth.org\\\/uk\\\/\",\"logo\":{\"@type\":\"ImageObject\",\"inLanguage\":\"en-GB\",\"@id\":\"https:\\\/\\\/banneroftruth.org\\\/uk\\\/#\\\/schema\\\/logo\\\/image\\\/\",\"url\":\"https:\\\/\\\/banneroftruth.org\\\/uk\\\/wp-content\\\/uploads\\\/sites\\\/6\\\/2021\\\/04\\\/logo_and_text_Jun2015.png\",\"contentUrl\":\"https:\\\/\\\/banneroftruth.org\\\/uk\\\/wp-content\\\/uploads\\\/sites\\\/6\\\/2021\\\/04\\\/logo_and_text_Jun2015.png\",\"width\":377,\"height\":132,\"caption\":\"Banner of Truth UK\"},\"image\":{\"@id\":\"https:\\\/\\\/banneroftruth.org\\\/uk\\\/#\\\/schema\\\/logo\\\/image\\\/\"},\"sameAs\":[\"https:\\\/\\\/www.facebook.com\\\/TheBannerofTruth\",\"https:\\\/\\\/x.com\\\/Banneroftruth\",\"https:\\\/\\\/www.instagram.com\\\/banneroftruth\\\/?hl=en\"]}]}<\/script>\n<meta property=\"product:price:amount\" content=\"1.50\" \/>\n<meta property=\"product:price:currency\" content=\"GBP\" \/>\n<meta property=\"og:availability\" content=\"instock\" \/>\n<meta property=\"product:availability\" content=\"instock\" \/>\n<meta property=\"product:retailer_item_id\" content=\"9781848710009\" \/>\n<meta property=\"product:condition\" content=\"new\" \/>\n<!-- \/ Yoast SEO Premium plugin. -->","yoast_head_json":{"title":"La Gravedad del Pecado: Un mensaje vital para analizar nuestro estado espiritual - Banner of Truth UK","robots":{"index":"index","follow":"follow","max-snippet":"max-snippet:-1","max-image-preview":"max-image-preview:large","max-video-preview":"max-video-preview:-1"},"canonical":"https:\/\/banneroftruth.org\/uk\/store\/theology\/la-gravedad-del-pecado-un-mensaje-vital-para-analizar-nuestro-estado-espiritual\/","og_locale":"en_GB","og_type":"article","og_title":"La Gravedad del Pecado: Un mensaje vital para analizar nuestro estado espiritual","og_description":"Book Description Este librito contiene un cap\u00edtuio de la obra El Serm\u00f3n del Monte, del mismo autor. En \u00e9l se toman en consideraci\u00f3n las distintas ideas populares en cuanto al pecado y la moralidad al tiempo que se prueba de forma clara y directa cu\u00e1l es el concepto biblico de estas cuestiones. Tomando como base [&hellip;]","og_url":"https:\/\/banneroftruth.org\/uk\/store\/theology\/la-gravedad-del-pecado-un-mensaje-vital-para-analizar-nuestro-estado-espiritual\/","og_site_name":"Banner of Truth UK","article_publisher":"https:\/\/www.facebook.com\/TheBannerofTruth","article_modified_time":"2020-07-26T02:06:16+00:00","og_image":[{"width":1475,"height":2499,"url":"https:\/\/banneroftruth.org\/uk\/wp-content\/uploads\/sites\/6\/2013\/01\/GravedadDelPecado_FINAL.jpg","type":"image\/jpeg"}],"twitter_card":"summary_large_image","twitter_site":"@Banneroftruth","twitter_misc":{"Price":"&pound;1.50","Availability":"In stock"},"schema":{"@context":"https:\/\/schema.org","@graph":[{"@type":"WebPage","@id":"https:\/\/banneroftruth.org\/uk\/store\/theology\/la-gravedad-del-pecado-un-mensaje-vital-para-analizar-nuestro-estado-espiritual\/","url":"https:\/\/banneroftruth.org\/uk\/store\/theology\/la-gravedad-del-pecado-un-mensaje-vital-para-analizar-nuestro-estado-espiritual\/","name":"La Gravedad del Pecado: Un mensaje vital para analizar nuestro estado espiritual - Banner of Truth UK","isPartOf":{"@id":"https:\/\/banneroftruth.org\/uk\/#website"},"primaryImageOfPage":{"@id":"https:\/\/banneroftruth.org\/uk\/store\/theology\/la-gravedad-del-pecado-un-mensaje-vital-para-analizar-nuestro-estado-espiritual\/#primaryimage"},"image":{"@id":"https:\/\/banneroftruth.org\/uk\/store\/theology\/la-gravedad-del-pecado-un-mensaje-vital-para-analizar-nuestro-estado-espiritual\/#primaryimage"},"thumbnailUrl":"https:\/\/banneroftruth.org\/uk\/wp-content\/uploads\/sites\/6\/2013\/01\/GravedadDelPecado_FINAL.jpg","datePublished":"2013-01-30T17:38:00+00:00","dateModified":"2020-07-26T02:06:16+00:00","breadcrumb":{"@id":"https:\/\/banneroftruth.org\/uk\/store\/theology\/la-gravedad-del-pecado-un-mensaje-vital-para-analizar-nuestro-estado-espiritual\/#breadcrumb"},"inLanguage":"en-GB","potentialAction":[{"@type":"ReadAction","target":["https:\/\/banneroftruth.org\/uk\/store\/theology\/la-gravedad-del-pecado-un-mensaje-vital-para-analizar-nuestro-estado-espiritual\/"]}]},{"@type":"ImageObject","inLanguage":"en-GB","@id":"https:\/\/banneroftruth.org\/uk\/store\/theology\/la-gravedad-del-pecado-un-mensaje-vital-para-analizar-nuestro-estado-espiritual\/#primaryimage","url":"https:\/\/banneroftruth.org\/uk\/wp-content\/uploads\/sites\/6\/2013\/01\/GravedadDelPecado_FINAL.jpg","contentUrl":"https:\/\/banneroftruth.org\/uk\/wp-content\/uploads\/sites\/6\/2013\/01\/GravedadDelPecado_FINAL.jpg","width":1475,"height":2499},{"@type":"BreadcrumbList","@id":"https:\/\/banneroftruth.org\/uk\/store\/theology\/la-gravedad-del-pecado-un-mensaje-vital-para-analizar-nuestro-estado-espiritual\/#breadcrumb","itemListElement":[{"@type":"ListItem","position":1,"name":"Home","item":"https:\/\/banneroftruth.org\/uk\/"},{"@type":"ListItem","position":2,"name":"Store","item":"https:\/\/banneroftruth.org\/uk\/store\/"},{"@type":"ListItem","position":3,"name":"La Gravedad del Pecado: Un mensaje vital para analizar nuestro estado espiritual"}]},{"@type":"WebSite","@id":"https:\/\/banneroftruth.org\/uk\/#website","url":"https:\/\/banneroftruth.org\/uk\/","name":"Banner of Truth UK","description":"Christian Publisher of Reformed &amp; Puritan Books","publisher":{"@id":"https:\/\/banneroftruth.org\/uk\/#organization"},"potentialAction":[{"@type":"SearchAction","target":{"@type":"EntryPoint","urlTemplate":"https:\/\/banneroftruth.org\/uk\/?s={search_term_string}"},"query-input":{"@type":"PropertyValueSpecification","valueRequired":true,"valueName":"search_term_string"}}],"inLanguage":"en-GB"},{"@type":"Organization","@id":"https:\/\/banneroftruth.org\/uk\/#organization","name":"Banner of Truth UK","url":"https:\/\/banneroftruth.org\/uk\/","logo":{"@type":"ImageObject","inLanguage":"en-GB","@id":"https:\/\/banneroftruth.org\/uk\/#\/schema\/logo\/image\/","url":"https:\/\/banneroftruth.org\/uk\/wp-content\/uploads\/sites\/6\/2021\/04\/logo_and_text_Jun2015.png","contentUrl":"https:\/\/banneroftruth.org\/uk\/wp-content\/uploads\/sites\/6\/2021\/04\/logo_and_text_Jun2015.png","width":377,"height":132,"caption":"Banner of Truth UK"},"image":{"@id":"https:\/\/banneroftruth.org\/uk\/#\/schema\/logo\/image\/"},"sameAs":["https:\/\/www.facebook.com\/TheBannerofTruth","https:\/\/x.com\/Banneroftruth","https:\/\/www.instagram.com\/banneroftruth\/?hl=en"]}]},"product_price_amount":"1.50","product_price_currency":"GBP","og_availability":"instock","product_availability":"instock","product_retailer_item_id":"9781848710009","product_condition":"new"},"_links":{"self":[{"href":"https:\/\/banneroftruth.org\/uk\/wp-json\/wp\/v2\/product\/870","targetHints":{"allow":["GET"]}}],"collection":[{"href":"https:\/\/banneroftruth.org\/uk\/wp-json\/wp\/v2\/product"}],"about":[{"href":"https:\/\/banneroftruth.org\/uk\/wp-json\/wp\/v2\/types\/product"}],"replies":[{"embeddable":true,"href":"https:\/\/banneroftruth.org\/uk\/wp-json\/wp\/v2\/comments?post=870"}],"wp:featuredmedia":[{"embeddable":true,"href":"https:\/\/banneroftruth.org\/uk\/wp-json\/wp\/v2\/media\/9796"}],"wp:attachment":[{"href":"https:\/\/banneroftruth.org\/uk\/wp-json\/wp\/v2\/media?parent=870"}],"wp:term":[{"taxonomy":"product_brand","embeddable":true,"href":"https:\/\/banneroftruth.org\/uk\/wp-json\/wp\/v2\/product_brand?post=870"},{"taxonomy":"product_cat","embeddable":true,"href":"https:\/\/banneroftruth.org\/uk\/wp-json\/wp\/v2\/product_cat?post=870"},{"taxonomy":"product_tag","embeddable":true,"href":"https:\/\/banneroftruth.org\/uk\/wp-json\/wp\/v2\/product_tag?post=870"}],"curies":[{"name":"wp","href":"https:\/\/api.w.org\/{rel}","templated":true}]}}