{"id":873,"date":"2013-01-30T17:38:58","date_gmt":"2013-01-30T17:38:58","guid":{"rendered":"http:\/\/54.225.232.228\/us\/store\/uncategorized\/la-santidad-el-llamamiento-de-dios-a-la-santificacin\/"},"modified":"2022-07-18T10:38:01","modified_gmt":"2022-07-18T09:38:01","slug":"la-santidad-el-llamamiento-de-dios-a-la-santificacin","status":"publish","type":"product","link":"https:\/\/banneroftruth.org\/uk\/store\/christian-living\/la-santidad-el-llamamiento-de-dios-a-la-santificacin\/","title":{"rendered":"La Santidad- El llamamiento de Dios a la santificaci\u00f3n"},"content":{"rendered":"<h2>Book Description<\/h2>\n<p>Tenemos aqu\u00ed un tratado de f\u00e1cil lectura y enfoque moderno de una de las ense\u00f1anzas m\u00e1s importantes de la Escritura. La santidad es primordialmente una cuesti\u00f3n de relaci\u00f3n, y su poder radica esencialmente en el Esp\u00edritu Santo que habita en el creyente. Su fruto es de suprema importancia para el progreso del verdadero cristianismo. Con una simplicidad que refleja el modelo b\u00edblico, el Dr. Beeke nos proporciona un destacado resumen de esta doctrina b\u00edblica, con una presentaci\u00f3n v\u00e1lida para lectores de todas las edades.<\/p>\n","protected":false},"excerpt":{"rendered":"<p>Book Description Tenemos aqu\u00ed un tratado de f\u00e1cil lectura y enfoque moderno de una de las ense\u00f1anzas m\u00e1s importantes de la Escritura. La santidad es primordialmente una cuesti\u00f3n de relaci\u00f3n, y su poder radica esencialmente en el Esp\u00edritu Santo que habita en el creyente. Su fruto es de suprema importancia para el progreso del verdadero [&hellip;]<\/p>\n","protected":false},"featured_media":9821,"comment_status":"open","ping_status":"closed","template":"","meta":[],"product_brand":[],"product_cat":[1249],"product_tag":[],"class_list":{"0":"post-873","1":"product","2":"type-product","3":"status-publish","4":"has-post-thumbnail","6":"product_cat-christian-living","7":"pa_binding-booklet","8":"pa_class-sp","9":"pa_format-book","10":"pa_isbn-5054","11":"pa_language-spanish","12":"pa_page-count-1278","13":"pa_subtitle-holiness-2","14":"pa_theauthor-beeke-joel","15":"pa_topic-salvation","16":"pa_topic-sanctification","18":"first","19":"outofstock","20":"purchasable","21":"product-type-simple"},"bundled_by":[],"bundle_stock_status":"outofstock","bundle_stock_quantity":null,"bundle_virtual":false,"bundle_layout":"","bundle_add_to_cart_form_location":"","bundle_editable_in_cart":false,"bundle_sold_individually_context":"","bundle_item_grouping":"","bundle_min_size":"","bundle_max_size":"","bundle_price":[],"bundled_items":[],"bundle_sell_ids":[],"yoast_head":"<!-- This site is optimized with the Yoast SEO Premium plugin v27.3 (Yoast SEO v27.3) - https:\/\/yoast.com\/product\/yoast-seo-premium-wordpress\/ -->\n<title>La Santidad- El llamamiento de Dios a la santificaci\u00f3n - Banner of Truth UK<\/title>\n<meta name=\"robots\" content=\"index, follow, max-snippet:-1, max-image-preview:large, max-video-preview:-1\" \/>\n<link rel=\"canonical\" href=\"https:\/\/banneroftruth.org\/uk\/store\/christian-living\/la-santidad-el-llamamiento-de-dios-a-la-santificacin\/\" \/>\n<meta property=\"og:locale\" content=\"en_GB\" \/>\n<meta property=\"og:type\" content=\"article\" \/>\n<meta property=\"og:title\" content=\"La Santidad- El llamamiento de Dios a la santificaci\u00f3n\" \/>\n<meta property=\"og:description\" content=\"Book Description Tenemos aqu\u00ed un tratado de f\u00e1cil lectura y enfoque moderno de una de las ense\u00f1anzas m\u00e1s importantes de la Escritura. La santidad es primordialmente una cuesti\u00f3n de relaci\u00f3n, y su poder radica esencialmente en el Esp\u00edritu Santo que habita en el creyente. Su fruto es de suprema importancia para el progreso del verdadero [&hellip;]\" \/>\n<meta property=\"og:url\" content=\"https:\/\/banneroftruth.org\/uk\/store\/christian-living\/la-santidad-el-llamamiento-de-dios-a-la-santificacin\/\" \/>\n<meta property=\"og:site_name\" content=\"Banner of Truth UK\" \/>\n<meta property=\"article:publisher\" content=\"https:\/\/www.facebook.com\/TheBannerofTruth\" \/>\n<meta property=\"article:modified_time\" content=\"2022-07-18T09:38:01+00:00\" \/>\n<meta property=\"og:image\" content=\"https:\/\/banneroftruth.org\/uk\/wp-content\/uploads\/sites\/6\/2013\/01\/Santidad_FINAL.jpg\" \/>\n\t<meta property=\"og:image:width\" content=\"1525\" \/>\n\t<meta property=\"og:image:height\" content=\"2211\" \/>\n\t<meta property=\"og:image:type\" content=\"image\/jpeg\" \/>\n<meta name=\"twitter:card\" content=\"summary_large_image\" \/>\n<meta name=\"twitter:site\" content=\"@Banneroftruth\" \/>\n<meta name=\"twitter:label1\" content=\"Price\" \/>\n\t<meta name=\"twitter:data1\" content=\"&pound;1.50\" \/>\n\t<meta name=\"twitter:label2\" content=\"Availability\" \/>\n\t<meta name=\"twitter:data2\" content=\"Out of stock\" \/>\n<script type=\"application\/ld+json\" class=\"yoast-schema-graph\">{\"@context\":\"https:\\\/\\\/schema.org\",\"@graph\":[{\"@type\":\"WebPage\",\"@id\":\"https:\\\/\\\/banneroftruth.org\\\/uk\\\/store\\\/christian-living\\\/la-santidad-el-llamamiento-de-dios-a-la-santificacin\\\/\",\"url\":\"https:\\\/\\\/banneroftruth.org\\\/uk\\\/store\\\/christian-living\\\/la-santidad-el-llamamiento-de-dios-a-la-santificacin\\\/\",\"name\":\"La Santidad- El llamamiento de Dios a la santificaci\u00f3n - Banner of Truth UK\",\"isPartOf\":{\"@id\":\"https:\\\/\\\/banneroftruth.org\\\/uk\\\/#website\"},\"primaryImageOfPage\":{\"@id\":\"https:\\\/\\\/banneroftruth.org\\\/uk\\\/store\\\/christian-living\\\/la-santidad-el-llamamiento-de-dios-a-la-santificacin\\\/#primaryimage\"},\"image\":{\"@id\":\"https:\\\/\\\/banneroftruth.org\\\/uk\\\/store\\\/christian-living\\\/la-santidad-el-llamamiento-de-dios-a-la-santificacin\\\/#primaryimage\"},\"thumbnailUrl\":\"https:\\\/\\\/banneroftruth.org\\\/uk\\\/wp-content\\\/uploads\\\/sites\\\/6\\\/2013\\\/01\\\/Santidad_FINAL.jpg\",\"datePublished\":\"2013-01-30T17:38:58+00:00\",\"dateModified\":\"2022-07-18T09:38:01+00:00\",\"breadcrumb\":{\"@id\":\"https:\\\/\\\/banneroftruth.org\\\/uk\\\/store\\\/christian-living\\\/la-santidad-el-llamamiento-de-dios-a-la-santificacin\\\/#breadcrumb\"},\"inLanguage\":\"en-GB\",\"potentialAction\":[{\"@type\":\"ReadAction\",\"target\":[\"https:\\\/\\\/banneroftruth.org\\\/uk\\\/store\\\/christian-living\\\/la-santidad-el-llamamiento-de-dios-a-la-santificacin\\\/\"]}]},{\"@type\":\"ImageObject\",\"inLanguage\":\"en-GB\",\"@id\":\"https:\\\/\\\/banneroftruth.org\\\/uk\\\/store\\\/christian-living\\\/la-santidad-el-llamamiento-de-dios-a-la-santificacin\\\/#primaryimage\",\"url\":\"https:\\\/\\\/banneroftruth.org\\\/uk\\\/wp-content\\\/uploads\\\/sites\\\/6\\\/2013\\\/01\\\/Santidad_FINAL.jpg\",\"contentUrl\":\"https:\\\/\\\/banneroftruth.org\\\/uk\\\/wp-content\\\/uploads\\\/sites\\\/6\\\/2013\\\/01\\\/Santidad_FINAL.jpg\",\"width\":1525,\"height\":2211},{\"@type\":\"BreadcrumbList\",\"@id\":\"https:\\\/\\\/banneroftruth.org\\\/uk\\\/store\\\/christian-living\\\/la-santidad-el-llamamiento-de-dios-a-la-santificacin\\\/#breadcrumb\",\"itemListElement\":[{\"@type\":\"ListItem\",\"position\":1,\"name\":\"Home\",\"item\":\"https:\\\/\\\/banneroftruth.org\\\/uk\\\/\"},{\"@type\":\"ListItem\",\"position\":2,\"name\":\"Store\",\"item\":\"https:\\\/\\\/banneroftruth.org\\\/uk\\\/store\\\/\"},{\"@type\":\"ListItem\",\"position\":3,\"name\":\"La Santidad- El llamamiento de Dios a la santificaci\u00f3n\"}]},{\"@type\":\"WebSite\",\"@id\":\"https:\\\/\\\/banneroftruth.org\\\/uk\\\/#website\",\"url\":\"https:\\\/\\\/banneroftruth.org\\\/uk\\\/\",\"name\":\"Banner of Truth UK\",\"description\":\"Christian Publisher of Reformed &amp; Puritan Books\",\"publisher\":{\"@id\":\"https:\\\/\\\/banneroftruth.org\\\/uk\\\/#organization\"},\"potentialAction\":[{\"@type\":\"SearchAction\",\"target\":{\"@type\":\"EntryPoint\",\"urlTemplate\":\"https:\\\/\\\/banneroftruth.org\\\/uk\\\/?s={search_term_string}\"},\"query-input\":{\"@type\":\"PropertyValueSpecification\",\"valueRequired\":true,\"valueName\":\"search_term_string\"}}],\"inLanguage\":\"en-GB\"},{\"@type\":\"Organization\",\"@id\":\"https:\\\/\\\/banneroftruth.org\\\/uk\\\/#organization\",\"name\":\"Banner of Truth UK\",\"url\":\"https:\\\/\\\/banneroftruth.org\\\/uk\\\/\",\"logo\":{\"@type\":\"ImageObject\",\"inLanguage\":\"en-GB\",\"@id\":\"https:\\\/\\\/banneroftruth.org\\\/uk\\\/#\\\/schema\\\/logo\\\/image\\\/\",\"url\":\"https:\\\/\\\/banneroftruth.org\\\/uk\\\/wp-content\\\/uploads\\\/sites\\\/6\\\/2021\\\/04\\\/logo_and_text_Jun2015.png\",\"contentUrl\":\"https:\\\/\\\/banneroftruth.org\\\/uk\\\/wp-content\\\/uploads\\\/sites\\\/6\\\/2021\\\/04\\\/logo_and_text_Jun2015.png\",\"width\":377,\"height\":132,\"caption\":\"Banner of Truth UK\"},\"image\":{\"@id\":\"https:\\\/\\\/banneroftruth.org\\\/uk\\\/#\\\/schema\\\/logo\\\/image\\\/\"},\"sameAs\":[\"https:\\\/\\\/www.facebook.com\\\/TheBannerofTruth\",\"https:\\\/\\\/x.com\\\/Banneroftruth\",\"https:\\\/\\\/www.instagram.com\\\/banneroftruth\\\/?hl=en\"]}]}<\/script>\n<meta property=\"product:price:amount\" content=\"1.50\" \/>\n<meta property=\"product:price:currency\" content=\"GBP\" \/>\n<meta property=\"og:availability\" content=\"out of stock\" \/>\n<meta property=\"product:availability\" content=\"out of stock\" \/>\n<meta property=\"product:retailer_item_id\" content=\"9780851517865\" \/>\n<meta property=\"product:condition\" content=\"new\" \/>\n<!-- \/ Yoast SEO Premium plugin. -->","yoast_head_json":{"title":"La Santidad- El llamamiento de Dios a la santificaci\u00f3n - Banner of Truth UK","robots":{"index":"index","follow":"follow","max-snippet":"max-snippet:-1","max-image-preview":"max-image-preview:large","max-video-preview":"max-video-preview:-1"},"canonical":"https:\/\/banneroftruth.org\/uk\/store\/christian-living\/la-santidad-el-llamamiento-de-dios-a-la-santificacin\/","og_locale":"en_GB","og_type":"article","og_title":"La Santidad- El llamamiento de Dios a la santificaci\u00f3n","og_description":"Book Description Tenemos aqu\u00ed un tratado de f\u00e1cil lectura y enfoque moderno de una de las ense\u00f1anzas m\u00e1s importantes de la Escritura. La santidad es primordialmente una cuesti\u00f3n de relaci\u00f3n, y su poder radica esencialmente en el Esp\u00edritu Santo que habita en el creyente. Su fruto es de suprema importancia para el progreso del verdadero [&hellip;]","og_url":"https:\/\/banneroftruth.org\/uk\/store\/christian-living\/la-santidad-el-llamamiento-de-dios-a-la-santificacin\/","og_site_name":"Banner of Truth UK","article_publisher":"https:\/\/www.facebook.com\/TheBannerofTruth","article_modified_time":"2022-07-18T09:38:01+00:00","og_image":[{"width":1525,"height":2211,"url":"https:\/\/banneroftruth.org\/uk\/wp-content\/uploads\/sites\/6\/2013\/01\/Santidad_FINAL.jpg","type":"image\/jpeg"}],"twitter_card":"summary_large_image","twitter_site":"@Banneroftruth","twitter_misc":{"Price":"&pound;1.50","Availability":"Out of stock"},"schema":{"@context":"https:\/\/schema.org","@graph":[{"@type":"WebPage","@id":"https:\/\/banneroftruth.org\/uk\/store\/christian-living\/la-santidad-el-llamamiento-de-dios-a-la-santificacin\/","url":"https:\/\/banneroftruth.org\/uk\/store\/christian-living\/la-santidad-el-llamamiento-de-dios-a-la-santificacin\/","name":"La Santidad- El llamamiento de Dios a la santificaci\u00f3n - Banner of Truth UK","isPartOf":{"@id":"https:\/\/banneroftruth.org\/uk\/#website"},"primaryImageOfPage":{"@id":"https:\/\/banneroftruth.org\/uk\/store\/christian-living\/la-santidad-el-llamamiento-de-dios-a-la-santificacin\/#primaryimage"},"image":{"@id":"https:\/\/banneroftruth.org\/uk\/store\/christian-living\/la-santidad-el-llamamiento-de-dios-a-la-santificacin\/#primaryimage"},"thumbnailUrl":"https:\/\/banneroftruth.org\/uk\/wp-content\/uploads\/sites\/6\/2013\/01\/Santidad_FINAL.jpg","datePublished":"2013-01-30T17:38:58+00:00","dateModified":"2022-07-18T09:38:01+00:00","breadcrumb":{"@id":"https:\/\/banneroftruth.org\/uk\/store\/christian-living\/la-santidad-el-llamamiento-de-dios-a-la-santificacin\/#breadcrumb"},"inLanguage":"en-GB","potentialAction":[{"@type":"ReadAction","target":["https:\/\/banneroftruth.org\/uk\/store\/christian-living\/la-santidad-el-llamamiento-de-dios-a-la-santificacin\/"]}]},{"@type":"ImageObject","inLanguage":"en-GB","@id":"https:\/\/banneroftruth.org\/uk\/store\/christian-living\/la-santidad-el-llamamiento-de-dios-a-la-santificacin\/#primaryimage","url":"https:\/\/banneroftruth.org\/uk\/wp-content\/uploads\/sites\/6\/2013\/01\/Santidad_FINAL.jpg","contentUrl":"https:\/\/banneroftruth.org\/uk\/wp-content\/uploads\/sites\/6\/2013\/01\/Santidad_FINAL.jpg","width":1525,"height":2211},{"@type":"BreadcrumbList","@id":"https:\/\/banneroftruth.org\/uk\/store\/christian-living\/la-santidad-el-llamamiento-de-dios-a-la-santificacin\/#breadcrumb","itemListElement":[{"@type":"ListItem","position":1,"name":"Home","item":"https:\/\/banneroftruth.org\/uk\/"},{"@type":"ListItem","position":2,"name":"Store","item":"https:\/\/banneroftruth.org\/uk\/store\/"},{"@type":"ListItem","position":3,"name":"La Santidad- El llamamiento de Dios a la santificaci\u00f3n"}]},{"@type":"WebSite","@id":"https:\/\/banneroftruth.org\/uk\/#website","url":"https:\/\/banneroftruth.org\/uk\/","name":"Banner of Truth UK","description":"Christian Publisher of Reformed &amp; Puritan Books","publisher":{"@id":"https:\/\/banneroftruth.org\/uk\/#organization"},"potentialAction":[{"@type":"SearchAction","target":{"@type":"EntryPoint","urlTemplate":"https:\/\/banneroftruth.org\/uk\/?s={search_term_string}"},"query-input":{"@type":"PropertyValueSpecification","valueRequired":true,"valueName":"search_term_string"}}],"inLanguage":"en-GB"},{"@type":"Organization","@id":"https:\/\/banneroftruth.org\/uk\/#organization","name":"Banner of Truth UK","url":"https:\/\/banneroftruth.org\/uk\/","logo":{"@type":"ImageObject","inLanguage":"en-GB","@id":"https:\/\/banneroftruth.org\/uk\/#\/schema\/logo\/image\/","url":"https:\/\/banneroftruth.org\/uk\/wp-content\/uploads\/sites\/6\/2021\/04\/logo_and_text_Jun2015.png","contentUrl":"https:\/\/banneroftruth.org\/uk\/wp-content\/uploads\/sites\/6\/2021\/04\/logo_and_text_Jun2015.png","width":377,"height":132,"caption":"Banner of Truth UK"},"image":{"@id":"https:\/\/banneroftruth.org\/uk\/#\/schema\/logo\/image\/"},"sameAs":["https:\/\/www.facebook.com\/TheBannerofTruth","https:\/\/x.com\/Banneroftruth","https:\/\/www.instagram.com\/banneroftruth\/?hl=en"]}]},"product_price_amount":"1.50","product_price_currency":"GBP","og_availability":"out of stock","product_availability":"out of stock","product_retailer_item_id":"9780851517865","product_condition":"new"},"_links":{"self":[{"href":"https:\/\/banneroftruth.org\/uk\/wp-json\/wp\/v2\/product\/873","targetHints":{"allow":["GET"]}}],"collection":[{"href":"https:\/\/banneroftruth.org\/uk\/wp-json\/wp\/v2\/product"}],"about":[{"href":"https:\/\/banneroftruth.org\/uk\/wp-json\/wp\/v2\/types\/product"}],"replies":[{"embeddable":true,"href":"https:\/\/banneroftruth.org\/uk\/wp-json\/wp\/v2\/comments?post=873"}],"wp:featuredmedia":[{"embeddable":true,"href":"https:\/\/banneroftruth.org\/uk\/wp-json\/wp\/v2\/media\/9821"}],"wp:attachment":[{"href":"https:\/\/banneroftruth.org\/uk\/wp-json\/wp\/v2\/media?parent=873"}],"wp:term":[{"taxonomy":"product_brand","embeddable":true,"href":"https:\/\/banneroftruth.org\/uk\/wp-json\/wp\/v2\/product_brand?post=873"},{"taxonomy":"product_cat","embeddable":true,"href":"https:\/\/banneroftruth.org\/uk\/wp-json\/wp\/v2\/product_cat?post=873"},{"taxonomy":"product_tag","embeddable":true,"href":"https:\/\/banneroftruth.org\/uk\/wp-json\/wp\/v2\/product_tag?post=873"}],"curies":[{"name":"wp","href":"https:\/\/api.w.org\/{rel}","templated":true}]}}