{"id":879,"date":"2013-01-30T17:38:00","date_gmt":"2013-01-30T17:38:00","guid":{"rendered":"http:\/\/54.225.232.228\/us\/store\/uncategorized\/los-atributos-de-dios\/"},"modified":"2024-05-01T13:55:46","modified_gmt":"2024-05-01T12:55:46","slug":"los-atributos-de-dios","status":"publish","type":"product","link":"https:\/\/banneroftruth.org\/uk\/store\/theology\/los-atributos-de-dios\/","title":{"rendered":"Los Atributos De Dios"},"content":{"rendered":"<h2>Book Description<\/h2>\n<p>Arthur W. Pink, que pas\u00f3 a la presencia del Se\u00f1or en 1952, a los 66 a\u00f1os de edad, naci\u00f3 en Nottingham (Inglaterra). Hacia 1908 predic\u00f3 su primer serm\u00f3n. M\u00e1s tarde ejerci\u00f3 el ministerio en los Estados Unidos, Canad\u00e1 y Australia. En 1930 regres\u00f3 a su pa\u00eds, y dedic\u00f3 el resto de su vida a predicar y ense\u00f1ar por medio de la p\u00e1gina impresa. Fue uno de los mas, prolificos escritores cristianos del siglo XX. Escribi\u00f3 entre otros los siguientes libros: La vida de Elias, La vida de David, Comentario al Evangelio seg\u00fan san Juan, Comentario a la Ep\u00edstola a los Hebreos, Comentario al Serm\u00f3n del Monte, Espigando en G\u00e9nesis, Las siete palabras del Salvador en la Cruz, La obra mediadora de Cristo, La doctrina de la santificaci\u00f3n y La soberania de Dios. Durante m\u00e1s de treinta a\u00f1os, fue editor y \u00fanico redactor de la revista mensual Estudios sobre las Escrituras, en la que public\u00f3, en forma de art\u00edculos, Los atributos de Dios, primera de sus obras vertidas al castellano, a la cual habr\u00edan de seguir El\u00edas y La soberan\u00eda de Dios.<\/p>\n<h3 id=\"toctoggle\">Table of Contents <a class=\"button\" href=\"#toc\">Expand \u2193<\/a><\/h3>\n<div id=\"toc\" class=\"table-of-contents\">\n<table>\n<tbody>\n<tr>\n<td><\/td>\n<td>Pr\u00f3logo<\/td>\n<td>7<\/td>\n<\/tr>\n<tr>\n<td>1<\/td>\n<td>La soledad de Dios<\/td>\n<td>9<\/td>\n<\/tr>\n<tr>\n<td>2<\/td>\n<td>Los decretos de Dios<\/td>\n<td>14<\/td>\n<\/tr>\n<tr>\n<td>3<\/td>\n<td>La omnisciencia de Dios<\/td>\n<td>19<\/td>\n<\/tr>\n<tr>\n<td>4<\/td>\n<td>La presciencia de Dios<\/td>\n<td>24<\/td>\n<\/tr>\n<tr>\n<td>5<\/td>\n<td>La supremac\u00eda de Dios<\/td>\n<td>31<\/td>\n<\/tr>\n<tr>\n<td>6<\/td>\n<td>La soberan\u00eda de Dios<\/td>\n<td>36<\/td>\n<\/tr>\n<tr>\n<td>7<\/td>\n<td>La inmutabilidad de Dios<\/td>\n<td>41<\/td>\n<\/tr>\n<tr>\n<td>8<\/td>\n<td>La santidad de Dios<\/td>\n<td>46<\/td>\n<\/tr>\n<tr>\n<td>9<\/td>\n<td>El poder de Dios<\/td>\n<td>52<\/td>\n<\/tr>\n<tr>\n<td>10<\/td>\n<td>La fidelidad de Dios<\/td>\n<td>59<\/td>\n<\/tr>\n<tr>\n<td>11<\/td>\n<td>La bondad de Dios<\/td>\n<td>65<\/td>\n<\/tr>\n<tr>\n<td>12<\/td>\n<td>La paciencia de Dios<\/td>\n<td>70<\/td>\n<\/tr>\n<tr>\n<td>13<\/td>\n<td>La gracia de Dios<\/td>\n<td>76<\/td>\n<\/tr>\n<tr>\n<td>14<\/td>\n<td>La misericordia de Dios<\/td>\n<td>82<\/td>\n<\/tr>\n<tr>\n<td>15<\/td>\n<td>El amor de Dios<\/td>\n<td>88<\/td>\n<\/tr>\n<tr>\n<td>16<\/td>\n<td>La ira de Dios<\/td>\n<td>94<\/td>\n<\/tr>\n<tr>\n<td>17<\/td>\n<td>La meditaci\u00f3n acerca de Dios<\/td>\n<td>101<\/td>\n<\/tr>\n<\/tbody>\n<\/table>\n<\/div>\n","protected":false},"excerpt":{"rendered":"<p>Book Description Arthur W. Pink, que pas\u00f3 a la presencia del Se\u00f1or en 1952, a los 66 a\u00f1os de edad, naci\u00f3 en Nottingham (Inglaterra). Hacia 1908 predic\u00f3 su primer serm\u00f3n. M\u00e1s tarde ejerci\u00f3 el ministerio en los Estados Unidos, Canad\u00e1 y Australia. En 1930 regres\u00f3 a su pa\u00eds, y dedic\u00f3 el resto de su vida [&hellip;]<\/p>\n","protected":false},"featured_media":9803,"comment_status":"open","ping_status":"closed","template":"","meta":[],"product_brand":[],"product_cat":[1270],"product_tag":[],"class_list":{"0":"post-879","1":"product","2":"type-product","3":"status-publish","4":"has-post-thumbnail","6":"product_cat-theology","7":"pa_binding-paperback","8":"pa_class-sp","9":"pa_format-book","10":"pa_isbn-5078","11":"pa_language-spanish","12":"pa_page-count-6367","13":"pa_subtitle-attributes-of-god-the","14":"pa_theauthor-pink-a-w","15":"pa_topic-god","17":"first","18":"outofstock","19":"purchasable","20":"product-type-simple"},"bundled_by":[],"bundle_stock_status":"outofstock","bundle_stock_quantity":null,"bundle_virtual":false,"bundle_layout":"","bundle_add_to_cart_form_location":"","bundle_editable_in_cart":false,"bundle_sold_individually_context":"","bundle_item_grouping":"","bundle_min_size":"","bundle_max_size":"","bundle_price":[],"bundled_items":[],"bundle_sell_ids":[],"yoast_head":"<!-- This site is optimized with the Yoast SEO Premium plugin v27.3 (Yoast SEO v27.3) - https:\/\/yoast.com\/product\/yoast-seo-premium-wordpress\/ -->\n<title>Los Atributos De Dios - Banner of Truth UK<\/title>\n<meta name=\"robots\" content=\"index, follow, max-snippet:-1, max-image-preview:large, max-video-preview:-1\" \/>\n<link rel=\"canonical\" href=\"https:\/\/banneroftruth.org\/uk\/store\/theology\/los-atributos-de-dios\/\" \/>\n<meta property=\"og:locale\" content=\"en_GB\" \/>\n<meta property=\"og:type\" content=\"article\" \/>\n<meta property=\"og:title\" content=\"Los Atributos De Dios\" \/>\n<meta property=\"og:description\" content=\"Book Description Arthur W. Pink, que pas\u00f3 a la presencia del Se\u00f1or en 1952, a los 66 a\u00f1os de edad, naci\u00f3 en Nottingham (Inglaterra). Hacia 1908 predic\u00f3 su primer serm\u00f3n. M\u00e1s tarde ejerci\u00f3 el ministerio en los Estados Unidos, Canad\u00e1 y Australia. En 1930 regres\u00f3 a su pa\u00eds, y dedic\u00f3 el resto de su vida [&hellip;]\" \/>\n<meta property=\"og:url\" content=\"https:\/\/banneroftruth.org\/uk\/store\/theology\/los-atributos-de-dios\/\" \/>\n<meta property=\"og:site_name\" content=\"Banner of Truth UK\" \/>\n<meta property=\"article:publisher\" content=\"https:\/\/www.facebook.com\/TheBannerofTruth\" \/>\n<meta property=\"article:modified_time\" content=\"2024-05-01T12:55:46+00:00\" \/>\n<meta property=\"og:image\" content=\"https:\/\/banneroftruth.org\/uk\/wp-content\/uploads\/sites\/6\/2013\/01\/AtributosDeDios_FINAL.jpg\" \/>\n\t<meta property=\"og:image:width\" content=\"1463\" \/>\n\t<meta property=\"og:image:height\" content=\"2500\" \/>\n\t<meta property=\"og:image:type\" content=\"image\/jpeg\" \/>\n<meta name=\"twitter:card\" content=\"summary_large_image\" \/>\n<meta name=\"twitter:site\" content=\"@Banneroftruth\" \/>\n<meta name=\"twitter:label1\" content=\"Price\" \/>\n\t<meta name=\"twitter:data1\" content=\"&pound;2.65\" \/>\n\t<meta name=\"twitter:label2\" content=\"Availability\" \/>\n\t<meta name=\"twitter:data2\" content=\"Out of stock\" \/>\n<script type=\"application\/ld+json\" class=\"yoast-schema-graph\">{\"@context\":\"https:\\\/\\\/schema.org\",\"@graph\":[{\"@type\":\"WebPage\",\"@id\":\"https:\\\/\\\/banneroftruth.org\\\/uk\\\/store\\\/theology\\\/los-atributos-de-dios\\\/\",\"url\":\"https:\\\/\\\/banneroftruth.org\\\/uk\\\/store\\\/theology\\\/los-atributos-de-dios\\\/\",\"name\":\"Los Atributos De Dios - Banner of Truth UK\",\"isPartOf\":{\"@id\":\"https:\\\/\\\/banneroftruth.org\\\/uk\\\/#website\"},\"primaryImageOfPage\":{\"@id\":\"https:\\\/\\\/banneroftruth.org\\\/uk\\\/store\\\/theology\\\/los-atributos-de-dios\\\/#primaryimage\"},\"image\":{\"@id\":\"https:\\\/\\\/banneroftruth.org\\\/uk\\\/store\\\/theology\\\/los-atributos-de-dios\\\/#primaryimage\"},\"thumbnailUrl\":\"https:\\\/\\\/banneroftruth.org\\\/uk\\\/wp-content\\\/uploads\\\/sites\\\/6\\\/2013\\\/01\\\/AtributosDeDios_FINAL.jpg\",\"datePublished\":\"2013-01-30T17:38:00+00:00\",\"dateModified\":\"2024-05-01T12:55:46+00:00\",\"breadcrumb\":{\"@id\":\"https:\\\/\\\/banneroftruth.org\\\/uk\\\/store\\\/theology\\\/los-atributos-de-dios\\\/#breadcrumb\"},\"inLanguage\":\"en-GB\",\"potentialAction\":[{\"@type\":\"ReadAction\",\"target\":[\"https:\\\/\\\/banneroftruth.org\\\/uk\\\/store\\\/theology\\\/los-atributos-de-dios\\\/\"]}]},{\"@type\":\"ImageObject\",\"inLanguage\":\"en-GB\",\"@id\":\"https:\\\/\\\/banneroftruth.org\\\/uk\\\/store\\\/theology\\\/los-atributos-de-dios\\\/#primaryimage\",\"url\":\"https:\\\/\\\/banneroftruth.org\\\/uk\\\/wp-content\\\/uploads\\\/sites\\\/6\\\/2013\\\/01\\\/AtributosDeDios_FINAL.jpg\",\"contentUrl\":\"https:\\\/\\\/banneroftruth.org\\\/uk\\\/wp-content\\\/uploads\\\/sites\\\/6\\\/2013\\\/01\\\/AtributosDeDios_FINAL.jpg\",\"width\":1463,\"height\":2500},{\"@type\":\"BreadcrumbList\",\"@id\":\"https:\\\/\\\/banneroftruth.org\\\/uk\\\/store\\\/theology\\\/los-atributos-de-dios\\\/#breadcrumb\",\"itemListElement\":[{\"@type\":\"ListItem\",\"position\":1,\"name\":\"Home\",\"item\":\"https:\\\/\\\/banneroftruth.org\\\/uk\\\/\"},{\"@type\":\"ListItem\",\"position\":2,\"name\":\"Store\",\"item\":\"https:\\\/\\\/banneroftruth.org\\\/uk\\\/store\\\/\"},{\"@type\":\"ListItem\",\"position\":3,\"name\":\"Los Atributos De Dios\"}]},{\"@type\":\"WebSite\",\"@id\":\"https:\\\/\\\/banneroftruth.org\\\/uk\\\/#website\",\"url\":\"https:\\\/\\\/banneroftruth.org\\\/uk\\\/\",\"name\":\"Banner of Truth UK\",\"description\":\"Christian Publisher of Reformed &amp; Puritan Books\",\"publisher\":{\"@id\":\"https:\\\/\\\/banneroftruth.org\\\/uk\\\/#organization\"},\"potentialAction\":[{\"@type\":\"SearchAction\",\"target\":{\"@type\":\"EntryPoint\",\"urlTemplate\":\"https:\\\/\\\/banneroftruth.org\\\/uk\\\/?s={search_term_string}\"},\"query-input\":{\"@type\":\"PropertyValueSpecification\",\"valueRequired\":true,\"valueName\":\"search_term_string\"}}],\"inLanguage\":\"en-GB\"},{\"@type\":\"Organization\",\"@id\":\"https:\\\/\\\/banneroftruth.org\\\/uk\\\/#organization\",\"name\":\"Banner of Truth UK\",\"url\":\"https:\\\/\\\/banneroftruth.org\\\/uk\\\/\",\"logo\":{\"@type\":\"ImageObject\",\"inLanguage\":\"en-GB\",\"@id\":\"https:\\\/\\\/banneroftruth.org\\\/uk\\\/#\\\/schema\\\/logo\\\/image\\\/\",\"url\":\"https:\\\/\\\/banneroftruth.org\\\/uk\\\/wp-content\\\/uploads\\\/sites\\\/6\\\/2021\\\/04\\\/logo_and_text_Jun2015.png\",\"contentUrl\":\"https:\\\/\\\/banneroftruth.org\\\/uk\\\/wp-content\\\/uploads\\\/sites\\\/6\\\/2021\\\/04\\\/logo_and_text_Jun2015.png\",\"width\":377,\"height\":132,\"caption\":\"Banner of Truth UK\"},\"image\":{\"@id\":\"https:\\\/\\\/banneroftruth.org\\\/uk\\\/#\\\/schema\\\/logo\\\/image\\\/\"},\"sameAs\":[\"https:\\\/\\\/www.facebook.com\\\/TheBannerofTruth\",\"https:\\\/\\\/x.com\\\/Banneroftruth\",\"https:\\\/\\\/www.instagram.com\\\/banneroftruth\\\/?hl=en\"]}]}<\/script>\n<meta property=\"product:price:amount\" content=\"2.65\" \/>\n<meta property=\"product:price:currency\" content=\"GBP\" \/>\n<meta property=\"og:availability\" content=\"out of stock\" \/>\n<meta property=\"product:availability\" content=\"out of stock\" \/>\n<meta property=\"product:retailer_item_id\" content=\"9780851515403\" \/>\n<meta property=\"product:condition\" content=\"new\" \/>\n<!-- \/ Yoast SEO Premium plugin. -->","yoast_head_json":{"title":"Los Atributos De Dios - Banner of Truth UK","robots":{"index":"index","follow":"follow","max-snippet":"max-snippet:-1","max-image-preview":"max-image-preview:large","max-video-preview":"max-video-preview:-1"},"canonical":"https:\/\/banneroftruth.org\/uk\/store\/theology\/los-atributos-de-dios\/","og_locale":"en_GB","og_type":"article","og_title":"Los Atributos De Dios","og_description":"Book Description Arthur W. Pink, que pas\u00f3 a la presencia del Se\u00f1or en 1952, a los 66 a\u00f1os de edad, naci\u00f3 en Nottingham (Inglaterra). Hacia 1908 predic\u00f3 su primer serm\u00f3n. M\u00e1s tarde ejerci\u00f3 el ministerio en los Estados Unidos, Canad\u00e1 y Australia. En 1930 regres\u00f3 a su pa\u00eds, y dedic\u00f3 el resto de su vida [&hellip;]","og_url":"https:\/\/banneroftruth.org\/uk\/store\/theology\/los-atributos-de-dios\/","og_site_name":"Banner of Truth UK","article_publisher":"https:\/\/www.facebook.com\/TheBannerofTruth","article_modified_time":"2024-05-01T12:55:46+00:00","og_image":[{"width":1463,"height":2500,"url":"https:\/\/banneroftruth.org\/uk\/wp-content\/uploads\/sites\/6\/2013\/01\/AtributosDeDios_FINAL.jpg","type":"image\/jpeg"}],"twitter_card":"summary_large_image","twitter_site":"@Banneroftruth","twitter_misc":{"Price":"&pound;2.65","Availability":"Out of stock"},"schema":{"@context":"https:\/\/schema.org","@graph":[{"@type":"WebPage","@id":"https:\/\/banneroftruth.org\/uk\/store\/theology\/los-atributos-de-dios\/","url":"https:\/\/banneroftruth.org\/uk\/store\/theology\/los-atributos-de-dios\/","name":"Los Atributos De Dios - Banner of Truth UK","isPartOf":{"@id":"https:\/\/banneroftruth.org\/uk\/#website"},"primaryImageOfPage":{"@id":"https:\/\/banneroftruth.org\/uk\/store\/theology\/los-atributos-de-dios\/#primaryimage"},"image":{"@id":"https:\/\/banneroftruth.org\/uk\/store\/theology\/los-atributos-de-dios\/#primaryimage"},"thumbnailUrl":"https:\/\/banneroftruth.org\/uk\/wp-content\/uploads\/sites\/6\/2013\/01\/AtributosDeDios_FINAL.jpg","datePublished":"2013-01-30T17:38:00+00:00","dateModified":"2024-05-01T12:55:46+00:00","breadcrumb":{"@id":"https:\/\/banneroftruth.org\/uk\/store\/theology\/los-atributos-de-dios\/#breadcrumb"},"inLanguage":"en-GB","potentialAction":[{"@type":"ReadAction","target":["https:\/\/banneroftruth.org\/uk\/store\/theology\/los-atributos-de-dios\/"]}]},{"@type":"ImageObject","inLanguage":"en-GB","@id":"https:\/\/banneroftruth.org\/uk\/store\/theology\/los-atributos-de-dios\/#primaryimage","url":"https:\/\/banneroftruth.org\/uk\/wp-content\/uploads\/sites\/6\/2013\/01\/AtributosDeDios_FINAL.jpg","contentUrl":"https:\/\/banneroftruth.org\/uk\/wp-content\/uploads\/sites\/6\/2013\/01\/AtributosDeDios_FINAL.jpg","width":1463,"height":2500},{"@type":"BreadcrumbList","@id":"https:\/\/banneroftruth.org\/uk\/store\/theology\/los-atributos-de-dios\/#breadcrumb","itemListElement":[{"@type":"ListItem","position":1,"name":"Home","item":"https:\/\/banneroftruth.org\/uk\/"},{"@type":"ListItem","position":2,"name":"Store","item":"https:\/\/banneroftruth.org\/uk\/store\/"},{"@type":"ListItem","position":3,"name":"Los Atributos De Dios"}]},{"@type":"WebSite","@id":"https:\/\/banneroftruth.org\/uk\/#website","url":"https:\/\/banneroftruth.org\/uk\/","name":"Banner of Truth UK","description":"Christian Publisher of Reformed &amp; Puritan Books","publisher":{"@id":"https:\/\/banneroftruth.org\/uk\/#organization"},"potentialAction":[{"@type":"SearchAction","target":{"@type":"EntryPoint","urlTemplate":"https:\/\/banneroftruth.org\/uk\/?s={search_term_string}"},"query-input":{"@type":"PropertyValueSpecification","valueRequired":true,"valueName":"search_term_string"}}],"inLanguage":"en-GB"},{"@type":"Organization","@id":"https:\/\/banneroftruth.org\/uk\/#organization","name":"Banner of Truth UK","url":"https:\/\/banneroftruth.org\/uk\/","logo":{"@type":"ImageObject","inLanguage":"en-GB","@id":"https:\/\/banneroftruth.org\/uk\/#\/schema\/logo\/image\/","url":"https:\/\/banneroftruth.org\/uk\/wp-content\/uploads\/sites\/6\/2021\/04\/logo_and_text_Jun2015.png","contentUrl":"https:\/\/banneroftruth.org\/uk\/wp-content\/uploads\/sites\/6\/2021\/04\/logo_and_text_Jun2015.png","width":377,"height":132,"caption":"Banner of Truth UK"},"image":{"@id":"https:\/\/banneroftruth.org\/uk\/#\/schema\/logo\/image\/"},"sameAs":["https:\/\/www.facebook.com\/TheBannerofTruth","https:\/\/x.com\/Banneroftruth","https:\/\/www.instagram.com\/banneroftruth\/?hl=en"]}]},"product_price_amount":"2.65","product_price_currency":"GBP","og_availability":"out of stock","product_availability":"out of stock","product_retailer_item_id":"9780851515403","product_condition":"new"},"_links":{"self":[{"href":"https:\/\/banneroftruth.org\/uk\/wp-json\/wp\/v2\/product\/879","targetHints":{"allow":["GET"]}}],"collection":[{"href":"https:\/\/banneroftruth.org\/uk\/wp-json\/wp\/v2\/product"}],"about":[{"href":"https:\/\/banneroftruth.org\/uk\/wp-json\/wp\/v2\/types\/product"}],"replies":[{"embeddable":true,"href":"https:\/\/banneroftruth.org\/uk\/wp-json\/wp\/v2\/comments?post=879"}],"wp:featuredmedia":[{"embeddable":true,"href":"https:\/\/banneroftruth.org\/uk\/wp-json\/wp\/v2\/media\/9803"}],"wp:attachment":[{"href":"https:\/\/banneroftruth.org\/uk\/wp-json\/wp\/v2\/media?parent=879"}],"wp:term":[{"taxonomy":"product_brand","embeddable":true,"href":"https:\/\/banneroftruth.org\/uk\/wp-json\/wp\/v2\/product_brand?post=879"},{"taxonomy":"product_cat","embeddable":true,"href":"https:\/\/banneroftruth.org\/uk\/wp-json\/wp\/v2\/product_cat?post=879"},{"taxonomy":"product_tag","embeddable":true,"href":"https:\/\/banneroftruth.org\/uk\/wp-json\/wp\/v2\/product_tag?post=879"}],"curies":[{"name":"wp","href":"https:\/\/api.w.org\/{rel}","templated":true}]}}