{"id":883,"date":"2013-01-30T17:38:00","date_gmt":"2013-01-30T17:38:00","guid":{"rendered":"http:\/\/54.225.232.228\/us\/store\/uncategorized\/remedios-preciosos-contra-las-artimaas-de-santans\/"},"modified":"2025-09-04T14:01:15","modified_gmt":"2025-09-04T13:01:15","slug":"remedios-preciosos-contra-las-artimaas-de-santans","status":"publish","type":"product","link":"https:\/\/banneroftruth.org\/uk\/store\/christian-living\/remedios-preciosos-contra-las-artimaas-de-santans\/","title":{"rendered":"Remedios Preciosos- Contra Las Artima\u00f1as De Santan\u00e1s"},"content":{"rendered":"<h2>Book Description<\/h2>\n<p>La extra\u00f1a oposici\u00f3n que sufr\u00ed de parte de Santan\u00e1s realiza un mayor esfuerzo, al saber que Satan\u00e1s lucha ferozmente por evitar que salgan a la luz aquellas cosas que pueden sacudir y derrotar su reino de tinieblas, engrandeciendo el Reino y la gloria del Se\u00f1or Jesucristo en las almas y vidas de los hijos de los hombres {&#8230;}&#8217;. Esta es una de las siete razones por las que escribi el presente libro citadas por el autor, Thomas Brooks, en su prefacio.<\/p>\n","protected":false},"excerpt":{"rendered":"<p>Book Description La extra\u00f1a oposici\u00f3n que sufr\u00ed de parte de Santan\u00e1s realiza un mayor esfuerzo, al saber que Satan\u00e1s lucha ferozmente por evitar que salgan a la luz aquellas cosas que pueden sacudir y derrotar su reino de tinieblas, engrandeciendo el Reino y la gloria del Se\u00f1or Jesucristo en las almas y vidas de los [&hellip;]<\/p>\n","protected":false},"featured_media":9805,"comment_status":"open","ping_status":"closed","template":"","meta":[],"product_brand":[],"product_cat":[1249,1239],"product_tag":[],"class_list":{"0":"post-883","1":"product","2":"type-product","3":"status-publish","4":"has-post-thumbnail","6":"product_cat-christian-living","7":"product_cat-devotionalsdaily-readings","8":"pa_binding-paperback","9":"pa_class-sp","10":"pa_format-book","11":"pa_isbn-5116","12":"pa_language-spanish","13":"pa_original-pub-date-4009","14":"pa_page-count-2443","15":"pa_recent-pub-date-feb-9-2009","16":"pa_recent-pub-date-year-6073","17":"pa_subtitle-precious-remedies","18":"pa_theauthor-brooks-thomas","19":"pa_topic-encouragement","20":"pa_topic-spiritual-growth","22":"first","23":"outofstock","24":"purchasable","25":"product-type-simple"},"bundled_by":[],"bundle_stock_status":"outofstock","bundle_stock_quantity":null,"bundle_virtual":false,"bundle_layout":"","bundle_add_to_cart_form_location":"","bundle_editable_in_cart":false,"bundle_sold_individually_context":"","bundle_item_grouping":"","bundle_min_size":"","bundle_max_size":"","bundle_price":[],"bundled_items":[],"bundle_sell_ids":[],"yoast_head":"<!-- This site is optimized with the Yoast SEO Premium plugin v27.3 (Yoast SEO v27.3) - https:\/\/yoast.com\/product\/yoast-seo-premium-wordpress\/ -->\n<title>Remedios Preciosos- Contra Las Artima\u00f1as De Santan\u00e1s - Banner of Truth UK<\/title>\n<meta name=\"robots\" content=\"index, follow, max-snippet:-1, max-image-preview:large, max-video-preview:-1\" \/>\n<link rel=\"canonical\" href=\"https:\/\/banneroftruth.org\/uk\/store\/devotionalsdaily-readings\/remedios-preciosos-contra-las-artimaas-de-santans\/\" \/>\n<meta property=\"og:locale\" content=\"en_GB\" \/>\n<meta property=\"og:type\" content=\"article\" \/>\n<meta property=\"og:title\" content=\"Remedios Preciosos- Contra Las Artima\u00f1as De Santan\u00e1s\" \/>\n<meta property=\"og:description\" content=\"Book Description La extra\u00f1a oposici\u00f3n que sufr\u00ed de parte de Santan\u00e1s realiza un mayor esfuerzo, al saber que Satan\u00e1s lucha ferozmente por evitar que salgan a la luz aquellas cosas que pueden sacudir y derrotar su reino de tinieblas, engrandeciendo el Reino y la gloria del Se\u00f1or Jesucristo en las almas y vidas de los [&hellip;]\" \/>\n<meta property=\"og:url\" content=\"https:\/\/banneroftruth.org\/uk\/store\/devotionalsdaily-readings\/remedios-preciosos-contra-las-artimaas-de-santans\/\" \/>\n<meta property=\"og:site_name\" content=\"Banner of Truth UK\" \/>\n<meta property=\"article:publisher\" content=\"https:\/\/www.facebook.com\/TheBannerofTruth\" \/>\n<meta property=\"article:modified_time\" content=\"2025-09-04T13:01:15+00:00\" \/>\n<meta property=\"og:image\" content=\"https:\/\/banneroftruth.org\/uk\/wp-content\/uploads\/sites\/6\/2013\/01\/RemediosPreciosos_FINAL.jpg\" \/>\n\t<meta property=\"og:image:width\" content=\"1489\" \/>\n\t<meta property=\"og:image:height\" content=\"2471\" \/>\n\t<meta property=\"og:image:type\" content=\"image\/jpeg\" \/>\n<meta name=\"twitter:card\" content=\"summary_large_image\" \/>\n<meta name=\"twitter:site\" content=\"@Banneroftruth\" \/>\n<meta name=\"twitter:label1\" content=\"Price\" \/>\n\t<meta name=\"twitter:data1\" content=\"&pound;7.50\" \/>\n\t<meta name=\"twitter:label2\" content=\"Availability\" \/>\n\t<meta name=\"twitter:data2\" content=\"Out of stock\" \/>\n<script type=\"application\/ld+json\" class=\"yoast-schema-graph\">{\"@context\":\"https:\\\/\\\/schema.org\",\"@graph\":[{\"@type\":\"WebPage\",\"@id\":\"https:\\\/\\\/banneroftruth.org\\\/uk\\\/store\\\/devotionalsdaily-readings\\\/remedios-preciosos-contra-las-artimaas-de-santans\\\/\",\"url\":\"https:\\\/\\\/banneroftruth.org\\\/uk\\\/store\\\/devotionalsdaily-readings\\\/remedios-preciosos-contra-las-artimaas-de-santans\\\/\",\"name\":\"Remedios Preciosos- Contra Las Artima\u00f1as De Santan\u00e1s - Banner of Truth UK\",\"isPartOf\":{\"@id\":\"https:\\\/\\\/banneroftruth.org\\\/uk\\\/#website\"},\"primaryImageOfPage\":{\"@id\":\"https:\\\/\\\/banneroftruth.org\\\/uk\\\/store\\\/devotionalsdaily-readings\\\/remedios-preciosos-contra-las-artimaas-de-santans\\\/#primaryimage\"},\"image\":{\"@id\":\"https:\\\/\\\/banneroftruth.org\\\/uk\\\/store\\\/devotionalsdaily-readings\\\/remedios-preciosos-contra-las-artimaas-de-santans\\\/#primaryimage\"},\"thumbnailUrl\":\"https:\\\/\\\/banneroftruth.org\\\/uk\\\/wp-content\\\/uploads\\\/sites\\\/6\\\/2013\\\/01\\\/RemediosPreciosos_FINAL.jpg\",\"datePublished\":\"2013-01-30T17:38:00+00:00\",\"dateModified\":\"2025-09-04T13:01:15+00:00\",\"breadcrumb\":{\"@id\":\"https:\\\/\\\/banneroftruth.org\\\/uk\\\/store\\\/devotionalsdaily-readings\\\/remedios-preciosos-contra-las-artimaas-de-santans\\\/#breadcrumb\"},\"inLanguage\":\"en-GB\",\"potentialAction\":[{\"@type\":\"ReadAction\",\"target\":[\"https:\\\/\\\/banneroftruth.org\\\/uk\\\/store\\\/devotionalsdaily-readings\\\/remedios-preciosos-contra-las-artimaas-de-santans\\\/\"]}]},{\"@type\":\"ImageObject\",\"inLanguage\":\"en-GB\",\"@id\":\"https:\\\/\\\/banneroftruth.org\\\/uk\\\/store\\\/devotionalsdaily-readings\\\/remedios-preciosos-contra-las-artimaas-de-santans\\\/#primaryimage\",\"url\":\"https:\\\/\\\/banneroftruth.org\\\/uk\\\/wp-content\\\/uploads\\\/sites\\\/6\\\/2013\\\/01\\\/RemediosPreciosos_FINAL.jpg\",\"contentUrl\":\"https:\\\/\\\/banneroftruth.org\\\/uk\\\/wp-content\\\/uploads\\\/sites\\\/6\\\/2013\\\/01\\\/RemediosPreciosos_FINAL.jpg\",\"width\":1489,\"height\":2471},{\"@type\":\"BreadcrumbList\",\"@id\":\"https:\\\/\\\/banneroftruth.org\\\/uk\\\/store\\\/devotionalsdaily-readings\\\/remedios-preciosos-contra-las-artimaas-de-santans\\\/#breadcrumb\",\"itemListElement\":[{\"@type\":\"ListItem\",\"position\":1,\"name\":\"Home\",\"item\":\"https:\\\/\\\/banneroftruth.org\\\/uk\\\/\"},{\"@type\":\"ListItem\",\"position\":2,\"name\":\"Store\",\"item\":\"https:\\\/\\\/banneroftruth.org\\\/uk\\\/store\\\/\"},{\"@type\":\"ListItem\",\"position\":3,\"name\":\"Remedios Preciosos- Contra Las Artima\u00f1as De Santan\u00e1s\"}]},{\"@type\":\"WebSite\",\"@id\":\"https:\\\/\\\/banneroftruth.org\\\/uk\\\/#website\",\"url\":\"https:\\\/\\\/banneroftruth.org\\\/uk\\\/\",\"name\":\"Banner of Truth UK\",\"description\":\"Christian Publisher of Reformed &amp; Puritan Books\",\"publisher\":{\"@id\":\"https:\\\/\\\/banneroftruth.org\\\/uk\\\/#organization\"},\"potentialAction\":[{\"@type\":\"SearchAction\",\"target\":{\"@type\":\"EntryPoint\",\"urlTemplate\":\"https:\\\/\\\/banneroftruth.org\\\/uk\\\/?s={search_term_string}\"},\"query-input\":{\"@type\":\"PropertyValueSpecification\",\"valueRequired\":true,\"valueName\":\"search_term_string\"}}],\"inLanguage\":\"en-GB\"},{\"@type\":\"Organization\",\"@id\":\"https:\\\/\\\/banneroftruth.org\\\/uk\\\/#organization\",\"name\":\"Banner of Truth UK\",\"url\":\"https:\\\/\\\/banneroftruth.org\\\/uk\\\/\",\"logo\":{\"@type\":\"ImageObject\",\"inLanguage\":\"en-GB\",\"@id\":\"https:\\\/\\\/banneroftruth.org\\\/uk\\\/#\\\/schema\\\/logo\\\/image\\\/\",\"url\":\"https:\\\/\\\/banneroftruth.org\\\/uk\\\/wp-content\\\/uploads\\\/sites\\\/6\\\/2021\\\/04\\\/logo_and_text_Jun2015.png\",\"contentUrl\":\"https:\\\/\\\/banneroftruth.org\\\/uk\\\/wp-content\\\/uploads\\\/sites\\\/6\\\/2021\\\/04\\\/logo_and_text_Jun2015.png\",\"width\":377,\"height\":132,\"caption\":\"Banner of Truth UK\"},\"image\":{\"@id\":\"https:\\\/\\\/banneroftruth.org\\\/uk\\\/#\\\/schema\\\/logo\\\/image\\\/\"},\"sameAs\":[\"https:\\\/\\\/www.facebook.com\\\/TheBannerofTruth\",\"https:\\\/\\\/x.com\\\/Banneroftruth\",\"https:\\\/\\\/www.instagram.com\\\/banneroftruth\\\/?hl=en\"]}]}<\/script>\n<meta property=\"product:price:amount\" content=\"7.50\" \/>\n<meta property=\"product:price:currency\" content=\"GBP\" \/>\n<meta property=\"og:availability\" content=\"out of stock\" \/>\n<meta property=\"product:availability\" content=\"out of stock\" \/>\n<meta property=\"product:retailer_item_id\" content=\"9780851518800\" \/>\n<meta property=\"product:condition\" content=\"new\" \/>\n<!-- \/ Yoast SEO Premium plugin. -->","yoast_head_json":{"title":"Remedios Preciosos- Contra Las Artima\u00f1as De Santan\u00e1s - Banner of Truth UK","robots":{"index":"index","follow":"follow","max-snippet":"max-snippet:-1","max-image-preview":"max-image-preview:large","max-video-preview":"max-video-preview:-1"},"canonical":"https:\/\/banneroftruth.org\/uk\/store\/devotionalsdaily-readings\/remedios-preciosos-contra-las-artimaas-de-santans\/","og_locale":"en_GB","og_type":"article","og_title":"Remedios Preciosos- Contra Las Artima\u00f1as De Santan\u00e1s","og_description":"Book Description La extra\u00f1a oposici\u00f3n que sufr\u00ed de parte de Santan\u00e1s realiza un mayor esfuerzo, al saber que Satan\u00e1s lucha ferozmente por evitar que salgan a la luz aquellas cosas que pueden sacudir y derrotar su reino de tinieblas, engrandeciendo el Reino y la gloria del Se\u00f1or Jesucristo en las almas y vidas de los [&hellip;]","og_url":"https:\/\/banneroftruth.org\/uk\/store\/devotionalsdaily-readings\/remedios-preciosos-contra-las-artimaas-de-santans\/","og_site_name":"Banner of Truth UK","article_publisher":"https:\/\/www.facebook.com\/TheBannerofTruth","article_modified_time":"2025-09-04T13:01:15+00:00","og_image":[{"width":1489,"height":2471,"url":"https:\/\/banneroftruth.org\/uk\/wp-content\/uploads\/sites\/6\/2013\/01\/RemediosPreciosos_FINAL.jpg","type":"image\/jpeg"}],"twitter_card":"summary_large_image","twitter_site":"@Banneroftruth","twitter_misc":{"Price":"&pound;7.50","Availability":"Out of stock"},"schema":{"@context":"https:\/\/schema.org","@graph":[{"@type":"WebPage","@id":"https:\/\/banneroftruth.org\/uk\/store\/devotionalsdaily-readings\/remedios-preciosos-contra-las-artimaas-de-santans\/","url":"https:\/\/banneroftruth.org\/uk\/store\/devotionalsdaily-readings\/remedios-preciosos-contra-las-artimaas-de-santans\/","name":"Remedios Preciosos- Contra Las Artima\u00f1as De Santan\u00e1s - Banner of Truth UK","isPartOf":{"@id":"https:\/\/banneroftruth.org\/uk\/#website"},"primaryImageOfPage":{"@id":"https:\/\/banneroftruth.org\/uk\/store\/devotionalsdaily-readings\/remedios-preciosos-contra-las-artimaas-de-santans\/#primaryimage"},"image":{"@id":"https:\/\/banneroftruth.org\/uk\/store\/devotionalsdaily-readings\/remedios-preciosos-contra-las-artimaas-de-santans\/#primaryimage"},"thumbnailUrl":"https:\/\/banneroftruth.org\/uk\/wp-content\/uploads\/sites\/6\/2013\/01\/RemediosPreciosos_FINAL.jpg","datePublished":"2013-01-30T17:38:00+00:00","dateModified":"2025-09-04T13:01:15+00:00","breadcrumb":{"@id":"https:\/\/banneroftruth.org\/uk\/store\/devotionalsdaily-readings\/remedios-preciosos-contra-las-artimaas-de-santans\/#breadcrumb"},"inLanguage":"en-GB","potentialAction":[{"@type":"ReadAction","target":["https:\/\/banneroftruth.org\/uk\/store\/devotionalsdaily-readings\/remedios-preciosos-contra-las-artimaas-de-santans\/"]}]},{"@type":"ImageObject","inLanguage":"en-GB","@id":"https:\/\/banneroftruth.org\/uk\/store\/devotionalsdaily-readings\/remedios-preciosos-contra-las-artimaas-de-santans\/#primaryimage","url":"https:\/\/banneroftruth.org\/uk\/wp-content\/uploads\/sites\/6\/2013\/01\/RemediosPreciosos_FINAL.jpg","contentUrl":"https:\/\/banneroftruth.org\/uk\/wp-content\/uploads\/sites\/6\/2013\/01\/RemediosPreciosos_FINAL.jpg","width":1489,"height":2471},{"@type":"BreadcrumbList","@id":"https:\/\/banneroftruth.org\/uk\/store\/devotionalsdaily-readings\/remedios-preciosos-contra-las-artimaas-de-santans\/#breadcrumb","itemListElement":[{"@type":"ListItem","position":1,"name":"Home","item":"https:\/\/banneroftruth.org\/uk\/"},{"@type":"ListItem","position":2,"name":"Store","item":"https:\/\/banneroftruth.org\/uk\/store\/"},{"@type":"ListItem","position":3,"name":"Remedios Preciosos- Contra Las Artima\u00f1as De Santan\u00e1s"}]},{"@type":"WebSite","@id":"https:\/\/banneroftruth.org\/uk\/#website","url":"https:\/\/banneroftruth.org\/uk\/","name":"Banner of Truth UK","description":"Christian Publisher of Reformed &amp; Puritan Books","publisher":{"@id":"https:\/\/banneroftruth.org\/uk\/#organization"},"potentialAction":[{"@type":"SearchAction","target":{"@type":"EntryPoint","urlTemplate":"https:\/\/banneroftruth.org\/uk\/?s={search_term_string}"},"query-input":{"@type":"PropertyValueSpecification","valueRequired":true,"valueName":"search_term_string"}}],"inLanguage":"en-GB"},{"@type":"Organization","@id":"https:\/\/banneroftruth.org\/uk\/#organization","name":"Banner of Truth UK","url":"https:\/\/banneroftruth.org\/uk\/","logo":{"@type":"ImageObject","inLanguage":"en-GB","@id":"https:\/\/banneroftruth.org\/uk\/#\/schema\/logo\/image\/","url":"https:\/\/banneroftruth.org\/uk\/wp-content\/uploads\/sites\/6\/2021\/04\/logo_and_text_Jun2015.png","contentUrl":"https:\/\/banneroftruth.org\/uk\/wp-content\/uploads\/sites\/6\/2021\/04\/logo_and_text_Jun2015.png","width":377,"height":132,"caption":"Banner of Truth UK"},"image":{"@id":"https:\/\/banneroftruth.org\/uk\/#\/schema\/logo\/image\/"},"sameAs":["https:\/\/www.facebook.com\/TheBannerofTruth","https:\/\/x.com\/Banneroftruth","https:\/\/www.instagram.com\/banneroftruth\/?hl=en"]}]},"product_price_amount":"7.50","product_price_currency":"GBP","og_availability":"out of stock","product_availability":"out of stock","product_retailer_item_id":"9780851518800","product_condition":"new"},"_links":{"self":[{"href":"https:\/\/banneroftruth.org\/uk\/wp-json\/wp\/v2\/product\/883","targetHints":{"allow":["GET"]}}],"collection":[{"href":"https:\/\/banneroftruth.org\/uk\/wp-json\/wp\/v2\/product"}],"about":[{"href":"https:\/\/banneroftruth.org\/uk\/wp-json\/wp\/v2\/types\/product"}],"replies":[{"embeddable":true,"href":"https:\/\/banneroftruth.org\/uk\/wp-json\/wp\/v2\/comments?post=883"}],"wp:featuredmedia":[{"embeddable":true,"href":"https:\/\/banneroftruth.org\/uk\/wp-json\/wp\/v2\/media\/9805"}],"wp:attachment":[{"href":"https:\/\/banneroftruth.org\/uk\/wp-json\/wp\/v2\/media?parent=883"}],"wp:term":[{"taxonomy":"product_brand","embeddable":true,"href":"https:\/\/banneroftruth.org\/uk\/wp-json\/wp\/v2\/product_brand?post=883"},{"taxonomy":"product_cat","embeddable":true,"href":"https:\/\/banneroftruth.org\/uk\/wp-json\/wp\/v2\/product_cat?post=883"},{"taxonomy":"product_tag","embeddable":true,"href":"https:\/\/banneroftruth.org\/uk\/wp-json\/wp\/v2\/product_tag?post=883"}],"curies":[{"name":"wp","href":"https:\/\/api.w.org\/{rel}","templated":true}]}}