{"id":886,"date":"2013-01-30T17:38:59","date_gmt":"2013-01-30T17:38:59","guid":{"rendered":"http:\/\/54.225.232.228\/us\/store\/uncategorized\/senales-de-los-apostoles-observaciones-sobre-el-pentecostalismo-antiguo-y-moderno\/"},"modified":"2020-11-17T12:53:52","modified_gmt":"2020-11-17T12:53:52","slug":"senales-de-los-apostoles-observaciones-sobre-el-pentecostalismo-antiguo-y-moderno","status":"publish","type":"product","link":"https:\/\/banneroftruth.org\/uk\/store\/theology\/senales-de-los-apostoles-observaciones-sobre-el-pentecostalismo-antiguo-y-moderno\/","title":{"rendered":"Senales De Los Apostoles- Observaciones Sobre El Pentecostalismo Antiguo Y Moderno"},"content":{"rendered":"<h2>Book Description<\/h2>\n<p>\u00bfC\u00f3mo debe valorar el creyente las afirmaciones actuales acerca de los dones espirituales? En este libro Walter Chantry describe la propagaci\u00f3n mundial del movimiento carism\u00e1tico, y considera su importancia. Dios sigue obrando hoy en el mundo, pero el autor no cree que los poderes milagrosos est\u00e9n ya en manos de hombres y mujeres individuales. Siguiendo el curso de los milagros en el Antiguo y Nuevo Testamento, llega a la conclusi\u00f3n de que su funci\u00f3n fue principalmente la de confirmar la misi\u00f3n de los portavoces de Dios. Por ello, afirma, todos los casos registrados de recepci\u00f3n de poderes milagrosos en el Nuevo Testamento, sucedi\u00f3 por el ministerio de un Ap\u00f3stol. Walter Chantry cree que ahora que el canon de las Escrituras est\u00e1 completo, la prosecuci\u00f3n de todos los dones espirituales de la edad apost\u00f3lica s\u00f3lo puede hacerse en base a la falta de reconcocimiento de la suficiencia y finalidad de la Biblia.<\/p>\n","protected":false},"excerpt":{"rendered":"<p>Book Description \u00bfC\u00f3mo debe valorar el creyente las afirmaciones actuales acerca de los dones espirituales? En este libro Walter Chantry describe la propagaci\u00f3n mundial del movimiento carism\u00e1tico, y considera su importancia. Dios sigue obrando hoy en el mundo, pero el autor no cree que los poderes milagrosos est\u00e9n ya en manos de hombres y mujeres [&hellip;]<\/p>\n","protected":false},"featured_media":9808,"comment_status":"open","ping_status":"closed","template":"","meta":[],"product_brand":[],"product_cat":[1270],"product_tag":[4681,3045],"class_list":{"0":"post-886","1":"product","2":"type-product","3":"status-publish","4":"has-post-thumbnail","6":"product_cat-theology","7":"product_tag-observations-on-pentecostalism","8":"product_tag-spiritual-gifts","9":"pa_binding-paperback","10":"pa_class-sp","11":"pa_format-book","12":"pa_isbn-5123","13":"pa_language-spanish","14":"pa_original-pub-date-1273","15":"pa_page-count-2512","16":"pa_recent-pub-date-apr-1-1990","17":"pa_recent-pub-date-year-6040","18":"pa_scripture-whole-bible","19":"pa_subtitle-signs-of-the-apostles","20":"pa_theauthor-chantry-walter-j","21":"pa_topic-the-holy-spirit","23":"first","24":"outofstock","25":"purchasable","26":"product-type-simple"},"bundled_by":[],"bundle_stock_status":"outofstock","bundle_stock_quantity":null,"bundle_virtual":false,"bundle_layout":"","bundle_add_to_cart_form_location":"","bundle_editable_in_cart":false,"bundle_sold_individually_context":"","bundle_item_grouping":"","bundle_min_size":"","bundle_max_size":"","bundle_price":[],"bundled_items":[],"bundle_sell_ids":[],"yoast_head":"<!-- This site is optimized with the Yoast SEO Premium plugin v27.3 (Yoast SEO v27.3) - https:\/\/yoast.com\/product\/yoast-seo-premium-wordpress\/ -->\n<title>Senales De Los Apostoles- Observaciones Sobre El Pentecostalismo Antiguo Y Moderno - Banner of Truth UK<\/title>\n<meta name=\"robots\" content=\"index, follow, max-snippet:-1, max-image-preview:large, max-video-preview:-1\" \/>\n<link rel=\"canonical\" href=\"https:\/\/banneroftruth.org\/uk\/store\/theology\/senales-de-los-apostoles-observaciones-sobre-el-pentecostalismo-antiguo-y-moderno\/\" \/>\n<meta property=\"og:locale\" content=\"en_GB\" \/>\n<meta property=\"og:type\" content=\"article\" \/>\n<meta property=\"og:title\" content=\"Senales De Los Apostoles- Observaciones Sobre El Pentecostalismo Antiguo Y Moderno\" \/>\n<meta property=\"og:description\" content=\"Book Description \u00bfC\u00f3mo debe valorar el creyente las afirmaciones actuales acerca de los dones espirituales? En este libro Walter Chantry describe la propagaci\u00f3n mundial del movimiento carism\u00e1tico, y considera su importancia. Dios sigue obrando hoy en el mundo, pero el autor no cree que los poderes milagrosos est\u00e9n ya en manos de hombres y mujeres [&hellip;]\" \/>\n<meta property=\"og:url\" content=\"https:\/\/banneroftruth.org\/uk\/store\/theology\/senales-de-los-apostoles-observaciones-sobre-el-pentecostalismo-antiguo-y-moderno\/\" \/>\n<meta property=\"og:site_name\" content=\"Banner of Truth UK\" \/>\n<meta property=\"article:publisher\" content=\"https:\/\/www.facebook.com\/TheBannerofTruth\" \/>\n<meta property=\"article:modified_time\" content=\"2020-11-17T12:53:52+00:00\" \/>\n<meta property=\"og:image\" content=\"https:\/\/banneroftruth.org\/uk\/wp-content\/uploads\/sites\/6\/2013\/01\/SenalesDeLosApostoles_FINAL.jpg\" \/>\n\t<meta property=\"og:image:width\" content=\"1332\" \/>\n\t<meta property=\"og:image:height\" content=\"2137\" \/>\n\t<meta property=\"og:image:type\" content=\"image\/jpeg\" \/>\n<meta name=\"twitter:card\" content=\"summary_large_image\" \/>\n<meta name=\"twitter:site\" content=\"@Banneroftruth\" \/>\n<meta name=\"twitter:label1\" content=\"Price\" \/>\n\t<meta name=\"twitter:data1\" content=\"&pound;2.50\" \/>\n\t<meta name=\"twitter:label2\" content=\"Availability\" \/>\n\t<meta name=\"twitter:data2\" content=\"Out of stock\" \/>\n<script type=\"application\/ld+json\" class=\"yoast-schema-graph\">{\"@context\":\"https:\\\/\\\/schema.org\",\"@graph\":[{\"@type\":\"WebPage\",\"@id\":\"https:\\\/\\\/banneroftruth.org\\\/uk\\\/store\\\/theology\\\/senales-de-los-apostoles-observaciones-sobre-el-pentecostalismo-antiguo-y-moderno\\\/\",\"url\":\"https:\\\/\\\/banneroftruth.org\\\/uk\\\/store\\\/theology\\\/senales-de-los-apostoles-observaciones-sobre-el-pentecostalismo-antiguo-y-moderno\\\/\",\"name\":\"Senales De Los Apostoles- Observaciones Sobre El Pentecostalismo Antiguo Y Moderno - Banner of Truth UK\",\"isPartOf\":{\"@id\":\"https:\\\/\\\/banneroftruth.org\\\/uk\\\/#website\"},\"primaryImageOfPage\":{\"@id\":\"https:\\\/\\\/banneroftruth.org\\\/uk\\\/store\\\/theology\\\/senales-de-los-apostoles-observaciones-sobre-el-pentecostalismo-antiguo-y-moderno\\\/#primaryimage\"},\"image\":{\"@id\":\"https:\\\/\\\/banneroftruth.org\\\/uk\\\/store\\\/theology\\\/senales-de-los-apostoles-observaciones-sobre-el-pentecostalismo-antiguo-y-moderno\\\/#primaryimage\"},\"thumbnailUrl\":\"https:\\\/\\\/banneroftruth.org\\\/uk\\\/wp-content\\\/uploads\\\/sites\\\/6\\\/2013\\\/01\\\/SenalesDeLosApostoles_FINAL.jpg\",\"datePublished\":\"2013-01-30T17:38:59+00:00\",\"dateModified\":\"2020-11-17T12:53:52+00:00\",\"breadcrumb\":{\"@id\":\"https:\\\/\\\/banneroftruth.org\\\/uk\\\/store\\\/theology\\\/senales-de-los-apostoles-observaciones-sobre-el-pentecostalismo-antiguo-y-moderno\\\/#breadcrumb\"},\"inLanguage\":\"en-GB\",\"potentialAction\":[{\"@type\":\"ReadAction\",\"target\":[\"https:\\\/\\\/banneroftruth.org\\\/uk\\\/store\\\/theology\\\/senales-de-los-apostoles-observaciones-sobre-el-pentecostalismo-antiguo-y-moderno\\\/\"]}]},{\"@type\":\"ImageObject\",\"inLanguage\":\"en-GB\",\"@id\":\"https:\\\/\\\/banneroftruth.org\\\/uk\\\/store\\\/theology\\\/senales-de-los-apostoles-observaciones-sobre-el-pentecostalismo-antiguo-y-moderno\\\/#primaryimage\",\"url\":\"https:\\\/\\\/banneroftruth.org\\\/uk\\\/wp-content\\\/uploads\\\/sites\\\/6\\\/2013\\\/01\\\/SenalesDeLosApostoles_FINAL.jpg\",\"contentUrl\":\"https:\\\/\\\/banneroftruth.org\\\/uk\\\/wp-content\\\/uploads\\\/sites\\\/6\\\/2013\\\/01\\\/SenalesDeLosApostoles_FINAL.jpg\",\"width\":1332,\"height\":2137},{\"@type\":\"BreadcrumbList\",\"@id\":\"https:\\\/\\\/banneroftruth.org\\\/uk\\\/store\\\/theology\\\/senales-de-los-apostoles-observaciones-sobre-el-pentecostalismo-antiguo-y-moderno\\\/#breadcrumb\",\"itemListElement\":[{\"@type\":\"ListItem\",\"position\":1,\"name\":\"Home\",\"item\":\"https:\\\/\\\/banneroftruth.org\\\/uk\\\/\"},{\"@type\":\"ListItem\",\"position\":2,\"name\":\"Store\",\"item\":\"https:\\\/\\\/banneroftruth.org\\\/uk\\\/store\\\/\"},{\"@type\":\"ListItem\",\"position\":3,\"name\":\"Senales De Los Apostoles- Observaciones Sobre El Pentecostalismo Antiguo Y Moderno\"}]},{\"@type\":\"WebSite\",\"@id\":\"https:\\\/\\\/banneroftruth.org\\\/uk\\\/#website\",\"url\":\"https:\\\/\\\/banneroftruth.org\\\/uk\\\/\",\"name\":\"Banner of Truth UK\",\"description\":\"Christian Publisher of Reformed &amp; Puritan Books\",\"publisher\":{\"@id\":\"https:\\\/\\\/banneroftruth.org\\\/uk\\\/#organization\"},\"potentialAction\":[{\"@type\":\"SearchAction\",\"target\":{\"@type\":\"EntryPoint\",\"urlTemplate\":\"https:\\\/\\\/banneroftruth.org\\\/uk\\\/?s={search_term_string}\"},\"query-input\":{\"@type\":\"PropertyValueSpecification\",\"valueRequired\":true,\"valueName\":\"search_term_string\"}}],\"inLanguage\":\"en-GB\"},{\"@type\":\"Organization\",\"@id\":\"https:\\\/\\\/banneroftruth.org\\\/uk\\\/#organization\",\"name\":\"Banner of Truth UK\",\"url\":\"https:\\\/\\\/banneroftruth.org\\\/uk\\\/\",\"logo\":{\"@type\":\"ImageObject\",\"inLanguage\":\"en-GB\",\"@id\":\"https:\\\/\\\/banneroftruth.org\\\/uk\\\/#\\\/schema\\\/logo\\\/image\\\/\",\"url\":\"https:\\\/\\\/banneroftruth.org\\\/uk\\\/wp-content\\\/uploads\\\/sites\\\/6\\\/2021\\\/04\\\/logo_and_text_Jun2015.png\",\"contentUrl\":\"https:\\\/\\\/banneroftruth.org\\\/uk\\\/wp-content\\\/uploads\\\/sites\\\/6\\\/2021\\\/04\\\/logo_and_text_Jun2015.png\",\"width\":377,\"height\":132,\"caption\":\"Banner of Truth UK\"},\"image\":{\"@id\":\"https:\\\/\\\/banneroftruth.org\\\/uk\\\/#\\\/schema\\\/logo\\\/image\\\/\"},\"sameAs\":[\"https:\\\/\\\/www.facebook.com\\\/TheBannerofTruth\",\"https:\\\/\\\/x.com\\\/Banneroftruth\",\"https:\\\/\\\/www.instagram.com\\\/banneroftruth\\\/?hl=en\"]}]}<\/script>\n<meta property=\"product:price:amount\" content=\"2.50\" \/>\n<meta property=\"product:price:currency\" content=\"GBP\" \/>\n<meta property=\"og:availability\" content=\"out of stock\" \/>\n<meta property=\"product:availability\" content=\"out of stock\" \/>\n<meta property=\"product:retailer_item_id\" content=\"9780851515731\" \/>\n<meta property=\"product:condition\" content=\"new\" \/>\n<!-- \/ Yoast SEO Premium plugin. -->","yoast_head_json":{"title":"Senales De Los Apostoles- Observaciones Sobre El Pentecostalismo Antiguo Y Moderno - Banner of Truth UK","robots":{"index":"index","follow":"follow","max-snippet":"max-snippet:-1","max-image-preview":"max-image-preview:large","max-video-preview":"max-video-preview:-1"},"canonical":"https:\/\/banneroftruth.org\/uk\/store\/theology\/senales-de-los-apostoles-observaciones-sobre-el-pentecostalismo-antiguo-y-moderno\/","og_locale":"en_GB","og_type":"article","og_title":"Senales De Los Apostoles- Observaciones Sobre El Pentecostalismo Antiguo Y Moderno","og_description":"Book Description \u00bfC\u00f3mo debe valorar el creyente las afirmaciones actuales acerca de los dones espirituales? En este libro Walter Chantry describe la propagaci\u00f3n mundial del movimiento carism\u00e1tico, y considera su importancia. Dios sigue obrando hoy en el mundo, pero el autor no cree que los poderes milagrosos est\u00e9n ya en manos de hombres y mujeres [&hellip;]","og_url":"https:\/\/banneroftruth.org\/uk\/store\/theology\/senales-de-los-apostoles-observaciones-sobre-el-pentecostalismo-antiguo-y-moderno\/","og_site_name":"Banner of Truth UK","article_publisher":"https:\/\/www.facebook.com\/TheBannerofTruth","article_modified_time":"2020-11-17T12:53:52+00:00","og_image":[{"width":1332,"height":2137,"url":"https:\/\/banneroftruth.org\/uk\/wp-content\/uploads\/sites\/6\/2013\/01\/SenalesDeLosApostoles_FINAL.jpg","type":"image\/jpeg"}],"twitter_card":"summary_large_image","twitter_site":"@Banneroftruth","twitter_misc":{"Price":"&pound;2.50","Availability":"Out of stock"},"schema":{"@context":"https:\/\/schema.org","@graph":[{"@type":"WebPage","@id":"https:\/\/banneroftruth.org\/uk\/store\/theology\/senales-de-los-apostoles-observaciones-sobre-el-pentecostalismo-antiguo-y-moderno\/","url":"https:\/\/banneroftruth.org\/uk\/store\/theology\/senales-de-los-apostoles-observaciones-sobre-el-pentecostalismo-antiguo-y-moderno\/","name":"Senales De Los Apostoles- Observaciones Sobre El Pentecostalismo Antiguo Y Moderno - Banner of Truth UK","isPartOf":{"@id":"https:\/\/banneroftruth.org\/uk\/#website"},"primaryImageOfPage":{"@id":"https:\/\/banneroftruth.org\/uk\/store\/theology\/senales-de-los-apostoles-observaciones-sobre-el-pentecostalismo-antiguo-y-moderno\/#primaryimage"},"image":{"@id":"https:\/\/banneroftruth.org\/uk\/store\/theology\/senales-de-los-apostoles-observaciones-sobre-el-pentecostalismo-antiguo-y-moderno\/#primaryimage"},"thumbnailUrl":"https:\/\/banneroftruth.org\/uk\/wp-content\/uploads\/sites\/6\/2013\/01\/SenalesDeLosApostoles_FINAL.jpg","datePublished":"2013-01-30T17:38:59+00:00","dateModified":"2020-11-17T12:53:52+00:00","breadcrumb":{"@id":"https:\/\/banneroftruth.org\/uk\/store\/theology\/senales-de-los-apostoles-observaciones-sobre-el-pentecostalismo-antiguo-y-moderno\/#breadcrumb"},"inLanguage":"en-GB","potentialAction":[{"@type":"ReadAction","target":["https:\/\/banneroftruth.org\/uk\/store\/theology\/senales-de-los-apostoles-observaciones-sobre-el-pentecostalismo-antiguo-y-moderno\/"]}]},{"@type":"ImageObject","inLanguage":"en-GB","@id":"https:\/\/banneroftruth.org\/uk\/store\/theology\/senales-de-los-apostoles-observaciones-sobre-el-pentecostalismo-antiguo-y-moderno\/#primaryimage","url":"https:\/\/banneroftruth.org\/uk\/wp-content\/uploads\/sites\/6\/2013\/01\/SenalesDeLosApostoles_FINAL.jpg","contentUrl":"https:\/\/banneroftruth.org\/uk\/wp-content\/uploads\/sites\/6\/2013\/01\/SenalesDeLosApostoles_FINAL.jpg","width":1332,"height":2137},{"@type":"BreadcrumbList","@id":"https:\/\/banneroftruth.org\/uk\/store\/theology\/senales-de-los-apostoles-observaciones-sobre-el-pentecostalismo-antiguo-y-moderno\/#breadcrumb","itemListElement":[{"@type":"ListItem","position":1,"name":"Home","item":"https:\/\/banneroftruth.org\/uk\/"},{"@type":"ListItem","position":2,"name":"Store","item":"https:\/\/banneroftruth.org\/uk\/store\/"},{"@type":"ListItem","position":3,"name":"Senales De Los Apostoles- Observaciones Sobre El Pentecostalismo Antiguo Y Moderno"}]},{"@type":"WebSite","@id":"https:\/\/banneroftruth.org\/uk\/#website","url":"https:\/\/banneroftruth.org\/uk\/","name":"Banner of Truth UK","description":"Christian Publisher of Reformed &amp; Puritan Books","publisher":{"@id":"https:\/\/banneroftruth.org\/uk\/#organization"},"potentialAction":[{"@type":"SearchAction","target":{"@type":"EntryPoint","urlTemplate":"https:\/\/banneroftruth.org\/uk\/?s={search_term_string}"},"query-input":{"@type":"PropertyValueSpecification","valueRequired":true,"valueName":"search_term_string"}}],"inLanguage":"en-GB"},{"@type":"Organization","@id":"https:\/\/banneroftruth.org\/uk\/#organization","name":"Banner of Truth UK","url":"https:\/\/banneroftruth.org\/uk\/","logo":{"@type":"ImageObject","inLanguage":"en-GB","@id":"https:\/\/banneroftruth.org\/uk\/#\/schema\/logo\/image\/","url":"https:\/\/banneroftruth.org\/uk\/wp-content\/uploads\/sites\/6\/2021\/04\/logo_and_text_Jun2015.png","contentUrl":"https:\/\/banneroftruth.org\/uk\/wp-content\/uploads\/sites\/6\/2021\/04\/logo_and_text_Jun2015.png","width":377,"height":132,"caption":"Banner of Truth UK"},"image":{"@id":"https:\/\/banneroftruth.org\/uk\/#\/schema\/logo\/image\/"},"sameAs":["https:\/\/www.facebook.com\/TheBannerofTruth","https:\/\/x.com\/Banneroftruth","https:\/\/www.instagram.com\/banneroftruth\/?hl=en"]}]},"product_price_amount":"2.50","product_price_currency":"GBP","og_availability":"out of stock","product_availability":"out of stock","product_retailer_item_id":"9780851515731","product_condition":"new"},"_links":{"self":[{"href":"https:\/\/banneroftruth.org\/uk\/wp-json\/wp\/v2\/product\/886","targetHints":{"allow":["GET"]}}],"collection":[{"href":"https:\/\/banneroftruth.org\/uk\/wp-json\/wp\/v2\/product"}],"about":[{"href":"https:\/\/banneroftruth.org\/uk\/wp-json\/wp\/v2\/types\/product"}],"replies":[{"embeddable":true,"href":"https:\/\/banneroftruth.org\/uk\/wp-json\/wp\/v2\/comments?post=886"}],"wp:featuredmedia":[{"embeddable":true,"href":"https:\/\/banneroftruth.org\/uk\/wp-json\/wp\/v2\/media\/9808"}],"wp:attachment":[{"href":"https:\/\/banneroftruth.org\/uk\/wp-json\/wp\/v2\/media?parent=886"}],"wp:term":[{"taxonomy":"product_brand","embeddable":true,"href":"https:\/\/banneroftruth.org\/uk\/wp-json\/wp\/v2\/product_brand?post=886"},{"taxonomy":"product_cat","embeddable":true,"href":"https:\/\/banneroftruth.org\/uk\/wp-json\/wp\/v2\/product_cat?post=886"},{"taxonomy":"product_tag","embeddable":true,"href":"https:\/\/banneroftruth.org\/uk\/wp-json\/wp\/v2\/product_tag?post=886"}],"curies":[{"name":"wp","href":"https:\/\/api.w.org\/{rel}","templated":true}]}}