{"id":91249,"date":"2021-12-20T21:29:22","date_gmt":"2021-12-20T21:29:22","guid":{"rendered":"https:\/\/\/uk\/store\/uncategorized\/la-fe-que-confesamos-2\/"},"modified":"2025-12-24T00:30:14","modified_gmt":"2025-12-24T00:30:14","slug":"la-fe-que-confesamos","status":"publish","type":"product","link":"https:\/\/banneroftruth.org\/uk\/store\/new-release\/la-fe-que-confesamos\/","title":{"rendered":"La Fe Que Confesamos"},"content":{"rendered":"<p>NEW RELEASE<\/p>\n<h2>Descripci\u00f3n del libro (Book Description)<\/h2>\n<p>En La Fe que Confesamos, Chad Van Dixhoorn ofrece una mirada fresca de un estamento cl\u00e1sico de la fe reformada. Este trabajo accesible, b\u00edblico y reflexivo digiere a\u00f1os de estudio y ense\u00f1anza en secciones peque\u00f1as. La Fe que Confesamos, al desafiar nuestros corazones y mentes, espera edificar e instruir tanto a audiencias generales como avanzadas, tal como los autores de la Confesi\u00f3n de Fe de Westminster seguramente esperaron que su magnum opus lo hiciera.<\/p>\n<p>&nbsp;<\/p>\n<h3 id=\"toctoggle\">Table of Contents <a class=\"button\" href=\"#toc\">Expand \u2193<\/a><\/h3>\n<div id=\"toc\" class=\"table-of-contents\">\n<table style=\"height: 296px\" width=\"826\">\n<tbody>\n<tr>\n<td><\/td>\n<td><em><em>Pr<\/em>\u00f3logo<\/em><\/td>\n<td>ix<\/td>\n<\/tr>\n<tr>\n<td><\/td>\n<td><em>Prefacio<\/em><\/td>\n<td>xiii<\/td>\n<\/tr>\n<tr>\n<td><\/td>\n<td><em>Prefacio a la edici\u00f3n en castellano<\/em><\/td>\n<td>xvii<\/td>\n<\/tr>\n<tr>\n<td><\/td>\n<td><em>Agradecimientos<\/em><\/td>\n<td>xix<\/td>\n<\/tr>\n<tr>\n<td><\/td>\n<td><em>Introducci\u00f3n<\/em><\/td>\n<td>xxi<\/td>\n<\/tr>\n<tr>\n<td><\/td>\n<td><em>Abreviaturas<\/em><\/td>\n<td>xxix<\/td>\n<\/tr>\n<tr>\n<td><\/td>\n<td>FUNDAMENTOS<\/td>\n<td><\/td>\n<\/tr>\n<tr>\n<td><\/td>\n<td>Cap\u00edtulo 1: De las Santas Escrituras<\/td>\n<td>3<\/td>\n<\/tr>\n<tr>\n<td><\/td>\n<td>Cap\u00edtulo 2: De Dios y de la Santa Trinidad<\/td>\n<td>29<\/td>\n<\/tr>\n<tr>\n<td><\/td>\n<td>LOS DECRETOS DE DIOS<\/td>\n<td><\/td>\n<\/tr>\n<tr>\n<td><\/td>\n<td>Cap\u00edtulo 3: Del decreto eterno de Dios<\/td>\n<td>43<\/td>\n<\/tr>\n<tr>\n<td><\/td>\n<td>Cap\u00edtulo 4: De la creaci\u00f3n<\/td>\n<td>61<\/td>\n<\/tr>\n<tr>\n<td><\/td>\n<td>Cap\u00edtulo 5: De la providencia<\/td>\n<td>69<\/td>\n<\/tr>\n<tr>\n<td><\/td>\n<td>EL PECADO Y EL SALVADOR<\/td>\n<td><\/td>\n<\/tr>\n<tr>\n<td><\/td>\n<td>Cap\u00edtulo 6: De la ca\u00edda del hombre, del pecado y su castigo<\/td>\n<td>87<\/td>\n<\/tr>\n<tr>\n<td><\/td>\n<td>Cap\u00edtulo 7: Del pacto de Dios con el hombre<\/td>\n<td>101<\/td>\n<\/tr>\n<tr>\n<td><\/td>\n<td>Cap\u00edtulo 8: De Cristo el Mediador<\/td>\n<td>113<\/td>\n<\/tr>\n<tr>\n<td><\/td>\n<td>LA SALVACI\u00d3N<\/td>\n<td><\/td>\n<\/tr>\n<tr>\n<td><\/td>\n<td>Cap\u00edtulo 9: Del libre albedr\u00edo<\/td>\n<td>141<\/td>\n<\/tr>\n<tr>\n<td><\/td>\n<td>Cap\u00edtulo 10: Del llamamiento eficaz<\/td>\n<td>151<\/td>\n<\/tr>\n<tr>\n<td><\/td>\n<td>Cap\u00edtulo 11: De la justificaci\u00f3n<\/td>\n<td>165<\/td>\n<\/tr>\n<tr>\n<td><\/td>\n<td>Cap\u00edtulo 12: De la adopci\u00f3n<\/td>\n<td>179<\/td>\n<\/tr>\n<tr>\n<td><\/td>\n<td>Cap\u00edtulo 13: De la santificaci\u00f3n<\/td>\n<td>185<\/td>\n<\/tr>\n<tr>\n<td><\/td>\n<td>Cap\u00edtulo 14: De la fe salvadora<\/td>\n<td>195<\/td>\n<\/tr>\n<tr>\n<td><\/td>\n<td>Cap\u00edtulo 15: Del arrepentimiento para vida<\/td>\n<td>205<\/td>\n<\/tr>\n<tr>\n<td><\/td>\n<td>Cap\u00edtulo 16: De las buenas obras<\/td>\n<td>217<\/td>\n<\/tr>\n<tr>\n<td><\/td>\n<td>Cap\u00edtulo 17: De la perseverancia de los santos<\/td>\n<td>233<\/td>\n<\/tr>\n<tr>\n<td><\/td>\n<td>Cap\u00edtulo 18: De la seguridad de la gracia y de la salvaci\u00f3n<\/td>\n<td>241<\/td>\n<\/tr>\n<tr>\n<td><\/td>\n<td>LA LEY Y LA LIBERTAD<\/td>\n<td><\/td>\n<\/tr>\n<tr>\n<td><\/td>\n<td>Cap\u00edtulo 19: De la ley de Dios<\/td>\n<td>255<\/td>\n<\/tr>\n<tr>\n<td><\/td>\n<td>Cap\u00edtulo 20: De la libertad cristiana y de la libertad de conciencia<\/td>\n<td>277<\/td>\n<\/tr>\n<tr>\n<td><\/td>\n<td>LA ADORACI\u00d3N<\/td>\n<td><\/td>\n<\/tr>\n<tr>\n<td><\/td>\n<td>Cap\u00edtulo 21: De la adoraci\u00f3n religiosa y del d\u00eda de reposo<\/td>\n<td>293<\/td>\n<\/tr>\n<tr>\n<td><\/td>\n<td>Cap\u00edtulo 22: De los juramentos y de los votos l\u00edcitos<\/td>\n<td>315<\/td>\n<\/tr>\n<tr>\n<td><\/td>\n<td>EL GOBIERNO CIVIL Y LA FAMILIA<\/td>\n<td><\/td>\n<\/tr>\n<tr>\n<td><\/td>\n<td>Cap\u00edtulo 23: De los gobernantes civiles<\/td>\n<td>327<\/td>\n<\/tr>\n<tr>\n<td><\/td>\n<td>Cap\u00edtulo 24: Del matrimonio y del divorcio<\/td>\n<td>343<\/td>\n<\/tr>\n<tr>\n<td><\/td>\n<td>LA IGLESIA<\/td>\n<td><\/td>\n<\/tr>\n<tr>\n<td><\/td>\n<td>Cap\u00edtulo 25: De la Iglesia<\/td>\n<td>355<\/td>\n<\/tr>\n<tr>\n<td><\/td>\n<td>Cap\u00edtulo 26: De la comuni\u00f3n de los santos<\/td>\n<td>369<\/td>\n<\/tr>\n<tr>\n<td><\/td>\n<td>Cap\u00edtulo 27: De los sacramentos<\/td>\n<td>377<\/td>\n<\/tr>\n<tr>\n<td><\/td>\n<td>Cap\u00edtulo 28: Del bautismo<\/td>\n<td>387<\/td>\n<\/tr>\n<tr>\n<td><\/td>\n<td>Cap\u00edtulo 29: De la cena del Se\u00f1or<\/td>\n<td>405<\/td>\n<\/tr>\n<tr>\n<td><\/td>\n<td>Cap\u00edtulo 30: De la disciplina eclesi\u00e1stica<\/td>\n<td>423<\/td>\n<\/tr>\n<tr>\n<td><\/td>\n<td>Cap\u00edtulo 31: De los s\u00ednodos y concilios<\/td>\n<td>431<\/td>\n<\/tr>\n<tr>\n<td><\/td>\n<td>LA CONSUMACI\u00d3N<\/td>\n<td><\/td>\n<\/tr>\n<tr>\n<td><\/td>\n<td>Cap\u00edtulo 32: Del estado del hombre despu\u00e9s de la muerte, y de la resurrecci\u00f3n de los muertos<\/td>\n<td>447<\/td>\n<\/tr>\n<tr>\n<td><\/td>\n<td>Cap\u00edtulo 33: Del juicio final<\/td>\n<td>457<\/td>\n<\/tr>\n<tr>\n<td><\/td>\n<td><em>\u00cdndice general<\/em><\/td>\n<td>467<\/td>\n<\/tr>\n<\/tbody>\n<\/table>\n<p>&nbsp;<\/p>\n<\/div>\n","protected":false},"excerpt":{"rendered":"<p>NEW RELEASE Descripci\u00f3n del libro (Book Description) En La Fe que Confesamos, Chad Van Dixhoorn ofrece una mirada fresca de un estamento cl\u00e1sico de la fe reformada. Este trabajo accesible, b\u00edblico y reflexivo digiere a\u00f1os de estudio y ense\u00f1anza en secciones peque\u00f1as. La Fe que Confesamos, al desafiar nuestros corazones y mentes, espera edificar e [&hellip;]<\/p>\n","protected":false},"featured_media":128255,"comment_status":"open","ping_status":"closed","template":"","meta":[],"product_brand":[],"product_cat":[11658,13501],"product_tag":[5595,20311,20502,1734],"class_list":{"0":"post-91249","1":"product","2":"type-product","3":"status-publish","4":"has-post-thumbnail","6":"product_cat-new-release","7":"product_cat-theology-books","8":"product_tag-ebooks","9":"product_tag-new-ebook-titles","10":"product_tag-ebook-released-202501","11":"product_tag-new-releases","12":"pa_binding-ebook","13":"pa_binding-paperback","14":"pa_binding-paperback-ebook","15":"pa_format-book","16":"pa_isbn-19930","17":"pa_language-spanish","18":"pa_original-pub-date-2014-english","19":"pa_page-count-3126","20":"pa_recent-pub-date-2022-spanish","21":"pa_recent-pub-date-year-19931","22":"pa_subtitle-confessing-the-faith","23":"pa_theauthor-van-dixhoorn1","25":"first","26":"instock","27":"purchasable","28":"product-type-variable","29":"has-default-attributes"},"bundled_by":[],"bundle_stock_status":"instock","bundle_stock_quantity":null,"bundle_virtual":false,"bundle_layout":"","bundle_add_to_cart_form_location":"","bundle_editable_in_cart":false,"bundle_sold_individually_context":"","bundle_item_grouping":"","bundle_min_size":"","bundle_max_size":"","bundle_price":[],"bundled_items":[],"bundle_sell_ids":[],"yoast_head":"<!-- This site is optimized with the Yoast SEO Premium plugin v27.3 (Yoast SEO v27.3) - https:\/\/yoast.com\/product\/yoast-seo-premium-wordpress\/ -->\n<title>La Fe Que Confesamos - Banner of Truth UK<\/title>\n<meta name=\"robots\" content=\"index, follow, max-snippet:-1, max-image-preview:large, max-video-preview:-1\" \/>\n<link rel=\"canonical\" href=\"https:\/\/banneroftruth.org\/uk\/store\/new-release\/la-fe-que-confesamos\/\" \/>\n<meta property=\"og:locale\" content=\"en_GB\" \/>\n<meta property=\"og:type\" content=\"article\" \/>\n<meta property=\"og:title\" content=\"La Fe Que Confesamos\" \/>\n<meta property=\"og:description\" content=\"NEW RELEASE Descripci\u00f3n del libro (Book Description) En La Fe que Confesamos, Chad Van Dixhoorn ofrece una mirada fresca de un estamento cl\u00e1sico de la fe reformada. Este trabajo accesible, b\u00edblico y reflexivo digiere a\u00f1os de estudio y ense\u00f1anza en secciones peque\u00f1as. La Fe que Confesamos, al desafiar nuestros corazones y mentes, espera edificar e [&hellip;]\" \/>\n<meta property=\"og:url\" content=\"https:\/\/banneroftruth.org\/uk\/store\/new-release\/la-fe-que-confesamos\/\" \/>\n<meta property=\"og:site_name\" content=\"Banner of Truth UK\" \/>\n<meta property=\"article:publisher\" content=\"https:\/\/www.facebook.com\/TheBannerofTruth\" \/>\n<meta property=\"article:modified_time\" content=\"2025-12-24T00:30:14+00:00\" \/>\n<meta property=\"og:image\" content=\"https:\/\/banneroftruth.org\/uk\/wp-content\/uploads\/sites\/6\/2021\/12\/La-Fe_Cover_Spanish_FRONT_RGB.jpg\" \/>\n\t<meta property=\"og:image:width\" content=\"1613\" \/>\n\t<meta property=\"og:image:height\" content=\"2551\" \/>\n\t<meta property=\"og:image:type\" content=\"image\/jpeg\" \/>\n<meta name=\"twitter:card\" content=\"summary_large_image\" \/>\n<meta name=\"twitter:site\" content=\"@Banneroftruth\" \/>\n<meta name=\"twitter:label1\" content=\"Availability\" \/>\n\t<meta name=\"twitter:data1\" content=\"In stock\" \/>\n<script type=\"application\/ld+json\" class=\"yoast-schema-graph\">{\"@context\":\"https:\\\/\\\/schema.org\",\"@graph\":[{\"@type\":\"WebPage\",\"@id\":\"https:\\\/\\\/banneroftruth.org\\\/uk\\\/store\\\/new-release\\\/la-fe-que-confesamos\\\/\",\"url\":\"https:\\\/\\\/banneroftruth.org\\\/uk\\\/store\\\/new-release\\\/la-fe-que-confesamos\\\/\",\"name\":\"La Fe Que Confesamos - Banner of Truth UK\",\"isPartOf\":{\"@id\":\"https:\\\/\\\/banneroftruth.org\\\/uk\\\/#website\"},\"primaryImageOfPage\":{\"@id\":\"https:\\\/\\\/banneroftruth.org\\\/uk\\\/store\\\/new-release\\\/la-fe-que-confesamos\\\/#primaryimage\"},\"image\":{\"@id\":\"https:\\\/\\\/banneroftruth.org\\\/uk\\\/store\\\/new-release\\\/la-fe-que-confesamos\\\/#primaryimage\"},\"thumbnailUrl\":\"https:\\\/\\\/banneroftruth.org\\\/uk\\\/wp-content\\\/uploads\\\/sites\\\/6\\\/2024\\\/12\\\/9781800401419.jpg\",\"datePublished\":\"2021-12-20T21:29:22+00:00\",\"dateModified\":\"2025-12-24T00:30:14+00:00\",\"breadcrumb\":{\"@id\":\"https:\\\/\\\/banneroftruth.org\\\/uk\\\/store\\\/new-release\\\/la-fe-que-confesamos\\\/#breadcrumb\"},\"inLanguage\":\"en-GB\",\"potentialAction\":[{\"@type\":\"ReadAction\",\"target\":[\"https:\\\/\\\/banneroftruth.org\\\/uk\\\/store\\\/new-release\\\/la-fe-que-confesamos\\\/\"]}]},{\"@type\":\"ImageObject\",\"inLanguage\":\"en-GB\",\"@id\":\"https:\\\/\\\/banneroftruth.org\\\/uk\\\/store\\\/new-release\\\/la-fe-que-confesamos\\\/#primaryimage\",\"url\":\"https:\\\/\\\/banneroftruth.org\\\/uk\\\/wp-content\\\/uploads\\\/sites\\\/6\\\/2024\\\/12\\\/9781800401419.jpg\",\"contentUrl\":\"https:\\\/\\\/banneroftruth.org\\\/uk\\\/wp-content\\\/uploads\\\/sites\\\/6\\\/2024\\\/12\\\/9781800401419.jpg\",\"width\":1613,\"height\":2551},{\"@type\":\"BreadcrumbList\",\"@id\":\"https:\\\/\\\/banneroftruth.org\\\/uk\\\/store\\\/new-release\\\/la-fe-que-confesamos\\\/#breadcrumb\",\"itemListElement\":[{\"@type\":\"ListItem\",\"position\":1,\"name\":\"Home\",\"item\":\"https:\\\/\\\/banneroftruth.org\\\/uk\\\/\"},{\"@type\":\"ListItem\",\"position\":2,\"name\":\"Store\",\"item\":\"https:\\\/\\\/banneroftruth.org\\\/uk\\\/store\\\/\"},{\"@type\":\"ListItem\",\"position\":3,\"name\":\"La Fe Que Confesamos\"}]},{\"@type\":\"WebSite\",\"@id\":\"https:\\\/\\\/banneroftruth.org\\\/uk\\\/#website\",\"url\":\"https:\\\/\\\/banneroftruth.org\\\/uk\\\/\",\"name\":\"Banner of Truth UK\",\"description\":\"Christian Publisher of Reformed &amp; Puritan Books\",\"publisher\":{\"@id\":\"https:\\\/\\\/banneroftruth.org\\\/uk\\\/#organization\"},\"potentialAction\":[{\"@type\":\"SearchAction\",\"target\":{\"@type\":\"EntryPoint\",\"urlTemplate\":\"https:\\\/\\\/banneroftruth.org\\\/uk\\\/?s={search_term_string}\"},\"query-input\":{\"@type\":\"PropertyValueSpecification\",\"valueRequired\":true,\"valueName\":\"search_term_string\"}}],\"inLanguage\":\"en-GB\"},{\"@type\":\"Organization\",\"@id\":\"https:\\\/\\\/banneroftruth.org\\\/uk\\\/#organization\",\"name\":\"Banner of Truth UK\",\"url\":\"https:\\\/\\\/banneroftruth.org\\\/uk\\\/\",\"logo\":{\"@type\":\"ImageObject\",\"inLanguage\":\"en-GB\",\"@id\":\"https:\\\/\\\/banneroftruth.org\\\/uk\\\/#\\\/schema\\\/logo\\\/image\\\/\",\"url\":\"https:\\\/\\\/banneroftruth.org\\\/uk\\\/wp-content\\\/uploads\\\/sites\\\/6\\\/2021\\\/04\\\/logo_and_text_Jun2015.png\",\"contentUrl\":\"https:\\\/\\\/banneroftruth.org\\\/uk\\\/wp-content\\\/uploads\\\/sites\\\/6\\\/2021\\\/04\\\/logo_and_text_Jun2015.png\",\"width\":377,\"height\":132,\"caption\":\"Banner of Truth UK\"},\"image\":{\"@id\":\"https:\\\/\\\/banneroftruth.org\\\/uk\\\/#\\\/schema\\\/logo\\\/image\\\/\"},\"sameAs\":[\"https:\\\/\\\/www.facebook.com\\\/TheBannerofTruth\",\"https:\\\/\\\/x.com\\\/Banneroftruth\",\"https:\\\/\\\/www.instagram.com\\\/banneroftruth\\\/?hl=en\"]}]}<\/script>\n<meta property=\"og:availability\" content=\"instock\" \/>\n<meta property=\"product:availability\" content=\"instock\" \/>\n<meta property=\"product:retailer_item_id\" content=\"9781800401402\" \/>\n<meta property=\"product:condition\" content=\"new\" \/>\n<!-- \/ Yoast SEO Premium plugin. -->","yoast_head_json":{"title":"La Fe Que Confesamos - Banner of Truth UK","robots":{"index":"index","follow":"follow","max-snippet":"max-snippet:-1","max-image-preview":"max-image-preview:large","max-video-preview":"max-video-preview:-1"},"canonical":"https:\/\/banneroftruth.org\/uk\/store\/new-release\/la-fe-que-confesamos\/","og_locale":"en_GB","og_type":"article","og_title":"La Fe Que Confesamos","og_description":"NEW RELEASE Descripci\u00f3n del libro (Book Description) En La Fe que Confesamos, Chad Van Dixhoorn ofrece una mirada fresca de un estamento cl\u00e1sico de la fe reformada. Este trabajo accesible, b\u00edblico y reflexivo digiere a\u00f1os de estudio y ense\u00f1anza en secciones peque\u00f1as. La Fe que Confesamos, al desafiar nuestros corazones y mentes, espera edificar e [&hellip;]","og_url":"https:\/\/banneroftruth.org\/uk\/store\/new-release\/la-fe-que-confesamos\/","og_site_name":"Banner of Truth UK","article_publisher":"https:\/\/www.facebook.com\/TheBannerofTruth","article_modified_time":"2025-12-24T00:30:14+00:00","og_image":[{"width":1613,"height":2551,"url":"https:\/\/banneroftruth.org\/uk\/wp-content\/uploads\/sites\/6\/2021\/12\/La-Fe_Cover_Spanish_FRONT_RGB.jpg","type":"image\/jpeg"}],"twitter_card":"summary_large_image","twitter_site":"@Banneroftruth","twitter_misc":{"Availability":"In stock"},"schema":{"@context":"https:\/\/schema.org","@graph":[{"@type":"WebPage","@id":"https:\/\/banneroftruth.org\/uk\/store\/new-release\/la-fe-que-confesamos\/","url":"https:\/\/banneroftruth.org\/uk\/store\/new-release\/la-fe-que-confesamos\/","name":"La Fe Que Confesamos - Banner of Truth UK","isPartOf":{"@id":"https:\/\/banneroftruth.org\/uk\/#website"},"primaryImageOfPage":{"@id":"https:\/\/banneroftruth.org\/uk\/store\/new-release\/la-fe-que-confesamos\/#primaryimage"},"image":{"@id":"https:\/\/banneroftruth.org\/uk\/store\/new-release\/la-fe-que-confesamos\/#primaryimage"},"thumbnailUrl":"https:\/\/banneroftruth.org\/uk\/wp-content\/uploads\/sites\/6\/2024\/12\/9781800401419.jpg","datePublished":"2021-12-20T21:29:22+00:00","dateModified":"2025-12-24T00:30:14+00:00","breadcrumb":{"@id":"https:\/\/banneroftruth.org\/uk\/store\/new-release\/la-fe-que-confesamos\/#breadcrumb"},"inLanguage":"en-GB","potentialAction":[{"@type":"ReadAction","target":["https:\/\/banneroftruth.org\/uk\/store\/new-release\/la-fe-que-confesamos\/"]}]},{"@type":"ImageObject","inLanguage":"en-GB","@id":"https:\/\/banneroftruth.org\/uk\/store\/new-release\/la-fe-que-confesamos\/#primaryimage","url":"https:\/\/banneroftruth.org\/uk\/wp-content\/uploads\/sites\/6\/2024\/12\/9781800401419.jpg","contentUrl":"https:\/\/banneroftruth.org\/uk\/wp-content\/uploads\/sites\/6\/2024\/12\/9781800401419.jpg","width":1613,"height":2551},{"@type":"BreadcrumbList","@id":"https:\/\/banneroftruth.org\/uk\/store\/new-release\/la-fe-que-confesamos\/#breadcrumb","itemListElement":[{"@type":"ListItem","position":1,"name":"Home","item":"https:\/\/banneroftruth.org\/uk\/"},{"@type":"ListItem","position":2,"name":"Store","item":"https:\/\/banneroftruth.org\/uk\/store\/"},{"@type":"ListItem","position":3,"name":"La Fe Que Confesamos"}]},{"@type":"WebSite","@id":"https:\/\/banneroftruth.org\/uk\/#website","url":"https:\/\/banneroftruth.org\/uk\/","name":"Banner of Truth UK","description":"Christian Publisher of Reformed &amp; Puritan Books","publisher":{"@id":"https:\/\/banneroftruth.org\/uk\/#organization"},"potentialAction":[{"@type":"SearchAction","target":{"@type":"EntryPoint","urlTemplate":"https:\/\/banneroftruth.org\/uk\/?s={search_term_string}"},"query-input":{"@type":"PropertyValueSpecification","valueRequired":true,"valueName":"search_term_string"}}],"inLanguage":"en-GB"},{"@type":"Organization","@id":"https:\/\/banneroftruth.org\/uk\/#organization","name":"Banner of Truth UK","url":"https:\/\/banneroftruth.org\/uk\/","logo":{"@type":"ImageObject","inLanguage":"en-GB","@id":"https:\/\/banneroftruth.org\/uk\/#\/schema\/logo\/image\/","url":"https:\/\/banneroftruth.org\/uk\/wp-content\/uploads\/sites\/6\/2021\/04\/logo_and_text_Jun2015.png","contentUrl":"https:\/\/banneroftruth.org\/uk\/wp-content\/uploads\/sites\/6\/2021\/04\/logo_and_text_Jun2015.png","width":377,"height":132,"caption":"Banner of Truth UK"},"image":{"@id":"https:\/\/banneroftruth.org\/uk\/#\/schema\/logo\/image\/"},"sameAs":["https:\/\/www.facebook.com\/TheBannerofTruth","https:\/\/x.com\/Banneroftruth","https:\/\/www.instagram.com\/banneroftruth\/?hl=en"]}]},"og_availability":"instock","product_availability":"instock","product_retailer_item_id":"9781800401402","product_condition":"new"},"_links":{"self":[{"href":"https:\/\/banneroftruth.org\/uk\/wp-json\/wp\/v2\/product\/91249","targetHints":{"allow":["GET"]}}],"collection":[{"href":"https:\/\/banneroftruth.org\/uk\/wp-json\/wp\/v2\/product"}],"about":[{"href":"https:\/\/banneroftruth.org\/uk\/wp-json\/wp\/v2\/types\/product"}],"replies":[{"embeddable":true,"href":"https:\/\/banneroftruth.org\/uk\/wp-json\/wp\/v2\/comments?post=91249"}],"wp:featuredmedia":[{"embeddable":true,"href":"https:\/\/banneroftruth.org\/uk\/wp-json\/wp\/v2\/media\/128255"}],"wp:attachment":[{"href":"https:\/\/banneroftruth.org\/uk\/wp-json\/wp\/v2\/media?parent=91249"}],"wp:term":[{"taxonomy":"product_brand","embeddable":true,"href":"https:\/\/banneroftruth.org\/uk\/wp-json\/wp\/v2\/product_brand?post=91249"},{"taxonomy":"product_cat","embeddable":true,"href":"https:\/\/banneroftruth.org\/uk\/wp-json\/wp\/v2\/product_cat?post=91249"},{"taxonomy":"product_tag","embeddable":true,"href":"https:\/\/banneroftruth.org\/uk\/wp-json\/wp\/v2\/product_tag?post=91249"}],"curies":[{"name":"wp","href":"https:\/\/api.w.org\/{rel}","templated":true}]}}