{"id":11969,"date":"2013-07-01T12:46:07","date_gmt":"2013-07-01T17:46:07","guid":{"rendered":"http:\/\/new.\/us\/?post_type=product&#038;p=11969"},"modified":"2026-04-08T14:43:26","modified_gmt":"2026-04-08T19:43:26","slug":"cristianismo-autentico-tomo-6-hechos-81-35-sermones-sobre-hechos-de-los-apostles","status":"publish","type":"product","link":"https:\/\/banneroftruth.org\/us\/store\/sermons-and-expositions\/cristianismo-autentico-tomo-6-hechos-81-35-sermones-sobre-hechos-de-los-apostles\/","title":{"rendered":"Cristianismo Aut\u00e9ntico, Tomo 6 Hechos 8:1-35 \u2013 Sermones Sobre Hechos De Los Ap\u00f3stles"},"content":{"rendered":"<h2>Book Description<\/h2>\n<p>En este \u00faltimo volumen de Cristianismo aut\u00e9ntico, el Dr. Martyn Lloyd-Jones muestra la pertinencia para los lectores modernos de los acontecimientos documentados en Hechos 8: 1-35. Aqu\u00ed vemos como la persecuci\u00f3n que surgi\u00f3 tras el martirio de Esteban condujo a una prodigiosa propagaci\u00f3n del evangelio por Samaria y, a trav\u00e9s de la conversi\u00f3n del eunuco et\u00edope, aun hasta \u00c1frica. De esta forma, las palabras que el Se\u00f1or hab\u00eda dirigido a sus disc\u00edpulos, para que fueran testigos suyos &#8220;en Samar\u00eda, y hasta lo \u00faltimo de la tierra&#8221;, comenzaron a cumpl\u00edrse. Estos sermones, predicados entre octubre de 1967 y febrero de 1968, est\u00e1n repletos de certeros an\u00e1lisis acerca de cuestiones como la necesidad humana del evangelio, la obra del Esp\u00edritu, el car\u00e1cter sobrenatural del cristianismo verdadero, el arrepentimiento y la fe, el peligro de una creencia espuria, y el mism\u00edsimo n\u00facleo y coraz\u00f3n del evangelio en los sufrimientos y la muerte de Cristo, tal como los expuso Felipe al et\u00edope.<\/p>\n","protected":false},"excerpt":{"rendered":"<p>Book Description En este \u00faltimo volumen de Cristianismo aut\u00e9ntico, el Dr. Martyn Lloyd-Jones muestra la pertinencia para los lectores modernos de los acontecimientos documentados en Hechos 8: 1-35. Aqu\u00ed vemos como la persecuci\u00f3n que surgi\u00f3 tras el martirio de Esteban condujo a una prodigiosa propagaci\u00f3n del evangelio por Samaria y, a trav\u00e9s de la conversi\u00f3n [&hellip;]<\/p>\n","protected":false},"featured_media":12010,"comment_status":"open","ping_status":"closed","template":"","meta":[],"product_brand":[],"product_cat":[1228],"product_tag":[],"class_list":{"0":"post-11969","1":"product","2":"type-product","3":"status-publish","4":"has-post-thumbnail","6":"product_cat-sermons-and-expositions","7":"pa_binding-paperback","8":"pa_format-book","9":"pa_isbn-5374","10":"pa_language-spanish","11":"pa_original-pub-date-1299","12":"pa_page-count-1732","13":"pa_recent-pub-date-mar-7-2013","14":"pa_scripture-acts","15":"pa_subtitle-acts-81-35","16":"pa_theauthor-lloyd-jones-d-martyn","17":"pa_topic-biblical-studies","19":"first","20":"instock","21":"sale","22":"taxable","23":"shipping-taxable","24":"purchasable","25":"product-type-simple"},"bundled_by":[],"bundle_stock_status":"instock","bundle_stock_quantity":500,"bundle_virtual":false,"bundle_layout":"","bundle_add_to_cart_form_location":"","bundle_editable_in_cart":false,"bundle_sold_individually_context":"","bundle_item_grouping":"","bundle_min_size":"","bundle_max_size":"","bundle_price":[],"bundled_items":[],"bundle_sell_ids":[],"yoast_head":"<!-- This site is optimized with the Yoast SEO Premium plugin v27.3 (Yoast SEO v27.3) - https:\/\/yoast.com\/product\/yoast-seo-premium-wordpress\/ -->\n<title>Cristianismo Aut\u00e9ntico, Tomo 6 Hechos 8:1-35 \u2013 Sermones Sobre Hechos De Los Ap\u00f3stles &#8211; Banner of Truth USA<\/title>\n<meta name=\"description\" content=\"En este \u00faltimo volumen de Cristianismo aut\u00e9ntico, el Dr. Martyn Lloyd-Jones muestra la pertinencia para los lectores modernos de los acontecimientos documentados en Hechos 8: 1-35.\" \/>\n<meta name=\"robots\" content=\"index, follow, max-snippet:-1, max-image-preview:large, max-video-preview:-1\" \/>\n<link rel=\"canonical\" href=\"https:\/\/banneroftruth.org\/us\/store\/sermons-and-expositions\/cristianismo-autentico-tomo-6-hechos-81-35-sermones-sobre-hechos-de-los-apostles\/\" \/>\n<meta property=\"og:locale\" content=\"en_US\" \/>\n<meta property=\"og:type\" content=\"article\" \/>\n<meta property=\"og:title\" content=\"Cristianismo Aut\u00e9ntico, Tomo 6 Hechos 8:1-35 \u2013 Sermones Sobre Hechos De Los Ap\u00f3stles &#8211; Banner of Truth USA\" \/>\n<meta property=\"og:description\" content=\"En este \u00faltimo volumen de Cristianismo aut\u00e9ntico, el Dr. Martyn Lloyd-Jones muestra la pertinencia para los lectores modernos de los acontecimientos documentados en Hechos 8: 1-35.\" \/>\n<meta property=\"og:url\" content=\"https:\/\/banneroftruth.org\/us\/store\/sermons-and-expositions\/cristianismo-autentico-tomo-6-hechos-81-35-sermones-sobre-hechos-de-los-apostles\/\" \/>\n<meta property=\"og:site_name\" content=\"Banner of Truth USA\" \/>\n<meta property=\"article:publisher\" content=\"https:\/\/www.facebook.com\/TheBannerofTruth\" \/>\n<meta property=\"article:modified_time\" content=\"2026-04-08T19:43:26+00:00\" \/>\n<meta property=\"og:image\" content=\"https:\/\/banneroftruth.org\/us\/wp-content\/uploads\/sites\/2\/2013\/07\/CristianismoAut-v6.jpg\" \/>\n\t<meta property=\"og:image:width\" content=\"1517\" \/>\n\t<meta property=\"og:image:height\" content=\"2538\" \/>\n\t<meta property=\"og:image:type\" content=\"image\/jpeg\" \/>\n<meta name=\"twitter:card\" content=\"summary_large_image\" \/>\n<meta name=\"twitter:site\" content=\"@banneroftruth\" \/>\n<meta name=\"twitter:label1\" content=\"Price\" \/>\n\t<meta name=\"twitter:data1\" content=\"&#036;14.40\" \/>\n\t<meta name=\"twitter:label2\" content=\"Availability\" \/>\n\t<meta name=\"twitter:data2\" content=\"In stock\" \/>\n<script type=\"application\/ld+json\" class=\"yoast-schema-graph\">{\"@context\":\"https:\\\/\\\/schema.org\",\"@graph\":[{\"@type\":\"WebPage\",\"@id\":\"https:\\\/\\\/banneroftruth.org\\\/us\\\/store\\\/sermons-and-expositions\\\/cristianismo-autentico-tomo-6-hechos-81-35-sermones-sobre-hechos-de-los-apostles\\\/\",\"url\":\"https:\\\/\\\/banneroftruth.org\\\/us\\\/store\\\/sermons-and-expositions\\\/cristianismo-autentico-tomo-6-hechos-81-35-sermones-sobre-hechos-de-los-apostles\\\/\",\"name\":\"Cristianismo Aut\u00e9ntico, Tomo 6 Hechos 8:1-35 \u2013 Sermones Sobre Hechos De Los Ap\u00f3stles &#8211; Banner of Truth USA\",\"isPartOf\":{\"@id\":\"https:\\\/\\\/banneroftruth.org\\\/us\\\/#website\"},\"primaryImageOfPage\":{\"@id\":\"https:\\\/\\\/banneroftruth.org\\\/us\\\/store\\\/sermons-and-expositions\\\/cristianismo-autentico-tomo-6-hechos-81-35-sermones-sobre-hechos-de-los-apostles\\\/#primaryimage\"},\"image\":{\"@id\":\"https:\\\/\\\/banneroftruth.org\\\/us\\\/store\\\/sermons-and-expositions\\\/cristianismo-autentico-tomo-6-hechos-81-35-sermones-sobre-hechos-de-los-apostles\\\/#primaryimage\"},\"thumbnailUrl\":\"https:\\\/\\\/banneroftruth.org\\\/us\\\/wp-content\\\/uploads\\\/sites\\\/2\\\/2013\\\/07\\\/CristianismoAut-v6.jpg\",\"datePublished\":\"2013-07-01T17:46:07+00:00\",\"dateModified\":\"2026-04-08T19:43:26+00:00\",\"description\":\"En este \u00faltimo volumen de Cristianismo aut\u00e9ntico, el Dr. Martyn Lloyd-Jones muestra la pertinencia para los lectores modernos de los acontecimientos documentados en Hechos 8: 1-35.\",\"breadcrumb\":{\"@id\":\"https:\\\/\\\/banneroftruth.org\\\/us\\\/store\\\/sermons-and-expositions\\\/cristianismo-autentico-tomo-6-hechos-81-35-sermones-sobre-hechos-de-los-apostles\\\/#breadcrumb\"},\"inLanguage\":\"en-US\",\"potentialAction\":[{\"@type\":\"ReadAction\",\"target\":[\"https:\\\/\\\/banneroftruth.org\\\/us\\\/store\\\/sermons-and-expositions\\\/cristianismo-autentico-tomo-6-hechos-81-35-sermones-sobre-hechos-de-los-apostles\\\/\"]}]},{\"@type\":\"ImageObject\",\"inLanguage\":\"en-US\",\"@id\":\"https:\\\/\\\/banneroftruth.org\\\/us\\\/store\\\/sermons-and-expositions\\\/cristianismo-autentico-tomo-6-hechos-81-35-sermones-sobre-hechos-de-los-apostles\\\/#primaryimage\",\"url\":\"https:\\\/\\\/banneroftruth.org\\\/us\\\/wp-content\\\/uploads\\\/sites\\\/2\\\/2013\\\/07\\\/CristianismoAut-v6.jpg\",\"contentUrl\":\"https:\\\/\\\/banneroftruth.org\\\/us\\\/wp-content\\\/uploads\\\/sites\\\/2\\\/2013\\\/07\\\/CristianismoAut-v6.jpg\",\"width\":1517,\"height\":2538,\"caption\":\"Book Cover For 'Cristianismo Autentico'\"},{\"@type\":\"BreadcrumbList\",\"@id\":\"https:\\\/\\\/banneroftruth.org\\\/us\\\/store\\\/sermons-and-expositions\\\/cristianismo-autentico-tomo-6-hechos-81-35-sermones-sobre-hechos-de-los-apostles\\\/#breadcrumb\",\"itemListElement\":[{\"@type\":\"ListItem\",\"position\":1,\"name\":\"Home\",\"item\":\"https:\\\/\\\/banneroftruth.org\\\/us\\\/\"},{\"@type\":\"ListItem\",\"position\":2,\"name\":\"Store\",\"item\":\"https:\\\/\\\/banneroftruth.org\\\/us\\\/store\\\/\"},{\"@type\":\"ListItem\",\"position\":3,\"name\":\"Cristianismo Autentico\"}]},{\"@type\":\"WebSite\",\"@id\":\"https:\\\/\\\/banneroftruth.org\\\/us\\\/#website\",\"url\":\"https:\\\/\\\/banneroftruth.org\\\/us\\\/\",\"name\":\"Banner of Truth USA\",\"description\":\"Christian Publisher of Reformed &amp; Puritan Books\",\"publisher\":{\"@id\":\"https:\\\/\\\/banneroftruth.org\\\/us\\\/#organization\"},\"potentialAction\":[{\"@type\":\"SearchAction\",\"target\":{\"@type\":\"EntryPoint\",\"urlTemplate\":\"https:\\\/\\\/banneroftruth.org\\\/us\\\/?s={search_term_string}\"},\"query-input\":{\"@type\":\"PropertyValueSpecification\",\"valueRequired\":true,\"valueName\":\"search_term_string\"}}],\"inLanguage\":\"en-US\"},{\"@type\":\"Organization\",\"@id\":\"https:\\\/\\\/banneroftruth.org\\\/us\\\/#organization\",\"name\":\"Banner of Truth USA\",\"url\":\"https:\\\/\\\/banneroftruth.org\\\/us\\\/\",\"logo\":{\"@type\":\"ImageObject\",\"inLanguage\":\"en-US\",\"@id\":\"https:\\\/\\\/banneroftruth.org\\\/us\\\/#\\\/schema\\\/logo\\\/image\\\/\",\"url\":\"https:\\\/\\\/banneroftruth.org\\\/us\\\/wp-content\\\/uploads\\\/sites\\\/2\\\/2023\\\/04\\\/Profile-Royal-Blue.png\",\"contentUrl\":\"https:\\\/\\\/banneroftruth.org\\\/us\\\/wp-content\\\/uploads\\\/sites\\\/2\\\/2023\\\/04\\\/Profile-Royal-Blue.png\",\"width\":2048,\"height\":2048,\"caption\":\"Banner of Truth USA\"},\"image\":{\"@id\":\"https:\\\/\\\/banneroftruth.org\\\/us\\\/#\\\/schema\\\/logo\\\/image\\\/\"},\"sameAs\":[\"https:\\\/\\\/www.facebook.com\\\/TheBannerofTruth\",\"https:\\\/\\\/x.com\\\/banneroftruth\",\"https:\\\/\\\/www.instagram.com\\\/banneroftruth\\\/\",\"https:\\\/\\\/www.pinterest.com\\\/banneroftruth\\\/\",\"https:\\\/\\\/www.youtube.com\\\/banneroftruth\"]}]}<\/script>\n<meta property=\"product:price:amount\" content=\"14.40\" \/>\n<meta property=\"product:price:currency\" content=\"USD\" \/>\n<meta property=\"og:availability\" content=\"instock\" \/>\n<meta property=\"product:availability\" content=\"instock\" \/>\n<meta property=\"product:retailer_item_id\" content=\"9781848712355\" \/>\n<meta property=\"product:condition\" content=\"new\" \/>\n<!-- \/ Yoast SEO Premium plugin. -->","yoast_head_json":{"title":"Cristianismo Aut\u00e9ntico, Tomo 6 Hechos 8:1-35 \u2013 Sermones Sobre Hechos De Los Ap\u00f3stles &#8211; Banner of Truth USA","description":"En este \u00faltimo volumen de Cristianismo aut\u00e9ntico, el Dr. Martyn Lloyd-Jones muestra la pertinencia para los lectores modernos de los acontecimientos documentados en Hechos 8: 1-35.","robots":{"index":"index","follow":"follow","max-snippet":"max-snippet:-1","max-image-preview":"max-image-preview:large","max-video-preview":"max-video-preview:-1"},"canonical":"https:\/\/banneroftruth.org\/us\/store\/sermons-and-expositions\/cristianismo-autentico-tomo-6-hechos-81-35-sermones-sobre-hechos-de-los-apostles\/","og_locale":"en_US","og_type":"article","og_title":"Cristianismo Aut\u00e9ntico, Tomo 6 Hechos 8:1-35 \u2013 Sermones Sobre Hechos De Los Ap\u00f3stles &#8211; Banner of Truth USA","og_description":"En este \u00faltimo volumen de Cristianismo aut\u00e9ntico, el Dr. Martyn Lloyd-Jones muestra la pertinencia para los lectores modernos de los acontecimientos documentados en Hechos 8: 1-35.","og_url":"https:\/\/banneroftruth.org\/us\/store\/sermons-and-expositions\/cristianismo-autentico-tomo-6-hechos-81-35-sermones-sobre-hechos-de-los-apostles\/","og_site_name":"Banner of Truth USA","article_publisher":"https:\/\/www.facebook.com\/TheBannerofTruth","article_modified_time":"2026-04-08T19:43:26+00:00","og_image":[{"width":1517,"height":2538,"url":"https:\/\/banneroftruth.org\/us\/wp-content\/uploads\/sites\/2\/2013\/07\/CristianismoAut-v6.jpg","type":"image\/jpeg"}],"twitter_card":"summary_large_image","twitter_site":"@banneroftruth","twitter_misc":{"Price":"&#36;14.40","Availability":"In stock"},"schema":{"@context":"https:\/\/schema.org","@graph":[{"@type":"WebPage","@id":"https:\/\/banneroftruth.org\/us\/store\/sermons-and-expositions\/cristianismo-autentico-tomo-6-hechos-81-35-sermones-sobre-hechos-de-los-apostles\/","url":"https:\/\/banneroftruth.org\/us\/store\/sermons-and-expositions\/cristianismo-autentico-tomo-6-hechos-81-35-sermones-sobre-hechos-de-los-apostles\/","name":"Cristianismo Aut\u00e9ntico, Tomo 6 Hechos 8:1-35 \u2013 Sermones Sobre Hechos De Los Ap\u00f3stles &#8211; Banner of Truth USA","isPartOf":{"@id":"https:\/\/banneroftruth.org\/us\/#website"},"primaryImageOfPage":{"@id":"https:\/\/banneroftruth.org\/us\/store\/sermons-and-expositions\/cristianismo-autentico-tomo-6-hechos-81-35-sermones-sobre-hechos-de-los-apostles\/#primaryimage"},"image":{"@id":"https:\/\/banneroftruth.org\/us\/store\/sermons-and-expositions\/cristianismo-autentico-tomo-6-hechos-81-35-sermones-sobre-hechos-de-los-apostles\/#primaryimage"},"thumbnailUrl":"https:\/\/banneroftruth.org\/us\/wp-content\/uploads\/sites\/2\/2013\/07\/CristianismoAut-v6.jpg","datePublished":"2013-07-01T17:46:07+00:00","dateModified":"2026-04-08T19:43:26+00:00","description":"En este \u00faltimo volumen de Cristianismo aut\u00e9ntico, el Dr. Martyn Lloyd-Jones muestra la pertinencia para los lectores modernos de los acontecimientos documentados en Hechos 8: 1-35.","breadcrumb":{"@id":"https:\/\/banneroftruth.org\/us\/store\/sermons-and-expositions\/cristianismo-autentico-tomo-6-hechos-81-35-sermones-sobre-hechos-de-los-apostles\/#breadcrumb"},"inLanguage":"en-US","potentialAction":[{"@type":"ReadAction","target":["https:\/\/banneroftruth.org\/us\/store\/sermons-and-expositions\/cristianismo-autentico-tomo-6-hechos-81-35-sermones-sobre-hechos-de-los-apostles\/"]}]},{"@type":"ImageObject","inLanguage":"en-US","@id":"https:\/\/banneroftruth.org\/us\/store\/sermons-and-expositions\/cristianismo-autentico-tomo-6-hechos-81-35-sermones-sobre-hechos-de-los-apostles\/#primaryimage","url":"https:\/\/banneroftruth.org\/us\/wp-content\/uploads\/sites\/2\/2013\/07\/CristianismoAut-v6.jpg","contentUrl":"https:\/\/banneroftruth.org\/us\/wp-content\/uploads\/sites\/2\/2013\/07\/CristianismoAut-v6.jpg","width":1517,"height":2538,"caption":"Book Cover For 'Cristianismo Autentico'"},{"@type":"BreadcrumbList","@id":"https:\/\/banneroftruth.org\/us\/store\/sermons-and-expositions\/cristianismo-autentico-tomo-6-hechos-81-35-sermones-sobre-hechos-de-los-apostles\/#breadcrumb","itemListElement":[{"@type":"ListItem","position":1,"name":"Home","item":"https:\/\/banneroftruth.org\/us\/"},{"@type":"ListItem","position":2,"name":"Store","item":"https:\/\/banneroftruth.org\/us\/store\/"},{"@type":"ListItem","position":3,"name":"Cristianismo Autentico"}]},{"@type":"WebSite","@id":"https:\/\/banneroftruth.org\/us\/#website","url":"https:\/\/banneroftruth.org\/us\/","name":"Banner of Truth USA","description":"Christian Publisher of Reformed &amp; Puritan Books","publisher":{"@id":"https:\/\/banneroftruth.org\/us\/#organization"},"potentialAction":[{"@type":"SearchAction","target":{"@type":"EntryPoint","urlTemplate":"https:\/\/banneroftruth.org\/us\/?s={search_term_string}"},"query-input":{"@type":"PropertyValueSpecification","valueRequired":true,"valueName":"search_term_string"}}],"inLanguage":"en-US"},{"@type":"Organization","@id":"https:\/\/banneroftruth.org\/us\/#organization","name":"Banner of Truth USA","url":"https:\/\/banneroftruth.org\/us\/","logo":{"@type":"ImageObject","inLanguage":"en-US","@id":"https:\/\/banneroftruth.org\/us\/#\/schema\/logo\/image\/","url":"https:\/\/banneroftruth.org\/us\/wp-content\/uploads\/sites\/2\/2023\/04\/Profile-Royal-Blue.png","contentUrl":"https:\/\/banneroftruth.org\/us\/wp-content\/uploads\/sites\/2\/2023\/04\/Profile-Royal-Blue.png","width":2048,"height":2048,"caption":"Banner of Truth USA"},"image":{"@id":"https:\/\/banneroftruth.org\/us\/#\/schema\/logo\/image\/"},"sameAs":["https:\/\/www.facebook.com\/TheBannerofTruth","https:\/\/x.com\/banneroftruth","https:\/\/www.instagram.com\/banneroftruth\/","https:\/\/www.pinterest.com\/banneroftruth\/","https:\/\/www.youtube.com\/banneroftruth"]}]},"product_price_amount":"14.40","product_price_currency":"USD","og_availability":"instock","product_availability":"instock","product_retailer_item_id":"9781848712355","product_condition":"new"},"_links":{"self":[{"href":"https:\/\/banneroftruth.org\/us\/wp-json\/wp\/v2\/product\/11969","targetHints":{"allow":["GET"]}}],"collection":[{"href":"https:\/\/banneroftruth.org\/us\/wp-json\/wp\/v2\/product"}],"about":[{"href":"https:\/\/banneroftruth.org\/us\/wp-json\/wp\/v2\/types\/product"}],"replies":[{"embeddable":true,"href":"https:\/\/banneroftruth.org\/us\/wp-json\/wp\/v2\/comments?post=11969"}],"wp:featuredmedia":[{"embeddable":true,"href":"https:\/\/banneroftruth.org\/us\/wp-json\/wp\/v2\/media\/12010"}],"wp:attachment":[{"href":"https:\/\/banneroftruth.org\/us\/wp-json\/wp\/v2\/media?parent=11969"}],"wp:term":[{"taxonomy":"product_brand","embeddable":true,"href":"https:\/\/banneroftruth.org\/us\/wp-json\/wp\/v2\/product_brand?post=11969"},{"taxonomy":"product_cat","embeddable":true,"href":"https:\/\/banneroftruth.org\/us\/wp-json\/wp\/v2\/product_cat?post=11969"},{"taxonomy":"product_tag","embeddable":true,"href":"https:\/\/banneroftruth.org\/us\/wp-json\/wp\/v2\/product_tag?post=11969"}],"curies":[{"name":"wp","href":"https:\/\/api.w.org\/{rel}","templated":true}]}}