{"id":14376,"date":"2013-12-09T09:57:18","date_gmt":"2013-12-09T14:57:18","guid":{"rendered":"http:\/\/\/us\/?post_type=product&#038;p=14376"},"modified":"2026-04-04T15:13:27","modified_gmt":"2026-04-04T20:13:27","slug":"los-puritanos","status":"publish","type":"product","link":"https:\/\/banneroftruth.org\/us\/store\/history-biography\/los-puritanos\/","title":{"rendered":"Los puritanos"},"content":{"rendered":"<h2>Book Description<\/h2>\n<p>La historia cobra vida cada vez que el Dr. Martyn Lloyd-Jones aborda un determinado tema o personaje. \u00a0Los que le conocieron simplemente como predicador se sorprender\u00e1n de la comprensi\u00f3n y el conocimiento que tiene de la historia de la Iglesia {&#8230;}. \u00a0Estas vistas generales y de conjunto nos presentan al Dr. Lloyd-Jones en su mejor momento.<\/p>\n<p>\u00bfQu\u00e9 ense\u00f1aban los puritanos y quienes los sucedieron? \u00bfEra b\u00edblica su ense\u00f1anza? \u00bfQu\u00e9 podemos aprender de ellos que resulte \u00fatil para nuestra vida y nuestro testimonio actuales? Estas son las cuestiones que guiaban al Dr. Lloyd-Jones mientras pronunciaba las ponencias contenidas en este volumen. \u00a0Lejos de compartir la idea de que toda ense\u00f1anza del pasado es in\u00fatil y est\u00e1 fuera de lugar. \u00a0Lloyd-Jones cre\u00eda que el estudio de la historia resulta esencial para el bienestar de la Iglesia de nuestros d\u00edas,<\/p>\n<p>En estas ponencias pronunciadas en las conferencias de Estudios Puritanos y de Westminster entre los a\u00f1os 1959 y 1978, el Ddr. Lloyd-Jones abarca ampliamente la historia del cristianismo reformado desde la Reforma hasta el siglo XIX, sacando lecciones de figuras importantes tales como Calvino, Knox, Bunyan y Owen, Edwards y Whitefield, y de hombres menos conocidos como Henry Jacob, John Glas y Robert Sandeman.<\/p>\n<p>Escritos en un estilo cautivador e inspirador, estos estudios siguen hablando con gran discernimiento y pertinencia a la Iglesia del siglo XXI.<\/p>\n","protected":false},"excerpt":{"rendered":"<p>Book Description La historia cobra vida cada vez que el Dr. Martyn Lloyd-Jones aborda un determinado tema o personaje. \u00a0Los que le conocieron simplemente como predicador se sorprender\u00e1n de la comprensi\u00f3n y el conocimiento que tiene de la historia de la Iglesia {&#8230;}. \u00a0Estas vistas generales y de conjunto nos presentan al Dr. Lloyd-Jones en [&hellip;]<\/p>\n","protected":false},"featured_media":14466,"comment_status":"open","ping_status":"closed","template":"","meta":[],"product_brand":[],"product_cat":[1261],"product_tag":[5502,5501],"class_list":{"0":"post-14376","1":"product","2":"type-product","3":"status-publish","4":"has-post-thumbnail","6":"product_cat-history-biography","7":"product_tag-lloyd-jones-in-spanish","8":"product_tag-puritans-in-spanish","9":"pa_binding-paperback","10":"pa_format-book","11":"pa_isbn-5493","12":"pa_language-spanish","13":"pa_original-pub-date-2361","14":"pa_page-count-2805","15":"pa_recent-pub-date-dec-10-2013","16":"pa_subtitle-puritans-their-origins-and-successors","17":"pa_theauthor-lloyd-jones-d-martyn","18":"pa_topic-16th-century-2","19":"pa_topic-17th-century-2","20":"pa_topic-puritan-biography","22":"first","23":"outofstock","24":"sale","25":"taxable","26":"shipping-taxable","27":"purchasable","28":"product-type-simple"},"bundled_by":[],"bundle_stock_status":"outofstock","bundle_stock_quantity":0,"bundle_virtual":false,"bundle_layout":"","bundle_add_to_cart_form_location":"","bundle_editable_in_cart":false,"bundle_sold_individually_context":"","bundle_item_grouping":"","bundle_min_size":"","bundle_max_size":"","bundle_price":[],"bundled_items":[],"bundle_sell_ids":[],"yoast_head":"<!-- This site is optimized with the Yoast SEO Premium plugin v27.3 (Yoast SEO v27.3) - https:\/\/yoast.com\/product\/yoast-seo-premium-wordpress\/ -->\n<title>Los puritanos &#8211; Banner of Truth USA<\/title>\n<meta name=\"robots\" content=\"index, follow, max-snippet:-1, max-image-preview:large, max-video-preview:-1\" \/>\n<link rel=\"canonical\" href=\"https:\/\/banneroftruth.org\/us\/store\/history-biography\/los-puritanos\/\" \/>\n<meta property=\"og:locale\" content=\"en_US\" \/>\n<meta property=\"og:type\" content=\"article\" \/>\n<meta property=\"og:title\" content=\"Los puritanos &#8211; Banner of Truth USA\" \/>\n<meta property=\"og:description\" content=\"Book Description La historia cobra vida cada vez que el Dr. Martyn Lloyd-Jones aborda un determinado tema o personaje. \u00a0Los que le conocieron simplemente como predicador se sorprender\u00e1n de la comprensi\u00f3n y el conocimiento que tiene de la historia de la Iglesia {&#8230;}. \u00a0Estas vistas generales y de conjunto nos presentan al Dr. Lloyd-Jones en [&hellip;]\" \/>\n<meta property=\"og:url\" content=\"https:\/\/banneroftruth.org\/us\/store\/history-biography\/los-puritanos\/\" \/>\n<meta property=\"og:site_name\" content=\"Banner of Truth USA\" \/>\n<meta property=\"article:publisher\" content=\"https:\/\/www.facebook.com\/TheBannerofTruth\" \/>\n<meta property=\"article:modified_time\" content=\"2026-04-04T20:13:27+00:00\" \/>\n<meta property=\"og:image\" content=\"https:\/\/banneroftruth.org\/us\/wp-content\/uploads\/sites\/2\/2013\/12\/LosPuritanos.jpg\" \/>\n\t<meta property=\"og:image:width\" content=\"849\" \/>\n\t<meta property=\"og:image:height\" content=\"1312\" \/>\n\t<meta property=\"og:image:type\" content=\"image\/jpeg\" \/>\n<meta name=\"twitter:card\" content=\"summary_large_image\" \/>\n<meta name=\"twitter:site\" content=\"@banneroftruth\" \/>\n<meta name=\"twitter:label1\" content=\"Price\" \/>\n\t<meta name=\"twitter:data1\" content=\"&#036;13.50\" \/>\n\t<meta name=\"twitter:label2\" content=\"Availability\" \/>\n\t<meta name=\"twitter:data2\" content=\"Out of stock\" \/>\n<script type=\"application\/ld+json\" class=\"yoast-schema-graph\">{\"@context\":\"https:\\\/\\\/schema.org\",\"@graph\":[{\"@type\":\"WebPage\",\"@id\":\"https:\\\/\\\/banneroftruth.org\\\/us\\\/store\\\/history-biography\\\/los-puritanos\\\/\",\"url\":\"https:\\\/\\\/banneroftruth.org\\\/us\\\/store\\\/history-biography\\\/los-puritanos\\\/\",\"name\":\"Los puritanos &#8211; Banner of Truth USA\",\"isPartOf\":{\"@id\":\"https:\\\/\\\/banneroftruth.org\\\/us\\\/#website\"},\"primaryImageOfPage\":{\"@id\":\"https:\\\/\\\/banneroftruth.org\\\/us\\\/store\\\/history-biography\\\/los-puritanos\\\/#primaryimage\"},\"image\":{\"@id\":\"https:\\\/\\\/banneroftruth.org\\\/us\\\/store\\\/history-biography\\\/los-puritanos\\\/#primaryimage\"},\"thumbnailUrl\":\"https:\\\/\\\/banneroftruth.org\\\/us\\\/wp-content\\\/uploads\\\/sites\\\/2\\\/2013\\\/12\\\/LosPuritanos.jpg\",\"datePublished\":\"2013-12-09T14:57:18+00:00\",\"dateModified\":\"2026-04-04T20:13:27+00:00\",\"breadcrumb\":{\"@id\":\"https:\\\/\\\/banneroftruth.org\\\/us\\\/store\\\/history-biography\\\/los-puritanos\\\/#breadcrumb\"},\"inLanguage\":\"en-US\",\"potentialAction\":[{\"@type\":\"ReadAction\",\"target\":[\"https:\\\/\\\/banneroftruth.org\\\/us\\\/store\\\/history-biography\\\/los-puritanos\\\/\"]}]},{\"@type\":\"ImageObject\",\"inLanguage\":\"en-US\",\"@id\":\"https:\\\/\\\/banneroftruth.org\\\/us\\\/store\\\/history-biography\\\/los-puritanos\\\/#primaryimage\",\"url\":\"https:\\\/\\\/banneroftruth.org\\\/us\\\/wp-content\\\/uploads\\\/sites\\\/2\\\/2013\\\/12\\\/LosPuritanos.jpg\",\"contentUrl\":\"https:\\\/\\\/banneroftruth.org\\\/us\\\/wp-content\\\/uploads\\\/sites\\\/2\\\/2013\\\/12\\\/LosPuritanos.jpg\",\"width\":849,\"height\":1312},{\"@type\":\"BreadcrumbList\",\"@id\":\"https:\\\/\\\/banneroftruth.org\\\/us\\\/store\\\/history-biography\\\/los-puritanos\\\/#breadcrumb\",\"itemListElement\":[{\"@type\":\"ListItem\",\"position\":1,\"name\":\"Home\",\"item\":\"https:\\\/\\\/banneroftruth.org\\\/us\\\/\"},{\"@type\":\"ListItem\",\"position\":2,\"name\":\"Store\",\"item\":\"https:\\\/\\\/banneroftruth.org\\\/us\\\/store\\\/\"},{\"@type\":\"ListItem\",\"position\":3,\"name\":\"Los puritanos\"}]},{\"@type\":\"WebSite\",\"@id\":\"https:\\\/\\\/banneroftruth.org\\\/us\\\/#website\",\"url\":\"https:\\\/\\\/banneroftruth.org\\\/us\\\/\",\"name\":\"Banner of Truth USA\",\"description\":\"Christian Publisher of Reformed &amp; Puritan Books\",\"publisher\":{\"@id\":\"https:\\\/\\\/banneroftruth.org\\\/us\\\/#organization\"},\"potentialAction\":[{\"@type\":\"SearchAction\",\"target\":{\"@type\":\"EntryPoint\",\"urlTemplate\":\"https:\\\/\\\/banneroftruth.org\\\/us\\\/?s={search_term_string}\"},\"query-input\":{\"@type\":\"PropertyValueSpecification\",\"valueRequired\":true,\"valueName\":\"search_term_string\"}}],\"inLanguage\":\"en-US\"},{\"@type\":\"Organization\",\"@id\":\"https:\\\/\\\/banneroftruth.org\\\/us\\\/#organization\",\"name\":\"Banner of Truth USA\",\"url\":\"https:\\\/\\\/banneroftruth.org\\\/us\\\/\",\"logo\":{\"@type\":\"ImageObject\",\"inLanguage\":\"en-US\",\"@id\":\"https:\\\/\\\/banneroftruth.org\\\/us\\\/#\\\/schema\\\/logo\\\/image\\\/\",\"url\":\"https:\\\/\\\/banneroftruth.org\\\/us\\\/wp-content\\\/uploads\\\/sites\\\/2\\\/2023\\\/04\\\/Profile-Royal-Blue.png\",\"contentUrl\":\"https:\\\/\\\/banneroftruth.org\\\/us\\\/wp-content\\\/uploads\\\/sites\\\/2\\\/2023\\\/04\\\/Profile-Royal-Blue.png\",\"width\":2048,\"height\":2048,\"caption\":\"Banner of Truth USA\"},\"image\":{\"@id\":\"https:\\\/\\\/banneroftruth.org\\\/us\\\/#\\\/schema\\\/logo\\\/image\\\/\"},\"sameAs\":[\"https:\\\/\\\/www.facebook.com\\\/TheBannerofTruth\",\"https:\\\/\\\/x.com\\\/banneroftruth\",\"https:\\\/\\\/www.instagram.com\\\/banneroftruth\\\/\",\"https:\\\/\\\/www.pinterest.com\\\/banneroftruth\\\/\",\"https:\\\/\\\/www.youtube.com\\\/banneroftruth\"]}]}<\/script>\n<meta property=\"product:price:amount\" content=\"13.50\" \/>\n<meta property=\"product:price:currency\" content=\"USD\" \/>\n<meta property=\"og:availability\" content=\"out of stock\" \/>\n<meta property=\"product:availability\" content=\"out of stock\" \/>\n<meta property=\"product:retailer_item_id\" content=\"9781848713048\" \/>\n<meta property=\"product:condition\" content=\"new\" \/>\n<!-- \/ Yoast SEO Premium plugin. -->","yoast_head_json":{"title":"Los puritanos &#8211; Banner of Truth USA","robots":{"index":"index","follow":"follow","max-snippet":"max-snippet:-1","max-image-preview":"max-image-preview:large","max-video-preview":"max-video-preview:-1"},"canonical":"https:\/\/banneroftruth.org\/us\/store\/history-biography\/los-puritanos\/","og_locale":"en_US","og_type":"article","og_title":"Los puritanos &#8211; Banner of Truth USA","og_description":"Book Description La historia cobra vida cada vez que el Dr. Martyn Lloyd-Jones aborda un determinado tema o personaje. \u00a0Los que le conocieron simplemente como predicador se sorprender\u00e1n de la comprensi\u00f3n y el conocimiento que tiene de la historia de la Iglesia {&#8230;}. \u00a0Estas vistas generales y de conjunto nos presentan al Dr. Lloyd-Jones en [&hellip;]","og_url":"https:\/\/banneroftruth.org\/us\/store\/history-biography\/los-puritanos\/","og_site_name":"Banner of Truth USA","article_publisher":"https:\/\/www.facebook.com\/TheBannerofTruth","article_modified_time":"2026-04-04T20:13:27+00:00","og_image":[{"width":849,"height":1312,"url":"https:\/\/banneroftruth.org\/us\/wp-content\/uploads\/sites\/2\/2013\/12\/LosPuritanos.jpg","type":"image\/jpeg"}],"twitter_card":"summary_large_image","twitter_site":"@banneroftruth","twitter_misc":{"Price":"&#36;13.50","Availability":"Out of stock"},"schema":{"@context":"https:\/\/schema.org","@graph":[{"@type":"WebPage","@id":"https:\/\/banneroftruth.org\/us\/store\/history-biography\/los-puritanos\/","url":"https:\/\/banneroftruth.org\/us\/store\/history-biography\/los-puritanos\/","name":"Los puritanos &#8211; Banner of Truth USA","isPartOf":{"@id":"https:\/\/banneroftruth.org\/us\/#website"},"primaryImageOfPage":{"@id":"https:\/\/banneroftruth.org\/us\/store\/history-biography\/los-puritanos\/#primaryimage"},"image":{"@id":"https:\/\/banneroftruth.org\/us\/store\/history-biography\/los-puritanos\/#primaryimage"},"thumbnailUrl":"https:\/\/banneroftruth.org\/us\/wp-content\/uploads\/sites\/2\/2013\/12\/LosPuritanos.jpg","datePublished":"2013-12-09T14:57:18+00:00","dateModified":"2026-04-04T20:13:27+00:00","breadcrumb":{"@id":"https:\/\/banneroftruth.org\/us\/store\/history-biography\/los-puritanos\/#breadcrumb"},"inLanguage":"en-US","potentialAction":[{"@type":"ReadAction","target":["https:\/\/banneroftruth.org\/us\/store\/history-biography\/los-puritanos\/"]}]},{"@type":"ImageObject","inLanguage":"en-US","@id":"https:\/\/banneroftruth.org\/us\/store\/history-biography\/los-puritanos\/#primaryimage","url":"https:\/\/banneroftruth.org\/us\/wp-content\/uploads\/sites\/2\/2013\/12\/LosPuritanos.jpg","contentUrl":"https:\/\/banneroftruth.org\/us\/wp-content\/uploads\/sites\/2\/2013\/12\/LosPuritanos.jpg","width":849,"height":1312},{"@type":"BreadcrumbList","@id":"https:\/\/banneroftruth.org\/us\/store\/history-biography\/los-puritanos\/#breadcrumb","itemListElement":[{"@type":"ListItem","position":1,"name":"Home","item":"https:\/\/banneroftruth.org\/us\/"},{"@type":"ListItem","position":2,"name":"Store","item":"https:\/\/banneroftruth.org\/us\/store\/"},{"@type":"ListItem","position":3,"name":"Los puritanos"}]},{"@type":"WebSite","@id":"https:\/\/banneroftruth.org\/us\/#website","url":"https:\/\/banneroftruth.org\/us\/","name":"Banner of Truth USA","description":"Christian Publisher of Reformed &amp; Puritan Books","publisher":{"@id":"https:\/\/banneroftruth.org\/us\/#organization"},"potentialAction":[{"@type":"SearchAction","target":{"@type":"EntryPoint","urlTemplate":"https:\/\/banneroftruth.org\/us\/?s={search_term_string}"},"query-input":{"@type":"PropertyValueSpecification","valueRequired":true,"valueName":"search_term_string"}}],"inLanguage":"en-US"},{"@type":"Organization","@id":"https:\/\/banneroftruth.org\/us\/#organization","name":"Banner of Truth USA","url":"https:\/\/banneroftruth.org\/us\/","logo":{"@type":"ImageObject","inLanguage":"en-US","@id":"https:\/\/banneroftruth.org\/us\/#\/schema\/logo\/image\/","url":"https:\/\/banneroftruth.org\/us\/wp-content\/uploads\/sites\/2\/2023\/04\/Profile-Royal-Blue.png","contentUrl":"https:\/\/banneroftruth.org\/us\/wp-content\/uploads\/sites\/2\/2023\/04\/Profile-Royal-Blue.png","width":2048,"height":2048,"caption":"Banner of Truth USA"},"image":{"@id":"https:\/\/banneroftruth.org\/us\/#\/schema\/logo\/image\/"},"sameAs":["https:\/\/www.facebook.com\/TheBannerofTruth","https:\/\/x.com\/banneroftruth","https:\/\/www.instagram.com\/banneroftruth\/","https:\/\/www.pinterest.com\/banneroftruth\/","https:\/\/www.youtube.com\/banneroftruth"]}]},"product_price_amount":"13.50","product_price_currency":"USD","og_availability":"out of stock","product_availability":"out of stock","product_retailer_item_id":"9781848713048","product_condition":"new"},"_links":{"self":[{"href":"https:\/\/banneroftruth.org\/us\/wp-json\/wp\/v2\/product\/14376","targetHints":{"allow":["GET"]}}],"collection":[{"href":"https:\/\/banneroftruth.org\/us\/wp-json\/wp\/v2\/product"}],"about":[{"href":"https:\/\/banneroftruth.org\/us\/wp-json\/wp\/v2\/types\/product"}],"replies":[{"embeddable":true,"href":"https:\/\/banneroftruth.org\/us\/wp-json\/wp\/v2\/comments?post=14376"}],"wp:featuredmedia":[{"embeddable":true,"href":"https:\/\/banneroftruth.org\/us\/wp-json\/wp\/v2\/media\/14466"}],"wp:attachment":[{"href":"https:\/\/banneroftruth.org\/us\/wp-json\/wp\/v2\/media?parent=14376"}],"wp:term":[{"taxonomy":"product_brand","embeddable":true,"href":"https:\/\/banneroftruth.org\/us\/wp-json\/wp\/v2\/product_brand?post=14376"},{"taxonomy":"product_cat","embeddable":true,"href":"https:\/\/banneroftruth.org\/us\/wp-json\/wp\/v2\/product_cat?post=14376"},{"taxonomy":"product_tag","embeddable":true,"href":"https:\/\/banneroftruth.org\/us\/wp-json\/wp\/v2\/product_tag?post=14376"}],"curies":[{"name":"wp","href":"https:\/\/api.w.org\/{rel}","templated":true}]}}