{"id":18749,"date":"2014-09-22T09:58:18","date_gmt":"2014-09-22T14:58:18","guid":{"rendered":"http:\/\/\/us\/?post_type=product&#038;p=18749"},"modified":"2026-04-04T01:57:49","modified_gmt":"2026-04-04T06:57:49","slug":"el-valle-de-la-vision","status":"publish","type":"product","link":"https:\/\/banneroftruth.org\/us\/store\/devotionalsdaily-readings\/el-valle-de-la-vision\/","title":{"rendered":"El valle de la visi\u00f3n"},"content":{"rendered":"<h2>Book Description<\/h2>\n<p>La fuerza de car\u00e1cter puritano y la vida estaba en la oraci\u00f3n y la meditaci\u00f3n. En esta pr\u00e1ctica el esp\u00edritu de la oraci\u00f3n era considerada como de primera importancia y la mejor forma de oraci\u00f3n, porque la oraci\u00f3n viviente es la caracter\u00edstica de la espiritualidad genuina. Sin embargo, la oraci\u00f3n tambi\u00e9n es vocal y puede, por tanto, en ocasiones puede escribir. En consecuencia, en la tradici\u00f3n puritana hay muchas oraciones y meditaciones escritas que constituyen un corpus importante de la literatura devocional inspirador.<\/p>\n<p>Demasiado a menudo la oraci\u00f3n extempor\u00e1nea le falta variedad, orden y definitud. La raz\u00f3n de esto radica en parte en un descuido de la debida preparaci\u00f3n. Es aqu\u00ed que el cuidado y la minuciosidad de las escrituras que otros encontraron necesario en su acercamiento a Dios pueden ser de ayuda. <em>El valle de la vision<\/em> ha sido preparado y no a las oraciones &#8220;oferta&#8221;, sino para promover y fomentar el cristiano como \u00e9l pisa el camino por el que otros han ido antes.<\/p>\n<p>El autor era un can\u00f3nigo de la catedral de St. Albans, en alg\u00fan momento Rector de la Peque\u00f1a y Munden Sacombe , Hertfordshire, y fue durante diecisiete a\u00f1os, un tutor en Teolog\u00eda B\u00edblica y la Doctrina Cristiana en All Nations Christian College. Muri\u00f3 en octubre de 1994 a los 79 a\u00f1os.<\/p>\n","protected":false},"excerpt":{"rendered":"<p>Book Description La fuerza de car\u00e1cter puritano y la vida estaba en la oraci\u00f3n y la meditaci\u00f3n. En esta pr\u00e1ctica el esp\u00edritu de la oraci\u00f3n era considerada como de primera importancia y la mejor forma de oraci\u00f3n, porque la oraci\u00f3n viviente es la caracter\u00edstica de la espiritualidad genuina. Sin embargo, la oraci\u00f3n tambi\u00e9n es vocal [&hellip;]<\/p>\n","protected":false},"featured_media":205748,"comment_status":"open","ping_status":"closed","template":"","meta":[],"product_brand":[],"product_cat":[1239],"product_tag":[5642],"class_list":{"0":"post-18749","1":"product","2":"type-product","3":"status-publish","4":"has-post-thumbnail","6":"product_cat-devotionalsdaily-readings","7":"product_tag-valley-of-vision-in-spanish","8":"pa_binding-paperback","9":"pa_era-20th-century","10":"pa_format-book","11":"pa_isbn-5639","12":"pa_language-spanish","13":"pa_original-pub-date-2080","14":"pa_page-count-2048","15":"pa_recent-pub-date-nov-1-1975","16":"pa_recent-pub-date-year-6363","17":"pa_short-isbn-5640","18":"pa_subtitle-the-valley-of-vision","19":"pa_theauthor-bennett-arthur","20":"pa_topic-encouragement","21":"pa_topic-prayer","22":"pa_topic-spiritual-growth","24":"first","25":"outofstock","26":"sale","27":"taxable","28":"shipping-taxable","29":"purchasable","30":"product-type-simple"},"bundled_by":[],"bundle_stock_status":"outofstock","bundle_stock_quantity":0,"bundle_virtual":false,"bundle_layout":"","bundle_add_to_cart_form_location":"","bundle_editable_in_cart":false,"bundle_sold_individually_context":"","bundle_item_grouping":"","bundle_min_size":"","bundle_max_size":"","bundle_price":[],"bundled_items":[],"bundle_sell_ids":[],"yoast_head":"<!-- This site is optimized with the Yoast SEO Premium plugin v27.3 (Yoast SEO v27.3) - https:\/\/yoast.com\/product\/yoast-seo-premium-wordpress\/ -->\n<title>El valle de la visi\u00f3n &#8211; Banner of Truth USA<\/title>\n<meta name=\"description\" content=\"El valle de la vision ha sido preparado y no a las oraciones &quot;oferta&quot;, sino para promover y fomentar el cristiano como \u00e9l pisa el camino por el que otros han ido antes.\" \/>\n<meta name=\"robots\" content=\"index, follow, max-snippet:-1, max-image-preview:large, max-video-preview:-1\" \/>\n<link rel=\"canonical\" href=\"https:\/\/banneroftruth.org\/us\/store\/devotionalsdaily-readings\/el-valle-de-la-vision\/\" \/>\n<meta property=\"og:locale\" content=\"en_US\" \/>\n<meta property=\"og:type\" content=\"article\" \/>\n<meta property=\"og:title\" content=\"El valle de la visi\u00f3n &#8211; Banner of Truth USA\" \/>\n<meta property=\"og:description\" content=\"El valle de la vision ha sido preparado y no a las oraciones &quot;oferta&quot;, sino para promover y fomentar el cristiano como \u00e9l pisa el camino por el que otros han ido antes.\" \/>\n<meta property=\"og:url\" content=\"https:\/\/banneroftruth.org\/us\/store\/devotionalsdaily-readings\/el-valle-de-la-vision\/\" \/>\n<meta property=\"og:site_name\" content=\"Banner of Truth USA\" \/>\n<meta property=\"article:publisher\" content=\"https:\/\/www.facebook.com\/TheBannerofTruth\" \/>\n<meta property=\"article:modified_time\" content=\"2026-04-04T06:57:49+00:00\" \/>\n<meta property=\"og:image\" content=\"https:\/\/banneroftruth.org\/us\/wp-content\/uploads\/sites\/2\/2023\/02\/9781848714298_new.jpg\" \/>\n\t<meta property=\"og:image:width\" content=\"569\" \/>\n\t<meta property=\"og:image:height\" content=\"900\" \/>\n\t<meta property=\"og:image:type\" content=\"image\/jpeg\" \/>\n<meta name=\"twitter:card\" content=\"summary_large_image\" \/>\n<meta name=\"twitter:site\" content=\"@banneroftruth\" \/>\n<meta name=\"twitter:label1\" content=\"Price\" \/>\n\t<meta name=\"twitter:data1\" content=\"&#036;10.80\" \/>\n\t<meta name=\"twitter:label2\" content=\"Availability\" \/>\n\t<meta name=\"twitter:data2\" content=\"Out of stock\" \/>\n<script type=\"application\/ld+json\" class=\"yoast-schema-graph\">{\"@context\":\"https:\\\/\\\/schema.org\",\"@graph\":[{\"@type\":\"WebPage\",\"@id\":\"https:\\\/\\\/banneroftruth.org\\\/us\\\/store\\\/devotionalsdaily-readings\\\/el-valle-de-la-vision\\\/\",\"url\":\"https:\\\/\\\/banneroftruth.org\\\/us\\\/store\\\/devotionalsdaily-readings\\\/el-valle-de-la-vision\\\/\",\"name\":\"El valle de la visi\u00f3n &#8211; Banner of Truth USA\",\"isPartOf\":{\"@id\":\"https:\\\/\\\/banneroftruth.org\\\/us\\\/#website\"},\"primaryImageOfPage\":{\"@id\":\"https:\\\/\\\/banneroftruth.org\\\/us\\\/store\\\/devotionalsdaily-readings\\\/el-valle-de-la-vision\\\/#primaryimage\"},\"image\":{\"@id\":\"https:\\\/\\\/banneroftruth.org\\\/us\\\/store\\\/devotionalsdaily-readings\\\/el-valle-de-la-vision\\\/#primaryimage\"},\"thumbnailUrl\":\"https:\\\/\\\/banneroftruth.org\\\/us\\\/wp-content\\\/uploads\\\/sites\\\/2\\\/2023\\\/02\\\/9781848714298_new.jpg\",\"datePublished\":\"2014-09-22T14:58:18+00:00\",\"dateModified\":\"2026-04-04T06:57:49+00:00\",\"description\":\"El valle de la vision ha sido preparado y no a las oraciones \\\"oferta\\\", sino para promover y fomentar el cristiano como \u00e9l pisa el camino por el que otros han ido antes.\",\"breadcrumb\":{\"@id\":\"https:\\\/\\\/banneroftruth.org\\\/us\\\/store\\\/devotionalsdaily-readings\\\/el-valle-de-la-vision\\\/#breadcrumb\"},\"inLanguage\":\"en-US\",\"potentialAction\":[{\"@type\":\"ReadAction\",\"target\":[\"https:\\\/\\\/banneroftruth.org\\\/us\\\/store\\\/devotionalsdaily-readings\\\/el-valle-de-la-vision\\\/\"]}]},{\"@type\":\"ImageObject\",\"inLanguage\":\"en-US\",\"@id\":\"https:\\\/\\\/banneroftruth.org\\\/us\\\/store\\\/devotionalsdaily-readings\\\/el-valle-de-la-vision\\\/#primaryimage\",\"url\":\"https:\\\/\\\/banneroftruth.org\\\/us\\\/wp-content\\\/uploads\\\/sites\\\/2\\\/2023\\\/02\\\/9781848714298_new.jpg\",\"contentUrl\":\"https:\\\/\\\/banneroftruth.org\\\/us\\\/wp-content\\\/uploads\\\/sites\\\/2\\\/2023\\\/02\\\/9781848714298_new.jpg\",\"width\":569,\"height\":900,\"caption\":\"Spanish valley of vision 2023 reprint cover image\"},{\"@type\":\"BreadcrumbList\",\"@id\":\"https:\\\/\\\/banneroftruth.org\\\/us\\\/store\\\/devotionalsdaily-readings\\\/el-valle-de-la-vision\\\/#breadcrumb\",\"itemListElement\":[{\"@type\":\"ListItem\",\"position\":1,\"name\":\"Home\",\"item\":\"https:\\\/\\\/banneroftruth.org\\\/us\\\/\"},{\"@type\":\"ListItem\",\"position\":2,\"name\":\"Store\",\"item\":\"https:\\\/\\\/banneroftruth.org\\\/us\\\/store\\\/\"},{\"@type\":\"ListItem\",\"position\":3,\"name\":\"El valle de la vision\"}]},{\"@type\":\"WebSite\",\"@id\":\"https:\\\/\\\/banneroftruth.org\\\/us\\\/#website\",\"url\":\"https:\\\/\\\/banneroftruth.org\\\/us\\\/\",\"name\":\"Banner of Truth USA\",\"description\":\"Christian Publisher of Reformed &amp; Puritan Books\",\"publisher\":{\"@id\":\"https:\\\/\\\/banneroftruth.org\\\/us\\\/#organization\"},\"potentialAction\":[{\"@type\":\"SearchAction\",\"target\":{\"@type\":\"EntryPoint\",\"urlTemplate\":\"https:\\\/\\\/banneroftruth.org\\\/us\\\/?s={search_term_string}\"},\"query-input\":{\"@type\":\"PropertyValueSpecification\",\"valueRequired\":true,\"valueName\":\"search_term_string\"}}],\"inLanguage\":\"en-US\"},{\"@type\":\"Organization\",\"@id\":\"https:\\\/\\\/banneroftruth.org\\\/us\\\/#organization\",\"name\":\"Banner of Truth USA\",\"url\":\"https:\\\/\\\/banneroftruth.org\\\/us\\\/\",\"logo\":{\"@type\":\"ImageObject\",\"inLanguage\":\"en-US\",\"@id\":\"https:\\\/\\\/banneroftruth.org\\\/us\\\/#\\\/schema\\\/logo\\\/image\\\/\",\"url\":\"https:\\\/\\\/banneroftruth.org\\\/us\\\/wp-content\\\/uploads\\\/sites\\\/2\\\/2023\\\/04\\\/Profile-Royal-Blue.png\",\"contentUrl\":\"https:\\\/\\\/banneroftruth.org\\\/us\\\/wp-content\\\/uploads\\\/sites\\\/2\\\/2023\\\/04\\\/Profile-Royal-Blue.png\",\"width\":2048,\"height\":2048,\"caption\":\"Banner of Truth USA\"},\"image\":{\"@id\":\"https:\\\/\\\/banneroftruth.org\\\/us\\\/#\\\/schema\\\/logo\\\/image\\\/\"},\"sameAs\":[\"https:\\\/\\\/www.facebook.com\\\/TheBannerofTruth\",\"https:\\\/\\\/x.com\\\/banneroftruth\",\"https:\\\/\\\/www.instagram.com\\\/banneroftruth\\\/\",\"https:\\\/\\\/www.pinterest.com\\\/banneroftruth\\\/\",\"https:\\\/\\\/www.youtube.com\\\/banneroftruth\"]}]}<\/script>\n<meta property=\"product:price:amount\" content=\"10.80\" \/>\n<meta property=\"product:price:currency\" content=\"USD\" \/>\n<meta property=\"og:availability\" content=\"out of stock\" \/>\n<meta property=\"product:availability\" content=\"out of stock\" \/>\n<meta property=\"product:retailer_item_id\" content=\"9781848714298\" \/>\n<meta property=\"product:condition\" content=\"new\" \/>\n<!-- \/ Yoast SEO Premium plugin. -->","yoast_head_json":{"title":"El valle de la visi\u00f3n &#8211; Banner of Truth USA","description":"El valle de la vision ha sido preparado y no a las oraciones \"oferta\", sino para promover y fomentar el cristiano como \u00e9l pisa el camino por el que otros han ido antes.","robots":{"index":"index","follow":"follow","max-snippet":"max-snippet:-1","max-image-preview":"max-image-preview:large","max-video-preview":"max-video-preview:-1"},"canonical":"https:\/\/banneroftruth.org\/us\/store\/devotionalsdaily-readings\/el-valle-de-la-vision\/","og_locale":"en_US","og_type":"article","og_title":"El valle de la visi\u00f3n &#8211; Banner of Truth USA","og_description":"El valle de la vision ha sido preparado y no a las oraciones \"oferta\", sino para promover y fomentar el cristiano como \u00e9l pisa el camino por el que otros han ido antes.","og_url":"https:\/\/banneroftruth.org\/us\/store\/devotionalsdaily-readings\/el-valle-de-la-vision\/","og_site_name":"Banner of Truth USA","article_publisher":"https:\/\/www.facebook.com\/TheBannerofTruth","article_modified_time":"2026-04-04T06:57:49+00:00","og_image":[{"width":569,"height":900,"url":"https:\/\/banneroftruth.org\/us\/wp-content\/uploads\/sites\/2\/2023\/02\/9781848714298_new.jpg","type":"image\/jpeg"}],"twitter_card":"summary_large_image","twitter_site":"@banneroftruth","twitter_misc":{"Price":"&#36;10.80","Availability":"Out of stock"},"schema":{"@context":"https:\/\/schema.org","@graph":[{"@type":"WebPage","@id":"https:\/\/banneroftruth.org\/us\/store\/devotionalsdaily-readings\/el-valle-de-la-vision\/","url":"https:\/\/banneroftruth.org\/us\/store\/devotionalsdaily-readings\/el-valle-de-la-vision\/","name":"El valle de la visi\u00f3n &#8211; Banner of Truth USA","isPartOf":{"@id":"https:\/\/banneroftruth.org\/us\/#website"},"primaryImageOfPage":{"@id":"https:\/\/banneroftruth.org\/us\/store\/devotionalsdaily-readings\/el-valle-de-la-vision\/#primaryimage"},"image":{"@id":"https:\/\/banneroftruth.org\/us\/store\/devotionalsdaily-readings\/el-valle-de-la-vision\/#primaryimage"},"thumbnailUrl":"https:\/\/banneroftruth.org\/us\/wp-content\/uploads\/sites\/2\/2023\/02\/9781848714298_new.jpg","datePublished":"2014-09-22T14:58:18+00:00","dateModified":"2026-04-04T06:57:49+00:00","description":"El valle de la vision ha sido preparado y no a las oraciones \"oferta\", sino para promover y fomentar el cristiano como \u00e9l pisa el camino por el que otros han ido antes.","breadcrumb":{"@id":"https:\/\/banneroftruth.org\/us\/store\/devotionalsdaily-readings\/el-valle-de-la-vision\/#breadcrumb"},"inLanguage":"en-US","potentialAction":[{"@type":"ReadAction","target":["https:\/\/banneroftruth.org\/us\/store\/devotionalsdaily-readings\/el-valle-de-la-vision\/"]}]},{"@type":"ImageObject","inLanguage":"en-US","@id":"https:\/\/banneroftruth.org\/us\/store\/devotionalsdaily-readings\/el-valle-de-la-vision\/#primaryimage","url":"https:\/\/banneroftruth.org\/us\/wp-content\/uploads\/sites\/2\/2023\/02\/9781848714298_new.jpg","contentUrl":"https:\/\/banneroftruth.org\/us\/wp-content\/uploads\/sites\/2\/2023\/02\/9781848714298_new.jpg","width":569,"height":900,"caption":"Spanish valley of vision 2023 reprint cover image"},{"@type":"BreadcrumbList","@id":"https:\/\/banneroftruth.org\/us\/store\/devotionalsdaily-readings\/el-valle-de-la-vision\/#breadcrumb","itemListElement":[{"@type":"ListItem","position":1,"name":"Home","item":"https:\/\/banneroftruth.org\/us\/"},{"@type":"ListItem","position":2,"name":"Store","item":"https:\/\/banneroftruth.org\/us\/store\/"},{"@type":"ListItem","position":3,"name":"El valle de la vision"}]},{"@type":"WebSite","@id":"https:\/\/banneroftruth.org\/us\/#website","url":"https:\/\/banneroftruth.org\/us\/","name":"Banner of Truth USA","description":"Christian Publisher of Reformed &amp; Puritan Books","publisher":{"@id":"https:\/\/banneroftruth.org\/us\/#organization"},"potentialAction":[{"@type":"SearchAction","target":{"@type":"EntryPoint","urlTemplate":"https:\/\/banneroftruth.org\/us\/?s={search_term_string}"},"query-input":{"@type":"PropertyValueSpecification","valueRequired":true,"valueName":"search_term_string"}}],"inLanguage":"en-US"},{"@type":"Organization","@id":"https:\/\/banneroftruth.org\/us\/#organization","name":"Banner of Truth USA","url":"https:\/\/banneroftruth.org\/us\/","logo":{"@type":"ImageObject","inLanguage":"en-US","@id":"https:\/\/banneroftruth.org\/us\/#\/schema\/logo\/image\/","url":"https:\/\/banneroftruth.org\/us\/wp-content\/uploads\/sites\/2\/2023\/04\/Profile-Royal-Blue.png","contentUrl":"https:\/\/banneroftruth.org\/us\/wp-content\/uploads\/sites\/2\/2023\/04\/Profile-Royal-Blue.png","width":2048,"height":2048,"caption":"Banner of Truth USA"},"image":{"@id":"https:\/\/banneroftruth.org\/us\/#\/schema\/logo\/image\/"},"sameAs":["https:\/\/www.facebook.com\/TheBannerofTruth","https:\/\/x.com\/banneroftruth","https:\/\/www.instagram.com\/banneroftruth\/","https:\/\/www.pinterest.com\/banneroftruth\/","https:\/\/www.youtube.com\/banneroftruth"]}]},"product_price_amount":"10.80","product_price_currency":"USD","og_availability":"out of stock","product_availability":"out of stock","product_retailer_item_id":"9781848714298","product_condition":"new"},"_links":{"self":[{"href":"https:\/\/banneroftruth.org\/us\/wp-json\/wp\/v2\/product\/18749","targetHints":{"allow":["GET"]}}],"collection":[{"href":"https:\/\/banneroftruth.org\/us\/wp-json\/wp\/v2\/product"}],"about":[{"href":"https:\/\/banneroftruth.org\/us\/wp-json\/wp\/v2\/types\/product"}],"replies":[{"embeddable":true,"href":"https:\/\/banneroftruth.org\/us\/wp-json\/wp\/v2\/comments?post=18749"}],"wp:featuredmedia":[{"embeddable":true,"href":"https:\/\/banneroftruth.org\/us\/wp-json\/wp\/v2\/media\/205748"}],"wp:attachment":[{"href":"https:\/\/banneroftruth.org\/us\/wp-json\/wp\/v2\/media?parent=18749"}],"wp:term":[{"taxonomy":"product_brand","embeddable":true,"href":"https:\/\/banneroftruth.org\/us\/wp-json\/wp\/v2\/product_brand?post=18749"},{"taxonomy":"product_cat","embeddable":true,"href":"https:\/\/banneroftruth.org\/us\/wp-json\/wp\/v2\/product_cat?post=18749"},{"taxonomy":"product_tag","embeddable":true,"href":"https:\/\/banneroftruth.org\/us\/wp-json\/wp\/v2\/product_tag?post=18749"}],"curies":[{"name":"wp","href":"https:\/\/api.w.org\/{rel}","templated":true}]}}