{"id":191898,"date":"2022-08-22T16:04:34","date_gmt":"2022-08-22T21:04:34","guid":{"rendered":"https:\/\/\/us\/?post_type=product&#038;p=191898"},"modified":"2026-04-07T05:27:43","modified_gmt":"2026-04-07T10:27:43","slug":"maestros-de-la-reforma-inglesa","status":"publish","type":"product","link":"https:\/\/banneroftruth.org\/us\/store\/history-biography\/maestros-de-la-reforma-inglesa\/","title":{"rendered":"Maestros de la Reforma inglesa"},"content":{"rendered":"<h2>Book Description<\/h2>\n<p>Este libro cuenta la historia de la Reforma inglesa. Penetra detr\u00e1s de la fachada del cambio pol\u00edtico y actas del Parlamento, y trae a la luz el movimiento interno del Esp\u00edritu de Dios en hombres de coraz\u00f3n humilde y fe heroica. Su autor cree que hab\u00eda una mano que guiaba el tim\u00f3n de la Reforma, y que esta gu\u00eda divina se releva de manera m\u00e1s clara a trav\u00e9s de un estudio detallado de la vida y motivos de aquellos que fueron se\u00f1alados como l\u00edderes del movimiento y maestros de su teolog\u00eda.<\/p>\n<p>Los cinco hombres elegidos para este prop\u00f3sito fueron los m\u00e1s significativos de aquellos que dieron sus vidas en la causa de la Reforma inglesa. Bilney y Tyndale representan el movimiento en el reinado de Enrique VIII; Ridley y Cranmer dominan el estudio en el reinado de Eduardo VI. La vida de Latimer une a Bilney con Cranmer y abarca todo el periodo desde los primeros d\u00edas de la conversi\u00f3n en los Halls de Cambridge hasta los martirios triunfantes en los fuegos de Oxford. Los cuarenta a\u00f1os, desde el 1516 hasta el 1556, durante los cuales estos hombres encontraron y siguieron a Jesucristo fueron los a\u00f1os en los que la Reforma inglesa fue acunada y nutrida para la gloria de Dios.<\/p>\n","protected":false},"excerpt":{"rendered":"<p>Book Description Este libro cuenta la historia de la Reforma inglesa. Penetra detr\u00e1s de la fachada del cambio pol\u00edtico y actas del Parlamento, y trae a la luz el movimiento interno del Esp\u00edritu de Dios en hombres de coraz\u00f3n humilde y fe heroica. Su autor cree que hab\u00eda una mano que guiaba el tim\u00f3n de [&hellip;]<\/p>\n","protected":false},"featured_media":191900,"comment_status":"open","ping_status":"closed","template":"","meta":[],"product_brand":[],"product_cat":[1261],"product_tag":[5688,5959],"class_list":{"0":"post-191898","1":"product","2":"type-product","3":"status-publish","4":"has-post-thumbnail","6":"product_cat-history-biography","7":"product_tag-english-reformation","8":"product_tag-reformation-history","9":"pa_binding-paperback","10":"pa_format-book","11":"pa_isbn-19358","12":"pa_language-spanish","13":"pa_page-count-1697","14":"pa_recent-pub-date-year-19264","15":"pa_theauthor-loane-marcus","17":"first","18":"instock","19":"sale","20":"taxable","21":"shipping-taxable","22":"purchasable","23":"product-type-simple"},"bundled_by":[],"bundle_stock_status":"instock","bundle_stock_quantity":500,"bundle_virtual":false,"bundle_layout":"","bundle_add_to_cart_form_location":"","bundle_editable_in_cart":false,"bundle_sold_individually_context":"","bundle_item_grouping":"","bundle_min_size":"","bundle_max_size":"","bundle_price":[],"bundled_items":[],"bundle_sell_ids":[],"yoast_head":"<!-- This site is optimized with the Yoast SEO Premium plugin v27.3 (Yoast SEO v27.3) - https:\/\/yoast.com\/product\/yoast-seo-premium-wordpress\/ -->\n<title>Maestros de la Reforma inglesa &#8211; Banner of Truth USA<\/title>\n<meta name=\"robots\" content=\"index, follow, max-snippet:-1, max-image-preview:large, max-video-preview:-1\" \/>\n<link rel=\"canonical\" href=\"https:\/\/banneroftruth.org\/us\/store\/history-biography\/maestros-de-la-reforma-inglesa\/\" \/>\n<meta property=\"og:locale\" content=\"en_US\" \/>\n<meta property=\"og:type\" content=\"article\" \/>\n<meta property=\"og:title\" content=\"Maestros de la Reforma inglesa &#8211; Banner of Truth USA\" \/>\n<meta property=\"og:description\" content=\"Book Description Este libro cuenta la historia de la Reforma inglesa. Penetra detr\u00e1s de la fachada del cambio pol\u00edtico y actas del Parlamento, y trae a la luz el movimiento interno del Esp\u00edritu de Dios en hombres de coraz\u00f3n humilde y fe heroica. Su autor cree que hab\u00eda una mano que guiaba el tim\u00f3n de [&hellip;]\" \/>\n<meta property=\"og:url\" content=\"https:\/\/banneroftruth.org\/us\/store\/history-biography\/maestros-de-la-reforma-inglesa\/\" \/>\n<meta property=\"og:site_name\" content=\"Banner of Truth USA\" \/>\n<meta property=\"article:publisher\" content=\"https:\/\/www.facebook.com\/TheBannerofTruth\" \/>\n<meta property=\"article:modified_time\" content=\"2026-04-07T10:27:43+00:00\" \/>\n<meta property=\"og:image\" content=\"https:\/\/banneroftruth.org\/us\/wp-content\/uploads\/sites\/2\/2022\/08\/maestroscover.png\" \/>\n\t<meta property=\"og:image:width\" content=\"756\" \/>\n\t<meta property=\"og:image:height\" content=\"1200\" \/>\n\t<meta property=\"og:image:type\" content=\"image\/png\" \/>\n<meta name=\"twitter:card\" content=\"summary_large_image\" \/>\n<meta name=\"twitter:site\" content=\"@banneroftruth\" \/>\n<meta name=\"twitter:label1\" content=\"Price\" \/>\n\t<meta name=\"twitter:data1\" content=\"&#036;12.60\" \/>\n\t<meta name=\"twitter:label2\" content=\"Availability\" \/>\n\t<meta name=\"twitter:data2\" content=\"In stock\" \/>\n<script type=\"application\/ld+json\" class=\"yoast-schema-graph\">{\"@context\":\"https:\\\/\\\/schema.org\",\"@graph\":[{\"@type\":\"WebPage\",\"@id\":\"https:\\\/\\\/banneroftruth.org\\\/us\\\/store\\\/history-biography\\\/maestros-de-la-reforma-inglesa\\\/\",\"url\":\"https:\\\/\\\/banneroftruth.org\\\/us\\\/store\\\/history-biography\\\/maestros-de-la-reforma-inglesa\\\/\",\"name\":\"Maestros de la Reforma inglesa &#8211; Banner of Truth USA\",\"isPartOf\":{\"@id\":\"https:\\\/\\\/banneroftruth.org\\\/us\\\/#website\"},\"primaryImageOfPage\":{\"@id\":\"https:\\\/\\\/banneroftruth.org\\\/us\\\/store\\\/history-biography\\\/maestros-de-la-reforma-inglesa\\\/#primaryimage\"},\"image\":{\"@id\":\"https:\\\/\\\/banneroftruth.org\\\/us\\\/store\\\/history-biography\\\/maestros-de-la-reforma-inglesa\\\/#primaryimage\"},\"thumbnailUrl\":\"https:\\\/\\\/banneroftruth.org\\\/us\\\/wp-content\\\/uploads\\\/sites\\\/2\\\/2022\\\/08\\\/maestroscover.png\",\"datePublished\":\"2022-08-22T21:04:34+00:00\",\"dateModified\":\"2026-04-07T10:27:43+00:00\",\"breadcrumb\":{\"@id\":\"https:\\\/\\\/banneroftruth.org\\\/us\\\/store\\\/history-biography\\\/maestros-de-la-reforma-inglesa\\\/#breadcrumb\"},\"inLanguage\":\"en-US\",\"potentialAction\":[{\"@type\":\"ReadAction\",\"target\":[\"https:\\\/\\\/banneroftruth.org\\\/us\\\/store\\\/history-biography\\\/maestros-de-la-reforma-inglesa\\\/\"]}]},{\"@type\":\"ImageObject\",\"inLanguage\":\"en-US\",\"@id\":\"https:\\\/\\\/banneroftruth.org\\\/us\\\/store\\\/history-biography\\\/maestros-de-la-reforma-inglesa\\\/#primaryimage\",\"url\":\"https:\\\/\\\/banneroftruth.org\\\/us\\\/wp-content\\\/uploads\\\/sites\\\/2\\\/2022\\\/08\\\/maestroscover.png\",\"contentUrl\":\"https:\\\/\\\/banneroftruth.org\\\/us\\\/wp-content\\\/uploads\\\/sites\\\/2\\\/2022\\\/08\\\/maestroscover.png\",\"width\":756,\"height\":1200,\"caption\":\"image of the spanish edition of Masters of the English Reformation\"},{\"@type\":\"BreadcrumbList\",\"@id\":\"https:\\\/\\\/banneroftruth.org\\\/us\\\/store\\\/history-biography\\\/maestros-de-la-reforma-inglesa\\\/#breadcrumb\",\"itemListElement\":[{\"@type\":\"ListItem\",\"position\":1,\"name\":\"Home\",\"item\":\"https:\\\/\\\/banneroftruth.org\\\/us\\\/\"},{\"@type\":\"ListItem\",\"position\":2,\"name\":\"Store\",\"item\":\"https:\\\/\\\/banneroftruth.org\\\/us\\\/store\\\/\"},{\"@type\":\"ListItem\",\"position\":3,\"name\":\"Maestros de la Reforma inglesa\"}]},{\"@type\":\"WebSite\",\"@id\":\"https:\\\/\\\/banneroftruth.org\\\/us\\\/#website\",\"url\":\"https:\\\/\\\/banneroftruth.org\\\/us\\\/\",\"name\":\"Banner of Truth USA\",\"description\":\"Christian Publisher of Reformed &amp; Puritan Books\",\"publisher\":{\"@id\":\"https:\\\/\\\/banneroftruth.org\\\/us\\\/#organization\"},\"potentialAction\":[{\"@type\":\"SearchAction\",\"target\":{\"@type\":\"EntryPoint\",\"urlTemplate\":\"https:\\\/\\\/banneroftruth.org\\\/us\\\/?s={search_term_string}\"},\"query-input\":{\"@type\":\"PropertyValueSpecification\",\"valueRequired\":true,\"valueName\":\"search_term_string\"}}],\"inLanguage\":\"en-US\"},{\"@type\":\"Organization\",\"@id\":\"https:\\\/\\\/banneroftruth.org\\\/us\\\/#organization\",\"name\":\"Banner of Truth USA\",\"url\":\"https:\\\/\\\/banneroftruth.org\\\/us\\\/\",\"logo\":{\"@type\":\"ImageObject\",\"inLanguage\":\"en-US\",\"@id\":\"https:\\\/\\\/banneroftruth.org\\\/us\\\/#\\\/schema\\\/logo\\\/image\\\/\",\"url\":\"https:\\\/\\\/banneroftruth.org\\\/us\\\/wp-content\\\/uploads\\\/sites\\\/2\\\/2023\\\/04\\\/Profile-Royal-Blue.png\",\"contentUrl\":\"https:\\\/\\\/banneroftruth.org\\\/us\\\/wp-content\\\/uploads\\\/sites\\\/2\\\/2023\\\/04\\\/Profile-Royal-Blue.png\",\"width\":2048,\"height\":2048,\"caption\":\"Banner of Truth USA\"},\"image\":{\"@id\":\"https:\\\/\\\/banneroftruth.org\\\/us\\\/#\\\/schema\\\/logo\\\/image\\\/\"},\"sameAs\":[\"https:\\\/\\\/www.facebook.com\\\/TheBannerofTruth\",\"https:\\\/\\\/x.com\\\/banneroftruth\",\"https:\\\/\\\/www.instagram.com\\\/banneroftruth\\\/\",\"https:\\\/\\\/www.pinterest.com\\\/banneroftruth\\\/\",\"https:\\\/\\\/www.youtube.com\\\/banneroftruth\"]}]}<\/script>\n<meta property=\"product:price:amount\" content=\"12.60\" \/>\n<meta property=\"product:price:currency\" content=\"USD\" \/>\n<meta property=\"og:availability\" content=\"instock\" \/>\n<meta property=\"product:availability\" content=\"instock\" \/>\n<meta property=\"product:retailer_item_id\" content=\"9781800402799\" \/>\n<meta property=\"product:condition\" content=\"new\" \/>\n<!-- \/ Yoast SEO Premium plugin. -->","yoast_head_json":{"title":"Maestros de la Reforma inglesa &#8211; Banner of Truth USA","robots":{"index":"index","follow":"follow","max-snippet":"max-snippet:-1","max-image-preview":"max-image-preview:large","max-video-preview":"max-video-preview:-1"},"canonical":"https:\/\/banneroftruth.org\/us\/store\/history-biography\/maestros-de-la-reforma-inglesa\/","og_locale":"en_US","og_type":"article","og_title":"Maestros de la Reforma inglesa &#8211; Banner of Truth USA","og_description":"Book Description Este libro cuenta la historia de la Reforma inglesa. Penetra detr\u00e1s de la fachada del cambio pol\u00edtico y actas del Parlamento, y trae a la luz el movimiento interno del Esp\u00edritu de Dios en hombres de coraz\u00f3n humilde y fe heroica. Su autor cree que hab\u00eda una mano que guiaba el tim\u00f3n de [&hellip;]","og_url":"https:\/\/banneroftruth.org\/us\/store\/history-biography\/maestros-de-la-reforma-inglesa\/","og_site_name":"Banner of Truth USA","article_publisher":"https:\/\/www.facebook.com\/TheBannerofTruth","article_modified_time":"2026-04-07T10:27:43+00:00","og_image":[{"width":756,"height":1200,"url":"https:\/\/banneroftruth.org\/us\/wp-content\/uploads\/sites\/2\/2022\/08\/maestroscover.png","type":"image\/png"}],"twitter_card":"summary_large_image","twitter_site":"@banneroftruth","twitter_misc":{"Price":"&#36;12.60","Availability":"In stock"},"schema":{"@context":"https:\/\/schema.org","@graph":[{"@type":"WebPage","@id":"https:\/\/banneroftruth.org\/us\/store\/history-biography\/maestros-de-la-reforma-inglesa\/","url":"https:\/\/banneroftruth.org\/us\/store\/history-biography\/maestros-de-la-reforma-inglesa\/","name":"Maestros de la Reforma inglesa &#8211; Banner of Truth USA","isPartOf":{"@id":"https:\/\/banneroftruth.org\/us\/#website"},"primaryImageOfPage":{"@id":"https:\/\/banneroftruth.org\/us\/store\/history-biography\/maestros-de-la-reforma-inglesa\/#primaryimage"},"image":{"@id":"https:\/\/banneroftruth.org\/us\/store\/history-biography\/maestros-de-la-reforma-inglesa\/#primaryimage"},"thumbnailUrl":"https:\/\/banneroftruth.org\/us\/wp-content\/uploads\/sites\/2\/2022\/08\/maestroscover.png","datePublished":"2022-08-22T21:04:34+00:00","dateModified":"2026-04-07T10:27:43+00:00","breadcrumb":{"@id":"https:\/\/banneroftruth.org\/us\/store\/history-biography\/maestros-de-la-reforma-inglesa\/#breadcrumb"},"inLanguage":"en-US","potentialAction":[{"@type":"ReadAction","target":["https:\/\/banneroftruth.org\/us\/store\/history-biography\/maestros-de-la-reforma-inglesa\/"]}]},{"@type":"ImageObject","inLanguage":"en-US","@id":"https:\/\/banneroftruth.org\/us\/store\/history-biography\/maestros-de-la-reforma-inglesa\/#primaryimage","url":"https:\/\/banneroftruth.org\/us\/wp-content\/uploads\/sites\/2\/2022\/08\/maestroscover.png","contentUrl":"https:\/\/banneroftruth.org\/us\/wp-content\/uploads\/sites\/2\/2022\/08\/maestroscover.png","width":756,"height":1200,"caption":"image of the spanish edition of Masters of the English Reformation"},{"@type":"BreadcrumbList","@id":"https:\/\/banneroftruth.org\/us\/store\/history-biography\/maestros-de-la-reforma-inglesa\/#breadcrumb","itemListElement":[{"@type":"ListItem","position":1,"name":"Home","item":"https:\/\/banneroftruth.org\/us\/"},{"@type":"ListItem","position":2,"name":"Store","item":"https:\/\/banneroftruth.org\/us\/store\/"},{"@type":"ListItem","position":3,"name":"Maestros de la Reforma inglesa"}]},{"@type":"WebSite","@id":"https:\/\/banneroftruth.org\/us\/#website","url":"https:\/\/banneroftruth.org\/us\/","name":"Banner of Truth USA","description":"Christian Publisher of Reformed &amp; Puritan Books","publisher":{"@id":"https:\/\/banneroftruth.org\/us\/#organization"},"potentialAction":[{"@type":"SearchAction","target":{"@type":"EntryPoint","urlTemplate":"https:\/\/banneroftruth.org\/us\/?s={search_term_string}"},"query-input":{"@type":"PropertyValueSpecification","valueRequired":true,"valueName":"search_term_string"}}],"inLanguage":"en-US"},{"@type":"Organization","@id":"https:\/\/banneroftruth.org\/us\/#organization","name":"Banner of Truth USA","url":"https:\/\/banneroftruth.org\/us\/","logo":{"@type":"ImageObject","inLanguage":"en-US","@id":"https:\/\/banneroftruth.org\/us\/#\/schema\/logo\/image\/","url":"https:\/\/banneroftruth.org\/us\/wp-content\/uploads\/sites\/2\/2023\/04\/Profile-Royal-Blue.png","contentUrl":"https:\/\/banneroftruth.org\/us\/wp-content\/uploads\/sites\/2\/2023\/04\/Profile-Royal-Blue.png","width":2048,"height":2048,"caption":"Banner of Truth USA"},"image":{"@id":"https:\/\/banneroftruth.org\/us\/#\/schema\/logo\/image\/"},"sameAs":["https:\/\/www.facebook.com\/TheBannerofTruth","https:\/\/x.com\/banneroftruth","https:\/\/www.instagram.com\/banneroftruth\/","https:\/\/www.pinterest.com\/banneroftruth\/","https:\/\/www.youtube.com\/banneroftruth"]}]},"product_price_amount":"12.60","product_price_currency":"USD","og_availability":"instock","product_availability":"instock","product_retailer_item_id":"9781800402799","product_condition":"new"},"_links":{"self":[{"href":"https:\/\/banneroftruth.org\/us\/wp-json\/wp\/v2\/product\/191898","targetHints":{"allow":["GET"]}}],"collection":[{"href":"https:\/\/banneroftruth.org\/us\/wp-json\/wp\/v2\/product"}],"about":[{"href":"https:\/\/banneroftruth.org\/us\/wp-json\/wp\/v2\/types\/product"}],"replies":[{"embeddable":true,"href":"https:\/\/banneroftruth.org\/us\/wp-json\/wp\/v2\/comments?post=191898"}],"wp:featuredmedia":[{"embeddable":true,"href":"https:\/\/banneroftruth.org\/us\/wp-json\/wp\/v2\/media\/191900"}],"wp:attachment":[{"href":"https:\/\/banneroftruth.org\/us\/wp-json\/wp\/v2\/media?parent=191898"}],"wp:term":[{"taxonomy":"product_brand","embeddable":true,"href":"https:\/\/banneroftruth.org\/us\/wp-json\/wp\/v2\/product_brand?post=191898"},{"taxonomy":"product_cat","embeddable":true,"href":"https:\/\/banneroftruth.org\/us\/wp-json\/wp\/v2\/product_cat?post=191898"},{"taxonomy":"product_tag","embeddable":true,"href":"https:\/\/banneroftruth.org\/us\/wp-json\/wp\/v2\/product_tag?post=191898"}],"curies":[{"name":"wp","href":"https:\/\/api.w.org\/{rel}","templated":true}]}}