{"id":195837,"date":"2022-11-11T15:17:50","date_gmt":"2022-11-11T20:17:50","guid":{"rendered":"https:\/\/\/us\/?post_type=product&#038;p=195837"},"modified":"2026-04-09T00:28:08","modified_gmt":"2026-04-09T05:28:08","slug":"cristianismo-autentico","status":"publish","type":"product","link":"https:\/\/banneroftruth.org\/us\/store\/collected-workssets\/cristianismo-autentico\/","title":{"rendered":"Cristianismo Aut\u00e9ntico"},"content":{"rendered":"<h2>Book Description<\/h2>\n<p>Este es el serie de tomos que recogen la predicaci\u00f3n del Dr. Lloyd-Jones sobre Hechos de los Ap\u00f3stoles.<\/p>\n","protected":false},"excerpt":{"rendered":"<p>Book Description Este es el serie de tomos que recogen la predicaci\u00f3n del Dr. Lloyd-Jones sobre Hechos de los Ap\u00f3stoles.<\/p>\n","protected":false},"featured_media":195859,"comment_status":"open","ping_status":"closed","template":"","meta":[],"product_brand":[],"product_cat":[2227],"product_tag":[],"class_list":{"0":"post-195837","1":"product","2":"type-product","3":"status-publish","4":"has-post-thumbnail","6":"product_cat-collected-workssets","7":"pa_binding-paperback","8":"pa_format-book","9":"pa_subtitle-6-volume-set","10":"pa_theauthor-lloyd-jones-d-martyn","12":"first","13":"instock","14":"sale","15":"taxable","16":"shipping-taxable","17":"purchasable","18":"product-type-simple"},"bundled_by":[],"bundle_stock_status":"instock","bundle_stock_quantity":197,"bundle_virtual":false,"bundle_layout":"","bundle_add_to_cart_form_location":"","bundle_editable_in_cart":false,"bundle_sold_individually_context":"","bundle_item_grouping":"","bundle_min_size":"","bundle_max_size":"","bundle_price":[],"bundled_items":[],"bundle_sell_ids":[],"yoast_head":"<!-- This site is optimized with the Yoast SEO Premium plugin v27.3 (Yoast SEO v27.3) - https:\/\/yoast.com\/product\/yoast-seo-premium-wordpress\/ -->\n<title>Cristianismo Aut\u00e9ntico &#8211; Banner of Truth USA<\/title>\n<meta name=\"robots\" content=\"index, follow, max-snippet:-1, max-image-preview:large, max-video-preview:-1\" \/>\n<link rel=\"canonical\" href=\"https:\/\/banneroftruth.org\/us\/store\/collected-workssets\/cristianismo-autentico\/\" \/>\n<meta property=\"og:locale\" content=\"en_US\" \/>\n<meta property=\"og:type\" content=\"article\" \/>\n<meta property=\"og:title\" content=\"Cristianismo Aut\u00e9ntico &#8211; Banner of Truth USA\" \/>\n<meta property=\"og:description\" content=\"Book Description Este es el serie de tomos que recogen la predicaci\u00f3n del Dr. Lloyd-Jones sobre Hechos de los Ap\u00f3stoles.\" \/>\n<meta property=\"og:url\" content=\"https:\/\/banneroftruth.org\/us\/store\/collected-workssets\/cristianismo-autentico\/\" \/>\n<meta property=\"og:site_name\" content=\"Banner of Truth USA\" \/>\n<meta property=\"article:publisher\" content=\"https:\/\/www.facebook.com\/TheBannerofTruth\" \/>\n<meta property=\"article:modified_time\" content=\"2026-04-09T05:28:08+00:00\" \/>\n<meta property=\"og:image\" content=\"https:\/\/banneroftruth.org\/us\/wp-content\/uploads\/sites\/2\/2022\/11\/cristianismo-flyer.jpg\" \/>\n\t<meta property=\"og:image:width\" content=\"914\" \/>\n\t<meta property=\"og:image:height\" content=\"1200\" \/>\n\t<meta property=\"og:image:type\" content=\"image\/jpeg\" \/>\n<meta name=\"twitter:card\" content=\"summary_large_image\" \/>\n<meta name=\"twitter:site\" content=\"@banneroftruth\" \/>\n<meta name=\"twitter:label1\" content=\"Price\" \/>\n\t<meta name=\"twitter:data1\" content=\"&#036;81.00\" \/>\n\t<meta name=\"twitter:label2\" content=\"Availability\" \/>\n\t<meta name=\"twitter:data2\" content=\"In stock\" \/>\n<script type=\"application\/ld+json\" class=\"yoast-schema-graph\">{\"@context\":\"https:\\\/\\\/schema.org\",\"@graph\":[{\"@type\":\"WebPage\",\"@id\":\"https:\\\/\\\/banneroftruth.org\\\/us\\\/store\\\/collected-workssets\\\/cristianismo-autentico\\\/\",\"url\":\"https:\\\/\\\/banneroftruth.org\\\/us\\\/store\\\/collected-workssets\\\/cristianismo-autentico\\\/\",\"name\":\"Cristianismo Aut\u00e9ntico &#8211; Banner of Truth USA\",\"isPartOf\":{\"@id\":\"https:\\\/\\\/banneroftruth.org\\\/us\\\/#website\"},\"primaryImageOfPage\":{\"@id\":\"https:\\\/\\\/banneroftruth.org\\\/us\\\/store\\\/collected-workssets\\\/cristianismo-autentico\\\/#primaryimage\"},\"image\":{\"@id\":\"https:\\\/\\\/banneroftruth.org\\\/us\\\/store\\\/collected-workssets\\\/cristianismo-autentico\\\/#primaryimage\"},\"thumbnailUrl\":\"https:\\\/\\\/banneroftruth.org\\\/us\\\/wp-content\\\/uploads\\\/sites\\\/2\\\/2022\\\/11\\\/cristianismo-flyer.jpg\",\"datePublished\":\"2022-11-11T20:17:50+00:00\",\"dateModified\":\"2026-04-09T05:28:08+00:00\",\"breadcrumb\":{\"@id\":\"https:\\\/\\\/banneroftruth.org\\\/us\\\/store\\\/collected-workssets\\\/cristianismo-autentico\\\/#breadcrumb\"},\"inLanguage\":\"en-US\",\"potentialAction\":[{\"@type\":\"ReadAction\",\"target\":[\"https:\\\/\\\/banneroftruth.org\\\/us\\\/store\\\/collected-workssets\\\/cristianismo-autentico\\\/\"]}]},{\"@type\":\"ImageObject\",\"inLanguage\":\"en-US\",\"@id\":\"https:\\\/\\\/banneroftruth.org\\\/us\\\/store\\\/collected-workssets\\\/cristianismo-autentico\\\/#primaryimage\",\"url\":\"https:\\\/\\\/banneroftruth.org\\\/us\\\/wp-content\\\/uploads\\\/sites\\\/2\\\/2022\\\/11\\\/cristianismo-flyer.jpg\",\"contentUrl\":\"https:\\\/\\\/banneroftruth.org\\\/us\\\/wp-content\\\/uploads\\\/sites\\\/2\\\/2022\\\/11\\\/cristianismo-flyer.jpg\",\"width\":914,\"height\":1200,\"caption\":\"image of the cristianismo aut\u00e9ntico set\"},{\"@type\":\"BreadcrumbList\",\"@id\":\"https:\\\/\\\/banneroftruth.org\\\/us\\\/store\\\/collected-workssets\\\/cristianismo-autentico\\\/#breadcrumb\",\"itemListElement\":[{\"@type\":\"ListItem\",\"position\":1,\"name\":\"Home\",\"item\":\"https:\\\/\\\/banneroftruth.org\\\/us\\\/\"},{\"@type\":\"ListItem\",\"position\":2,\"name\":\"Store\",\"item\":\"https:\\\/\\\/banneroftruth.org\\\/us\\\/store\\\/\"},{\"@type\":\"ListItem\",\"position\":3,\"name\":\"Cristianismo Aut\u00e9ntico\"}]},{\"@type\":\"WebSite\",\"@id\":\"https:\\\/\\\/banneroftruth.org\\\/us\\\/#website\",\"url\":\"https:\\\/\\\/banneroftruth.org\\\/us\\\/\",\"name\":\"Banner of Truth USA\",\"description\":\"Christian Publisher of Reformed &amp; Puritan Books\",\"publisher\":{\"@id\":\"https:\\\/\\\/banneroftruth.org\\\/us\\\/#organization\"},\"potentialAction\":[{\"@type\":\"SearchAction\",\"target\":{\"@type\":\"EntryPoint\",\"urlTemplate\":\"https:\\\/\\\/banneroftruth.org\\\/us\\\/?s={search_term_string}\"},\"query-input\":{\"@type\":\"PropertyValueSpecification\",\"valueRequired\":true,\"valueName\":\"search_term_string\"}}],\"inLanguage\":\"en-US\"},{\"@type\":\"Organization\",\"@id\":\"https:\\\/\\\/banneroftruth.org\\\/us\\\/#organization\",\"name\":\"Banner of Truth USA\",\"url\":\"https:\\\/\\\/banneroftruth.org\\\/us\\\/\",\"logo\":{\"@type\":\"ImageObject\",\"inLanguage\":\"en-US\",\"@id\":\"https:\\\/\\\/banneroftruth.org\\\/us\\\/#\\\/schema\\\/logo\\\/image\\\/\",\"url\":\"https:\\\/\\\/banneroftruth.org\\\/us\\\/wp-content\\\/uploads\\\/sites\\\/2\\\/2023\\\/04\\\/Profile-Royal-Blue.png\",\"contentUrl\":\"https:\\\/\\\/banneroftruth.org\\\/us\\\/wp-content\\\/uploads\\\/sites\\\/2\\\/2023\\\/04\\\/Profile-Royal-Blue.png\",\"width\":2048,\"height\":2048,\"caption\":\"Banner of Truth USA\"},\"image\":{\"@id\":\"https:\\\/\\\/banneroftruth.org\\\/us\\\/#\\\/schema\\\/logo\\\/image\\\/\"},\"sameAs\":[\"https:\\\/\\\/www.facebook.com\\\/TheBannerofTruth\",\"https:\\\/\\\/x.com\\\/banneroftruth\",\"https:\\\/\\\/www.instagram.com\\\/banneroftruth\\\/\",\"https:\\\/\\\/www.pinterest.com\\\/banneroftruth\\\/\",\"https:\\\/\\\/www.youtube.com\\\/banneroftruth\"]}]}<\/script>\n<meta property=\"product:price:amount\" content=\"81.00\" \/>\n<meta property=\"product:price:currency\" content=\"USD\" \/>\n<meta property=\"og:availability\" content=\"instock\" \/>\n<meta property=\"product:availability\" content=\"instock\" \/>\n<meta property=\"product:retailer_item_id\" content=\"97818CRISTAUT\" \/>\n<meta property=\"product:condition\" content=\"new\" \/>\n<!-- \/ Yoast SEO Premium plugin. -->","yoast_head_json":{"title":"Cristianismo Aut\u00e9ntico &#8211; Banner of Truth USA","robots":{"index":"index","follow":"follow","max-snippet":"max-snippet:-1","max-image-preview":"max-image-preview:large","max-video-preview":"max-video-preview:-1"},"canonical":"https:\/\/banneroftruth.org\/us\/store\/collected-workssets\/cristianismo-autentico\/","og_locale":"en_US","og_type":"article","og_title":"Cristianismo Aut\u00e9ntico &#8211; Banner of Truth USA","og_description":"Book Description Este es el serie de tomos que recogen la predicaci\u00f3n del Dr. Lloyd-Jones sobre Hechos de los Ap\u00f3stoles.","og_url":"https:\/\/banneroftruth.org\/us\/store\/collected-workssets\/cristianismo-autentico\/","og_site_name":"Banner of Truth USA","article_publisher":"https:\/\/www.facebook.com\/TheBannerofTruth","article_modified_time":"2026-04-09T05:28:08+00:00","og_image":[{"width":914,"height":1200,"url":"https:\/\/banneroftruth.org\/us\/wp-content\/uploads\/sites\/2\/2022\/11\/cristianismo-flyer.jpg","type":"image\/jpeg"}],"twitter_card":"summary_large_image","twitter_site":"@banneroftruth","twitter_misc":{"Price":"&#36;81.00","Availability":"In stock"},"schema":{"@context":"https:\/\/schema.org","@graph":[{"@type":"WebPage","@id":"https:\/\/banneroftruth.org\/us\/store\/collected-workssets\/cristianismo-autentico\/","url":"https:\/\/banneroftruth.org\/us\/store\/collected-workssets\/cristianismo-autentico\/","name":"Cristianismo Aut\u00e9ntico &#8211; Banner of Truth USA","isPartOf":{"@id":"https:\/\/banneroftruth.org\/us\/#website"},"primaryImageOfPage":{"@id":"https:\/\/banneroftruth.org\/us\/store\/collected-workssets\/cristianismo-autentico\/#primaryimage"},"image":{"@id":"https:\/\/banneroftruth.org\/us\/store\/collected-workssets\/cristianismo-autentico\/#primaryimage"},"thumbnailUrl":"https:\/\/banneroftruth.org\/us\/wp-content\/uploads\/sites\/2\/2022\/11\/cristianismo-flyer.jpg","datePublished":"2022-11-11T20:17:50+00:00","dateModified":"2026-04-09T05:28:08+00:00","breadcrumb":{"@id":"https:\/\/banneroftruth.org\/us\/store\/collected-workssets\/cristianismo-autentico\/#breadcrumb"},"inLanguage":"en-US","potentialAction":[{"@type":"ReadAction","target":["https:\/\/banneroftruth.org\/us\/store\/collected-workssets\/cristianismo-autentico\/"]}]},{"@type":"ImageObject","inLanguage":"en-US","@id":"https:\/\/banneroftruth.org\/us\/store\/collected-workssets\/cristianismo-autentico\/#primaryimage","url":"https:\/\/banneroftruth.org\/us\/wp-content\/uploads\/sites\/2\/2022\/11\/cristianismo-flyer.jpg","contentUrl":"https:\/\/banneroftruth.org\/us\/wp-content\/uploads\/sites\/2\/2022\/11\/cristianismo-flyer.jpg","width":914,"height":1200,"caption":"image of the cristianismo aut\u00e9ntico set"},{"@type":"BreadcrumbList","@id":"https:\/\/banneroftruth.org\/us\/store\/collected-workssets\/cristianismo-autentico\/#breadcrumb","itemListElement":[{"@type":"ListItem","position":1,"name":"Home","item":"https:\/\/banneroftruth.org\/us\/"},{"@type":"ListItem","position":2,"name":"Store","item":"https:\/\/banneroftruth.org\/us\/store\/"},{"@type":"ListItem","position":3,"name":"Cristianismo Aut\u00e9ntico"}]},{"@type":"WebSite","@id":"https:\/\/banneroftruth.org\/us\/#website","url":"https:\/\/banneroftruth.org\/us\/","name":"Banner of Truth USA","description":"Christian Publisher of Reformed &amp; Puritan Books","publisher":{"@id":"https:\/\/banneroftruth.org\/us\/#organization"},"potentialAction":[{"@type":"SearchAction","target":{"@type":"EntryPoint","urlTemplate":"https:\/\/banneroftruth.org\/us\/?s={search_term_string}"},"query-input":{"@type":"PropertyValueSpecification","valueRequired":true,"valueName":"search_term_string"}}],"inLanguage":"en-US"},{"@type":"Organization","@id":"https:\/\/banneroftruth.org\/us\/#organization","name":"Banner of Truth USA","url":"https:\/\/banneroftruth.org\/us\/","logo":{"@type":"ImageObject","inLanguage":"en-US","@id":"https:\/\/banneroftruth.org\/us\/#\/schema\/logo\/image\/","url":"https:\/\/banneroftruth.org\/us\/wp-content\/uploads\/sites\/2\/2023\/04\/Profile-Royal-Blue.png","contentUrl":"https:\/\/banneroftruth.org\/us\/wp-content\/uploads\/sites\/2\/2023\/04\/Profile-Royal-Blue.png","width":2048,"height":2048,"caption":"Banner of Truth USA"},"image":{"@id":"https:\/\/banneroftruth.org\/us\/#\/schema\/logo\/image\/"},"sameAs":["https:\/\/www.facebook.com\/TheBannerofTruth","https:\/\/x.com\/banneroftruth","https:\/\/www.instagram.com\/banneroftruth\/","https:\/\/www.pinterest.com\/banneroftruth\/","https:\/\/www.youtube.com\/banneroftruth"]}]},"product_price_amount":"81.00","product_price_currency":"USD","og_availability":"instock","product_availability":"instock","product_retailer_item_id":"97818CRISTAUT","product_condition":"new"},"_links":{"self":[{"href":"https:\/\/banneroftruth.org\/us\/wp-json\/wp\/v2\/product\/195837","targetHints":{"allow":["GET"]}}],"collection":[{"href":"https:\/\/banneroftruth.org\/us\/wp-json\/wp\/v2\/product"}],"about":[{"href":"https:\/\/banneroftruth.org\/us\/wp-json\/wp\/v2\/types\/product"}],"replies":[{"embeddable":true,"href":"https:\/\/banneroftruth.org\/us\/wp-json\/wp\/v2\/comments?post=195837"}],"wp:featuredmedia":[{"embeddable":true,"href":"https:\/\/banneroftruth.org\/us\/wp-json\/wp\/v2\/media\/195859"}],"wp:attachment":[{"href":"https:\/\/banneroftruth.org\/us\/wp-json\/wp\/v2\/media?parent=195837"}],"wp:term":[{"taxonomy":"product_brand","embeddable":true,"href":"https:\/\/banneroftruth.org\/us\/wp-json\/wp\/v2\/product_brand?post=195837"},{"taxonomy":"product_cat","embeddable":true,"href":"https:\/\/banneroftruth.org\/us\/wp-json\/wp\/v2\/product_cat?post=195837"},{"taxonomy":"product_tag","embeddable":true,"href":"https:\/\/banneroftruth.org\/us\/wp-json\/wp\/v2\/product_tag?post=195837"}],"curies":[{"name":"wp","href":"https:\/\/api.w.org\/{rel}","templated":true}]}}