{"id":215231,"date":"2023-07-28T10:07:04","date_gmt":"2023-07-28T15:07:04","guid":{"rendered":"https:\/\/\/us\/store\/uncategorized\/confesion-de-fe-de-westminster\/"},"modified":"2026-04-06T11:57:46","modified_gmt":"2026-04-06T16:57:46","slug":"confesion-de-fe-de-westminster","status":"publish","type":"product","link":"https:\/\/banneroftruth.org\/us\/store\/theology\/confesion-de-fe-de-westminster\/","title":{"rendered":"Confesi\u00f3n de Fe de Westminster"},"content":{"rendered":"<p style=\"text-align: center;\">\u00bbEl fin principal del hombre es glorificar a Dios<br \/>\ny gozar de \u00c9l para siempre\u00ab<\/p>\n<p style=\"text-align: center;\">\u2014<em>Catecismo Menor de Westminster<\/em><\/p>\n<p>A trav\u00e9s de esta nueva edici\u00f3n de la <em>Confesi\u00f3n de Fe de \u200cWestminster<\/em>, y su respectivo <em>Catecismo Menor<\/em>, queremos invitar al pueblo cristiano hispano a continuar profundizando en aquellas verdades doctrinales que han llevado a la Iglesia, a lo largo de la historia, a glorificar a Dios. Estos documentos enriquecer\u00e1n nuestra confesi\u00f3n del Dios trino que nos escogi\u00f3, redimi\u00f3 y contin\u00faa santificando para as\u00ed, gozar de \u00c9l para siempre. Adem\u00e1s, hemos incluido algunos Credos cristianos universales para entregar m\u00e1s recursos que nos lleven a crecer en la fe que creemos y confesamos.<\/p>\n<p>\u00bbLa Confesi\u00f3n de Westminster y sus Catecismos son, por lo tanto, el fruto maduro de todo el movimiento de formaci\u00f3n de credos a lo largo de quince siglos de historia cristiana y, en particular, la Confesi\u00f3n y sus Catecismos son la corona de la mayor \u00e9poca de exposici\u00f3n confesional, la Reforma protestante. Ning\u00fan otro documento similar ha concentrado en ellos, y formulado con tanta precisi\u00f3n, tanto de la verdad contenida en la revelaci\u00f3n cristiana\u00ab.<\/p>\n<p>\u2014Profesor John Murray (1898\u20131975)<\/p>\n<p>\u00bbLa verdad que expresa la Confesi\u00f3n tiene el poder de moldear tu pensamiento; su ense\u00f1anza ampliar\u00e1 y aclarar\u00e1 tu comprensi\u00f3n. Adem\u00e1s, y lo mejor de todo, la sabidur\u00eda pastoral de la Confesi\u00f3n de Fe te ayudar\u00e1 a vivir la vida cristiana con la perspectiva magn\u00edficamente expresada en la respuesta a la primera pregunta del Catecismo Menor que la acompa\u00f1aba: glorificar a Dios y gozar de \u00e9l para siempre\u00bb.<\/p>\n<p>\u2014Sinclair B. Ferguson<\/p>\n","protected":false},"excerpt":{"rendered":"<p>\u00bbEl fin principal del hombre es glorificar a Dios y gozar de \u00c9l para siempre\u00ab \u2014Catecismo Menor de Westminster A trav\u00e9s de esta nueva edici\u00f3n de la Confesi\u00f3n de Fe de \u200cWestminster, y su respectivo Catecismo Menor, queremos invitar al pueblo cristiano hispano a continuar profundizando en aquellas verdades doctrinales que han llevado a la [&hellip;]<\/p>\n","protected":false},"featured_media":216380,"comment_status":"open","ping_status":"closed","template":"","meta":[],"product_brand":[],"product_cat":[19836],"product_tag":[19664],"class_list":{"0":"post-215231","1":"product","2":"type-product","3":"status-publish","4":"has-post-thumbnail","6":"product_cat-theology","7":"product_tag-5-dollar-books","8":"pa_binding-paperback","9":"pa_format-book","10":"pa_isbn-19547","11":"pa_language-spanish","12":"pa_page-count-2915","13":"pa_short-isbn-19548","14":"pa_subtitle-catecismo-menor-de-westminster-y-algunos-credos","16":"first","17":"instock","18":"sale","19":"taxable","20":"shipping-taxable","21":"purchasable","22":"product-type-simple"},"bundled_by":[],"bundle_stock_status":"instock","bundle_stock_quantity":500,"bundle_virtual":false,"bundle_layout":"","bundle_add_to_cart_form_location":"","bundle_editable_in_cart":false,"bundle_sold_individually_context":"","bundle_item_grouping":"","bundle_min_size":"","bundle_max_size":"","bundle_price":[],"bundled_items":[],"bundle_sell_ids":[],"yoast_head":"<!-- This site is optimized with the Yoast SEO Premium plugin v27.3 (Yoast SEO v27.3) - https:\/\/yoast.com\/product\/yoast-seo-premium-wordpress\/ -->\n<title>Confesi\u00f3n de Fe de Westminster &#8211; Banner of Truth USA<\/title>\n<meta name=\"description\" content=\"El fin principal del hombre es glorificar a Dios y gozar de \u00c9l para siempre. \u2014Catecismo Menor de Westminster\" \/>\n<meta name=\"robots\" content=\"index, follow, max-snippet:-1, max-image-preview:large, max-video-preview:-1\" \/>\n<link rel=\"canonical\" href=\"https:\/\/banneroftruth.org\/us\/store\/theology\/confesion-de-fe-de-westminster\/\" \/>\n<meta property=\"og:locale\" content=\"en_US\" \/>\n<meta property=\"og:type\" content=\"article\" \/>\n<meta property=\"og:title\" content=\"Confesi\u00f3n de Fe de Westminster &#8211; Banner of Truth USA\" \/>\n<meta property=\"og:description\" content=\"El fin principal del hombre es glorificar a Dios y gozar de \u00c9l para siempre. \u2014Catecismo Menor de Westminster\" \/>\n<meta property=\"og:url\" content=\"https:\/\/banneroftruth.org\/us\/store\/theology\/confesion-de-fe-de-westminster\/\" \/>\n<meta property=\"og:site_name\" content=\"Banner of Truth USA\" \/>\n<meta property=\"article:publisher\" content=\"https:\/\/www.facebook.com\/TheBannerofTruth\" \/>\n<meta property=\"article:modified_time\" content=\"2026-04-06T16:57:46+00:00\" \/>\n<meta property=\"og:image\" content=\"https:\/\/banneroftruth.org\/us\/wp-content\/uploads\/sites\/2\/2023\/08\/3390-01-fb-share.jpg\" \/>\n\t<meta property=\"og:image:width\" content=\"1920\" \/>\n\t<meta property=\"og:image:height\" content=\"1080\" \/>\n\t<meta property=\"og:image:type\" content=\"image\/jpeg\" \/>\n<meta name=\"twitter:card\" content=\"summary_large_image\" \/>\n<meta name=\"twitter:site\" content=\"@banneroftruth\" \/>\n<meta name=\"twitter:label1\" content=\"Price\" \/>\n\t<meta name=\"twitter:data1\" content=\"&#036;5.00\" \/>\n\t<meta name=\"twitter:label2\" content=\"Availability\" \/>\n\t<meta name=\"twitter:data2\" content=\"In stock\" \/>\n<script type=\"application\/ld+json\" class=\"yoast-schema-graph\">{\"@context\":\"https:\\\/\\\/schema.org\",\"@graph\":[{\"@type\":\"WebPage\",\"@id\":\"https:\\\/\\\/banneroftruth.org\\\/us\\\/store\\\/theology\\\/confesion-de-fe-de-westminster\\\/\",\"url\":\"https:\\\/\\\/banneroftruth.org\\\/us\\\/store\\\/theology\\\/confesion-de-fe-de-westminster\\\/\",\"name\":\"Confesi\u00f3n de Fe de Westminster &#8211; Banner of Truth USA\",\"isPartOf\":{\"@id\":\"https:\\\/\\\/banneroftruth.org\\\/us\\\/#website\"},\"primaryImageOfPage\":{\"@id\":\"https:\\\/\\\/banneroftruth.org\\\/us\\\/store\\\/theology\\\/confesion-de-fe-de-westminster\\\/#primaryimage\"},\"image\":{\"@id\":\"https:\\\/\\\/banneroftruth.org\\\/us\\\/store\\\/theology\\\/confesion-de-fe-de-westminster\\\/#primaryimage\"},\"thumbnailUrl\":\"https:\\\/\\\/banneroftruth.org\\\/us\\\/wp-content\\\/uploads\\\/sites\\\/2\\\/2023\\\/08\\\/3390-01.jpg\",\"datePublished\":\"2023-07-28T15:07:04+00:00\",\"dateModified\":\"2026-04-06T16:57:46+00:00\",\"description\":\"El fin principal del hombre es glorificar a Dios y gozar de \u00c9l para siempre. \u2014Catecismo Menor de Westminster\",\"breadcrumb\":{\"@id\":\"https:\\\/\\\/banneroftruth.org\\\/us\\\/store\\\/theology\\\/confesion-de-fe-de-westminster\\\/#breadcrumb\"},\"inLanguage\":\"en-US\",\"potentialAction\":[{\"@type\":\"ReadAction\",\"target\":[\"https:\\\/\\\/banneroftruth.org\\\/us\\\/store\\\/theology\\\/confesion-de-fe-de-westminster\\\/\"]}]},{\"@type\":\"ImageObject\",\"inLanguage\":\"en-US\",\"@id\":\"https:\\\/\\\/banneroftruth.org\\\/us\\\/store\\\/theology\\\/confesion-de-fe-de-westminster\\\/#primaryimage\",\"url\":\"https:\\\/\\\/banneroftruth.org\\\/us\\\/wp-content\\\/uploads\\\/sites\\\/2\\\/2023\\\/08\\\/3390-01.jpg\",\"contentUrl\":\"https:\\\/\\\/banneroftruth.org\\\/us\\\/wp-content\\\/uploads\\\/sites\\\/2\\\/2023\\\/08\\\/3390-01.jpg\",\"width\":1255,\"height\":2000,\"caption\":\"Confesi\u00f3n de Fe de Westminster\"},{\"@type\":\"BreadcrumbList\",\"@id\":\"https:\\\/\\\/banneroftruth.org\\\/us\\\/store\\\/theology\\\/confesion-de-fe-de-westminster\\\/#breadcrumb\",\"itemListElement\":[{\"@type\":\"ListItem\",\"position\":1,\"name\":\"Home\",\"item\":\"https:\\\/\\\/banneroftruth.org\\\/us\\\/\"},{\"@type\":\"ListItem\",\"position\":2,\"name\":\"Store\",\"item\":\"https:\\\/\\\/banneroftruth.org\\\/us\\\/store\\\/\"},{\"@type\":\"ListItem\",\"position\":3,\"name\":\"Confesi\u00f3n de Fe de Westminster\"}]},{\"@type\":\"WebSite\",\"@id\":\"https:\\\/\\\/banneroftruth.org\\\/us\\\/#website\",\"url\":\"https:\\\/\\\/banneroftruth.org\\\/us\\\/\",\"name\":\"Banner of Truth USA\",\"description\":\"Christian Publisher of Reformed &amp; Puritan Books\",\"publisher\":{\"@id\":\"https:\\\/\\\/banneroftruth.org\\\/us\\\/#organization\"},\"potentialAction\":[{\"@type\":\"SearchAction\",\"target\":{\"@type\":\"EntryPoint\",\"urlTemplate\":\"https:\\\/\\\/banneroftruth.org\\\/us\\\/?s={search_term_string}\"},\"query-input\":{\"@type\":\"PropertyValueSpecification\",\"valueRequired\":true,\"valueName\":\"search_term_string\"}}],\"inLanguage\":\"en-US\"},{\"@type\":\"Organization\",\"@id\":\"https:\\\/\\\/banneroftruth.org\\\/us\\\/#organization\",\"name\":\"Banner of Truth USA\",\"url\":\"https:\\\/\\\/banneroftruth.org\\\/us\\\/\",\"logo\":{\"@type\":\"ImageObject\",\"inLanguage\":\"en-US\",\"@id\":\"https:\\\/\\\/banneroftruth.org\\\/us\\\/#\\\/schema\\\/logo\\\/image\\\/\",\"url\":\"https:\\\/\\\/banneroftruth.org\\\/us\\\/wp-content\\\/uploads\\\/sites\\\/2\\\/2023\\\/04\\\/Profile-Royal-Blue.png\",\"contentUrl\":\"https:\\\/\\\/banneroftruth.org\\\/us\\\/wp-content\\\/uploads\\\/sites\\\/2\\\/2023\\\/04\\\/Profile-Royal-Blue.png\",\"width\":2048,\"height\":2048,\"caption\":\"Banner of Truth USA\"},\"image\":{\"@id\":\"https:\\\/\\\/banneroftruth.org\\\/us\\\/#\\\/schema\\\/logo\\\/image\\\/\"},\"sameAs\":[\"https:\\\/\\\/www.facebook.com\\\/TheBannerofTruth\",\"https:\\\/\\\/x.com\\\/banneroftruth\",\"https:\\\/\\\/www.instagram.com\\\/banneroftruth\\\/\",\"https:\\\/\\\/www.pinterest.com\\\/banneroftruth\\\/\",\"https:\\\/\\\/www.youtube.com\\\/banneroftruth\"]}]}<\/script>\n<meta property=\"product:price:amount\" content=\"5.00\" \/>\n<meta property=\"product:price:currency\" content=\"USD\" \/>\n<meta property=\"og:availability\" content=\"instock\" \/>\n<meta property=\"product:availability\" content=\"instock\" \/>\n<meta property=\"product:retailer_item_id\" content=\"9781800403390\" \/>\n<meta property=\"product:condition\" content=\"new\" \/>\n<!-- \/ Yoast SEO Premium plugin. -->","yoast_head_json":{"title":"Confesi\u00f3n de Fe de Westminster &#8211; Banner of Truth USA","description":"El fin principal del hombre es glorificar a Dios y gozar de \u00c9l para siempre. \u2014Catecismo Menor de Westminster","robots":{"index":"index","follow":"follow","max-snippet":"max-snippet:-1","max-image-preview":"max-image-preview:large","max-video-preview":"max-video-preview:-1"},"canonical":"https:\/\/banneroftruth.org\/us\/store\/theology\/confesion-de-fe-de-westminster\/","og_locale":"en_US","og_type":"article","og_title":"Confesi\u00f3n de Fe de Westminster &#8211; Banner of Truth USA","og_description":"El fin principal del hombre es glorificar a Dios y gozar de \u00c9l para siempre. \u2014Catecismo Menor de Westminster","og_url":"https:\/\/banneroftruth.org\/us\/store\/theology\/confesion-de-fe-de-westminster\/","og_site_name":"Banner of Truth USA","article_publisher":"https:\/\/www.facebook.com\/TheBannerofTruth","article_modified_time":"2026-04-06T16:57:46+00:00","og_image":[{"width":1920,"height":1080,"url":"https:\/\/banneroftruth.org\/us\/wp-content\/uploads\/sites\/2\/2023\/08\/3390-01-fb-share.jpg","type":"image\/jpeg"}],"twitter_card":"summary_large_image","twitter_site":"@banneroftruth","twitter_misc":{"Price":"&#36;5.00","Availability":"In stock"},"schema":{"@context":"https:\/\/schema.org","@graph":[{"@type":"WebPage","@id":"https:\/\/banneroftruth.org\/us\/store\/theology\/confesion-de-fe-de-westminster\/","url":"https:\/\/banneroftruth.org\/us\/store\/theology\/confesion-de-fe-de-westminster\/","name":"Confesi\u00f3n de Fe de Westminster &#8211; Banner of Truth USA","isPartOf":{"@id":"https:\/\/banneroftruth.org\/us\/#website"},"primaryImageOfPage":{"@id":"https:\/\/banneroftruth.org\/us\/store\/theology\/confesion-de-fe-de-westminster\/#primaryimage"},"image":{"@id":"https:\/\/banneroftruth.org\/us\/store\/theology\/confesion-de-fe-de-westminster\/#primaryimage"},"thumbnailUrl":"https:\/\/banneroftruth.org\/us\/wp-content\/uploads\/sites\/2\/2023\/08\/3390-01.jpg","datePublished":"2023-07-28T15:07:04+00:00","dateModified":"2026-04-06T16:57:46+00:00","description":"El fin principal del hombre es glorificar a Dios y gozar de \u00c9l para siempre. \u2014Catecismo Menor de Westminster","breadcrumb":{"@id":"https:\/\/banneroftruth.org\/us\/store\/theology\/confesion-de-fe-de-westminster\/#breadcrumb"},"inLanguage":"en-US","potentialAction":[{"@type":"ReadAction","target":["https:\/\/banneroftruth.org\/us\/store\/theology\/confesion-de-fe-de-westminster\/"]}]},{"@type":"ImageObject","inLanguage":"en-US","@id":"https:\/\/banneroftruth.org\/us\/store\/theology\/confesion-de-fe-de-westminster\/#primaryimage","url":"https:\/\/banneroftruth.org\/us\/wp-content\/uploads\/sites\/2\/2023\/08\/3390-01.jpg","contentUrl":"https:\/\/banneroftruth.org\/us\/wp-content\/uploads\/sites\/2\/2023\/08\/3390-01.jpg","width":1255,"height":2000,"caption":"Confesi\u00f3n de Fe de Westminster"},{"@type":"BreadcrumbList","@id":"https:\/\/banneroftruth.org\/us\/store\/theology\/confesion-de-fe-de-westminster\/#breadcrumb","itemListElement":[{"@type":"ListItem","position":1,"name":"Home","item":"https:\/\/banneroftruth.org\/us\/"},{"@type":"ListItem","position":2,"name":"Store","item":"https:\/\/banneroftruth.org\/us\/store\/"},{"@type":"ListItem","position":3,"name":"Confesi\u00f3n de Fe de Westminster"}]},{"@type":"WebSite","@id":"https:\/\/banneroftruth.org\/us\/#website","url":"https:\/\/banneroftruth.org\/us\/","name":"Banner of Truth USA","description":"Christian Publisher of Reformed &amp; Puritan Books","publisher":{"@id":"https:\/\/banneroftruth.org\/us\/#organization"},"potentialAction":[{"@type":"SearchAction","target":{"@type":"EntryPoint","urlTemplate":"https:\/\/banneroftruth.org\/us\/?s={search_term_string}"},"query-input":{"@type":"PropertyValueSpecification","valueRequired":true,"valueName":"search_term_string"}}],"inLanguage":"en-US"},{"@type":"Organization","@id":"https:\/\/banneroftruth.org\/us\/#organization","name":"Banner of Truth USA","url":"https:\/\/banneroftruth.org\/us\/","logo":{"@type":"ImageObject","inLanguage":"en-US","@id":"https:\/\/banneroftruth.org\/us\/#\/schema\/logo\/image\/","url":"https:\/\/banneroftruth.org\/us\/wp-content\/uploads\/sites\/2\/2023\/04\/Profile-Royal-Blue.png","contentUrl":"https:\/\/banneroftruth.org\/us\/wp-content\/uploads\/sites\/2\/2023\/04\/Profile-Royal-Blue.png","width":2048,"height":2048,"caption":"Banner of Truth USA"},"image":{"@id":"https:\/\/banneroftruth.org\/us\/#\/schema\/logo\/image\/"},"sameAs":["https:\/\/www.facebook.com\/TheBannerofTruth","https:\/\/x.com\/banneroftruth","https:\/\/www.instagram.com\/banneroftruth\/","https:\/\/www.pinterest.com\/banneroftruth\/","https:\/\/www.youtube.com\/banneroftruth"]}]},"product_price_amount":"5.00","product_price_currency":"USD","og_availability":"instock","product_availability":"instock","product_retailer_item_id":"9781800403390","product_condition":"new"},"_links":{"self":[{"href":"https:\/\/banneroftruth.org\/us\/wp-json\/wp\/v2\/product\/215231","targetHints":{"allow":["GET"]}}],"collection":[{"href":"https:\/\/banneroftruth.org\/us\/wp-json\/wp\/v2\/product"}],"about":[{"href":"https:\/\/banneroftruth.org\/us\/wp-json\/wp\/v2\/types\/product"}],"replies":[{"embeddable":true,"href":"https:\/\/banneroftruth.org\/us\/wp-json\/wp\/v2\/comments?post=215231"}],"wp:featuredmedia":[{"embeddable":true,"href":"https:\/\/banneroftruth.org\/us\/wp-json\/wp\/v2\/media\/216380"}],"wp:attachment":[{"href":"https:\/\/banneroftruth.org\/us\/wp-json\/wp\/v2\/media?parent=215231"}],"wp:term":[{"taxonomy":"product_brand","embeddable":true,"href":"https:\/\/banneroftruth.org\/us\/wp-json\/wp\/v2\/product_brand?post=215231"},{"taxonomy":"product_cat","embeddable":true,"href":"https:\/\/banneroftruth.org\/us\/wp-json\/wp\/v2\/product_cat?post=215231"},{"taxonomy":"product_tag","embeddable":true,"href":"https:\/\/banneroftruth.org\/us\/wp-json\/wp\/v2\/product_tag?post=215231"}],"curies":[{"name":"wp","href":"https:\/\/api.w.org\/{rel}","templated":true}]}}