{"id":837,"date":"2013-01-30T12:38:00","date_gmt":"2013-01-30T17:38:00","guid":{"rendered":"http:\/\/54.225.232.228\/us\/store\/uncategorized\/adnde-est-vuestra-fe-la-fe-ante-la-adversidad\/"},"modified":"2026-04-05T10:12:49","modified_gmt":"2026-04-05T15:12:49","slug":"adnde-est-vuestra-fe-la-fe-ante-la-adversidad","status":"publish","type":"product","link":"https:\/\/banneroftruth.org\/us\/store\/booklets\/adnde-est-vuestra-fe-la-fe-ante-la-adversidad\/","title":{"rendered":"\u00bfD\u00f3nde est\u00e1 Vuestra fe? La fe ante la adversidad"},"content":{"rendered":"<h2>Book Description<\/h2>\n<p>!Cu\u00e1n agradecidos debemos estar porque la Biblia refleje y no oculte el testimonio de los disc\u00edpulos imperfectos, con los que podemos sentirnos identificados y de cuyas experiencias podemos aprender tanto!<\/p>\n<p>En este caso, el Dr. Martyn Lloyd-Jones nos trae a la memoria el episodio de la tormenta en el mar de Galilea durante la cual el Se\u00f1or Jes\u00fas se qued\u00f3 dormido y la fe de sus disc\u00edpulos flaque\u00f3, del que extrae valios\u00edsimas ense\u00f1anzas en cuanto a la fe.<\/p>\n<p>Con las palabras del propio Jes\u00fas, nos hace considerar la forma en que reaccionamos ante las adversidades y preguntarnos d\u00f3nde est\u00e1 nuestra fe.<\/p>\n","protected":false},"excerpt":{"rendered":"<p>Book Description !Cu\u00e1n agradecidos debemos estar porque la Biblia refleje y no oculte el testimonio de los disc\u00edpulos imperfectos, con los que podemos sentirnos identificados y de cuyas experiencias podemos aprender tanto! En este caso, el Dr. Martyn Lloyd-Jones nos trae a la memoria el episodio de la tormenta en el mar de Galilea durante [&hellip;]<\/p>\n","protected":false},"featured_media":9817,"comment_status":"open","ping_status":"closed","template":"","meta":[],"product_brand":[],"product_cat":[19447,1249],"product_tag":[6348],"class_list":{"0":"post-837","1":"product","2":"type-product","3":"status-publish","4":"has-post-thumbnail","6":"product_cat-booklets","7":"product_cat-christian-living","8":"product_tag-perseverance-of-the-saints","9":"pa_binding-paperback","10":"pa_class-sp","11":"pa_format-booklet","12":"pa_isbn-5251","13":"pa_language-spanish","14":"pa_original-pub-date-1430","15":"pa_page-count-1265","16":"pa_recent-pub-date-mar-10-2009","17":"pa_recent-pub-date-year-6161","18":"pa_scripture-luke","19":"pa_series-booklets","20":"pa_short-isbn-6128","21":"pa_subtitle-where-is-your-faith-faith-in-adversity","22":"pa_tags-perseverance-of-the-saints","23":"pa_theauthor-lloyd-jones-d-martyn","24":"pa_topic-doctrines-of-grace","25":"pa_topic-encouragement","26":"pa_topic-faith","27":"pa_topic-salvation","29":"first","30":"instock","31":"sale","32":"taxable","33":"shipping-taxable","34":"purchasable","35":"product-type-simple"},"bundled_by":[],"bundle_stock_status":"instock","bundle_stock_quantity":136,"bundle_virtual":false,"bundle_layout":"","bundle_add_to_cart_form_location":"","bundle_editable_in_cart":false,"bundle_sold_individually_context":"","bundle_item_grouping":"","bundle_min_size":"","bundle_max_size":"","bundle_price":[],"bundled_items":[],"bundle_sell_ids":[],"yoast_head":"<!-- This site is optimized with the Yoast SEO Premium plugin v27.3 (Yoast SEO v27.3) - https:\/\/yoast.com\/product\/yoast-seo-premium-wordpress\/ -->\n<title>\u00bfD\u00f3nde est\u00e1 Vuestra fe? La fe ante la adversidad &#8211; Banner of Truth USA<\/title>\n<meta name=\"robots\" content=\"index, follow, max-snippet:-1, max-image-preview:large, max-video-preview:-1\" \/>\n<link rel=\"canonical\" href=\"https:\/\/banneroftruth.org\/us\/store\/booklets\/adnde-est-vuestra-fe-la-fe-ante-la-adversidad\/\" \/>\n<meta property=\"og:locale\" content=\"en_US\" \/>\n<meta property=\"og:type\" content=\"article\" \/>\n<meta property=\"og:title\" content=\"\u00bfD\u00f3nde est\u00e1 Vuestra fe? La fe ante la adversidad &#8211; Banner of Truth USA\" \/>\n<meta property=\"og:description\" content=\"Book Description !Cu\u00e1n agradecidos debemos estar porque la Biblia refleje y no oculte el testimonio de los disc\u00edpulos imperfectos, con los que podemos sentirnos identificados y de cuyas experiencias podemos aprender tanto! En este caso, el Dr. Martyn Lloyd-Jones nos trae a la memoria el episodio de la tormenta en el mar de Galilea durante [&hellip;]\" \/>\n<meta property=\"og:url\" content=\"https:\/\/banneroftruth.org\/us\/store\/booklets\/adnde-est-vuestra-fe-la-fe-ante-la-adversidad\/\" \/>\n<meta property=\"og:site_name\" content=\"Banner of Truth USA\" \/>\n<meta property=\"article:publisher\" content=\"https:\/\/www.facebook.com\/TheBannerofTruth\" \/>\n<meta property=\"article:modified_time\" content=\"2026-04-05T15:12:49+00:00\" \/>\n<meta property=\"og:image\" content=\"https:\/\/banneroftruth.org\/us\/wp-content\/uploads\/sites\/2\/2013\/01\/DondeEstaVuestraFe_FINAL.jpg\" \/>\n\t<meta property=\"og:image:width\" content=\"1536\" \/>\n\t<meta property=\"og:image:height\" content=\"2555\" \/>\n\t<meta property=\"og:image:type\" content=\"image\/jpeg\" \/>\n<meta name=\"twitter:card\" content=\"summary_large_image\" \/>\n<meta name=\"twitter:site\" content=\"@banneroftruth\" \/>\n<meta name=\"twitter:label1\" content=\"Price\" \/>\n\t<meta name=\"twitter:data1\" content=\"&#036;2.70\" \/>\n\t<meta name=\"twitter:label2\" content=\"Availability\" \/>\n\t<meta name=\"twitter:data2\" content=\"In stock\" \/>\n<script type=\"application\/ld+json\" class=\"yoast-schema-graph\">{\"@context\":\"https:\\\/\\\/schema.org\",\"@graph\":[{\"@type\":\"WebPage\",\"@id\":\"https:\\\/\\\/banneroftruth.org\\\/us\\\/store\\\/booklets\\\/adnde-est-vuestra-fe-la-fe-ante-la-adversidad\\\/\",\"url\":\"https:\\\/\\\/banneroftruth.org\\\/us\\\/store\\\/booklets\\\/adnde-est-vuestra-fe-la-fe-ante-la-adversidad\\\/\",\"name\":\"\u00bfD\u00f3nde est\u00e1 Vuestra fe? La fe ante la adversidad &#8211; Banner of Truth USA\",\"isPartOf\":{\"@id\":\"https:\\\/\\\/banneroftruth.org\\\/us\\\/#website\"},\"primaryImageOfPage\":{\"@id\":\"https:\\\/\\\/banneroftruth.org\\\/us\\\/store\\\/booklets\\\/adnde-est-vuestra-fe-la-fe-ante-la-adversidad\\\/#primaryimage\"},\"image\":{\"@id\":\"https:\\\/\\\/banneroftruth.org\\\/us\\\/store\\\/booklets\\\/adnde-est-vuestra-fe-la-fe-ante-la-adversidad\\\/#primaryimage\"},\"thumbnailUrl\":\"https:\\\/\\\/banneroftruth.org\\\/us\\\/wp-content\\\/uploads\\\/sites\\\/2\\\/2013\\\/01\\\/DondeEstaVuestraFe_FINAL.jpg\",\"datePublished\":\"2013-01-30T17:38:00+00:00\",\"dateModified\":\"2026-04-05T15:12:49+00:00\",\"breadcrumb\":{\"@id\":\"https:\\\/\\\/banneroftruth.org\\\/us\\\/store\\\/booklets\\\/adnde-est-vuestra-fe-la-fe-ante-la-adversidad\\\/#breadcrumb\"},\"inLanguage\":\"en-US\",\"potentialAction\":[{\"@type\":\"ReadAction\",\"target\":[\"https:\\\/\\\/banneroftruth.org\\\/us\\\/store\\\/booklets\\\/adnde-est-vuestra-fe-la-fe-ante-la-adversidad\\\/\"]}]},{\"@type\":\"ImageObject\",\"inLanguage\":\"en-US\",\"@id\":\"https:\\\/\\\/banneroftruth.org\\\/us\\\/store\\\/booklets\\\/adnde-est-vuestra-fe-la-fe-ante-la-adversidad\\\/#primaryimage\",\"url\":\"https:\\\/\\\/banneroftruth.org\\\/us\\\/wp-content\\\/uploads\\\/sites\\\/2\\\/2013\\\/01\\\/DondeEstaVuestraFe_FINAL.jpg\",\"contentUrl\":\"https:\\\/\\\/banneroftruth.org\\\/us\\\/wp-content\\\/uploads\\\/sites\\\/2\\\/2013\\\/01\\\/DondeEstaVuestraFe_FINAL.jpg\",\"width\":1536,\"height\":2555},{\"@type\":\"BreadcrumbList\",\"@id\":\"https:\\\/\\\/banneroftruth.org\\\/us\\\/store\\\/booklets\\\/adnde-est-vuestra-fe-la-fe-ante-la-adversidad\\\/#breadcrumb\",\"itemListElement\":[{\"@type\":\"ListItem\",\"position\":1,\"name\":\"Home\",\"item\":\"https:\\\/\\\/banneroftruth.org\\\/us\\\/\"},{\"@type\":\"ListItem\",\"position\":2,\"name\":\"Store\",\"item\":\"https:\\\/\\\/banneroftruth.org\\\/us\\\/store\\\/\"},{\"@type\":\"ListItem\",\"position\":3,\"name\":\"\u00bfD\u00f3nde est\u00e1 Vuestra fe? La fe ante la adversidad\"}]},{\"@type\":\"WebSite\",\"@id\":\"https:\\\/\\\/banneroftruth.org\\\/us\\\/#website\",\"url\":\"https:\\\/\\\/banneroftruth.org\\\/us\\\/\",\"name\":\"Banner of Truth USA\",\"description\":\"Christian Publisher of Reformed &amp; Puritan Books\",\"publisher\":{\"@id\":\"https:\\\/\\\/banneroftruth.org\\\/us\\\/#organization\"},\"potentialAction\":[{\"@type\":\"SearchAction\",\"target\":{\"@type\":\"EntryPoint\",\"urlTemplate\":\"https:\\\/\\\/banneroftruth.org\\\/us\\\/?s={search_term_string}\"},\"query-input\":{\"@type\":\"PropertyValueSpecification\",\"valueRequired\":true,\"valueName\":\"search_term_string\"}}],\"inLanguage\":\"en-US\"},{\"@type\":\"Organization\",\"@id\":\"https:\\\/\\\/banneroftruth.org\\\/us\\\/#organization\",\"name\":\"Banner of Truth USA\",\"url\":\"https:\\\/\\\/banneroftruth.org\\\/us\\\/\",\"logo\":{\"@type\":\"ImageObject\",\"inLanguage\":\"en-US\",\"@id\":\"https:\\\/\\\/banneroftruth.org\\\/us\\\/#\\\/schema\\\/logo\\\/image\\\/\",\"url\":\"https:\\\/\\\/banneroftruth.org\\\/us\\\/wp-content\\\/uploads\\\/sites\\\/2\\\/2023\\\/04\\\/Profile-Royal-Blue.png\",\"contentUrl\":\"https:\\\/\\\/banneroftruth.org\\\/us\\\/wp-content\\\/uploads\\\/sites\\\/2\\\/2023\\\/04\\\/Profile-Royal-Blue.png\",\"width\":2048,\"height\":2048,\"caption\":\"Banner of Truth USA\"},\"image\":{\"@id\":\"https:\\\/\\\/banneroftruth.org\\\/us\\\/#\\\/schema\\\/logo\\\/image\\\/\"},\"sameAs\":[\"https:\\\/\\\/www.facebook.com\\\/TheBannerofTruth\",\"https:\\\/\\\/x.com\\\/banneroftruth\",\"https:\\\/\\\/www.instagram.com\\\/banneroftruth\\\/\",\"https:\\\/\\\/www.pinterest.com\\\/banneroftruth\\\/\",\"https:\\\/\\\/www.youtube.com\\\/banneroftruth\"]}]}<\/script>\n<meta property=\"product:price:amount\" content=\"2.70\" \/>\n<meta property=\"product:price:currency\" content=\"USD\" \/>\n<meta property=\"og:availability\" content=\"instock\" \/>\n<meta property=\"product:availability\" content=\"instock\" \/>\n<meta property=\"product:retailer_item_id\" content=\"9781848710016\" \/>\n<meta property=\"product:condition\" content=\"new\" \/>\n<!-- \/ Yoast SEO Premium plugin. -->","yoast_head_json":{"title":"\u00bfD\u00f3nde est\u00e1 Vuestra fe? La fe ante la adversidad &#8211; Banner of Truth USA","robots":{"index":"index","follow":"follow","max-snippet":"max-snippet:-1","max-image-preview":"max-image-preview:large","max-video-preview":"max-video-preview:-1"},"canonical":"https:\/\/banneroftruth.org\/us\/store\/booklets\/adnde-est-vuestra-fe-la-fe-ante-la-adversidad\/","og_locale":"en_US","og_type":"article","og_title":"\u00bfD\u00f3nde est\u00e1 Vuestra fe? La fe ante la adversidad &#8211; Banner of Truth USA","og_description":"Book Description !Cu\u00e1n agradecidos debemos estar porque la Biblia refleje y no oculte el testimonio de los disc\u00edpulos imperfectos, con los que podemos sentirnos identificados y de cuyas experiencias podemos aprender tanto! En este caso, el Dr. Martyn Lloyd-Jones nos trae a la memoria el episodio de la tormenta en el mar de Galilea durante [&hellip;]","og_url":"https:\/\/banneroftruth.org\/us\/store\/booklets\/adnde-est-vuestra-fe-la-fe-ante-la-adversidad\/","og_site_name":"Banner of Truth USA","article_publisher":"https:\/\/www.facebook.com\/TheBannerofTruth","article_modified_time":"2026-04-05T15:12:49+00:00","og_image":[{"width":1536,"height":2555,"url":"https:\/\/banneroftruth.org\/us\/wp-content\/uploads\/sites\/2\/2013\/01\/DondeEstaVuestraFe_FINAL.jpg","type":"image\/jpeg"}],"twitter_card":"summary_large_image","twitter_site":"@banneroftruth","twitter_misc":{"Price":"&#36;2.70","Availability":"In stock"},"schema":{"@context":"https:\/\/schema.org","@graph":[{"@type":"WebPage","@id":"https:\/\/banneroftruth.org\/us\/store\/booklets\/adnde-est-vuestra-fe-la-fe-ante-la-adversidad\/","url":"https:\/\/banneroftruth.org\/us\/store\/booklets\/adnde-est-vuestra-fe-la-fe-ante-la-adversidad\/","name":"\u00bfD\u00f3nde est\u00e1 Vuestra fe? La fe ante la adversidad &#8211; Banner of Truth USA","isPartOf":{"@id":"https:\/\/banneroftruth.org\/us\/#website"},"primaryImageOfPage":{"@id":"https:\/\/banneroftruth.org\/us\/store\/booklets\/adnde-est-vuestra-fe-la-fe-ante-la-adversidad\/#primaryimage"},"image":{"@id":"https:\/\/banneroftruth.org\/us\/store\/booklets\/adnde-est-vuestra-fe-la-fe-ante-la-adversidad\/#primaryimage"},"thumbnailUrl":"https:\/\/banneroftruth.org\/us\/wp-content\/uploads\/sites\/2\/2013\/01\/DondeEstaVuestraFe_FINAL.jpg","datePublished":"2013-01-30T17:38:00+00:00","dateModified":"2026-04-05T15:12:49+00:00","breadcrumb":{"@id":"https:\/\/banneroftruth.org\/us\/store\/booklets\/adnde-est-vuestra-fe-la-fe-ante-la-adversidad\/#breadcrumb"},"inLanguage":"en-US","potentialAction":[{"@type":"ReadAction","target":["https:\/\/banneroftruth.org\/us\/store\/booklets\/adnde-est-vuestra-fe-la-fe-ante-la-adversidad\/"]}]},{"@type":"ImageObject","inLanguage":"en-US","@id":"https:\/\/banneroftruth.org\/us\/store\/booklets\/adnde-est-vuestra-fe-la-fe-ante-la-adversidad\/#primaryimage","url":"https:\/\/banneroftruth.org\/us\/wp-content\/uploads\/sites\/2\/2013\/01\/DondeEstaVuestraFe_FINAL.jpg","contentUrl":"https:\/\/banneroftruth.org\/us\/wp-content\/uploads\/sites\/2\/2013\/01\/DondeEstaVuestraFe_FINAL.jpg","width":1536,"height":2555},{"@type":"BreadcrumbList","@id":"https:\/\/banneroftruth.org\/us\/store\/booklets\/adnde-est-vuestra-fe-la-fe-ante-la-adversidad\/#breadcrumb","itemListElement":[{"@type":"ListItem","position":1,"name":"Home","item":"https:\/\/banneroftruth.org\/us\/"},{"@type":"ListItem","position":2,"name":"Store","item":"https:\/\/banneroftruth.org\/us\/store\/"},{"@type":"ListItem","position":3,"name":"\u00bfD\u00f3nde est\u00e1 Vuestra fe? La fe ante la adversidad"}]},{"@type":"WebSite","@id":"https:\/\/banneroftruth.org\/us\/#website","url":"https:\/\/banneroftruth.org\/us\/","name":"Banner of Truth USA","description":"Christian Publisher of Reformed &amp; Puritan Books","publisher":{"@id":"https:\/\/banneroftruth.org\/us\/#organization"},"potentialAction":[{"@type":"SearchAction","target":{"@type":"EntryPoint","urlTemplate":"https:\/\/banneroftruth.org\/us\/?s={search_term_string}"},"query-input":{"@type":"PropertyValueSpecification","valueRequired":true,"valueName":"search_term_string"}}],"inLanguage":"en-US"},{"@type":"Organization","@id":"https:\/\/banneroftruth.org\/us\/#organization","name":"Banner of Truth USA","url":"https:\/\/banneroftruth.org\/us\/","logo":{"@type":"ImageObject","inLanguage":"en-US","@id":"https:\/\/banneroftruth.org\/us\/#\/schema\/logo\/image\/","url":"https:\/\/banneroftruth.org\/us\/wp-content\/uploads\/sites\/2\/2023\/04\/Profile-Royal-Blue.png","contentUrl":"https:\/\/banneroftruth.org\/us\/wp-content\/uploads\/sites\/2\/2023\/04\/Profile-Royal-Blue.png","width":2048,"height":2048,"caption":"Banner of Truth USA"},"image":{"@id":"https:\/\/banneroftruth.org\/us\/#\/schema\/logo\/image\/"},"sameAs":["https:\/\/www.facebook.com\/TheBannerofTruth","https:\/\/x.com\/banneroftruth","https:\/\/www.instagram.com\/banneroftruth\/","https:\/\/www.pinterest.com\/banneroftruth\/","https:\/\/www.youtube.com\/banneroftruth"]}]},"product_price_amount":"2.70","product_price_currency":"USD","og_availability":"instock","product_availability":"instock","product_retailer_item_id":"9781848710016","product_condition":"new"},"_links":{"self":[{"href":"https:\/\/banneroftruth.org\/us\/wp-json\/wp\/v2\/product\/837","targetHints":{"allow":["GET"]}}],"collection":[{"href":"https:\/\/banneroftruth.org\/us\/wp-json\/wp\/v2\/product"}],"about":[{"href":"https:\/\/banneroftruth.org\/us\/wp-json\/wp\/v2\/types\/product"}],"replies":[{"embeddable":true,"href":"https:\/\/banneroftruth.org\/us\/wp-json\/wp\/v2\/comments?post=837"}],"wp:featuredmedia":[{"embeddable":true,"href":"https:\/\/banneroftruth.org\/us\/wp-json\/wp\/v2\/media\/9817"}],"wp:attachment":[{"href":"https:\/\/banneroftruth.org\/us\/wp-json\/wp\/v2\/media?parent=837"}],"wp:term":[{"taxonomy":"product_brand","embeddable":true,"href":"https:\/\/banneroftruth.org\/us\/wp-json\/wp\/v2\/product_brand?post=837"},{"taxonomy":"product_cat","embeddable":true,"href":"https:\/\/banneroftruth.org\/us\/wp-json\/wp\/v2\/product_cat?post=837"},{"taxonomy":"product_tag","embeddable":true,"href":"https:\/\/banneroftruth.org\/us\/wp-json\/wp\/v2\/product_tag?post=837"}],"curies":[{"name":"wp","href":"https:\/\/api.w.org\/{rel}","templated":true}]}}