{"id":860,"date":"2013-01-30T12:38:00","date_gmt":"2013-01-30T17:38:00","guid":{"rendered":"http:\/\/54.225.232.228\/us\/store\/uncategorized\/el-pastor-renovado\/"},"modified":"2026-04-08T18:27:49","modified_gmt":"2026-04-08T23:27:49","slug":"el-pastor-renovado","status":"publish","type":"product","link":"https:\/\/banneroftruth.org\/us\/store\/church-ministry\/el-pastor-renovado\/","title":{"rendered":"El Pastor Renovado"},"content":{"rendered":"<h2>Book Description<\/h2>\n<p>Estas p\u00e1ginas, preparadas originalmente para la reuni\u00f3n de una asociaci\u00f3n de ministros de Worcestershire en 1656, tratan los medios por los cuales se pueden efectuar tales cambios. En su ruego ferviente para que los pastores desempe\u00f1aran sus obligaciones espirituales. Baxter, en palabras de su contempor\u00e1neo Thomas Manton, &#8220;se acerc\u00f3 m\u00e1s a los escritos apost\u00f3licos que ning\u00fan otro hombre de su \u00e9poca&#8221;. Un siglo despu\u00e9s, Philip Doddridge escribi\u00f3, &#8216;El pastor renovado es un documento extraordinario {&#8230;} muchos hombres buenos son meras sombras de lo que &#8211; con la bendeci\u00f3n de Dios &#8211; podr\u00edan ser, si las m\u00e1ximas y medidas expuestas en este tratado incomparable se persiguieran rigurosamente&#8217;.<\/p>\n","protected":false},"excerpt":{"rendered":"<p>Book Description Estas p\u00e1ginas, preparadas originalmente para la reuni\u00f3n de una asociaci\u00f3n de ministros de Worcestershire en 1656, tratan los medios por los cuales se pueden efectuar tales cambios. En su ruego ferviente para que los pastores desempe\u00f1aran sus obligaciones espirituales. Baxter, en palabras de su contempor\u00e1neo Thomas Manton, &#8220;se acerc\u00f3 m\u00e1s a los escritos [&hellip;]<\/p>\n","protected":false},"featured_media":9785,"comment_status":"open","ping_status":"closed","template":"","meta":[],"product_brand":[],"product_cat":[1260],"product_tag":[6351],"class_list":{"0":"post-860","1":"product","2":"type-product","3":"status-publish","4":"has-post-thumbnail","6":"product_cat-church-ministry","7":"product_tag-pastoral-training","8":"pa_binding-paperback","9":"pa_class-sp","10":"pa_format-book","11":"pa_isbn-4988","12":"pa_language-spanish","13":"pa_original-pub-date-4001","14":"pa_page-count-2720","15":"pa_recent-pub-date-jul-1-2009","16":"pa_recent-pub-date-year-6161","17":"pa_short-isbn-4611","18":"pa_subtitle-reformed-pastor","19":"pa_tags-pastoral-training","20":"pa_theauthor-baxter-richard","21":"pa_topic-pastoral-theologypastoral-helps","23":"first","24":"instock","25":"sale","26":"taxable","27":"shipping-taxable","28":"purchasable","29":"product-type-simple"},"bundled_by":[],"bundle_stock_status":"instock","bundle_stock_quantity":49,"bundle_virtual":false,"bundle_layout":"","bundle_add_to_cart_form_location":"","bundle_editable_in_cart":false,"bundle_sold_individually_context":"","bundle_item_grouping":"","bundle_min_size":"","bundle_max_size":"","bundle_price":[],"bundled_items":[],"bundle_sell_ids":[],"yoast_head":"<!-- This site is optimized with the Yoast SEO Premium plugin v27.3 (Yoast SEO v27.3) - https:\/\/yoast.com\/product\/yoast-seo-premium-wordpress\/ -->\n<title>El Pastor Renovado &#8211; Banner of Truth USA<\/title>\n<meta name=\"description\" content=\"Un siglo despu\u00e9s, Philip Doddridge escribi\u00f3, &#039;El pastor renovado es un documento extraordinario {...} muchos hombres buenos son meras sombras de lo que - con la bendeci\u00f3n de Dios - podr\u00edan ser, si las m\u00e1ximas y medidas expuestas en este tratado incomparable se persiguieran rigurosamente&#039;.\" \/>\n<meta name=\"robots\" content=\"index, follow, max-snippet:-1, max-image-preview:large, max-video-preview:-1\" \/>\n<link rel=\"canonical\" href=\"https:\/\/banneroftruth.org\/us\/store\/church-ministry\/el-pastor-renovado\/\" \/>\n<meta property=\"og:locale\" content=\"en_US\" \/>\n<meta property=\"og:type\" content=\"article\" \/>\n<meta property=\"og:title\" content=\"El Pastor Renovado &#8211; Banner of Truth USA\" \/>\n<meta property=\"og:description\" content=\"Un siglo despu\u00e9s, Philip Doddridge escribi\u00f3, &#039;El pastor renovado es un documento extraordinario {...} muchos hombres buenos son meras sombras de lo que - con la bendeci\u00f3n de Dios - podr\u00edan ser, si las m\u00e1ximas y medidas expuestas en este tratado incomparable se persiguieran rigurosamente&#039;.\" \/>\n<meta property=\"og:url\" content=\"https:\/\/banneroftruth.org\/us\/store\/church-ministry\/el-pastor-renovado\/\" \/>\n<meta property=\"og:site_name\" content=\"Banner of Truth USA\" \/>\n<meta property=\"article:publisher\" content=\"https:\/\/www.facebook.com\/TheBannerofTruth\" \/>\n<meta property=\"article:modified_time\" content=\"2026-04-08T23:27:49+00:00\" \/>\n<meta property=\"og:image\" content=\"https:\/\/banneroftruth.org\/us\/wp-content\/uploads\/sites\/2\/2013\/01\/PastorRenovado_FINAL.jpg\" \/>\n\t<meta property=\"og:image:width\" content=\"1519\" \/>\n\t<meta property=\"og:image:height\" content=\"2523\" \/>\n\t<meta property=\"og:image:type\" content=\"image\/jpeg\" \/>\n<meta name=\"twitter:card\" content=\"summary_large_image\" \/>\n<meta name=\"twitter:site\" content=\"@banneroftruth\" \/>\n<meta name=\"twitter:label1\" content=\"Price\" \/>\n\t<meta name=\"twitter:data1\" content=\"&#036;8.10\" \/>\n\t<meta name=\"twitter:label2\" content=\"Availability\" \/>\n\t<meta name=\"twitter:data2\" content=\"In stock\" \/>\n<script type=\"application\/ld+json\" class=\"yoast-schema-graph\">{\"@context\":\"https:\\\/\\\/schema.org\",\"@graph\":[{\"@type\":\"WebPage\",\"@id\":\"https:\\\/\\\/banneroftruth.org\\\/us\\\/store\\\/church-ministry\\\/el-pastor-renovado\\\/\",\"url\":\"https:\\\/\\\/banneroftruth.org\\\/us\\\/store\\\/church-ministry\\\/el-pastor-renovado\\\/\",\"name\":\"El Pastor Renovado &#8211; Banner of Truth USA\",\"isPartOf\":{\"@id\":\"https:\\\/\\\/banneroftruth.org\\\/us\\\/#website\"},\"primaryImageOfPage\":{\"@id\":\"https:\\\/\\\/banneroftruth.org\\\/us\\\/store\\\/church-ministry\\\/el-pastor-renovado\\\/#primaryimage\"},\"image\":{\"@id\":\"https:\\\/\\\/banneroftruth.org\\\/us\\\/store\\\/church-ministry\\\/el-pastor-renovado\\\/#primaryimage\"},\"thumbnailUrl\":\"https:\\\/\\\/banneroftruth.org\\\/us\\\/wp-content\\\/uploads\\\/sites\\\/2\\\/2013\\\/01\\\/PastorRenovado_FINAL.jpg\",\"datePublished\":\"2013-01-30T17:38:00+00:00\",\"dateModified\":\"2026-04-08T23:27:49+00:00\",\"description\":\"Un siglo despu\u00e9s, Philip Doddridge escribi\u00f3, 'El pastor renovado es un documento extraordinario {...} muchos hombres buenos son meras sombras de lo que - con la bendeci\u00f3n de Dios - podr\u00edan ser, si las m\u00e1ximas y medidas expuestas en este tratado incomparable se persiguieran rigurosamente'.\",\"breadcrumb\":{\"@id\":\"https:\\\/\\\/banneroftruth.org\\\/us\\\/store\\\/church-ministry\\\/el-pastor-renovado\\\/#breadcrumb\"},\"inLanguage\":\"en-US\",\"potentialAction\":[{\"@type\":\"ReadAction\",\"target\":[\"https:\\\/\\\/banneroftruth.org\\\/us\\\/store\\\/church-ministry\\\/el-pastor-renovado\\\/\"]}]},{\"@type\":\"ImageObject\",\"inLanguage\":\"en-US\",\"@id\":\"https:\\\/\\\/banneroftruth.org\\\/us\\\/store\\\/church-ministry\\\/el-pastor-renovado\\\/#primaryimage\",\"url\":\"https:\\\/\\\/banneroftruth.org\\\/us\\\/wp-content\\\/uploads\\\/sites\\\/2\\\/2013\\\/01\\\/PastorRenovado_FINAL.jpg\",\"contentUrl\":\"https:\\\/\\\/banneroftruth.org\\\/us\\\/wp-content\\\/uploads\\\/sites\\\/2\\\/2013\\\/01\\\/PastorRenovado_FINAL.jpg\",\"width\":1519,\"height\":2523,\"caption\":\"Book Cover For 'El Pastor Renovado'\"},{\"@type\":\"BreadcrumbList\",\"@id\":\"https:\\\/\\\/banneroftruth.org\\\/us\\\/store\\\/church-ministry\\\/el-pastor-renovado\\\/#breadcrumb\",\"itemListElement\":[{\"@type\":\"ListItem\",\"position\":1,\"name\":\"Home\",\"item\":\"https:\\\/\\\/banneroftruth.org\\\/us\\\/\"},{\"@type\":\"ListItem\",\"position\":2,\"name\":\"Store\",\"item\":\"https:\\\/\\\/banneroftruth.org\\\/us\\\/store\\\/\"},{\"@type\":\"ListItem\",\"position\":3,\"name\":\"El Pastor Renovado\"}]},{\"@type\":\"WebSite\",\"@id\":\"https:\\\/\\\/banneroftruth.org\\\/us\\\/#website\",\"url\":\"https:\\\/\\\/banneroftruth.org\\\/us\\\/\",\"name\":\"Banner of Truth USA\",\"description\":\"Christian Publisher of Reformed &amp; Puritan Books\",\"publisher\":{\"@id\":\"https:\\\/\\\/banneroftruth.org\\\/us\\\/#organization\"},\"potentialAction\":[{\"@type\":\"SearchAction\",\"target\":{\"@type\":\"EntryPoint\",\"urlTemplate\":\"https:\\\/\\\/banneroftruth.org\\\/us\\\/?s={search_term_string}\"},\"query-input\":{\"@type\":\"PropertyValueSpecification\",\"valueRequired\":true,\"valueName\":\"search_term_string\"}}],\"inLanguage\":\"en-US\"},{\"@type\":\"Organization\",\"@id\":\"https:\\\/\\\/banneroftruth.org\\\/us\\\/#organization\",\"name\":\"Banner of Truth USA\",\"url\":\"https:\\\/\\\/banneroftruth.org\\\/us\\\/\",\"logo\":{\"@type\":\"ImageObject\",\"inLanguage\":\"en-US\",\"@id\":\"https:\\\/\\\/banneroftruth.org\\\/us\\\/#\\\/schema\\\/logo\\\/image\\\/\",\"url\":\"https:\\\/\\\/banneroftruth.org\\\/us\\\/wp-content\\\/uploads\\\/sites\\\/2\\\/2023\\\/04\\\/Profile-Royal-Blue.png\",\"contentUrl\":\"https:\\\/\\\/banneroftruth.org\\\/us\\\/wp-content\\\/uploads\\\/sites\\\/2\\\/2023\\\/04\\\/Profile-Royal-Blue.png\",\"width\":2048,\"height\":2048,\"caption\":\"Banner of Truth USA\"},\"image\":{\"@id\":\"https:\\\/\\\/banneroftruth.org\\\/us\\\/#\\\/schema\\\/logo\\\/image\\\/\"},\"sameAs\":[\"https:\\\/\\\/www.facebook.com\\\/TheBannerofTruth\",\"https:\\\/\\\/x.com\\\/banneroftruth\",\"https:\\\/\\\/www.instagram.com\\\/banneroftruth\\\/\",\"https:\\\/\\\/www.pinterest.com\\\/banneroftruth\\\/\",\"https:\\\/\\\/www.youtube.com\\\/banneroftruth\"]}]}<\/script>\n<meta property=\"product:price:amount\" content=\"8.10\" \/>\n<meta property=\"product:price:currency\" content=\"USD\" \/>\n<meta property=\"og:availability\" content=\"instock\" \/>\n<meta property=\"product:availability\" content=\"instock\" \/>\n<meta property=\"product:retailer_item_id\" content=\"9781848710337\" \/>\n<meta property=\"product:condition\" content=\"new\" \/>\n<!-- \/ Yoast SEO Premium plugin. -->","yoast_head_json":{"title":"El Pastor Renovado &#8211; Banner of Truth USA","description":"Un siglo despu\u00e9s, Philip Doddridge escribi\u00f3, 'El pastor renovado es un documento extraordinario {...} muchos hombres buenos son meras sombras de lo que - con la bendeci\u00f3n de Dios - podr\u00edan ser, si las m\u00e1ximas y medidas expuestas en este tratado incomparable se persiguieran rigurosamente'.","robots":{"index":"index","follow":"follow","max-snippet":"max-snippet:-1","max-image-preview":"max-image-preview:large","max-video-preview":"max-video-preview:-1"},"canonical":"https:\/\/banneroftruth.org\/us\/store\/church-ministry\/el-pastor-renovado\/","og_locale":"en_US","og_type":"article","og_title":"El Pastor Renovado &#8211; Banner of Truth USA","og_description":"Un siglo despu\u00e9s, Philip Doddridge escribi\u00f3, 'El pastor renovado es un documento extraordinario {...} muchos hombres buenos son meras sombras de lo que - con la bendeci\u00f3n de Dios - podr\u00edan ser, si las m\u00e1ximas y medidas expuestas en este tratado incomparable se persiguieran rigurosamente'.","og_url":"https:\/\/banneroftruth.org\/us\/store\/church-ministry\/el-pastor-renovado\/","og_site_name":"Banner of Truth USA","article_publisher":"https:\/\/www.facebook.com\/TheBannerofTruth","article_modified_time":"2026-04-08T23:27:49+00:00","og_image":[{"width":1519,"height":2523,"url":"https:\/\/banneroftruth.org\/us\/wp-content\/uploads\/sites\/2\/2013\/01\/PastorRenovado_FINAL.jpg","type":"image\/jpeg"}],"twitter_card":"summary_large_image","twitter_site":"@banneroftruth","twitter_misc":{"Price":"&#36;8.10","Availability":"In stock"},"schema":{"@context":"https:\/\/schema.org","@graph":[{"@type":"WebPage","@id":"https:\/\/banneroftruth.org\/us\/store\/church-ministry\/el-pastor-renovado\/","url":"https:\/\/banneroftruth.org\/us\/store\/church-ministry\/el-pastor-renovado\/","name":"El Pastor Renovado &#8211; Banner of Truth USA","isPartOf":{"@id":"https:\/\/banneroftruth.org\/us\/#website"},"primaryImageOfPage":{"@id":"https:\/\/banneroftruth.org\/us\/store\/church-ministry\/el-pastor-renovado\/#primaryimage"},"image":{"@id":"https:\/\/banneroftruth.org\/us\/store\/church-ministry\/el-pastor-renovado\/#primaryimage"},"thumbnailUrl":"https:\/\/banneroftruth.org\/us\/wp-content\/uploads\/sites\/2\/2013\/01\/PastorRenovado_FINAL.jpg","datePublished":"2013-01-30T17:38:00+00:00","dateModified":"2026-04-08T23:27:49+00:00","description":"Un siglo despu\u00e9s, Philip Doddridge escribi\u00f3, 'El pastor renovado es un documento extraordinario {...} muchos hombres buenos son meras sombras de lo que - con la bendeci\u00f3n de Dios - podr\u00edan ser, si las m\u00e1ximas y medidas expuestas en este tratado incomparable se persiguieran rigurosamente'.","breadcrumb":{"@id":"https:\/\/banneroftruth.org\/us\/store\/church-ministry\/el-pastor-renovado\/#breadcrumb"},"inLanguage":"en-US","potentialAction":[{"@type":"ReadAction","target":["https:\/\/banneroftruth.org\/us\/store\/church-ministry\/el-pastor-renovado\/"]}]},{"@type":"ImageObject","inLanguage":"en-US","@id":"https:\/\/banneroftruth.org\/us\/store\/church-ministry\/el-pastor-renovado\/#primaryimage","url":"https:\/\/banneroftruth.org\/us\/wp-content\/uploads\/sites\/2\/2013\/01\/PastorRenovado_FINAL.jpg","contentUrl":"https:\/\/banneroftruth.org\/us\/wp-content\/uploads\/sites\/2\/2013\/01\/PastorRenovado_FINAL.jpg","width":1519,"height":2523,"caption":"Book Cover For 'El Pastor Renovado'"},{"@type":"BreadcrumbList","@id":"https:\/\/banneroftruth.org\/us\/store\/church-ministry\/el-pastor-renovado\/#breadcrumb","itemListElement":[{"@type":"ListItem","position":1,"name":"Home","item":"https:\/\/banneroftruth.org\/us\/"},{"@type":"ListItem","position":2,"name":"Store","item":"https:\/\/banneroftruth.org\/us\/store\/"},{"@type":"ListItem","position":3,"name":"El Pastor Renovado"}]},{"@type":"WebSite","@id":"https:\/\/banneroftruth.org\/us\/#website","url":"https:\/\/banneroftruth.org\/us\/","name":"Banner of Truth USA","description":"Christian Publisher of Reformed &amp; Puritan Books","publisher":{"@id":"https:\/\/banneroftruth.org\/us\/#organization"},"potentialAction":[{"@type":"SearchAction","target":{"@type":"EntryPoint","urlTemplate":"https:\/\/banneroftruth.org\/us\/?s={search_term_string}"},"query-input":{"@type":"PropertyValueSpecification","valueRequired":true,"valueName":"search_term_string"}}],"inLanguage":"en-US"},{"@type":"Organization","@id":"https:\/\/banneroftruth.org\/us\/#organization","name":"Banner of Truth USA","url":"https:\/\/banneroftruth.org\/us\/","logo":{"@type":"ImageObject","inLanguage":"en-US","@id":"https:\/\/banneroftruth.org\/us\/#\/schema\/logo\/image\/","url":"https:\/\/banneroftruth.org\/us\/wp-content\/uploads\/sites\/2\/2023\/04\/Profile-Royal-Blue.png","contentUrl":"https:\/\/banneroftruth.org\/us\/wp-content\/uploads\/sites\/2\/2023\/04\/Profile-Royal-Blue.png","width":2048,"height":2048,"caption":"Banner of Truth USA"},"image":{"@id":"https:\/\/banneroftruth.org\/us\/#\/schema\/logo\/image\/"},"sameAs":["https:\/\/www.facebook.com\/TheBannerofTruth","https:\/\/x.com\/banneroftruth","https:\/\/www.instagram.com\/banneroftruth\/","https:\/\/www.pinterest.com\/banneroftruth\/","https:\/\/www.youtube.com\/banneroftruth"]}]},"product_price_amount":"8.10","product_price_currency":"USD","og_availability":"instock","product_availability":"instock","product_retailer_item_id":"9781848710337","product_condition":"new"},"_links":{"self":[{"href":"https:\/\/banneroftruth.org\/us\/wp-json\/wp\/v2\/product\/860","targetHints":{"allow":["GET"]}}],"collection":[{"href":"https:\/\/banneroftruth.org\/us\/wp-json\/wp\/v2\/product"}],"about":[{"href":"https:\/\/banneroftruth.org\/us\/wp-json\/wp\/v2\/types\/product"}],"replies":[{"embeddable":true,"href":"https:\/\/banneroftruth.org\/us\/wp-json\/wp\/v2\/comments?post=860"}],"wp:featuredmedia":[{"embeddable":true,"href":"https:\/\/banneroftruth.org\/us\/wp-json\/wp\/v2\/media\/9785"}],"wp:attachment":[{"href":"https:\/\/banneroftruth.org\/us\/wp-json\/wp\/v2\/media?parent=860"}],"wp:term":[{"taxonomy":"product_brand","embeddable":true,"href":"https:\/\/banneroftruth.org\/us\/wp-json\/wp\/v2\/product_brand?post=860"},{"taxonomy":"product_cat","embeddable":true,"href":"https:\/\/banneroftruth.org\/us\/wp-json\/wp\/v2\/product_cat?post=860"},{"taxonomy":"product_tag","embeddable":true,"href":"https:\/\/banneroftruth.org\/us\/wp-json\/wp\/v2\/product_tag?post=860"}],"curies":[{"name":"wp","href":"https:\/\/api.w.org\/{rel}","templated":true}]}}