{"id":861,"date":"2013-01-30T12:38:56","date_gmt":"2013-01-30T17:38:56","guid":{"rendered":"http:\/\/54.225.232.228\/us\/store\/uncategorized\/el-rico-y-lazaro-exposicin-de-lucas-1619-31\/"},"modified":"2026-04-05T10:42:10","modified_gmt":"2026-04-05T15:42:10","slug":"el-rico-y-lazaro-exposicin-de-lucas-1619-31","status":"publish","type":"product","link":"https:\/\/banneroftruth.org\/us\/store\/sermons-and-expositions\/el-rico-y-lazaro-exposicin-de-lucas-1619-31\/","title":{"rendered":"El Rico Y Lazaro- Exposici\u00f3n de Lucas 16:19-31"},"content":{"rendered":"<p>En el \u00faltimo gran avivamiento religioso que hubo en la Gran Breta\u00f1a, hace un poco m\u00e1s de cien a\u00f1os, no hab\u00eda figura que llamara m\u00e1s la atenci\u00f3n que la de Brownlow North (1810-1875). Aunque su familia se distingui\u00f3 por ser parlamentarios y l\u00edderes de la iglesia, North, vivi\u00f3 sin mayores preocupaciones como deportista, soldado y hacendado, hasta una noche inolvidable en 1854. La raz\u00f3n por el cambio que oper\u00f3 en su vida no ha sido descrita en mejores detalles que en los cap\u00edtulos de este libro que formaron parte de los discursos que dio al aire libre durante el avivamiento en Irlanda del Norte en 1859.<\/p>\n","protected":false},"excerpt":{"rendered":"<p>En el \u00faltimo gran avivamiento religioso que hubo en la Gran Breta\u00f1a, hace un poco m\u00e1s de cien a\u00f1os, no hab\u00eda figura que llamara m\u00e1s la atenci\u00f3n que la de Brownlow North (1810-1875). Aunque su familia se distingui\u00f3 por ser parlamentarios y l\u00edderes de la iglesia, North, vivi\u00f3 sin mayores preocupaciones como deportista, soldado y [&hellip;]<\/p>\n","protected":false},"featured_media":9787,"comment_status":"open","ping_status":"closed","template":"","meta":[],"product_brand":[],"product_cat":[1228],"product_tag":[],"class_list":{"0":"post-861","1":"product","2":"type-product","3":"status-publish","4":"has-post-thumbnail","6":"product_cat-sermons-and-expositions","7":"pa_binding-paperback","8":"pa_class-sp","9":"pa_format-book","10":"pa_isbn-4989","11":"pa_language-spanish","12":"pa_original-pub-date-4612","13":"pa_page-count-1613","14":"pa_recent-pub-date-oct-1-1964","15":"pa_recent-pub-date-year-6352","16":"pa_scripture-luke","17":"pa_short-isbn-4614","18":"pa_subtitle-rich-man-and-lazarus","19":"pa_theauthor-north-brownlow","20":"pa_topic-spiritual-growth","22":"first","23":"outofstock","24":"sale","25":"taxable","26":"shipping-taxable","27":"purchasable","28":"product-type-simple"},"bundled_by":[],"bundle_stock_status":"outofstock","bundle_stock_quantity":0,"bundle_virtual":false,"bundle_layout":"","bundle_add_to_cart_form_location":"","bundle_editable_in_cart":false,"bundle_sold_individually_context":"","bundle_item_grouping":"","bundle_min_size":"","bundle_max_size":"","bundle_price":[],"bundled_items":[],"bundle_sell_ids":[],"yoast_head":"<!-- This site is optimized with the Yoast SEO Premium plugin v27.3 (Yoast SEO v27.3) - https:\/\/yoast.com\/product\/yoast-seo-premium-wordpress\/ -->\n<title>El Rico Y Lazaro- Exposici\u00f3n de Lucas 16:19-31 &#8211; Banner of Truth USA<\/title>\n<meta name=\"description\" content=\"En el \u00faltimo gran avivamiento religioso que hubo en la Gran Breta\u00f1a, hace un poco m\u00e1s de cien a\u00f1os, no hab\u00eda figura que llamara m\u00e1s la atenci\u00f3n que la de Brownlow North (1810-1875).\" \/>\n<meta name=\"robots\" content=\"index, follow, max-snippet:-1, max-image-preview:large, max-video-preview:-1\" \/>\n<link rel=\"canonical\" href=\"https:\/\/banneroftruth.org\/us\/store\/sermons-and-expositions\/el-rico-y-lazaro-exposicin-de-lucas-1619-31\/\" \/>\n<meta property=\"og:locale\" content=\"en_US\" \/>\n<meta property=\"og:type\" content=\"article\" \/>\n<meta property=\"og:title\" content=\"El Rico Y Lazaro- Exposici\u00f3n de Lucas 16:19-31 &#8211; Banner of Truth USA\" \/>\n<meta property=\"og:description\" content=\"En el \u00faltimo gran avivamiento religioso que hubo en la Gran Breta\u00f1a, hace un poco m\u00e1s de cien a\u00f1os, no hab\u00eda figura que llamara m\u00e1s la atenci\u00f3n que la de Brownlow North (1810-1875).\" \/>\n<meta property=\"og:url\" content=\"https:\/\/banneroftruth.org\/us\/store\/sermons-and-expositions\/el-rico-y-lazaro-exposicin-de-lucas-1619-31\/\" \/>\n<meta property=\"og:site_name\" content=\"Banner of Truth USA\" \/>\n<meta property=\"article:publisher\" content=\"https:\/\/www.facebook.com\/TheBannerofTruth\" \/>\n<meta property=\"article:modified_time\" content=\"2026-04-05T15:42:10+00:00\" \/>\n<meta property=\"og:image\" content=\"https:\/\/banneroftruth.org\/us\/wp-content\/uploads\/sites\/2\/2013\/01\/RicoYLazaro_FINAL.jpg\" \/>\n\t<meta property=\"og:image:width\" content=\"1358\" \/>\n\t<meta property=\"og:image:height\" content=\"2153\" \/>\n\t<meta property=\"og:image:type\" content=\"image\/jpeg\" \/>\n<meta name=\"twitter:card\" content=\"summary_large_image\" \/>\n<meta name=\"twitter:site\" content=\"@banneroftruth\" \/>\n<meta name=\"twitter:label1\" content=\"Price\" \/>\n\t<meta name=\"twitter:data1\" content=\"&#036;3.60\" \/>\n\t<meta name=\"twitter:label2\" content=\"Availability\" \/>\n\t<meta name=\"twitter:data2\" content=\"Out of stock\" \/>\n<script type=\"application\/ld+json\" class=\"yoast-schema-graph\">{\"@context\":\"https:\\\/\\\/schema.org\",\"@graph\":[{\"@type\":\"WebPage\",\"@id\":\"https:\\\/\\\/banneroftruth.org\\\/us\\\/store\\\/sermons-and-expositions\\\/el-rico-y-lazaro-exposicin-de-lucas-1619-31\\\/\",\"url\":\"https:\\\/\\\/banneroftruth.org\\\/us\\\/store\\\/sermons-and-expositions\\\/el-rico-y-lazaro-exposicin-de-lucas-1619-31\\\/\",\"name\":\"El Rico Y Lazaro- Exposici\u00f3n de Lucas 16:19-31 &#8211; Banner of Truth USA\",\"isPartOf\":{\"@id\":\"https:\\\/\\\/banneroftruth.org\\\/us\\\/#website\"},\"primaryImageOfPage\":{\"@id\":\"https:\\\/\\\/banneroftruth.org\\\/us\\\/store\\\/sermons-and-expositions\\\/el-rico-y-lazaro-exposicin-de-lucas-1619-31\\\/#primaryimage\"},\"image\":{\"@id\":\"https:\\\/\\\/banneroftruth.org\\\/us\\\/store\\\/sermons-and-expositions\\\/el-rico-y-lazaro-exposicin-de-lucas-1619-31\\\/#primaryimage\"},\"thumbnailUrl\":\"https:\\\/\\\/banneroftruth.org\\\/us\\\/wp-content\\\/uploads\\\/sites\\\/2\\\/2013\\\/01\\\/RicoYLazaro_FINAL.jpg\",\"datePublished\":\"2013-01-30T17:38:56+00:00\",\"dateModified\":\"2026-04-05T15:42:10+00:00\",\"description\":\"En el \u00faltimo gran avivamiento religioso que hubo en la Gran Breta\u00f1a, hace un poco m\u00e1s de cien a\u00f1os, no hab\u00eda figura que llamara m\u00e1s la atenci\u00f3n que la de Brownlow North (1810-1875).\",\"breadcrumb\":{\"@id\":\"https:\\\/\\\/banneroftruth.org\\\/us\\\/store\\\/sermons-and-expositions\\\/el-rico-y-lazaro-exposicin-de-lucas-1619-31\\\/#breadcrumb\"},\"inLanguage\":\"en-US\",\"potentialAction\":[{\"@type\":\"ReadAction\",\"target\":[\"https:\\\/\\\/banneroftruth.org\\\/us\\\/store\\\/sermons-and-expositions\\\/el-rico-y-lazaro-exposicin-de-lucas-1619-31\\\/\"]}]},{\"@type\":\"ImageObject\",\"inLanguage\":\"en-US\",\"@id\":\"https:\\\/\\\/banneroftruth.org\\\/us\\\/store\\\/sermons-and-expositions\\\/el-rico-y-lazaro-exposicin-de-lucas-1619-31\\\/#primaryimage\",\"url\":\"https:\\\/\\\/banneroftruth.org\\\/us\\\/wp-content\\\/uploads\\\/sites\\\/2\\\/2013\\\/01\\\/RicoYLazaro_FINAL.jpg\",\"contentUrl\":\"https:\\\/\\\/banneroftruth.org\\\/us\\\/wp-content\\\/uploads\\\/sites\\\/2\\\/2013\\\/01\\\/RicoYLazaro_FINAL.jpg\",\"width\":1358,\"height\":2153,\"caption\":\"Book Cover For 'El Rico Y Lazaro'\"},{\"@type\":\"BreadcrumbList\",\"@id\":\"https:\\\/\\\/banneroftruth.org\\\/us\\\/store\\\/sermons-and-expositions\\\/el-rico-y-lazaro-exposicin-de-lucas-1619-31\\\/#breadcrumb\",\"itemListElement\":[{\"@type\":\"ListItem\",\"position\":1,\"name\":\"Home\",\"item\":\"https:\\\/\\\/banneroftruth.org\\\/us\\\/\"},{\"@type\":\"ListItem\",\"position\":2,\"name\":\"Store\",\"item\":\"https:\\\/\\\/banneroftruth.org\\\/us\\\/store\\\/\"},{\"@type\":\"ListItem\",\"position\":3,\"name\":\"El Rico Y Lazaro\"}]},{\"@type\":\"WebSite\",\"@id\":\"https:\\\/\\\/banneroftruth.org\\\/us\\\/#website\",\"url\":\"https:\\\/\\\/banneroftruth.org\\\/us\\\/\",\"name\":\"Banner of Truth USA\",\"description\":\"Christian Publisher of Reformed &amp; Puritan Books\",\"publisher\":{\"@id\":\"https:\\\/\\\/banneroftruth.org\\\/us\\\/#organization\"},\"potentialAction\":[{\"@type\":\"SearchAction\",\"target\":{\"@type\":\"EntryPoint\",\"urlTemplate\":\"https:\\\/\\\/banneroftruth.org\\\/us\\\/?s={search_term_string}\"},\"query-input\":{\"@type\":\"PropertyValueSpecification\",\"valueRequired\":true,\"valueName\":\"search_term_string\"}}],\"inLanguage\":\"en-US\"},{\"@type\":\"Organization\",\"@id\":\"https:\\\/\\\/banneroftruth.org\\\/us\\\/#organization\",\"name\":\"Banner of Truth USA\",\"url\":\"https:\\\/\\\/banneroftruth.org\\\/us\\\/\",\"logo\":{\"@type\":\"ImageObject\",\"inLanguage\":\"en-US\",\"@id\":\"https:\\\/\\\/banneroftruth.org\\\/us\\\/#\\\/schema\\\/logo\\\/image\\\/\",\"url\":\"https:\\\/\\\/banneroftruth.org\\\/us\\\/wp-content\\\/uploads\\\/sites\\\/2\\\/2023\\\/04\\\/Profile-Royal-Blue.png\",\"contentUrl\":\"https:\\\/\\\/banneroftruth.org\\\/us\\\/wp-content\\\/uploads\\\/sites\\\/2\\\/2023\\\/04\\\/Profile-Royal-Blue.png\",\"width\":2048,\"height\":2048,\"caption\":\"Banner of Truth USA\"},\"image\":{\"@id\":\"https:\\\/\\\/banneroftruth.org\\\/us\\\/#\\\/schema\\\/logo\\\/image\\\/\"},\"sameAs\":[\"https:\\\/\\\/www.facebook.com\\\/TheBannerofTruth\",\"https:\\\/\\\/x.com\\\/banneroftruth\",\"https:\\\/\\\/www.instagram.com\\\/banneroftruth\\\/\",\"https:\\\/\\\/www.pinterest.com\\\/banneroftruth\\\/\",\"https:\\\/\\\/www.youtube.com\\\/banneroftruth\"]}]}<\/script>\n<meta property=\"product:price:amount\" content=\"3.60\" \/>\n<meta property=\"product:price:currency\" content=\"USD\" \/>\n<meta property=\"og:availability\" content=\"out of stock\" \/>\n<meta property=\"product:availability\" content=\"out of stock\" \/>\n<meta property=\"product:retailer_item_id\" content=\"9780851514208\" \/>\n<meta property=\"product:condition\" content=\"new\" \/>\n<!-- \/ Yoast SEO Premium plugin. -->","yoast_head_json":{"title":"El Rico Y Lazaro- Exposici\u00f3n de Lucas 16:19-31 &#8211; Banner of Truth USA","description":"En el \u00faltimo gran avivamiento religioso que hubo en la Gran Breta\u00f1a, hace un poco m\u00e1s de cien a\u00f1os, no hab\u00eda figura que llamara m\u00e1s la atenci\u00f3n que la de Brownlow North (1810-1875).","robots":{"index":"index","follow":"follow","max-snippet":"max-snippet:-1","max-image-preview":"max-image-preview:large","max-video-preview":"max-video-preview:-1"},"canonical":"https:\/\/banneroftruth.org\/us\/store\/sermons-and-expositions\/el-rico-y-lazaro-exposicin-de-lucas-1619-31\/","og_locale":"en_US","og_type":"article","og_title":"El Rico Y Lazaro- Exposici\u00f3n de Lucas 16:19-31 &#8211; Banner of Truth USA","og_description":"En el \u00faltimo gran avivamiento religioso que hubo en la Gran Breta\u00f1a, hace un poco m\u00e1s de cien a\u00f1os, no hab\u00eda figura que llamara m\u00e1s la atenci\u00f3n que la de Brownlow North (1810-1875).","og_url":"https:\/\/banneroftruth.org\/us\/store\/sermons-and-expositions\/el-rico-y-lazaro-exposicin-de-lucas-1619-31\/","og_site_name":"Banner of Truth USA","article_publisher":"https:\/\/www.facebook.com\/TheBannerofTruth","article_modified_time":"2026-04-05T15:42:10+00:00","og_image":[{"width":1358,"height":2153,"url":"https:\/\/banneroftruth.org\/us\/wp-content\/uploads\/sites\/2\/2013\/01\/RicoYLazaro_FINAL.jpg","type":"image\/jpeg"}],"twitter_card":"summary_large_image","twitter_site":"@banneroftruth","twitter_misc":{"Price":"&#36;3.60","Availability":"Out of stock"},"schema":{"@context":"https:\/\/schema.org","@graph":[{"@type":"WebPage","@id":"https:\/\/banneroftruth.org\/us\/store\/sermons-and-expositions\/el-rico-y-lazaro-exposicin-de-lucas-1619-31\/","url":"https:\/\/banneroftruth.org\/us\/store\/sermons-and-expositions\/el-rico-y-lazaro-exposicin-de-lucas-1619-31\/","name":"El Rico Y Lazaro- Exposici\u00f3n de Lucas 16:19-31 &#8211; Banner of Truth USA","isPartOf":{"@id":"https:\/\/banneroftruth.org\/us\/#website"},"primaryImageOfPage":{"@id":"https:\/\/banneroftruth.org\/us\/store\/sermons-and-expositions\/el-rico-y-lazaro-exposicin-de-lucas-1619-31\/#primaryimage"},"image":{"@id":"https:\/\/banneroftruth.org\/us\/store\/sermons-and-expositions\/el-rico-y-lazaro-exposicin-de-lucas-1619-31\/#primaryimage"},"thumbnailUrl":"https:\/\/banneroftruth.org\/us\/wp-content\/uploads\/sites\/2\/2013\/01\/RicoYLazaro_FINAL.jpg","datePublished":"2013-01-30T17:38:56+00:00","dateModified":"2026-04-05T15:42:10+00:00","description":"En el \u00faltimo gran avivamiento religioso que hubo en la Gran Breta\u00f1a, hace un poco m\u00e1s de cien a\u00f1os, no hab\u00eda figura que llamara m\u00e1s la atenci\u00f3n que la de Brownlow North (1810-1875).","breadcrumb":{"@id":"https:\/\/banneroftruth.org\/us\/store\/sermons-and-expositions\/el-rico-y-lazaro-exposicin-de-lucas-1619-31\/#breadcrumb"},"inLanguage":"en-US","potentialAction":[{"@type":"ReadAction","target":["https:\/\/banneroftruth.org\/us\/store\/sermons-and-expositions\/el-rico-y-lazaro-exposicin-de-lucas-1619-31\/"]}]},{"@type":"ImageObject","inLanguage":"en-US","@id":"https:\/\/banneroftruth.org\/us\/store\/sermons-and-expositions\/el-rico-y-lazaro-exposicin-de-lucas-1619-31\/#primaryimage","url":"https:\/\/banneroftruth.org\/us\/wp-content\/uploads\/sites\/2\/2013\/01\/RicoYLazaro_FINAL.jpg","contentUrl":"https:\/\/banneroftruth.org\/us\/wp-content\/uploads\/sites\/2\/2013\/01\/RicoYLazaro_FINAL.jpg","width":1358,"height":2153,"caption":"Book Cover For 'El Rico Y Lazaro'"},{"@type":"BreadcrumbList","@id":"https:\/\/banneroftruth.org\/us\/store\/sermons-and-expositions\/el-rico-y-lazaro-exposicin-de-lucas-1619-31\/#breadcrumb","itemListElement":[{"@type":"ListItem","position":1,"name":"Home","item":"https:\/\/banneroftruth.org\/us\/"},{"@type":"ListItem","position":2,"name":"Store","item":"https:\/\/banneroftruth.org\/us\/store\/"},{"@type":"ListItem","position":3,"name":"El Rico Y Lazaro"}]},{"@type":"WebSite","@id":"https:\/\/banneroftruth.org\/us\/#website","url":"https:\/\/banneroftruth.org\/us\/","name":"Banner of Truth USA","description":"Christian Publisher of Reformed &amp; Puritan Books","publisher":{"@id":"https:\/\/banneroftruth.org\/us\/#organization"},"potentialAction":[{"@type":"SearchAction","target":{"@type":"EntryPoint","urlTemplate":"https:\/\/banneroftruth.org\/us\/?s={search_term_string}"},"query-input":{"@type":"PropertyValueSpecification","valueRequired":true,"valueName":"search_term_string"}}],"inLanguage":"en-US"},{"@type":"Organization","@id":"https:\/\/banneroftruth.org\/us\/#organization","name":"Banner of Truth USA","url":"https:\/\/banneroftruth.org\/us\/","logo":{"@type":"ImageObject","inLanguage":"en-US","@id":"https:\/\/banneroftruth.org\/us\/#\/schema\/logo\/image\/","url":"https:\/\/banneroftruth.org\/us\/wp-content\/uploads\/sites\/2\/2023\/04\/Profile-Royal-Blue.png","contentUrl":"https:\/\/banneroftruth.org\/us\/wp-content\/uploads\/sites\/2\/2023\/04\/Profile-Royal-Blue.png","width":2048,"height":2048,"caption":"Banner of Truth USA"},"image":{"@id":"https:\/\/banneroftruth.org\/us\/#\/schema\/logo\/image\/"},"sameAs":["https:\/\/www.facebook.com\/TheBannerofTruth","https:\/\/x.com\/banneroftruth","https:\/\/www.instagram.com\/banneroftruth\/","https:\/\/www.pinterest.com\/banneroftruth\/","https:\/\/www.youtube.com\/banneroftruth"]}]},"product_price_amount":"3.60","product_price_currency":"USD","og_availability":"out of stock","product_availability":"out of stock","product_retailer_item_id":"9780851514208","product_condition":"new"},"_links":{"self":[{"href":"https:\/\/banneroftruth.org\/us\/wp-json\/wp\/v2\/product\/861","targetHints":{"allow":["GET"]}}],"collection":[{"href":"https:\/\/banneroftruth.org\/us\/wp-json\/wp\/v2\/product"}],"about":[{"href":"https:\/\/banneroftruth.org\/us\/wp-json\/wp\/v2\/types\/product"}],"replies":[{"embeddable":true,"href":"https:\/\/banneroftruth.org\/us\/wp-json\/wp\/v2\/comments?post=861"}],"wp:featuredmedia":[{"embeddable":true,"href":"https:\/\/banneroftruth.org\/us\/wp-json\/wp\/v2\/media\/9787"}],"wp:attachment":[{"href":"https:\/\/banneroftruth.org\/us\/wp-json\/wp\/v2\/media?parent=861"}],"wp:term":[{"taxonomy":"product_brand","embeddable":true,"href":"https:\/\/banneroftruth.org\/us\/wp-json\/wp\/v2\/product_brand?post=861"},{"taxonomy":"product_cat","embeddable":true,"href":"https:\/\/banneroftruth.org\/us\/wp-json\/wp\/v2\/product_cat?post=861"},{"taxonomy":"product_tag","embeddable":true,"href":"https:\/\/banneroftruth.org\/us\/wp-json\/wp\/v2\/product_tag?post=861"}],"curies":[{"name":"wp","href":"https:\/\/api.w.org\/{rel}","templated":true}]}}