{"id":862,"date":"2013-01-30T17:38:00","date_gmt":"2013-01-30T17:38:00","guid":{"rendered":"http:\/\/54.225.232.228\/us\/store\/uncategorized\/el-secreto-de-la-vida-cristiana\/"},"modified":"2026-04-08T14:43:06","modified_gmt":"2026-04-08T19:43:06","slug":"el-secreto-de-la-vida-cristiana","status":"publish","type":"product","link":"https:\/\/banneroftruth.org\/us\/store\/christian-living\/el-secreto-de-la-vida-cristiana\/","title":{"rendered":"El Secreto De La Vida Cristiana"},"content":{"rendered":"<h2>Book Description<\/h2>\n<p>Su concepto de la vida cristiana respira un activismo netamente b\u00edblico. Para Ryle, el verdadero cristiano no puede armonizarse con una noci\u00f3n est\u00e1tica de la fe, sino que, por lo contrario, la vida espiritual que se recibe con el nuevo nacimiento es como una fuerza impulsadora que pone a todas las facultades de la persona salva en acci\u00f3n constante. Asi como el movimiento es manifestaci\u00f3n de un principio de vida, la actividad en los senderos de la santidad es evidencia de una genuina vida espiritual en Cristo. El enfoque que tiene Juan Carlos Ryle en este libro es de presentar un reto y est\u00edmulo al creyente a vivir la vida abundante recibiba en el nuevo nacimiento. \u00a1Es un llamado vivir!<\/p>\n","protected":false},"excerpt":{"rendered":"<p>Book Description Su concepto de la vida cristiana respira un activismo netamente b\u00edblico. Para Ryle, el verdadero cristiano no puede armonizarse con una noci\u00f3n est\u00e1tica de la fe, sino que, por lo contrario, la vida espiritual que se recibe con el nuevo nacimiento es como una fuerza impulsadora que pone a todas las facultades de [&hellip;]<\/p>\n","protected":false},"featured_media":9788,"comment_status":"open","ping_status":"closed","template":"","meta":[],"product_brand":[],"product_cat":[1249],"product_tag":[],"class_list":{"0":"post-862","1":"product","2":"type-product","3":"status-publish","4":"has-post-thumbnail","6":"product_cat-christian-living","7":"pa_binding-paperback","8":"pa_class-sp","9":"pa_format-book","10":"pa_isbn-4990","11":"pa_language-spanish","12":"pa_original-pub-date-3214","13":"pa_page-count-4616","14":"pa_recent-pub-date-mar-1-1964","15":"pa_recent-pub-date-year-6352","16":"pa_short-isbn-4618","17":"pa_subtitle-the-secret-of-the-christian-life","18":"pa_theauthor-ryle-j-c","19":"pa_topic-faith","20":"pa_topic-salvation","21":"pa_topic-spiritual-growth","23":"first","24":"outofstock","25":"sale","26":"taxable","27":"shipping-taxable","28":"purchasable","29":"product-type-simple"},"bundled_by":[],"bundle_stock_status":"outofstock","bundle_stock_quantity":0,"bundle_virtual":false,"bundle_layout":"","bundle_add_to_cart_form_location":"","bundle_editable_in_cart":false,"bundle_sold_individually_context":"","bundle_item_grouping":"","bundle_min_size":"","bundle_max_size":"","bundle_price":[],"bundled_items":[],"bundle_sell_ids":[],"yoast_head":"<!-- This site is optimized with the Yoast SEO Premium plugin v27.3 (Yoast SEO v27.3) - https:\/\/yoast.com\/product\/yoast-seo-premium-wordpress\/ -->\n<title>El Secreto De La Vida Cristiana &#8211; Banner of Truth USA<\/title>\n<meta name=\"description\" content=\"Su concepto de la vida cristiana respira un activismo netamente b\u00edblico.\" \/>\n<meta name=\"robots\" content=\"index, follow, max-snippet:-1, max-image-preview:large, max-video-preview:-1\" \/>\n<link rel=\"canonical\" href=\"https:\/\/banneroftruth.org\/us\/store\/christian-living\/el-secreto-de-la-vida-cristiana\/\" \/>\n<meta property=\"og:locale\" content=\"en_US\" \/>\n<meta property=\"og:type\" content=\"article\" \/>\n<meta property=\"og:title\" content=\"El Secreto De La Vida Cristiana &#8211; Banner of Truth USA\" \/>\n<meta property=\"og:description\" content=\"Su concepto de la vida cristiana respira un activismo netamente b\u00edblico.\" \/>\n<meta property=\"og:url\" content=\"https:\/\/banneroftruth.org\/us\/store\/christian-living\/el-secreto-de-la-vida-cristiana\/\" \/>\n<meta property=\"og:site_name\" content=\"Banner of Truth USA\" \/>\n<meta property=\"article:publisher\" content=\"https:\/\/www.facebook.com\/TheBannerofTruth\" \/>\n<meta property=\"article:modified_time\" content=\"2026-04-08T19:43:06+00:00\" \/>\n<meta property=\"og:image\" content=\"https:\/\/banneroftruth.org\/us\/wp-content\/uploads\/sites\/2\/2013\/01\/SecretoDeLaVidaCristiana_FINAL-scaled.jpg\" \/>\n\t<meta property=\"og:image:width\" content=\"1641\" \/>\n\t<meta property=\"og:image:height\" content=\"2575\" \/>\n\t<meta property=\"og:image:type\" content=\"image\/jpeg\" \/>\n<meta name=\"twitter:card\" content=\"summary_large_image\" \/>\n<meta name=\"twitter:site\" content=\"@banneroftruth\" \/>\n<meta name=\"twitter:label1\" content=\"Price\" \/>\n\t<meta name=\"twitter:data1\" content=\"&#036;7.20\" \/>\n\t<meta name=\"twitter:label2\" content=\"Availability\" \/>\n\t<meta name=\"twitter:data2\" content=\"Out of stock\" \/>\n<script type=\"application\/ld+json\" class=\"yoast-schema-graph\">{\"@context\":\"https:\\\/\\\/schema.org\",\"@graph\":[{\"@type\":\"WebPage\",\"@id\":\"https:\\\/\\\/banneroftruth.org\\\/us\\\/store\\\/christian-living\\\/el-secreto-de-la-vida-cristiana\\\/\",\"url\":\"https:\\\/\\\/banneroftruth.org\\\/us\\\/store\\\/christian-living\\\/el-secreto-de-la-vida-cristiana\\\/\",\"name\":\"El Secreto De La Vida Cristiana &#8211; Banner of Truth USA\",\"isPartOf\":{\"@id\":\"https:\\\/\\\/banneroftruth.org\\\/us\\\/#website\"},\"primaryImageOfPage\":{\"@id\":\"https:\\\/\\\/banneroftruth.org\\\/us\\\/store\\\/christian-living\\\/el-secreto-de-la-vida-cristiana\\\/#primaryimage\"},\"image\":{\"@id\":\"https:\\\/\\\/banneroftruth.org\\\/us\\\/store\\\/christian-living\\\/el-secreto-de-la-vida-cristiana\\\/#primaryimage\"},\"thumbnailUrl\":\"https:\\\/\\\/banneroftruth.org\\\/us\\\/wp-content\\\/uploads\\\/sites\\\/2\\\/2013\\\/01\\\/SecretoDeLaVidaCristiana_FINAL-scaled.jpg\",\"datePublished\":\"2013-01-30T17:38:00+00:00\",\"dateModified\":\"2026-04-08T19:43:06+00:00\",\"description\":\"Su concepto de la vida cristiana respira un activismo netamente b\u00edblico.\",\"breadcrumb\":{\"@id\":\"https:\\\/\\\/banneroftruth.org\\\/us\\\/store\\\/christian-living\\\/el-secreto-de-la-vida-cristiana\\\/#breadcrumb\"},\"inLanguage\":\"en-US\",\"potentialAction\":[{\"@type\":\"ReadAction\",\"target\":[\"https:\\\/\\\/banneroftruth.org\\\/us\\\/store\\\/christian-living\\\/el-secreto-de-la-vida-cristiana\\\/\"]}]},{\"@type\":\"ImageObject\",\"inLanguage\":\"en-US\",\"@id\":\"https:\\\/\\\/banneroftruth.org\\\/us\\\/store\\\/christian-living\\\/el-secreto-de-la-vida-cristiana\\\/#primaryimage\",\"url\":\"https:\\\/\\\/banneroftruth.org\\\/us\\\/wp-content\\\/uploads\\\/sites\\\/2\\\/2013\\\/01\\\/SecretoDeLaVidaCristiana_FINAL-scaled.jpg\",\"contentUrl\":\"https:\\\/\\\/banneroftruth.org\\\/us\\\/wp-content\\\/uploads\\\/sites\\\/2\\\/2013\\\/01\\\/SecretoDeLaVidaCristiana_FINAL-scaled.jpg\",\"width\":1641,\"height\":2575},{\"@type\":\"BreadcrumbList\",\"@id\":\"https:\\\/\\\/banneroftruth.org\\\/us\\\/store\\\/christian-living\\\/el-secreto-de-la-vida-cristiana\\\/#breadcrumb\",\"itemListElement\":[{\"@type\":\"ListItem\",\"position\":1,\"name\":\"Home\",\"item\":\"https:\\\/\\\/banneroftruth.org\\\/us\\\/\"},{\"@type\":\"ListItem\",\"position\":2,\"name\":\"Store\",\"item\":\"https:\\\/\\\/banneroftruth.org\\\/us\\\/store\\\/\"},{\"@type\":\"ListItem\",\"position\":3,\"name\":\"El Secreto De La Vida Cristiana\"}]},{\"@type\":\"WebSite\",\"@id\":\"https:\\\/\\\/banneroftruth.org\\\/us\\\/#website\",\"url\":\"https:\\\/\\\/banneroftruth.org\\\/us\\\/\",\"name\":\"Banner of Truth USA\",\"description\":\"Christian Publisher of Reformed &amp; Puritan Books\",\"publisher\":{\"@id\":\"https:\\\/\\\/banneroftruth.org\\\/us\\\/#organization\"},\"potentialAction\":[{\"@type\":\"SearchAction\",\"target\":{\"@type\":\"EntryPoint\",\"urlTemplate\":\"https:\\\/\\\/banneroftruth.org\\\/us\\\/?s={search_term_string}\"},\"query-input\":{\"@type\":\"PropertyValueSpecification\",\"valueRequired\":true,\"valueName\":\"search_term_string\"}}],\"inLanguage\":\"en-US\"},{\"@type\":\"Organization\",\"@id\":\"https:\\\/\\\/banneroftruth.org\\\/us\\\/#organization\",\"name\":\"Banner of Truth USA\",\"url\":\"https:\\\/\\\/banneroftruth.org\\\/us\\\/\",\"logo\":{\"@type\":\"ImageObject\",\"inLanguage\":\"en-US\",\"@id\":\"https:\\\/\\\/banneroftruth.org\\\/us\\\/#\\\/schema\\\/logo\\\/image\\\/\",\"url\":\"https:\\\/\\\/banneroftruth.org\\\/us\\\/wp-content\\\/uploads\\\/sites\\\/2\\\/2023\\\/04\\\/Profile-Royal-Blue.png\",\"contentUrl\":\"https:\\\/\\\/banneroftruth.org\\\/us\\\/wp-content\\\/uploads\\\/sites\\\/2\\\/2023\\\/04\\\/Profile-Royal-Blue.png\",\"width\":2048,\"height\":2048,\"caption\":\"Banner of Truth USA\"},\"image\":{\"@id\":\"https:\\\/\\\/banneroftruth.org\\\/us\\\/#\\\/schema\\\/logo\\\/image\\\/\"},\"sameAs\":[\"https:\\\/\\\/www.facebook.com\\\/TheBannerofTruth\",\"https:\\\/\\\/x.com\\\/banneroftruth\",\"https:\\\/\\\/www.instagram.com\\\/banneroftruth\\\/\",\"https:\\\/\\\/www.pinterest.com\\\/banneroftruth\\\/\",\"https:\\\/\\\/www.youtube.com\\\/banneroftruth\"]}]}<\/script>\n<meta property=\"product:price:amount\" content=\"7.20\" \/>\n<meta property=\"product:price:currency\" content=\"USD\" \/>\n<meta property=\"og:availability\" content=\"out of stock\" \/>\n<meta property=\"product:availability\" content=\"out of stock\" \/>\n<meta property=\"product:retailer_item_id\" content=\"9780851514123\" \/>\n<meta property=\"product:condition\" content=\"new\" \/>\n<!-- \/ Yoast SEO Premium plugin. -->","yoast_head_json":{"title":"El Secreto De La Vida Cristiana &#8211; Banner of Truth USA","description":"Su concepto de la vida cristiana respira un activismo netamente b\u00edblico.","robots":{"index":"index","follow":"follow","max-snippet":"max-snippet:-1","max-image-preview":"max-image-preview:large","max-video-preview":"max-video-preview:-1"},"canonical":"https:\/\/banneroftruth.org\/us\/store\/christian-living\/el-secreto-de-la-vida-cristiana\/","og_locale":"en_US","og_type":"article","og_title":"El Secreto De La Vida Cristiana &#8211; Banner of Truth USA","og_description":"Su concepto de la vida cristiana respira un activismo netamente b\u00edblico.","og_url":"https:\/\/banneroftruth.org\/us\/store\/christian-living\/el-secreto-de-la-vida-cristiana\/","og_site_name":"Banner of Truth USA","article_publisher":"https:\/\/www.facebook.com\/TheBannerofTruth","article_modified_time":"2026-04-08T19:43:06+00:00","og_image":[{"width":1641,"height":2575,"url":"https:\/\/banneroftruth.org\/us\/wp-content\/uploads\/sites\/2\/2013\/01\/SecretoDeLaVidaCristiana_FINAL-scaled.jpg","type":"image\/jpeg"}],"twitter_card":"summary_large_image","twitter_site":"@banneroftruth","twitter_misc":{"Price":"&#36;7.20","Availability":"Out of stock"},"schema":{"@context":"https:\/\/schema.org","@graph":[{"@type":"WebPage","@id":"https:\/\/banneroftruth.org\/us\/store\/christian-living\/el-secreto-de-la-vida-cristiana\/","url":"https:\/\/banneroftruth.org\/us\/store\/christian-living\/el-secreto-de-la-vida-cristiana\/","name":"El Secreto De La Vida Cristiana &#8211; Banner of Truth USA","isPartOf":{"@id":"https:\/\/banneroftruth.org\/us\/#website"},"primaryImageOfPage":{"@id":"https:\/\/banneroftruth.org\/us\/store\/christian-living\/el-secreto-de-la-vida-cristiana\/#primaryimage"},"image":{"@id":"https:\/\/banneroftruth.org\/us\/store\/christian-living\/el-secreto-de-la-vida-cristiana\/#primaryimage"},"thumbnailUrl":"https:\/\/banneroftruth.org\/us\/wp-content\/uploads\/sites\/2\/2013\/01\/SecretoDeLaVidaCristiana_FINAL-scaled.jpg","datePublished":"2013-01-30T17:38:00+00:00","dateModified":"2026-04-08T19:43:06+00:00","description":"Su concepto de la vida cristiana respira un activismo netamente b\u00edblico.","breadcrumb":{"@id":"https:\/\/banneroftruth.org\/us\/store\/christian-living\/el-secreto-de-la-vida-cristiana\/#breadcrumb"},"inLanguage":"en-US","potentialAction":[{"@type":"ReadAction","target":["https:\/\/banneroftruth.org\/us\/store\/christian-living\/el-secreto-de-la-vida-cristiana\/"]}]},{"@type":"ImageObject","inLanguage":"en-US","@id":"https:\/\/banneroftruth.org\/us\/store\/christian-living\/el-secreto-de-la-vida-cristiana\/#primaryimage","url":"https:\/\/banneroftruth.org\/us\/wp-content\/uploads\/sites\/2\/2013\/01\/SecretoDeLaVidaCristiana_FINAL-scaled.jpg","contentUrl":"https:\/\/banneroftruth.org\/us\/wp-content\/uploads\/sites\/2\/2013\/01\/SecretoDeLaVidaCristiana_FINAL-scaled.jpg","width":1641,"height":2575},{"@type":"BreadcrumbList","@id":"https:\/\/banneroftruth.org\/us\/store\/christian-living\/el-secreto-de-la-vida-cristiana\/#breadcrumb","itemListElement":[{"@type":"ListItem","position":1,"name":"Home","item":"https:\/\/banneroftruth.org\/us\/"},{"@type":"ListItem","position":2,"name":"Store","item":"https:\/\/banneroftruth.org\/us\/store\/"},{"@type":"ListItem","position":3,"name":"El Secreto De La Vida Cristiana"}]},{"@type":"WebSite","@id":"https:\/\/banneroftruth.org\/us\/#website","url":"https:\/\/banneroftruth.org\/us\/","name":"Banner of Truth USA","description":"Christian Publisher of Reformed &amp; Puritan Books","publisher":{"@id":"https:\/\/banneroftruth.org\/us\/#organization"},"potentialAction":[{"@type":"SearchAction","target":{"@type":"EntryPoint","urlTemplate":"https:\/\/banneroftruth.org\/us\/?s={search_term_string}"},"query-input":{"@type":"PropertyValueSpecification","valueRequired":true,"valueName":"search_term_string"}}],"inLanguage":"en-US"},{"@type":"Organization","@id":"https:\/\/banneroftruth.org\/us\/#organization","name":"Banner of Truth USA","url":"https:\/\/banneroftruth.org\/us\/","logo":{"@type":"ImageObject","inLanguage":"en-US","@id":"https:\/\/banneroftruth.org\/us\/#\/schema\/logo\/image\/","url":"https:\/\/banneroftruth.org\/us\/wp-content\/uploads\/sites\/2\/2023\/04\/Profile-Royal-Blue.png","contentUrl":"https:\/\/banneroftruth.org\/us\/wp-content\/uploads\/sites\/2\/2023\/04\/Profile-Royal-Blue.png","width":2048,"height":2048,"caption":"Banner of Truth USA"},"image":{"@id":"https:\/\/banneroftruth.org\/us\/#\/schema\/logo\/image\/"},"sameAs":["https:\/\/www.facebook.com\/TheBannerofTruth","https:\/\/x.com\/banneroftruth","https:\/\/www.instagram.com\/banneroftruth\/","https:\/\/www.pinterest.com\/banneroftruth\/","https:\/\/www.youtube.com\/banneroftruth"]}]},"product_price_amount":"7.20","product_price_currency":"USD","og_availability":"out of stock","product_availability":"out of stock","product_retailer_item_id":"9780851514123","product_condition":"new"},"_links":{"self":[{"href":"https:\/\/banneroftruth.org\/us\/wp-json\/wp\/v2\/product\/862","targetHints":{"allow":["GET"]}}],"collection":[{"href":"https:\/\/banneroftruth.org\/us\/wp-json\/wp\/v2\/product"}],"about":[{"href":"https:\/\/banneroftruth.org\/us\/wp-json\/wp\/v2\/types\/product"}],"replies":[{"embeddable":true,"href":"https:\/\/banneroftruth.org\/us\/wp-json\/wp\/v2\/comments?post=862"}],"wp:featuredmedia":[{"embeddable":true,"href":"https:\/\/banneroftruth.org\/us\/wp-json\/wp\/v2\/media\/9788"}],"wp:attachment":[{"href":"https:\/\/banneroftruth.org\/us\/wp-json\/wp\/v2\/media?parent=862"}],"wp:term":[{"taxonomy":"product_brand","embeddable":true,"href":"https:\/\/banneroftruth.org\/us\/wp-json\/wp\/v2\/product_brand?post=862"},{"taxonomy":"product_cat","embeddable":true,"href":"https:\/\/banneroftruth.org\/us\/wp-json\/wp\/v2\/product_cat?post=862"},{"taxonomy":"product_tag","embeddable":true,"href":"https:\/\/banneroftruth.org\/us\/wp-json\/wp\/v2\/product_tag?post=862"}],"curies":[{"name":"wp","href":"https:\/\/api.w.org\/{rel}","templated":true}]}}