{"id":867,"date":"2013-01-30T17:38:57","date_gmt":"2013-01-30T17:38:57","guid":{"rendered":"http:\/\/54.225.232.228\/us\/store\/uncategorized\/ii-corintios\/"},"modified":"2026-04-08T14:43:10","modified_gmt":"2026-04-08T19:43:10","slug":"ii-corintios","status":"publish","type":"product","link":"https:\/\/banneroftruth.org\/us\/store\/commentaries\/ii-corintios\/","title":{"rendered":"Commentario II Corintios"},"content":{"rendered":"<h2>Book Description<\/h2>\n<p>No cabe duda que en los \u00faltimos a\u00f1os los avances en los estudios b\u00edblicos han producido una explosi\u00f3n de comentarios b\u00edblicos de alto nivel y de excelente calidad.\u00a0Sin embargo, hay cl\u00e1sicos que se levantan erguidos sin que el tiempo los da\u00f1e. Este es precisamente el caso de los comentarios de Charles Hodge. De ellos B.B. Warfield escibi\u00f3: La percepci\u00f3n que el Dr. Hodge ten\u00eda del significado general de un pasaje era insuperable. Pose\u00eda todo el discernimiento de Calvino sobre la fluidez y conexi\u00f3n del pensamiento&#8230;Parec\u00eda como si analizara un pasaje, captara su sentido general y todas sus coordenadas teol\u00f3gicas, y presentara el resultado con frases dignas de un Bacon.<\/p>\n","protected":false},"excerpt":{"rendered":"<p>Book Description No cabe duda que en los \u00faltimos a\u00f1os los avances en los estudios b\u00edblicos han producido una explosi\u00f3n de comentarios b\u00edblicos de alto nivel y de excelente calidad.\u00a0Sin embargo, hay cl\u00e1sicos que se levantan erguidos sin que el tiempo los da\u00f1e. Este es precisamente el caso de los comentarios de Charles Hodge. De [&hellip;]<\/p>\n","protected":false},"featured_media":9820,"comment_status":"open","ping_status":"closed","template":"","meta":[],"product_brand":[],"product_cat":[1499],"product_tag":[],"class_list":{"0":"post-867","1":"product","2":"type-product","3":"status-publish","4":"has-post-thumbnail","6":"product_cat-commentaries","7":"pa_binding-paperback","8":"pa_class-sp","9":"pa_format-book","10":"pa_isbn-5040","11":"pa_language-spanish","12":"pa_page-count-1864","13":"pa_short-isbn-4632","14":"pa_subtitle-commentary-on-2-corinthians","15":"pa_theauthor-hodge-charles","17":"first","18":"outofstock","19":"sale","20":"taxable","21":"shipping-taxable","22":"purchasable","23":"product-type-simple"},"bundled_by":[],"bundle_stock_status":"outofstock","bundle_stock_quantity":0,"bundle_virtual":false,"bundle_layout":"","bundle_add_to_cart_form_location":"","bundle_editable_in_cart":false,"bundle_sold_individually_context":"","bundle_item_grouping":"","bundle_min_size":"","bundle_max_size":"","bundle_price":[],"bundled_items":[],"bundle_sell_ids":[],"yoast_head":"<!-- This site is optimized with the Yoast SEO Premium plugin v27.3 (Yoast SEO v27.3) - https:\/\/yoast.com\/product\/yoast-seo-premium-wordpress\/ -->\n<title>Commentario II Corintios &#8211; Banner of Truth USA<\/title>\n<meta name=\"description\" content=\"No cabe duda que en los \u00faltimos a\u00f1os los avances en los estudios b\u00edblicos han producido una explosi\u00f3n de comentarios b\u00edblicos de alto nivel y de excelente calidad.\" \/>\n<meta name=\"robots\" content=\"index, follow, max-snippet:-1, max-image-preview:large, max-video-preview:-1\" \/>\n<link rel=\"canonical\" href=\"https:\/\/banneroftruth.org\/us\/store\/commentaries\/ii-corintios\/\" \/>\n<meta property=\"og:locale\" content=\"en_US\" \/>\n<meta property=\"og:type\" content=\"article\" \/>\n<meta property=\"og:title\" content=\"Commentario II Corintios &#8211; Banner of Truth USA\" \/>\n<meta property=\"og:description\" content=\"No cabe duda que en los \u00faltimos a\u00f1os los avances en los estudios b\u00edblicos han producido una explosi\u00f3n de comentarios b\u00edblicos de alto nivel y de excelente calidad.\" \/>\n<meta property=\"og:url\" content=\"https:\/\/banneroftruth.org\/us\/store\/commentaries\/ii-corintios\/\" \/>\n<meta property=\"og:site_name\" content=\"Banner of Truth USA\" \/>\n<meta property=\"article:publisher\" content=\"https:\/\/www.facebook.com\/TheBannerofTruth\" \/>\n<meta property=\"article:modified_time\" content=\"2026-04-08T19:43:10+00:00\" \/>\n<meta property=\"og:image\" content=\"https:\/\/banneroftruth.org\/us\/wp-content\/uploads\/sites\/2\/2013\/01\/IICorintias_FINAL-scaled.jpg\" \/>\n\t<meta property=\"og:image:width\" content=\"1785\" \/>\n\t<meta property=\"og:image:height\" content=\"2686\" \/>\n\t<meta property=\"og:image:type\" content=\"image\/jpeg\" \/>\n<meta name=\"twitter:card\" content=\"summary_large_image\" \/>\n<meta name=\"twitter:site\" content=\"@banneroftruth\" \/>\n<meta name=\"twitter:label1\" content=\"Price\" \/>\n\t<meta name=\"twitter:data1\" content=\"&#036;8.10\" \/>\n\t<meta name=\"twitter:label2\" content=\"Availability\" \/>\n\t<meta name=\"twitter:data2\" content=\"Out of stock\" \/>\n<script type=\"application\/ld+json\" class=\"yoast-schema-graph\">{\"@context\":\"https:\\\/\\\/schema.org\",\"@graph\":[{\"@type\":\"WebPage\",\"@id\":\"https:\\\/\\\/banneroftruth.org\\\/us\\\/store\\\/commentaries\\\/ii-corintios\\\/\",\"url\":\"https:\\\/\\\/banneroftruth.org\\\/us\\\/store\\\/commentaries\\\/ii-corintios\\\/\",\"name\":\"Commentario II Corintios &#8211; Banner of Truth USA\",\"isPartOf\":{\"@id\":\"https:\\\/\\\/banneroftruth.org\\\/us\\\/#website\"},\"primaryImageOfPage\":{\"@id\":\"https:\\\/\\\/banneroftruth.org\\\/us\\\/store\\\/commentaries\\\/ii-corintios\\\/#primaryimage\"},\"image\":{\"@id\":\"https:\\\/\\\/banneroftruth.org\\\/us\\\/store\\\/commentaries\\\/ii-corintios\\\/#primaryimage\"},\"thumbnailUrl\":\"https:\\\/\\\/banneroftruth.org\\\/us\\\/wp-content\\\/uploads\\\/sites\\\/2\\\/2013\\\/01\\\/IICorintias_FINAL-scaled.jpg\",\"datePublished\":\"2013-01-30T17:38:57+00:00\",\"dateModified\":\"2026-04-08T19:43:10+00:00\",\"description\":\"No cabe duda que en los \u00faltimos a\u00f1os los avances en los estudios b\u00edblicos han producido una explosi\u00f3n de comentarios b\u00edblicos de alto nivel y de excelente calidad.\",\"breadcrumb\":{\"@id\":\"https:\\\/\\\/banneroftruth.org\\\/us\\\/store\\\/commentaries\\\/ii-corintios\\\/#breadcrumb\"},\"inLanguage\":\"en-US\",\"potentialAction\":[{\"@type\":\"ReadAction\",\"target\":[\"https:\\\/\\\/banneroftruth.org\\\/us\\\/store\\\/commentaries\\\/ii-corintios\\\/\"]}]},{\"@type\":\"ImageObject\",\"inLanguage\":\"en-US\",\"@id\":\"https:\\\/\\\/banneroftruth.org\\\/us\\\/store\\\/commentaries\\\/ii-corintios\\\/#primaryimage\",\"url\":\"https:\\\/\\\/banneroftruth.org\\\/us\\\/wp-content\\\/uploads\\\/sites\\\/2\\\/2013\\\/01\\\/IICorintias_FINAL-scaled.jpg\",\"contentUrl\":\"https:\\\/\\\/banneroftruth.org\\\/us\\\/wp-content\\\/uploads\\\/sites\\\/2\\\/2013\\\/01\\\/IICorintias_FINAL-scaled.jpg\",\"width\":1785,\"height\":2686,\"caption\":\"Book Cover For 'II Corintias'\"},{\"@type\":\"BreadcrumbList\",\"@id\":\"https:\\\/\\\/banneroftruth.org\\\/us\\\/store\\\/commentaries\\\/ii-corintios\\\/#breadcrumb\",\"itemListElement\":[{\"@type\":\"ListItem\",\"position\":1,\"name\":\"Home\",\"item\":\"https:\\\/\\\/banneroftruth.org\\\/us\\\/\"},{\"@type\":\"ListItem\",\"position\":2,\"name\":\"Store\",\"item\":\"https:\\\/\\\/banneroftruth.org\\\/us\\\/store\\\/\"},{\"@type\":\"ListItem\",\"position\":3,\"name\":\"Commentario II Corintios\"}]},{\"@type\":\"WebSite\",\"@id\":\"https:\\\/\\\/banneroftruth.org\\\/us\\\/#website\",\"url\":\"https:\\\/\\\/banneroftruth.org\\\/us\\\/\",\"name\":\"Banner of Truth USA\",\"description\":\"Christian Publisher of Reformed &amp; Puritan Books\",\"publisher\":{\"@id\":\"https:\\\/\\\/banneroftruth.org\\\/us\\\/#organization\"},\"potentialAction\":[{\"@type\":\"SearchAction\",\"target\":{\"@type\":\"EntryPoint\",\"urlTemplate\":\"https:\\\/\\\/banneroftruth.org\\\/us\\\/?s={search_term_string}\"},\"query-input\":{\"@type\":\"PropertyValueSpecification\",\"valueRequired\":true,\"valueName\":\"search_term_string\"}}],\"inLanguage\":\"en-US\"},{\"@type\":\"Organization\",\"@id\":\"https:\\\/\\\/banneroftruth.org\\\/us\\\/#organization\",\"name\":\"Banner of Truth USA\",\"url\":\"https:\\\/\\\/banneroftruth.org\\\/us\\\/\",\"logo\":{\"@type\":\"ImageObject\",\"inLanguage\":\"en-US\",\"@id\":\"https:\\\/\\\/banneroftruth.org\\\/us\\\/#\\\/schema\\\/logo\\\/image\\\/\",\"url\":\"https:\\\/\\\/banneroftruth.org\\\/us\\\/wp-content\\\/uploads\\\/sites\\\/2\\\/2023\\\/04\\\/Profile-Royal-Blue.png\",\"contentUrl\":\"https:\\\/\\\/banneroftruth.org\\\/us\\\/wp-content\\\/uploads\\\/sites\\\/2\\\/2023\\\/04\\\/Profile-Royal-Blue.png\",\"width\":2048,\"height\":2048,\"caption\":\"Banner of Truth USA\"},\"image\":{\"@id\":\"https:\\\/\\\/banneroftruth.org\\\/us\\\/#\\\/schema\\\/logo\\\/image\\\/\"},\"sameAs\":[\"https:\\\/\\\/www.facebook.com\\\/TheBannerofTruth\",\"https:\\\/\\\/x.com\\\/banneroftruth\",\"https:\\\/\\\/www.instagram.com\\\/banneroftruth\\\/\",\"https:\\\/\\\/www.pinterest.com\\\/banneroftruth\\\/\",\"https:\\\/\\\/www.youtube.com\\\/banneroftruth\"]}]}<\/script>\n<meta property=\"product:price:amount\" content=\"8.10\" \/>\n<meta property=\"product:price:currency\" content=\"USD\" \/>\n<meta property=\"og:availability\" content=\"out of stock\" \/>\n<meta property=\"product:availability\" content=\"out of stock\" \/>\n<meta property=\"product:retailer_item_id\" content=\"9780851517841\" \/>\n<meta property=\"product:condition\" content=\"new\" \/>\n<!-- \/ Yoast SEO Premium plugin. -->","yoast_head_json":{"title":"Commentario II Corintios &#8211; Banner of Truth USA","description":"No cabe duda que en los \u00faltimos a\u00f1os los avances en los estudios b\u00edblicos han producido una explosi\u00f3n de comentarios b\u00edblicos de alto nivel y de excelente calidad.","robots":{"index":"index","follow":"follow","max-snippet":"max-snippet:-1","max-image-preview":"max-image-preview:large","max-video-preview":"max-video-preview:-1"},"canonical":"https:\/\/banneroftruth.org\/us\/store\/commentaries\/ii-corintios\/","og_locale":"en_US","og_type":"article","og_title":"Commentario II Corintios &#8211; Banner of Truth USA","og_description":"No cabe duda que en los \u00faltimos a\u00f1os los avances en los estudios b\u00edblicos han producido una explosi\u00f3n de comentarios b\u00edblicos de alto nivel y de excelente calidad.","og_url":"https:\/\/banneroftruth.org\/us\/store\/commentaries\/ii-corintios\/","og_site_name":"Banner of Truth USA","article_publisher":"https:\/\/www.facebook.com\/TheBannerofTruth","article_modified_time":"2026-04-08T19:43:10+00:00","og_image":[{"width":1785,"height":2686,"url":"https:\/\/banneroftruth.org\/us\/wp-content\/uploads\/sites\/2\/2013\/01\/IICorintias_FINAL-scaled.jpg","type":"image\/jpeg"}],"twitter_card":"summary_large_image","twitter_site":"@banneroftruth","twitter_misc":{"Price":"&#36;8.10","Availability":"Out of stock"},"schema":{"@context":"https:\/\/schema.org","@graph":[{"@type":"WebPage","@id":"https:\/\/banneroftruth.org\/us\/store\/commentaries\/ii-corintios\/","url":"https:\/\/banneroftruth.org\/us\/store\/commentaries\/ii-corintios\/","name":"Commentario II Corintios &#8211; Banner of Truth USA","isPartOf":{"@id":"https:\/\/banneroftruth.org\/us\/#website"},"primaryImageOfPage":{"@id":"https:\/\/banneroftruth.org\/us\/store\/commentaries\/ii-corintios\/#primaryimage"},"image":{"@id":"https:\/\/banneroftruth.org\/us\/store\/commentaries\/ii-corintios\/#primaryimage"},"thumbnailUrl":"https:\/\/banneroftruth.org\/us\/wp-content\/uploads\/sites\/2\/2013\/01\/IICorintias_FINAL-scaled.jpg","datePublished":"2013-01-30T17:38:57+00:00","dateModified":"2026-04-08T19:43:10+00:00","description":"No cabe duda que en los \u00faltimos a\u00f1os los avances en los estudios b\u00edblicos han producido una explosi\u00f3n de comentarios b\u00edblicos de alto nivel y de excelente calidad.","breadcrumb":{"@id":"https:\/\/banneroftruth.org\/us\/store\/commentaries\/ii-corintios\/#breadcrumb"},"inLanguage":"en-US","potentialAction":[{"@type":"ReadAction","target":["https:\/\/banneroftruth.org\/us\/store\/commentaries\/ii-corintios\/"]}]},{"@type":"ImageObject","inLanguage":"en-US","@id":"https:\/\/banneroftruth.org\/us\/store\/commentaries\/ii-corintios\/#primaryimage","url":"https:\/\/banneroftruth.org\/us\/wp-content\/uploads\/sites\/2\/2013\/01\/IICorintias_FINAL-scaled.jpg","contentUrl":"https:\/\/banneroftruth.org\/us\/wp-content\/uploads\/sites\/2\/2013\/01\/IICorintias_FINAL-scaled.jpg","width":1785,"height":2686,"caption":"Book Cover For 'II Corintias'"},{"@type":"BreadcrumbList","@id":"https:\/\/banneroftruth.org\/us\/store\/commentaries\/ii-corintios\/#breadcrumb","itemListElement":[{"@type":"ListItem","position":1,"name":"Home","item":"https:\/\/banneroftruth.org\/us\/"},{"@type":"ListItem","position":2,"name":"Store","item":"https:\/\/banneroftruth.org\/us\/store\/"},{"@type":"ListItem","position":3,"name":"Commentario II Corintios"}]},{"@type":"WebSite","@id":"https:\/\/banneroftruth.org\/us\/#website","url":"https:\/\/banneroftruth.org\/us\/","name":"Banner of Truth USA","description":"Christian Publisher of Reformed &amp; Puritan Books","publisher":{"@id":"https:\/\/banneroftruth.org\/us\/#organization"},"potentialAction":[{"@type":"SearchAction","target":{"@type":"EntryPoint","urlTemplate":"https:\/\/banneroftruth.org\/us\/?s={search_term_string}"},"query-input":{"@type":"PropertyValueSpecification","valueRequired":true,"valueName":"search_term_string"}}],"inLanguage":"en-US"},{"@type":"Organization","@id":"https:\/\/banneroftruth.org\/us\/#organization","name":"Banner of Truth USA","url":"https:\/\/banneroftruth.org\/us\/","logo":{"@type":"ImageObject","inLanguage":"en-US","@id":"https:\/\/banneroftruth.org\/us\/#\/schema\/logo\/image\/","url":"https:\/\/banneroftruth.org\/us\/wp-content\/uploads\/sites\/2\/2023\/04\/Profile-Royal-Blue.png","contentUrl":"https:\/\/banneroftruth.org\/us\/wp-content\/uploads\/sites\/2\/2023\/04\/Profile-Royal-Blue.png","width":2048,"height":2048,"caption":"Banner of Truth USA"},"image":{"@id":"https:\/\/banneroftruth.org\/us\/#\/schema\/logo\/image\/"},"sameAs":["https:\/\/www.facebook.com\/TheBannerofTruth","https:\/\/x.com\/banneroftruth","https:\/\/www.instagram.com\/banneroftruth\/","https:\/\/www.pinterest.com\/banneroftruth\/","https:\/\/www.youtube.com\/banneroftruth"]}]},"product_price_amount":"8.10","product_price_currency":"USD","og_availability":"out of stock","product_availability":"out of stock","product_retailer_item_id":"9780851517841","product_condition":"new"},"_links":{"self":[{"href":"https:\/\/banneroftruth.org\/us\/wp-json\/wp\/v2\/product\/867","targetHints":{"allow":["GET"]}}],"collection":[{"href":"https:\/\/banneroftruth.org\/us\/wp-json\/wp\/v2\/product"}],"about":[{"href":"https:\/\/banneroftruth.org\/us\/wp-json\/wp\/v2\/types\/product"}],"replies":[{"embeddable":true,"href":"https:\/\/banneroftruth.org\/us\/wp-json\/wp\/v2\/comments?post=867"}],"wp:featuredmedia":[{"embeddable":true,"href":"https:\/\/banneroftruth.org\/us\/wp-json\/wp\/v2\/media\/9820"}],"wp:attachment":[{"href":"https:\/\/banneroftruth.org\/us\/wp-json\/wp\/v2\/media?parent=867"}],"wp:term":[{"taxonomy":"product_brand","embeddable":true,"href":"https:\/\/banneroftruth.org\/us\/wp-json\/wp\/v2\/product_brand?post=867"},{"taxonomy":"product_cat","embeddable":true,"href":"https:\/\/banneroftruth.org\/us\/wp-json\/wp\/v2\/product_cat?post=867"},{"taxonomy":"product_tag","embeddable":true,"href":"https:\/\/banneroftruth.org\/us\/wp-json\/wp\/v2\/product_tag?post=867"}],"curies":[{"name":"wp","href":"https:\/\/api.w.org\/{rel}","templated":true}]}}