{"id":881,"date":"2013-01-30T12:38:00","date_gmt":"2013-01-30T17:38:00","guid":{"rendered":"http:\/\/54.225.232.228\/us\/store\/uncategorized\/ministrar-como-el-maestro\/"},"modified":"2026-04-08T18:27:50","modified_gmt":"2026-04-08T23:27:50","slug":"ministrar-como-el-maestro","status":"publish","type":"product","link":"https:\/\/banneroftruth.org\/us\/store\/church-ministry\/ministrar-como-el-maestro\/","title":{"rendered":"Ministrar como el Maestro"},"content":{"rendered":"<h2>Book Description<\/h2>\n<p>\u00a1Cristo no fue un predicador aburrido! &#8216;\u00a1Qu\u00e9 maravilloso ser\u00eda- dice Stuart Olyott en la introducci\u00f3n de este libro \u2013 que los predicadores cristianos de todo el mundo estuvieran ministrando como su Maestro!&#8217;&#8230; Utilizando ejemplos de la predicaci\u00f3n de Cristo en los Evangelios, Olyott desaf\u00eda a los predicadores de hoy con tres elementos del ministerio de su Maestro. El estilo y el m\u00e9todo de Cristo no eran aburridos, sino emocionantes y absorbents. La predicaci\u00f3n de Cristo era evangel\u00edstica. El ministerio de Cristo era alogo m\u00e1s que solo predicar: su vida entera era ministerio. De una forma fresca, convincente y pr\u00e1ctica. Olyott aleja a los predicadores de algunos de los peligros y escollos que podrian obstaculizar su \u00e9xito. Al hacerlo, nos muestra lo esencial que es el ejemplo de Cristo para aquellos que buscan ministrar en su nombre hoy d\u00eda.<\/p>\n","protected":false},"excerpt":{"rendered":"<p>Book Description \u00a1Cristo no fue un predicador aburrido! &#8216;\u00a1Qu\u00e9 maravilloso ser\u00eda- dice Stuart Olyott en la introducci\u00f3n de este libro \u2013 que los predicadores cristianos de todo el mundo estuvieran ministrando como su Maestro!&#8217;&#8230; Utilizando ejemplos de la predicaci\u00f3n de Cristo en los Evangelios, Olyott desaf\u00eda a los predicadores de hoy con tres elementos del [&hellip;]<\/p>\n","protected":false},"featured_media":9804,"comment_status":"open","ping_status":"closed","template":"","meta":[],"product_brand":[],"product_cat":[1260],"product_tag":[6351],"class_list":{"0":"post-881","1":"product","2":"type-product","3":"status-publish","4":"has-post-thumbnail","6":"product_cat-church-ministry","7":"product_tag-pastoral-training","8":"pa_binding-paperback","9":"pa_class-sp","10":"pa_format-book","11":"pa_isbn-5084","12":"pa_language-spanish","13":"pa_original-pub-date-1561","14":"pa_page-count-2945","15":"pa_recent-pub-date-sep-1-2010","16":"pa_recent-pub-date-year-6166","17":"pa_short-isbn-4666","18":"pa_subtitle-ministering-like-the-master","19":"pa_theauthor-olyott-stuart","20":"pa_topic-church-leadership","21":"pa_topic-pastoral-theologypastoral-helps","22":"pa_topic-preaching-teaching","24":"first","25":"outofstock","26":"sale","27":"taxable","28":"shipping-taxable","29":"purchasable","30":"product-type-simple"},"bundled_by":[],"bundle_stock_status":"outofstock","bundle_stock_quantity":0,"bundle_virtual":false,"bundle_layout":"","bundle_add_to_cart_form_location":"","bundle_editable_in_cart":false,"bundle_sold_individually_context":"","bundle_item_grouping":"","bundle_min_size":"","bundle_max_size":"","bundle_price":[],"bundled_items":[],"bundle_sell_ids":[],"yoast_head":"<!-- This site is optimized with the Yoast SEO Premium plugin v27.3 (Yoast SEO v27.3) - https:\/\/yoast.com\/product\/yoast-seo-premium-wordpress\/ -->\n<title>Ministrar como el Maestro &#8211; Banner of Truth USA<\/title>\n<meta name=\"robots\" content=\"index, follow, max-snippet:-1, max-image-preview:large, max-video-preview:-1\" \/>\n<link rel=\"canonical\" href=\"https:\/\/banneroftruth.org\/us\/store\/church-ministry\/ministrar-como-el-maestro\/\" \/>\n<meta property=\"og:locale\" content=\"en_US\" \/>\n<meta property=\"og:type\" content=\"article\" \/>\n<meta property=\"og:title\" content=\"Ministrar como el Maestro &#8211; Banner of Truth USA\" \/>\n<meta property=\"og:description\" content=\"Book Description \u00a1Cristo no fue un predicador aburrido! &#8216;\u00a1Qu\u00e9 maravilloso ser\u00eda- dice Stuart Olyott en la introducci\u00f3n de este libro \u2013 que los predicadores cristianos de todo el mundo estuvieran ministrando como su Maestro!&#8217;&#8230; Utilizando ejemplos de la predicaci\u00f3n de Cristo en los Evangelios, Olyott desaf\u00eda a los predicadores de hoy con tres elementos del [&hellip;]\" \/>\n<meta property=\"og:url\" content=\"https:\/\/banneroftruth.org\/us\/store\/church-ministry\/ministrar-como-el-maestro\/\" \/>\n<meta property=\"og:site_name\" content=\"Banner of Truth USA\" \/>\n<meta property=\"article:publisher\" content=\"https:\/\/www.facebook.com\/TheBannerofTruth\" \/>\n<meta property=\"article:modified_time\" content=\"2026-04-08T23:27:50+00:00\" \/>\n<meta property=\"og:image\" content=\"https:\/\/banneroftruth.org\/us\/wp-content\/uploads\/sites\/2\/2013\/01\/MinistrarComoElMaestro_FINAL.jpg\" \/>\n\t<meta property=\"og:image:width\" content=\"1562\" \/>\n\t<meta property=\"og:image:height\" content=\"2519\" \/>\n\t<meta property=\"og:image:type\" content=\"image\/jpeg\" \/>\n<meta name=\"twitter:card\" content=\"summary_large_image\" \/>\n<meta name=\"twitter:site\" content=\"@banneroftruth\" \/>\n<meta name=\"twitter:label1\" content=\"Price\" \/>\n\t<meta name=\"twitter:data1\" content=\"&#036;8.10\" \/>\n\t<meta name=\"twitter:label2\" content=\"Availability\" \/>\n\t<meta name=\"twitter:data2\" content=\"Out of stock\" \/>\n<script type=\"application\/ld+json\" class=\"yoast-schema-graph\">{\"@context\":\"https:\\\/\\\/schema.org\",\"@graph\":[{\"@type\":\"WebPage\",\"@id\":\"https:\\\/\\\/banneroftruth.org\\\/us\\\/store\\\/church-ministry\\\/ministrar-como-el-maestro\\\/\",\"url\":\"https:\\\/\\\/banneroftruth.org\\\/us\\\/store\\\/church-ministry\\\/ministrar-como-el-maestro\\\/\",\"name\":\"Ministrar como el Maestro &#8211; Banner of Truth USA\",\"isPartOf\":{\"@id\":\"https:\\\/\\\/banneroftruth.org\\\/us\\\/#website\"},\"primaryImageOfPage\":{\"@id\":\"https:\\\/\\\/banneroftruth.org\\\/us\\\/store\\\/church-ministry\\\/ministrar-como-el-maestro\\\/#primaryimage\"},\"image\":{\"@id\":\"https:\\\/\\\/banneroftruth.org\\\/us\\\/store\\\/church-ministry\\\/ministrar-como-el-maestro\\\/#primaryimage\"},\"thumbnailUrl\":\"https:\\\/\\\/banneroftruth.org\\\/us\\\/wp-content\\\/uploads\\\/sites\\\/2\\\/2013\\\/01\\\/MinistrarComoElMaestro_FINAL.jpg\",\"datePublished\":\"2013-01-30T17:38:00+00:00\",\"dateModified\":\"2026-04-08T23:27:50+00:00\",\"breadcrumb\":{\"@id\":\"https:\\\/\\\/banneroftruth.org\\\/us\\\/store\\\/church-ministry\\\/ministrar-como-el-maestro\\\/#breadcrumb\"},\"inLanguage\":\"en-US\",\"potentialAction\":[{\"@type\":\"ReadAction\",\"target\":[\"https:\\\/\\\/banneroftruth.org\\\/us\\\/store\\\/church-ministry\\\/ministrar-como-el-maestro\\\/\"]}]},{\"@type\":\"ImageObject\",\"inLanguage\":\"en-US\",\"@id\":\"https:\\\/\\\/banneroftruth.org\\\/us\\\/store\\\/church-ministry\\\/ministrar-como-el-maestro\\\/#primaryimage\",\"url\":\"https:\\\/\\\/banneroftruth.org\\\/us\\\/wp-content\\\/uploads\\\/sites\\\/2\\\/2013\\\/01\\\/MinistrarComoElMaestro_FINAL.jpg\",\"contentUrl\":\"https:\\\/\\\/banneroftruth.org\\\/us\\\/wp-content\\\/uploads\\\/sites\\\/2\\\/2013\\\/01\\\/MinistrarComoElMaestro_FINAL.jpg\",\"width\":1562,\"height\":2519},{\"@type\":\"BreadcrumbList\",\"@id\":\"https:\\\/\\\/banneroftruth.org\\\/us\\\/store\\\/church-ministry\\\/ministrar-como-el-maestro\\\/#breadcrumb\",\"itemListElement\":[{\"@type\":\"ListItem\",\"position\":1,\"name\":\"Home\",\"item\":\"https:\\\/\\\/banneroftruth.org\\\/us\\\/\"},{\"@type\":\"ListItem\",\"position\":2,\"name\":\"Store\",\"item\":\"https:\\\/\\\/banneroftruth.org\\\/us\\\/store\\\/\"},{\"@type\":\"ListItem\",\"position\":3,\"name\":\"Ministrar como el Maestro\"}]},{\"@type\":\"WebSite\",\"@id\":\"https:\\\/\\\/banneroftruth.org\\\/us\\\/#website\",\"url\":\"https:\\\/\\\/banneroftruth.org\\\/us\\\/\",\"name\":\"Banner of Truth USA\",\"description\":\"Christian Publisher of Reformed &amp; Puritan Books\",\"publisher\":{\"@id\":\"https:\\\/\\\/banneroftruth.org\\\/us\\\/#organization\"},\"potentialAction\":[{\"@type\":\"SearchAction\",\"target\":{\"@type\":\"EntryPoint\",\"urlTemplate\":\"https:\\\/\\\/banneroftruth.org\\\/us\\\/?s={search_term_string}\"},\"query-input\":{\"@type\":\"PropertyValueSpecification\",\"valueRequired\":true,\"valueName\":\"search_term_string\"}}],\"inLanguage\":\"en-US\"},{\"@type\":\"Organization\",\"@id\":\"https:\\\/\\\/banneroftruth.org\\\/us\\\/#organization\",\"name\":\"Banner of Truth USA\",\"url\":\"https:\\\/\\\/banneroftruth.org\\\/us\\\/\",\"logo\":{\"@type\":\"ImageObject\",\"inLanguage\":\"en-US\",\"@id\":\"https:\\\/\\\/banneroftruth.org\\\/us\\\/#\\\/schema\\\/logo\\\/image\\\/\",\"url\":\"https:\\\/\\\/banneroftruth.org\\\/us\\\/wp-content\\\/uploads\\\/sites\\\/2\\\/2023\\\/04\\\/Profile-Royal-Blue.png\",\"contentUrl\":\"https:\\\/\\\/banneroftruth.org\\\/us\\\/wp-content\\\/uploads\\\/sites\\\/2\\\/2023\\\/04\\\/Profile-Royal-Blue.png\",\"width\":2048,\"height\":2048,\"caption\":\"Banner of Truth USA\"},\"image\":{\"@id\":\"https:\\\/\\\/banneroftruth.org\\\/us\\\/#\\\/schema\\\/logo\\\/image\\\/\"},\"sameAs\":[\"https:\\\/\\\/www.facebook.com\\\/TheBannerofTruth\",\"https:\\\/\\\/x.com\\\/banneroftruth\",\"https:\\\/\\\/www.instagram.com\\\/banneroftruth\\\/\",\"https:\\\/\\\/www.pinterest.com\\\/banneroftruth\\\/\",\"https:\\\/\\\/www.youtube.com\\\/banneroftruth\"]}]}<\/script>\n<meta property=\"product:price:amount\" content=\"8.10\" \/>\n<meta property=\"product:price:currency\" content=\"USD\" \/>\n<meta property=\"og:availability\" content=\"out of stock\" \/>\n<meta property=\"product:availability\" content=\"out of stock\" \/>\n<meta property=\"product:retailer_item_id\" content=\"9781848710764\" \/>\n<meta property=\"product:condition\" content=\"new\" \/>\n<!-- \/ Yoast SEO Premium plugin. -->","yoast_head_json":{"title":"Ministrar como el Maestro &#8211; Banner of Truth USA","robots":{"index":"index","follow":"follow","max-snippet":"max-snippet:-1","max-image-preview":"max-image-preview:large","max-video-preview":"max-video-preview:-1"},"canonical":"https:\/\/banneroftruth.org\/us\/store\/church-ministry\/ministrar-como-el-maestro\/","og_locale":"en_US","og_type":"article","og_title":"Ministrar como el Maestro &#8211; Banner of Truth USA","og_description":"Book Description \u00a1Cristo no fue un predicador aburrido! &#8216;\u00a1Qu\u00e9 maravilloso ser\u00eda- dice Stuart Olyott en la introducci\u00f3n de este libro \u2013 que los predicadores cristianos de todo el mundo estuvieran ministrando como su Maestro!&#8217;&#8230; Utilizando ejemplos de la predicaci\u00f3n de Cristo en los Evangelios, Olyott desaf\u00eda a los predicadores de hoy con tres elementos del [&hellip;]","og_url":"https:\/\/banneroftruth.org\/us\/store\/church-ministry\/ministrar-como-el-maestro\/","og_site_name":"Banner of Truth USA","article_publisher":"https:\/\/www.facebook.com\/TheBannerofTruth","article_modified_time":"2026-04-08T23:27:50+00:00","og_image":[{"width":1562,"height":2519,"url":"https:\/\/banneroftruth.org\/us\/wp-content\/uploads\/sites\/2\/2013\/01\/MinistrarComoElMaestro_FINAL.jpg","type":"image\/jpeg"}],"twitter_card":"summary_large_image","twitter_site":"@banneroftruth","twitter_misc":{"Price":"&#36;8.10","Availability":"Out of stock"},"schema":{"@context":"https:\/\/schema.org","@graph":[{"@type":"WebPage","@id":"https:\/\/banneroftruth.org\/us\/store\/church-ministry\/ministrar-como-el-maestro\/","url":"https:\/\/banneroftruth.org\/us\/store\/church-ministry\/ministrar-como-el-maestro\/","name":"Ministrar como el Maestro &#8211; Banner of Truth USA","isPartOf":{"@id":"https:\/\/banneroftruth.org\/us\/#website"},"primaryImageOfPage":{"@id":"https:\/\/banneroftruth.org\/us\/store\/church-ministry\/ministrar-como-el-maestro\/#primaryimage"},"image":{"@id":"https:\/\/banneroftruth.org\/us\/store\/church-ministry\/ministrar-como-el-maestro\/#primaryimage"},"thumbnailUrl":"https:\/\/banneroftruth.org\/us\/wp-content\/uploads\/sites\/2\/2013\/01\/MinistrarComoElMaestro_FINAL.jpg","datePublished":"2013-01-30T17:38:00+00:00","dateModified":"2026-04-08T23:27:50+00:00","breadcrumb":{"@id":"https:\/\/banneroftruth.org\/us\/store\/church-ministry\/ministrar-como-el-maestro\/#breadcrumb"},"inLanguage":"en-US","potentialAction":[{"@type":"ReadAction","target":["https:\/\/banneroftruth.org\/us\/store\/church-ministry\/ministrar-como-el-maestro\/"]}]},{"@type":"ImageObject","inLanguage":"en-US","@id":"https:\/\/banneroftruth.org\/us\/store\/church-ministry\/ministrar-como-el-maestro\/#primaryimage","url":"https:\/\/banneroftruth.org\/us\/wp-content\/uploads\/sites\/2\/2013\/01\/MinistrarComoElMaestro_FINAL.jpg","contentUrl":"https:\/\/banneroftruth.org\/us\/wp-content\/uploads\/sites\/2\/2013\/01\/MinistrarComoElMaestro_FINAL.jpg","width":1562,"height":2519},{"@type":"BreadcrumbList","@id":"https:\/\/banneroftruth.org\/us\/store\/church-ministry\/ministrar-como-el-maestro\/#breadcrumb","itemListElement":[{"@type":"ListItem","position":1,"name":"Home","item":"https:\/\/banneroftruth.org\/us\/"},{"@type":"ListItem","position":2,"name":"Store","item":"https:\/\/banneroftruth.org\/us\/store\/"},{"@type":"ListItem","position":3,"name":"Ministrar como el Maestro"}]},{"@type":"WebSite","@id":"https:\/\/banneroftruth.org\/us\/#website","url":"https:\/\/banneroftruth.org\/us\/","name":"Banner of Truth USA","description":"Christian Publisher of Reformed &amp; Puritan Books","publisher":{"@id":"https:\/\/banneroftruth.org\/us\/#organization"},"potentialAction":[{"@type":"SearchAction","target":{"@type":"EntryPoint","urlTemplate":"https:\/\/banneroftruth.org\/us\/?s={search_term_string}"},"query-input":{"@type":"PropertyValueSpecification","valueRequired":true,"valueName":"search_term_string"}}],"inLanguage":"en-US"},{"@type":"Organization","@id":"https:\/\/banneroftruth.org\/us\/#organization","name":"Banner of Truth USA","url":"https:\/\/banneroftruth.org\/us\/","logo":{"@type":"ImageObject","inLanguage":"en-US","@id":"https:\/\/banneroftruth.org\/us\/#\/schema\/logo\/image\/","url":"https:\/\/banneroftruth.org\/us\/wp-content\/uploads\/sites\/2\/2023\/04\/Profile-Royal-Blue.png","contentUrl":"https:\/\/banneroftruth.org\/us\/wp-content\/uploads\/sites\/2\/2023\/04\/Profile-Royal-Blue.png","width":2048,"height":2048,"caption":"Banner of Truth USA"},"image":{"@id":"https:\/\/banneroftruth.org\/us\/#\/schema\/logo\/image\/"},"sameAs":["https:\/\/www.facebook.com\/TheBannerofTruth","https:\/\/x.com\/banneroftruth","https:\/\/www.instagram.com\/banneroftruth\/","https:\/\/www.pinterest.com\/banneroftruth\/","https:\/\/www.youtube.com\/banneroftruth"]}]},"product_price_amount":"8.10","product_price_currency":"USD","og_availability":"out of stock","product_availability":"out of stock","product_retailer_item_id":"9781848710764","product_condition":"new"},"_links":{"self":[{"href":"https:\/\/banneroftruth.org\/us\/wp-json\/wp\/v2\/product\/881","targetHints":{"allow":["GET"]}}],"collection":[{"href":"https:\/\/banneroftruth.org\/us\/wp-json\/wp\/v2\/product"}],"about":[{"href":"https:\/\/banneroftruth.org\/us\/wp-json\/wp\/v2\/types\/product"}],"replies":[{"embeddable":true,"href":"https:\/\/banneroftruth.org\/us\/wp-json\/wp\/v2\/comments?post=881"}],"wp:featuredmedia":[{"embeddable":true,"href":"https:\/\/banneroftruth.org\/us\/wp-json\/wp\/v2\/media\/9804"}],"wp:attachment":[{"href":"https:\/\/banneroftruth.org\/us\/wp-json\/wp\/v2\/media?parent=881"}],"wp:term":[{"taxonomy":"product_brand","embeddable":true,"href":"https:\/\/banneroftruth.org\/us\/wp-json\/wp\/v2\/product_brand?post=881"},{"taxonomy":"product_cat","embeddable":true,"href":"https:\/\/banneroftruth.org\/us\/wp-json\/wp\/v2\/product_cat?post=881"},{"taxonomy":"product_tag","embeddable":true,"href":"https:\/\/banneroftruth.org\/us\/wp-json\/wp\/v2\/product_tag?post=881"}],"curies":[{"name":"wp","href":"https:\/\/api.w.org\/{rel}","templated":true}]}}