{"id":885,"date":"2013-01-30T12:38:00","date_gmt":"2013-01-30T17:38:00","guid":{"rendered":"http:\/\/54.225.232.228\/us\/store\/uncategorized\/ruina-y-remedio\/"},"modified":"2026-04-07T03:42:53","modified_gmt":"2026-04-07T08:42:53","slug":"ruina-y-remedio","status":"publish","type":"product","link":"https:\/\/banneroftruth.org\/us\/store\/sermons-and-expositions\/ruina-y-remedio\/","title":{"rendered":"Ruina y Remedio"},"content":{"rendered":"<h2>Book Description<\/h2>\n<p>Este librito contiene un poderoso mensaje predicado por Spurgeon en Londres en noviembre de 1859, a\u00f1o en que tuvo lugar un gran avivamiento en aquella ciudad. Bas\u00e1ndose en N\u00fameros 21:8, este famoso predicador divide su exposici\u00f3n en dos partes. En la primera, muestra claramente al no creyente el estado de perdici\u00f3n en el que se encuentra, y lo hace en t\u00e9rminos de la culpa del pecado, la sentencia condenatoria que pesa sobre el pecador, su impotencia para salvarse a s\u00ed mismo y (lo que es peor a\u00fan) su falta de disposici\u00f3n para hacerio. En la segunda, por contraste, expone de forma admirable y persuasiva el remedio provisto por Cristo y que se nos anuncia en el Evangelio.<\/p>\n","protected":false},"excerpt":{"rendered":"<p>Book Description Este librito contiene un poderoso mensaje predicado por Spurgeon en Londres en noviembre de 1859, a\u00f1o en que tuvo lugar un gran avivamiento en aquella ciudad. Bas\u00e1ndose en N\u00fameros 21:8, este famoso predicador divide su exposici\u00f3n en dos partes. En la primera, muestra claramente al no creyente el estado de perdici\u00f3n en el [&hellip;]<\/p>\n","protected":false},"featured_media":9807,"comment_status":"open","ping_status":"closed","template":"","meta":[],"product_brand":[],"product_cat":[1228],"product_tag":[],"class_list":{"0":"post-885","1":"product","2":"type-product","3":"status-publish","4":"has-post-thumbnail","6":"product_cat-sermons-and-expositions","7":"pa_binding-booklet","8":"pa_class-sp","9":"pa_format-booklet","10":"pa_isbn-5118","11":"pa_language-spanish","12":"pa_original-pub-date-3547","13":"pa_page-count-1265","14":"pa_recent-pub-date-jul-1-2009","15":"pa_recent-pub-date-year-6161","16":"pa_scripture-numbers","17":"pa_short-isbn-4679","18":"pa_subtitle-ruin-and-remedy","19":"pa_theauthor-spurgeon-charles-haddon","20":"pa_topic-coversion","21":"pa_topic-salvation","23":"first","24":"instock","25":"sale","26":"taxable","27":"shipping-taxable","28":"purchasable","29":"product-type-simple"},"bundled_by":[],"bundle_stock_status":"instock","bundle_stock_quantity":227,"bundle_virtual":false,"bundle_layout":"","bundle_add_to_cart_form_location":"","bundle_editable_in_cart":false,"bundle_sold_individually_context":"","bundle_item_grouping":"","bundle_min_size":"","bundle_max_size":"","bundle_price":[],"bundled_items":[],"bundle_sell_ids":[],"yoast_head":"<!-- This site is optimized with the Yoast SEO Premium plugin v27.3 (Yoast SEO v27.3) - https:\/\/yoast.com\/product\/yoast-seo-premium-wordpress\/ -->\n<title>Ruina y Remedio &#8211; Banner of Truth USA<\/title>\n<meta name=\"robots\" content=\"index, follow, max-snippet:-1, max-image-preview:large, max-video-preview:-1\" \/>\n<link rel=\"canonical\" href=\"https:\/\/banneroftruth.org\/us\/store\/sermons-and-expositions\/ruina-y-remedio\/\" \/>\n<meta property=\"og:locale\" content=\"en_US\" \/>\n<meta property=\"og:type\" content=\"article\" \/>\n<meta property=\"og:title\" content=\"Ruina y Remedio &#8211; Banner of Truth USA\" \/>\n<meta property=\"og:description\" content=\"Book Description Este librito contiene un poderoso mensaje predicado por Spurgeon en Londres en noviembre de 1859, a\u00f1o en que tuvo lugar un gran avivamiento en aquella ciudad. Bas\u00e1ndose en N\u00fameros 21:8, este famoso predicador divide su exposici\u00f3n en dos partes. En la primera, muestra claramente al no creyente el estado de perdici\u00f3n en el [&hellip;]\" \/>\n<meta property=\"og:url\" content=\"https:\/\/banneroftruth.org\/us\/store\/sermons-and-expositions\/ruina-y-remedio\/\" \/>\n<meta property=\"og:site_name\" content=\"Banner of Truth USA\" \/>\n<meta property=\"article:publisher\" content=\"https:\/\/www.facebook.com\/TheBannerofTruth\" \/>\n<meta property=\"article:modified_time\" content=\"2026-04-07T08:42:53+00:00\" \/>\n<meta property=\"og:image\" content=\"https:\/\/banneroftruth.org\/us\/wp-content\/uploads\/sites\/2\/2013\/01\/RuinaYRemedio_FINAL.jpg\" \/>\n\t<meta property=\"og:image:width\" content=\"1496\" \/>\n\t<meta property=\"og:image:height\" content=\"2528\" \/>\n\t<meta property=\"og:image:type\" content=\"image\/jpeg\" \/>\n<meta name=\"twitter:card\" content=\"summary_large_image\" \/>\n<meta name=\"twitter:site\" content=\"@banneroftruth\" \/>\n<meta name=\"twitter:label1\" content=\"Price\" \/>\n\t<meta name=\"twitter:data1\" content=\"&#036;2.70\" \/>\n\t<meta name=\"twitter:label2\" content=\"Availability\" \/>\n\t<meta name=\"twitter:data2\" content=\"In stock\" \/>\n<script type=\"application\/ld+json\" class=\"yoast-schema-graph\">{\"@context\":\"https:\\\/\\\/schema.org\",\"@graph\":[{\"@type\":\"WebPage\",\"@id\":\"https:\\\/\\\/banneroftruth.org\\\/us\\\/store\\\/sermons-and-expositions\\\/ruina-y-remedio\\\/\",\"url\":\"https:\\\/\\\/banneroftruth.org\\\/us\\\/store\\\/sermons-and-expositions\\\/ruina-y-remedio\\\/\",\"name\":\"Ruina y Remedio &#8211; Banner of Truth USA\",\"isPartOf\":{\"@id\":\"https:\\\/\\\/banneroftruth.org\\\/us\\\/#website\"},\"primaryImageOfPage\":{\"@id\":\"https:\\\/\\\/banneroftruth.org\\\/us\\\/store\\\/sermons-and-expositions\\\/ruina-y-remedio\\\/#primaryimage\"},\"image\":{\"@id\":\"https:\\\/\\\/banneroftruth.org\\\/us\\\/store\\\/sermons-and-expositions\\\/ruina-y-remedio\\\/#primaryimage\"},\"thumbnailUrl\":\"https:\\\/\\\/banneroftruth.org\\\/us\\\/wp-content\\\/uploads\\\/sites\\\/2\\\/2013\\\/01\\\/RuinaYRemedio_FINAL.jpg\",\"datePublished\":\"2013-01-30T17:38:00+00:00\",\"dateModified\":\"2026-04-07T08:42:53+00:00\",\"breadcrumb\":{\"@id\":\"https:\\\/\\\/banneroftruth.org\\\/us\\\/store\\\/sermons-and-expositions\\\/ruina-y-remedio\\\/#breadcrumb\"},\"inLanguage\":\"en-US\",\"potentialAction\":[{\"@type\":\"ReadAction\",\"target\":[\"https:\\\/\\\/banneroftruth.org\\\/us\\\/store\\\/sermons-and-expositions\\\/ruina-y-remedio\\\/\"]}]},{\"@type\":\"ImageObject\",\"inLanguage\":\"en-US\",\"@id\":\"https:\\\/\\\/banneroftruth.org\\\/us\\\/store\\\/sermons-and-expositions\\\/ruina-y-remedio\\\/#primaryimage\",\"url\":\"https:\\\/\\\/banneroftruth.org\\\/us\\\/wp-content\\\/uploads\\\/sites\\\/2\\\/2013\\\/01\\\/RuinaYRemedio_FINAL.jpg\",\"contentUrl\":\"https:\\\/\\\/banneroftruth.org\\\/us\\\/wp-content\\\/uploads\\\/sites\\\/2\\\/2013\\\/01\\\/RuinaYRemedio_FINAL.jpg\",\"width\":1496,\"height\":2528},{\"@type\":\"BreadcrumbList\",\"@id\":\"https:\\\/\\\/banneroftruth.org\\\/us\\\/store\\\/sermons-and-expositions\\\/ruina-y-remedio\\\/#breadcrumb\",\"itemListElement\":[{\"@type\":\"ListItem\",\"position\":1,\"name\":\"Home\",\"item\":\"https:\\\/\\\/banneroftruth.org\\\/us\\\/\"},{\"@type\":\"ListItem\",\"position\":2,\"name\":\"Store\",\"item\":\"https:\\\/\\\/banneroftruth.org\\\/us\\\/store\\\/\"},{\"@type\":\"ListItem\",\"position\":3,\"name\":\"Ruina y Remedio\"}]},{\"@type\":\"WebSite\",\"@id\":\"https:\\\/\\\/banneroftruth.org\\\/us\\\/#website\",\"url\":\"https:\\\/\\\/banneroftruth.org\\\/us\\\/\",\"name\":\"Banner of Truth USA\",\"description\":\"Christian Publisher of Reformed &amp; Puritan Books\",\"publisher\":{\"@id\":\"https:\\\/\\\/banneroftruth.org\\\/us\\\/#organization\"},\"potentialAction\":[{\"@type\":\"SearchAction\",\"target\":{\"@type\":\"EntryPoint\",\"urlTemplate\":\"https:\\\/\\\/banneroftruth.org\\\/us\\\/?s={search_term_string}\"},\"query-input\":{\"@type\":\"PropertyValueSpecification\",\"valueRequired\":true,\"valueName\":\"search_term_string\"}}],\"inLanguage\":\"en-US\"},{\"@type\":\"Organization\",\"@id\":\"https:\\\/\\\/banneroftruth.org\\\/us\\\/#organization\",\"name\":\"Banner of Truth USA\",\"url\":\"https:\\\/\\\/banneroftruth.org\\\/us\\\/\",\"logo\":{\"@type\":\"ImageObject\",\"inLanguage\":\"en-US\",\"@id\":\"https:\\\/\\\/banneroftruth.org\\\/us\\\/#\\\/schema\\\/logo\\\/image\\\/\",\"url\":\"https:\\\/\\\/banneroftruth.org\\\/us\\\/wp-content\\\/uploads\\\/sites\\\/2\\\/2023\\\/04\\\/Profile-Royal-Blue.png\",\"contentUrl\":\"https:\\\/\\\/banneroftruth.org\\\/us\\\/wp-content\\\/uploads\\\/sites\\\/2\\\/2023\\\/04\\\/Profile-Royal-Blue.png\",\"width\":2048,\"height\":2048,\"caption\":\"Banner of Truth USA\"},\"image\":{\"@id\":\"https:\\\/\\\/banneroftruth.org\\\/us\\\/#\\\/schema\\\/logo\\\/image\\\/\"},\"sameAs\":[\"https:\\\/\\\/www.facebook.com\\\/TheBannerofTruth\",\"https:\\\/\\\/x.com\\\/banneroftruth\",\"https:\\\/\\\/www.instagram.com\\\/banneroftruth\\\/\",\"https:\\\/\\\/www.pinterest.com\\\/banneroftruth\\\/\",\"https:\\\/\\\/www.youtube.com\\\/banneroftruth\"]}]}<\/script>\n<meta property=\"product:price:amount\" content=\"2.70\" \/>\n<meta property=\"product:price:currency\" content=\"USD\" \/>\n<meta property=\"og:availability\" content=\"instock\" \/>\n<meta property=\"product:availability\" content=\"instock\" \/>\n<meta property=\"product:retailer_item_id\" content=\"9781848710023\" \/>\n<meta property=\"product:condition\" content=\"new\" \/>\n<!-- \/ Yoast SEO Premium plugin. -->","yoast_head_json":{"title":"Ruina y Remedio &#8211; Banner of Truth USA","robots":{"index":"index","follow":"follow","max-snippet":"max-snippet:-1","max-image-preview":"max-image-preview:large","max-video-preview":"max-video-preview:-1"},"canonical":"https:\/\/banneroftruth.org\/us\/store\/sermons-and-expositions\/ruina-y-remedio\/","og_locale":"en_US","og_type":"article","og_title":"Ruina y Remedio &#8211; Banner of Truth USA","og_description":"Book Description Este librito contiene un poderoso mensaje predicado por Spurgeon en Londres en noviembre de 1859, a\u00f1o en que tuvo lugar un gran avivamiento en aquella ciudad. Bas\u00e1ndose en N\u00fameros 21:8, este famoso predicador divide su exposici\u00f3n en dos partes. En la primera, muestra claramente al no creyente el estado de perdici\u00f3n en el [&hellip;]","og_url":"https:\/\/banneroftruth.org\/us\/store\/sermons-and-expositions\/ruina-y-remedio\/","og_site_name":"Banner of Truth USA","article_publisher":"https:\/\/www.facebook.com\/TheBannerofTruth","article_modified_time":"2026-04-07T08:42:53+00:00","og_image":[{"width":1496,"height":2528,"url":"https:\/\/banneroftruth.org\/us\/wp-content\/uploads\/sites\/2\/2013\/01\/RuinaYRemedio_FINAL.jpg","type":"image\/jpeg"}],"twitter_card":"summary_large_image","twitter_site":"@banneroftruth","twitter_misc":{"Price":"&#36;2.70","Availability":"In stock"},"schema":{"@context":"https:\/\/schema.org","@graph":[{"@type":"WebPage","@id":"https:\/\/banneroftruth.org\/us\/store\/sermons-and-expositions\/ruina-y-remedio\/","url":"https:\/\/banneroftruth.org\/us\/store\/sermons-and-expositions\/ruina-y-remedio\/","name":"Ruina y Remedio &#8211; Banner of Truth USA","isPartOf":{"@id":"https:\/\/banneroftruth.org\/us\/#website"},"primaryImageOfPage":{"@id":"https:\/\/banneroftruth.org\/us\/store\/sermons-and-expositions\/ruina-y-remedio\/#primaryimage"},"image":{"@id":"https:\/\/banneroftruth.org\/us\/store\/sermons-and-expositions\/ruina-y-remedio\/#primaryimage"},"thumbnailUrl":"https:\/\/banneroftruth.org\/us\/wp-content\/uploads\/sites\/2\/2013\/01\/RuinaYRemedio_FINAL.jpg","datePublished":"2013-01-30T17:38:00+00:00","dateModified":"2026-04-07T08:42:53+00:00","breadcrumb":{"@id":"https:\/\/banneroftruth.org\/us\/store\/sermons-and-expositions\/ruina-y-remedio\/#breadcrumb"},"inLanguage":"en-US","potentialAction":[{"@type":"ReadAction","target":["https:\/\/banneroftruth.org\/us\/store\/sermons-and-expositions\/ruina-y-remedio\/"]}]},{"@type":"ImageObject","inLanguage":"en-US","@id":"https:\/\/banneroftruth.org\/us\/store\/sermons-and-expositions\/ruina-y-remedio\/#primaryimage","url":"https:\/\/banneroftruth.org\/us\/wp-content\/uploads\/sites\/2\/2013\/01\/RuinaYRemedio_FINAL.jpg","contentUrl":"https:\/\/banneroftruth.org\/us\/wp-content\/uploads\/sites\/2\/2013\/01\/RuinaYRemedio_FINAL.jpg","width":1496,"height":2528},{"@type":"BreadcrumbList","@id":"https:\/\/banneroftruth.org\/us\/store\/sermons-and-expositions\/ruina-y-remedio\/#breadcrumb","itemListElement":[{"@type":"ListItem","position":1,"name":"Home","item":"https:\/\/banneroftruth.org\/us\/"},{"@type":"ListItem","position":2,"name":"Store","item":"https:\/\/banneroftruth.org\/us\/store\/"},{"@type":"ListItem","position":3,"name":"Ruina y Remedio"}]},{"@type":"WebSite","@id":"https:\/\/banneroftruth.org\/us\/#website","url":"https:\/\/banneroftruth.org\/us\/","name":"Banner of Truth USA","description":"Christian Publisher of Reformed &amp; Puritan Books","publisher":{"@id":"https:\/\/banneroftruth.org\/us\/#organization"},"potentialAction":[{"@type":"SearchAction","target":{"@type":"EntryPoint","urlTemplate":"https:\/\/banneroftruth.org\/us\/?s={search_term_string}"},"query-input":{"@type":"PropertyValueSpecification","valueRequired":true,"valueName":"search_term_string"}}],"inLanguage":"en-US"},{"@type":"Organization","@id":"https:\/\/banneroftruth.org\/us\/#organization","name":"Banner of Truth USA","url":"https:\/\/banneroftruth.org\/us\/","logo":{"@type":"ImageObject","inLanguage":"en-US","@id":"https:\/\/banneroftruth.org\/us\/#\/schema\/logo\/image\/","url":"https:\/\/banneroftruth.org\/us\/wp-content\/uploads\/sites\/2\/2023\/04\/Profile-Royal-Blue.png","contentUrl":"https:\/\/banneroftruth.org\/us\/wp-content\/uploads\/sites\/2\/2023\/04\/Profile-Royal-Blue.png","width":2048,"height":2048,"caption":"Banner of Truth USA"},"image":{"@id":"https:\/\/banneroftruth.org\/us\/#\/schema\/logo\/image\/"},"sameAs":["https:\/\/www.facebook.com\/TheBannerofTruth","https:\/\/x.com\/banneroftruth","https:\/\/www.instagram.com\/banneroftruth\/","https:\/\/www.pinterest.com\/banneroftruth\/","https:\/\/www.youtube.com\/banneroftruth"]}]},"product_price_amount":"2.70","product_price_currency":"USD","og_availability":"instock","product_availability":"instock","product_retailer_item_id":"9781848710023","product_condition":"new"},"_links":{"self":[{"href":"https:\/\/banneroftruth.org\/us\/wp-json\/wp\/v2\/product\/885","targetHints":{"allow":["GET"]}}],"collection":[{"href":"https:\/\/banneroftruth.org\/us\/wp-json\/wp\/v2\/product"}],"about":[{"href":"https:\/\/banneroftruth.org\/us\/wp-json\/wp\/v2\/types\/product"}],"replies":[{"embeddable":true,"href":"https:\/\/banneroftruth.org\/us\/wp-json\/wp\/v2\/comments?post=885"}],"wp:featuredmedia":[{"embeddable":true,"href":"https:\/\/banneroftruth.org\/us\/wp-json\/wp\/v2\/media\/9807"}],"wp:attachment":[{"href":"https:\/\/banneroftruth.org\/us\/wp-json\/wp\/v2\/media?parent=885"}],"wp:term":[{"taxonomy":"product_brand","embeddable":true,"href":"https:\/\/banneroftruth.org\/us\/wp-json\/wp\/v2\/product_brand?post=885"},{"taxonomy":"product_cat","embeddable":true,"href":"https:\/\/banneroftruth.org\/us\/wp-json\/wp\/v2\/product_cat?post=885"},{"taxonomy":"product_tag","embeddable":true,"href":"https:\/\/banneroftruth.org\/us\/wp-json\/wp\/v2\/product_tag?post=885"}],"curies":[{"name":"wp","href":"https:\/\/api.w.org\/{rel}","templated":true}]}}