{"id":889,"date":"2013-01-30T17:39:00","date_gmt":"2013-01-30T17:39:00","guid":{"rendered":"http:\/\/54.225.232.228\/us\/store\/uncategorized\/sermones-del-ao-de-avivamiento\/"},"modified":"2026-04-07T04:57:38","modified_gmt":"2026-04-07T09:57:38","slug":"sermones-del-ao-de-avivamiento","status":"publish","type":"product","link":"https:\/\/banneroftruth.org\/us\/store\/sermons-and-expositions\/sermones-del-ao-de-avivamiento\/","title":{"rendered":"Sermones Del A\u00f1o De Avivamiento"},"content":{"rendered":"<h2>Book Description<\/h2>\n<p>Los sermones que se incluyen en este libro fueron todos predicados en el Surrey Music Hall (Londres, 1859) y son t\u00edpicos de los muchos que se predicaron all\u00ed. En ellos se encontrar\u00e1 la raz\u00f3n que explica el extraordinario \u00e9xito que en todo tiempo acompa\u00f1\u00f3 al ministerio de Spurgeon. \u00bfQu\u00e9 es lo que reun\u00eda y sosten\u00eda a una congregaci\u00f3n de 8000 almas? \u00bfPropanganda? \u00bf Cultos vistosos? \u00bfAcompa\u00f1amientos musicales? \u00bfConsejeros organizados? No; Spurgeon no ten\u00eda ninguna de estas cosas. Pero era el mismo Evangelio que se predica en la actualidad en todas partes, quiz\u00e1 pensar\u00e1 alguien. Ciertamente lo que \u00e9l predicaba era el Evangelio, pero en la evangelizaci\u00f3n que tan profusamente se estila en la actualidad, \u00bfencontramos el mismo Evangelio de Spurgeon? Que el lector de estos sermones &#8211; con toda seriedad &#8211; responda por s\u00ed mismo a esta pregunta.<\/p>\n","protected":false},"excerpt":{"rendered":"<p>Book Description Los sermones que se incluyen en este libro fueron todos predicados en el Surrey Music Hall (Londres, 1859) y son t\u00edpicos de los muchos que se predicaron all\u00ed. En ellos se encontrar\u00e1 la raz\u00f3n que explica el extraordinario \u00e9xito que en todo tiempo acompa\u00f1\u00f3 al ministerio de Spurgeon. \u00bfQu\u00e9 es lo que reun\u00eda [&hellip;]<\/p>\n","protected":false},"featured_media":9811,"comment_status":"closed","ping_status":"closed","template":"","meta":[],"product_brand":[],"product_cat":[1228],"product_tag":[],"class_list":{"0":"post-889","1":"product","2":"type-product","3":"status-publish","4":"has-post-thumbnail","6":"product_cat-sermons-and-expositions","7":"pa_binding-paperback","8":"pa_class-sp","9":"pa_format-book","10":"pa_isbn-5126","11":"pa_language-spanish","12":"pa_original-pub-date-3547","13":"pa_page-count-3017","14":"pa_recent-pub-date-dec-1-2008","15":"pa_recent-pub-date-year-6142","16":"pa_scripture-whole-bible","17":"pa_short-isbn-4691","18":"pa_subtitle-revival-year-sermons","19":"pa_theauthor-spurgeon-charles-haddon","20":"pa_topic-coversion","21":"pa_topic-revival-2","22":"pa_topic-salvation","24":"first","25":"instock","26":"sale","27":"taxable","28":"shipping-taxable","29":"purchasable","30":"product-type-simple"},"bundled_by":[],"bundle_stock_status":"instock","bundle_stock_quantity":24,"bundle_virtual":false,"bundle_layout":"","bundle_add_to_cart_form_location":"","bundle_editable_in_cart":false,"bundle_sold_individually_context":"","bundle_item_grouping":"","bundle_min_size":"","bundle_max_size":"","bundle_price":[],"bundled_items":[],"bundle_sell_ids":[],"yoast_head":"<!-- This site is optimized with the Yoast SEO Premium plugin v27.3 (Yoast SEO v27.3) - https:\/\/yoast.com\/product\/yoast-seo-premium-wordpress\/ -->\n<title>Sermones Del A\u00f1o De Avivamiento &#8211; Banner of Truth USA<\/title>\n<meta name=\"robots\" content=\"index, follow, max-snippet:-1, max-image-preview:large, max-video-preview:-1\" \/>\n<link rel=\"canonical\" href=\"https:\/\/banneroftruth.org\/us\/store\/sermons-and-expositions\/sermones-del-ao-de-avivamiento\/\" \/>\n<meta property=\"og:locale\" content=\"en_US\" \/>\n<meta property=\"og:type\" content=\"article\" \/>\n<meta property=\"og:title\" content=\"Sermones Del A\u00f1o De Avivamiento &#8211; Banner of Truth USA\" \/>\n<meta property=\"og:description\" content=\"Book Description Los sermones que se incluyen en este libro fueron todos predicados en el Surrey Music Hall (Londres, 1859) y son t\u00edpicos de los muchos que se predicaron all\u00ed. En ellos se encontrar\u00e1 la raz\u00f3n que explica el extraordinario \u00e9xito que en todo tiempo acompa\u00f1\u00f3 al ministerio de Spurgeon. \u00bfQu\u00e9 es lo que reun\u00eda [&hellip;]\" \/>\n<meta property=\"og:url\" content=\"https:\/\/banneroftruth.org\/us\/store\/sermons-and-expositions\/sermones-del-ao-de-avivamiento\/\" \/>\n<meta property=\"og:site_name\" content=\"Banner of Truth USA\" \/>\n<meta property=\"article:publisher\" content=\"https:\/\/www.facebook.com\/TheBannerofTruth\" \/>\n<meta property=\"article:modified_time\" content=\"2026-04-07T09:57:38+00:00\" \/>\n<meta property=\"og:image\" content=\"https:\/\/banneroftruth.org\/us\/wp-content\/uploads\/sites\/2\/2013\/01\/SermonesDelAnoAvivamiento_FINAL.jpg\" \/>\n\t<meta property=\"og:image:width\" content=\"1506\" \/>\n\t<meta property=\"og:image:height\" content=\"2471\" \/>\n\t<meta property=\"og:image:type\" content=\"image\/jpeg\" \/>\n<meta name=\"twitter:card\" content=\"summary_large_image\" \/>\n<meta name=\"twitter:site\" content=\"@banneroftruth\" \/>\n<meta name=\"twitter:label1\" content=\"Price\" \/>\n\t<meta name=\"twitter:data1\" content=\"&#036;5.40\" \/>\n\t<meta name=\"twitter:label2\" content=\"Availability\" \/>\n\t<meta name=\"twitter:data2\" content=\"In stock\" \/>\n<script type=\"application\/ld+json\" class=\"yoast-schema-graph\">{\"@context\":\"https:\\\/\\\/schema.org\",\"@graph\":[{\"@type\":\"WebPage\",\"@id\":\"https:\\\/\\\/banneroftruth.org\\\/us\\\/store\\\/sermons-and-expositions\\\/sermones-del-ao-de-avivamiento\\\/\",\"url\":\"https:\\\/\\\/banneroftruth.org\\\/us\\\/store\\\/sermons-and-expositions\\\/sermones-del-ao-de-avivamiento\\\/\",\"name\":\"Sermones Del A\u00f1o De Avivamiento &#8211; Banner of Truth USA\",\"isPartOf\":{\"@id\":\"https:\\\/\\\/banneroftruth.org\\\/us\\\/#website\"},\"primaryImageOfPage\":{\"@id\":\"https:\\\/\\\/banneroftruth.org\\\/us\\\/store\\\/sermons-and-expositions\\\/sermones-del-ao-de-avivamiento\\\/#primaryimage\"},\"image\":{\"@id\":\"https:\\\/\\\/banneroftruth.org\\\/us\\\/store\\\/sermons-and-expositions\\\/sermones-del-ao-de-avivamiento\\\/#primaryimage\"},\"thumbnailUrl\":\"https:\\\/\\\/banneroftruth.org\\\/us\\\/wp-content\\\/uploads\\\/sites\\\/2\\\/2013\\\/01\\\/SermonesDelAnoAvivamiento_FINAL.jpg\",\"datePublished\":\"2013-01-30T17:39:00+00:00\",\"dateModified\":\"2026-04-07T09:57:38+00:00\",\"breadcrumb\":{\"@id\":\"https:\\\/\\\/banneroftruth.org\\\/us\\\/store\\\/sermons-and-expositions\\\/sermones-del-ao-de-avivamiento\\\/#breadcrumb\"},\"inLanguage\":\"en-US\",\"potentialAction\":[{\"@type\":\"ReadAction\",\"target\":[\"https:\\\/\\\/banneroftruth.org\\\/us\\\/store\\\/sermons-and-expositions\\\/sermones-del-ao-de-avivamiento\\\/\"]}]},{\"@type\":\"ImageObject\",\"inLanguage\":\"en-US\",\"@id\":\"https:\\\/\\\/banneroftruth.org\\\/us\\\/store\\\/sermons-and-expositions\\\/sermones-del-ao-de-avivamiento\\\/#primaryimage\",\"url\":\"https:\\\/\\\/banneroftruth.org\\\/us\\\/wp-content\\\/uploads\\\/sites\\\/2\\\/2013\\\/01\\\/SermonesDelAnoAvivamiento_FINAL.jpg\",\"contentUrl\":\"https:\\\/\\\/banneroftruth.org\\\/us\\\/wp-content\\\/uploads\\\/sites\\\/2\\\/2013\\\/01\\\/SermonesDelAnoAvivamiento_FINAL.jpg\",\"width\":1506,\"height\":2471},{\"@type\":\"BreadcrumbList\",\"@id\":\"https:\\\/\\\/banneroftruth.org\\\/us\\\/store\\\/sermons-and-expositions\\\/sermones-del-ao-de-avivamiento\\\/#breadcrumb\",\"itemListElement\":[{\"@type\":\"ListItem\",\"position\":1,\"name\":\"Home\",\"item\":\"https:\\\/\\\/banneroftruth.org\\\/us\\\/\"},{\"@type\":\"ListItem\",\"position\":2,\"name\":\"Store\",\"item\":\"https:\\\/\\\/banneroftruth.org\\\/us\\\/store\\\/\"},{\"@type\":\"ListItem\",\"position\":3,\"name\":\"Sermones Del A\u00f1o De Avivamiento\"}]},{\"@type\":\"WebSite\",\"@id\":\"https:\\\/\\\/banneroftruth.org\\\/us\\\/#website\",\"url\":\"https:\\\/\\\/banneroftruth.org\\\/us\\\/\",\"name\":\"Banner of Truth USA\",\"description\":\"Christian Publisher of Reformed &amp; Puritan Books\",\"publisher\":{\"@id\":\"https:\\\/\\\/banneroftruth.org\\\/us\\\/#organization\"},\"potentialAction\":[{\"@type\":\"SearchAction\",\"target\":{\"@type\":\"EntryPoint\",\"urlTemplate\":\"https:\\\/\\\/banneroftruth.org\\\/us\\\/?s={search_term_string}\"},\"query-input\":{\"@type\":\"PropertyValueSpecification\",\"valueRequired\":true,\"valueName\":\"search_term_string\"}}],\"inLanguage\":\"en-US\"},{\"@type\":\"Organization\",\"@id\":\"https:\\\/\\\/banneroftruth.org\\\/us\\\/#organization\",\"name\":\"Banner of Truth USA\",\"url\":\"https:\\\/\\\/banneroftruth.org\\\/us\\\/\",\"logo\":{\"@type\":\"ImageObject\",\"inLanguage\":\"en-US\",\"@id\":\"https:\\\/\\\/banneroftruth.org\\\/us\\\/#\\\/schema\\\/logo\\\/image\\\/\",\"url\":\"https:\\\/\\\/banneroftruth.org\\\/us\\\/wp-content\\\/uploads\\\/sites\\\/2\\\/2023\\\/04\\\/Profile-Royal-Blue.png\",\"contentUrl\":\"https:\\\/\\\/banneroftruth.org\\\/us\\\/wp-content\\\/uploads\\\/sites\\\/2\\\/2023\\\/04\\\/Profile-Royal-Blue.png\",\"width\":2048,\"height\":2048,\"caption\":\"Banner of Truth USA\"},\"image\":{\"@id\":\"https:\\\/\\\/banneroftruth.org\\\/us\\\/#\\\/schema\\\/logo\\\/image\\\/\"},\"sameAs\":[\"https:\\\/\\\/www.facebook.com\\\/TheBannerofTruth\",\"https:\\\/\\\/x.com\\\/banneroftruth\",\"https:\\\/\\\/www.instagram.com\\\/banneroftruth\\\/\",\"https:\\\/\\\/www.pinterest.com\\\/banneroftruth\\\/\",\"https:\\\/\\\/www.youtube.com\\\/banneroftruth\"]}]}<\/script>\n<meta property=\"product:price:amount\" content=\"5.40\" \/>\n<meta property=\"product:price:currency\" content=\"USD\" \/>\n<meta property=\"og:availability\" content=\"instock\" \/>\n<meta property=\"product:availability\" content=\"instock\" \/>\n<meta property=\"product:retailer_item_id\" content=\"9780851517117\" \/>\n<meta property=\"product:condition\" content=\"new\" \/>\n<!-- \/ Yoast SEO Premium plugin. -->","yoast_head_json":{"title":"Sermones Del A\u00f1o De Avivamiento &#8211; Banner of Truth USA","robots":{"index":"index","follow":"follow","max-snippet":"max-snippet:-1","max-image-preview":"max-image-preview:large","max-video-preview":"max-video-preview:-1"},"canonical":"https:\/\/banneroftruth.org\/us\/store\/sermons-and-expositions\/sermones-del-ao-de-avivamiento\/","og_locale":"en_US","og_type":"article","og_title":"Sermones Del A\u00f1o De Avivamiento &#8211; Banner of Truth USA","og_description":"Book Description Los sermones que se incluyen en este libro fueron todos predicados en el Surrey Music Hall (Londres, 1859) y son t\u00edpicos de los muchos que se predicaron all\u00ed. En ellos se encontrar\u00e1 la raz\u00f3n que explica el extraordinario \u00e9xito que en todo tiempo acompa\u00f1\u00f3 al ministerio de Spurgeon. \u00bfQu\u00e9 es lo que reun\u00eda [&hellip;]","og_url":"https:\/\/banneroftruth.org\/us\/store\/sermons-and-expositions\/sermones-del-ao-de-avivamiento\/","og_site_name":"Banner of Truth USA","article_publisher":"https:\/\/www.facebook.com\/TheBannerofTruth","article_modified_time":"2026-04-07T09:57:38+00:00","og_image":[{"width":1506,"height":2471,"url":"https:\/\/banneroftruth.org\/us\/wp-content\/uploads\/sites\/2\/2013\/01\/SermonesDelAnoAvivamiento_FINAL.jpg","type":"image\/jpeg"}],"twitter_card":"summary_large_image","twitter_site":"@banneroftruth","twitter_misc":{"Price":"&#36;5.40","Availability":"In stock"},"schema":{"@context":"https:\/\/schema.org","@graph":[{"@type":"WebPage","@id":"https:\/\/banneroftruth.org\/us\/store\/sermons-and-expositions\/sermones-del-ao-de-avivamiento\/","url":"https:\/\/banneroftruth.org\/us\/store\/sermons-and-expositions\/sermones-del-ao-de-avivamiento\/","name":"Sermones Del A\u00f1o De Avivamiento &#8211; Banner of Truth USA","isPartOf":{"@id":"https:\/\/banneroftruth.org\/us\/#website"},"primaryImageOfPage":{"@id":"https:\/\/banneroftruth.org\/us\/store\/sermons-and-expositions\/sermones-del-ao-de-avivamiento\/#primaryimage"},"image":{"@id":"https:\/\/banneroftruth.org\/us\/store\/sermons-and-expositions\/sermones-del-ao-de-avivamiento\/#primaryimage"},"thumbnailUrl":"https:\/\/banneroftruth.org\/us\/wp-content\/uploads\/sites\/2\/2013\/01\/SermonesDelAnoAvivamiento_FINAL.jpg","datePublished":"2013-01-30T17:39:00+00:00","dateModified":"2026-04-07T09:57:38+00:00","breadcrumb":{"@id":"https:\/\/banneroftruth.org\/us\/store\/sermons-and-expositions\/sermones-del-ao-de-avivamiento\/#breadcrumb"},"inLanguage":"en-US","potentialAction":[{"@type":"ReadAction","target":["https:\/\/banneroftruth.org\/us\/store\/sermons-and-expositions\/sermones-del-ao-de-avivamiento\/"]}]},{"@type":"ImageObject","inLanguage":"en-US","@id":"https:\/\/banneroftruth.org\/us\/store\/sermons-and-expositions\/sermones-del-ao-de-avivamiento\/#primaryimage","url":"https:\/\/banneroftruth.org\/us\/wp-content\/uploads\/sites\/2\/2013\/01\/SermonesDelAnoAvivamiento_FINAL.jpg","contentUrl":"https:\/\/banneroftruth.org\/us\/wp-content\/uploads\/sites\/2\/2013\/01\/SermonesDelAnoAvivamiento_FINAL.jpg","width":1506,"height":2471},{"@type":"BreadcrumbList","@id":"https:\/\/banneroftruth.org\/us\/store\/sermons-and-expositions\/sermones-del-ao-de-avivamiento\/#breadcrumb","itemListElement":[{"@type":"ListItem","position":1,"name":"Home","item":"https:\/\/banneroftruth.org\/us\/"},{"@type":"ListItem","position":2,"name":"Store","item":"https:\/\/banneroftruth.org\/us\/store\/"},{"@type":"ListItem","position":3,"name":"Sermones Del A\u00f1o De Avivamiento"}]},{"@type":"WebSite","@id":"https:\/\/banneroftruth.org\/us\/#website","url":"https:\/\/banneroftruth.org\/us\/","name":"Banner of Truth USA","description":"Christian Publisher of Reformed &amp; Puritan Books","publisher":{"@id":"https:\/\/banneroftruth.org\/us\/#organization"},"potentialAction":[{"@type":"SearchAction","target":{"@type":"EntryPoint","urlTemplate":"https:\/\/banneroftruth.org\/us\/?s={search_term_string}"},"query-input":{"@type":"PropertyValueSpecification","valueRequired":true,"valueName":"search_term_string"}}],"inLanguage":"en-US"},{"@type":"Organization","@id":"https:\/\/banneroftruth.org\/us\/#organization","name":"Banner of Truth USA","url":"https:\/\/banneroftruth.org\/us\/","logo":{"@type":"ImageObject","inLanguage":"en-US","@id":"https:\/\/banneroftruth.org\/us\/#\/schema\/logo\/image\/","url":"https:\/\/banneroftruth.org\/us\/wp-content\/uploads\/sites\/2\/2023\/04\/Profile-Royal-Blue.png","contentUrl":"https:\/\/banneroftruth.org\/us\/wp-content\/uploads\/sites\/2\/2023\/04\/Profile-Royal-Blue.png","width":2048,"height":2048,"caption":"Banner of Truth USA"},"image":{"@id":"https:\/\/banneroftruth.org\/us\/#\/schema\/logo\/image\/"},"sameAs":["https:\/\/www.facebook.com\/TheBannerofTruth","https:\/\/x.com\/banneroftruth","https:\/\/www.instagram.com\/banneroftruth\/","https:\/\/www.pinterest.com\/banneroftruth\/","https:\/\/www.youtube.com\/banneroftruth"]}]},"product_price_amount":"5.40","product_price_currency":"USD","og_availability":"instock","product_availability":"instock","product_retailer_item_id":"9780851517117","product_condition":"new"},"_links":{"self":[{"href":"https:\/\/banneroftruth.org\/us\/wp-json\/wp\/v2\/product\/889","targetHints":{"allow":["GET"]}}],"collection":[{"href":"https:\/\/banneroftruth.org\/us\/wp-json\/wp\/v2\/product"}],"about":[{"href":"https:\/\/banneroftruth.org\/us\/wp-json\/wp\/v2\/types\/product"}],"replies":[{"embeddable":true,"href":"https:\/\/banneroftruth.org\/us\/wp-json\/wp\/v2\/comments?post=889"}],"wp:featuredmedia":[{"embeddable":true,"href":"https:\/\/banneroftruth.org\/us\/wp-json\/wp\/v2\/media\/9811"}],"wp:attachment":[{"href":"https:\/\/banneroftruth.org\/us\/wp-json\/wp\/v2\/media?parent=889"}],"wp:term":[{"taxonomy":"product_brand","embeddable":true,"href":"https:\/\/banneroftruth.org\/us\/wp-json\/wp\/v2\/product_brand?post=889"},{"taxonomy":"product_cat","embeddable":true,"href":"https:\/\/banneroftruth.org\/us\/wp-json\/wp\/v2\/product_cat?post=889"},{"taxonomy":"product_tag","embeddable":true,"href":"https:\/\/banneroftruth.org\/us\/wp-json\/wp\/v2\/product_tag?post=889"}],"curies":[{"name":"wp","href":"https:\/\/api.w.org\/{rel}","templated":true}]}}