{"id":890,"date":"2013-01-30T12:39:00","date_gmt":"2013-01-30T17:39:00","guid":{"rendered":"http:\/\/54.225.232.228\/us\/store\/uncategorized\/un-ministerio-ideal-volumen-1-2dh-el-pastor-su-persona-y-mensaje\/"},"modified":"2026-04-07T03:57:50","modified_gmt":"2026-04-07T08:57:50","slug":"un-ministerio-ideal-volumen-1-2dh-el-pastor-su-persona-y-mensaje","status":"publish","type":"product","link":"https:\/\/banneroftruth.org\/us\/store\/church-ministry\/un-ministerio-ideal-volumen-1-2dh-el-pastor-su-persona-y-mensaje\/","title":{"rendered":"Un Ministerio Ideal (Volumen 1 &amp; 2)\u2013 El pastor: su persona y mensaje"},"content":{"rendered":"<h2>Book Description<\/h2>\n<p>Una de las organizaciones fundadas por Charles Spurgeon fue el Pastor\u2019s College (1856), que despu\u00e9s adoptar\u00eda el nombre de Spurgeon College. Fue alli donde en 1865 inici\u00f3 unas conferencias anuales para pastores, doce de las cuales componen este libro. Spurgeon fue un evangelista que llev\u00f3 a miles de personas a los pies del Se\u00f1or, pero tambi\u00e9n le preocup\u00f3 la etapa postevangel\u00edstica: la edificaci\u00f3n de la iglesia. Si hoy presenciamos una terrible decadencia en la labor pastoral es porque se ha descuidado tanto el car\u00e1cter como el mensaje del pastor. Este libro proporcionar\u00e1 al ministro una gu\u00eda fundamental para conducir su ministerio por la senda correcta.<\/p>\n","protected":false},"excerpt":{"rendered":"<p>Book Description Una de las organizaciones fundadas por Charles Spurgeon fue el Pastor\u2019s College (1856), que despu\u00e9s adoptar\u00eda el nombre de Spurgeon College. Fue alli donde en 1865 inici\u00f3 unas conferencias anuales para pastores, doce de las cuales componen este libro. Spurgeon fue un evangelista que llev\u00f3 a miles de personas a los pies del [&hellip;]<\/p>\n","protected":false},"featured_media":9816,"comment_status":"open","ping_status":"closed","template":"","meta":[],"product_brand":[],"product_cat":[1260],"product_tag":[6351],"class_list":{"0":"post-890","1":"product","2":"type-product","3":"status-publish","4":"has-post-thumbnail","6":"product_cat-church-ministry","7":"product_tag-pastoral-training","8":"pa_binding-paperback","9":"pa_class-sp","10":"pa_format-book","11":"pa_isbn-5240","12":"pa_language-spanish","13":"pa_original-pub-date-2876","14":"pa_page-count-4693","15":"pa_recent-pub-date-may-30-2012","16":"pa_recent-pub-date-year-6224","17":"pa_scripture-whole-bible","18":"pa_short-isbn-4694","19":"pa_subtitle-ideal-ministry","20":"pa_theauthor-spurgeon-charles-haddon","21":"pa_topic-preaching-teaching","22":"pa_vol-1940","24":"first","25":"outofstock","26":"sale","27":"taxable","28":"shipping-taxable","29":"purchasable","30":"product-type-simple"},"bundled_by":[],"bundle_stock_status":"outofstock","bundle_stock_quantity":0,"bundle_virtual":false,"bundle_layout":"","bundle_add_to_cart_form_location":"","bundle_editable_in_cart":false,"bundle_sold_individually_context":"","bundle_item_grouping":"","bundle_min_size":"","bundle_max_size":"","bundle_price":[],"bundled_items":[],"bundle_sell_ids":[],"yoast_head":"<!-- This site is optimized with the Yoast SEO Premium plugin v27.3 (Yoast SEO v27.3) - https:\/\/yoast.com\/product\/yoast-seo-premium-wordpress\/ -->\n<title>Un Ministerio Ideal (Volumen 1 &amp; 2)\u2013 El pastor: su persona y mensaje &#8211; Banner of Truth USA<\/title>\n<meta name=\"robots\" content=\"index, follow, max-snippet:-1, max-image-preview:large, max-video-preview:-1\" \/>\n<link rel=\"canonical\" href=\"https:\/\/banneroftruth.org\/us\/store\/church-ministry\/un-ministerio-ideal-volumen-1-2dh-el-pastor-su-persona-y-mensaje\/\" \/>\n<meta property=\"og:locale\" content=\"en_US\" \/>\n<meta property=\"og:type\" content=\"article\" \/>\n<meta property=\"og:title\" content=\"Un Ministerio Ideal (Volumen 1 &amp; 2)\u2013 El pastor: su persona y mensaje &#8211; Banner of Truth USA\" \/>\n<meta property=\"og:description\" content=\"Book Description Una de las organizaciones fundadas por Charles Spurgeon fue el Pastor\u2019s College (1856), que despu\u00e9s adoptar\u00eda el nombre de Spurgeon College. Fue alli donde en 1865 inici\u00f3 unas conferencias anuales para pastores, doce de las cuales componen este libro. Spurgeon fue un evangelista que llev\u00f3 a miles de personas a los pies del [&hellip;]\" \/>\n<meta property=\"og:url\" content=\"https:\/\/banneroftruth.org\/us\/store\/church-ministry\/un-ministerio-ideal-volumen-1-2dh-el-pastor-su-persona-y-mensaje\/\" \/>\n<meta property=\"og:site_name\" content=\"Banner of Truth USA\" \/>\n<meta property=\"article:publisher\" content=\"https:\/\/www.facebook.com\/TheBannerofTruth\" \/>\n<meta property=\"article:modified_time\" content=\"2026-04-07T08:57:50+00:00\" \/>\n<meta property=\"og:image\" content=\"https:\/\/banneroftruth.org\/us\/wp-content\/uploads\/sites\/2\/2013\/01\/UnMinisterioIdeal_FINAL.jpg\" \/>\n\t<meta property=\"og:image:width\" content=\"1539\" \/>\n\t<meta property=\"og:image:height\" content=\"2539\" \/>\n\t<meta property=\"og:image:type\" content=\"image\/jpeg\" \/>\n<meta name=\"twitter:card\" content=\"summary_large_image\" \/>\n<meta name=\"twitter:site\" content=\"@banneroftruth\" \/>\n<meta name=\"twitter:label1\" content=\"Price\" \/>\n\t<meta name=\"twitter:data1\" content=\"&#036;10.80\" \/>\n\t<meta name=\"twitter:label2\" content=\"Availability\" \/>\n\t<meta name=\"twitter:data2\" content=\"Out of stock\" \/>\n<script type=\"application\/ld+json\" class=\"yoast-schema-graph\">{\"@context\":\"https:\\\/\\\/schema.org\",\"@graph\":[{\"@type\":\"WebPage\",\"@id\":\"https:\\\/\\\/banneroftruth.org\\\/us\\\/store\\\/church-ministry\\\/un-ministerio-ideal-volumen-1-2dh-el-pastor-su-persona-y-mensaje\\\/\",\"url\":\"https:\\\/\\\/banneroftruth.org\\\/us\\\/store\\\/church-ministry\\\/un-ministerio-ideal-volumen-1-2dh-el-pastor-su-persona-y-mensaje\\\/\",\"name\":\"Un Ministerio Ideal (Volumen 1 &amp; 2)\u2013 El pastor: su persona y mensaje &#8211; Banner of Truth USA\",\"isPartOf\":{\"@id\":\"https:\\\/\\\/banneroftruth.org\\\/us\\\/#website\"},\"primaryImageOfPage\":{\"@id\":\"https:\\\/\\\/banneroftruth.org\\\/us\\\/store\\\/church-ministry\\\/un-ministerio-ideal-volumen-1-2dh-el-pastor-su-persona-y-mensaje\\\/#primaryimage\"},\"image\":{\"@id\":\"https:\\\/\\\/banneroftruth.org\\\/us\\\/store\\\/church-ministry\\\/un-ministerio-ideal-volumen-1-2dh-el-pastor-su-persona-y-mensaje\\\/#primaryimage\"},\"thumbnailUrl\":\"https:\\\/\\\/banneroftruth.org\\\/us\\\/wp-content\\\/uploads\\\/sites\\\/2\\\/2013\\\/01\\\/UnMinisterioIdeal_FINAL.jpg\",\"datePublished\":\"2013-01-30T17:39:00+00:00\",\"dateModified\":\"2026-04-07T08:57:50+00:00\",\"breadcrumb\":{\"@id\":\"https:\\\/\\\/banneroftruth.org\\\/us\\\/store\\\/church-ministry\\\/un-ministerio-ideal-volumen-1-2dh-el-pastor-su-persona-y-mensaje\\\/#breadcrumb\"},\"inLanguage\":\"en-US\",\"potentialAction\":[{\"@type\":\"ReadAction\",\"target\":[\"https:\\\/\\\/banneroftruth.org\\\/us\\\/store\\\/church-ministry\\\/un-ministerio-ideal-volumen-1-2dh-el-pastor-su-persona-y-mensaje\\\/\"]}]},{\"@type\":\"ImageObject\",\"inLanguage\":\"en-US\",\"@id\":\"https:\\\/\\\/banneroftruth.org\\\/us\\\/store\\\/church-ministry\\\/un-ministerio-ideal-volumen-1-2dh-el-pastor-su-persona-y-mensaje\\\/#primaryimage\",\"url\":\"https:\\\/\\\/banneroftruth.org\\\/us\\\/wp-content\\\/uploads\\\/sites\\\/2\\\/2013\\\/01\\\/UnMinisterioIdeal_FINAL.jpg\",\"contentUrl\":\"https:\\\/\\\/banneroftruth.org\\\/us\\\/wp-content\\\/uploads\\\/sites\\\/2\\\/2013\\\/01\\\/UnMinisterioIdeal_FINAL.jpg\",\"width\":1539,\"height\":2539},{\"@type\":\"BreadcrumbList\",\"@id\":\"https:\\\/\\\/banneroftruth.org\\\/us\\\/store\\\/church-ministry\\\/un-ministerio-ideal-volumen-1-2dh-el-pastor-su-persona-y-mensaje\\\/#breadcrumb\",\"itemListElement\":[{\"@type\":\"ListItem\",\"position\":1,\"name\":\"Home\",\"item\":\"https:\\\/\\\/banneroftruth.org\\\/us\\\/\"},{\"@type\":\"ListItem\",\"position\":2,\"name\":\"Store\",\"item\":\"https:\\\/\\\/banneroftruth.org\\\/us\\\/store\\\/\"},{\"@type\":\"ListItem\",\"position\":3,\"name\":\"Un Ministerio Ideal (Volumen 1 &amp; 2)\u2013 El pastor: su persona y mensaje\"}]},{\"@type\":\"WebSite\",\"@id\":\"https:\\\/\\\/banneroftruth.org\\\/us\\\/#website\",\"url\":\"https:\\\/\\\/banneroftruth.org\\\/us\\\/\",\"name\":\"Banner of Truth USA\",\"description\":\"Christian Publisher of Reformed &amp; Puritan Books\",\"publisher\":{\"@id\":\"https:\\\/\\\/banneroftruth.org\\\/us\\\/#organization\"},\"potentialAction\":[{\"@type\":\"SearchAction\",\"target\":{\"@type\":\"EntryPoint\",\"urlTemplate\":\"https:\\\/\\\/banneroftruth.org\\\/us\\\/?s={search_term_string}\"},\"query-input\":{\"@type\":\"PropertyValueSpecification\",\"valueRequired\":true,\"valueName\":\"search_term_string\"}}],\"inLanguage\":\"en-US\"},{\"@type\":\"Organization\",\"@id\":\"https:\\\/\\\/banneroftruth.org\\\/us\\\/#organization\",\"name\":\"Banner of Truth USA\",\"url\":\"https:\\\/\\\/banneroftruth.org\\\/us\\\/\",\"logo\":{\"@type\":\"ImageObject\",\"inLanguage\":\"en-US\",\"@id\":\"https:\\\/\\\/banneroftruth.org\\\/us\\\/#\\\/schema\\\/logo\\\/image\\\/\",\"url\":\"https:\\\/\\\/banneroftruth.org\\\/us\\\/wp-content\\\/uploads\\\/sites\\\/2\\\/2023\\\/04\\\/Profile-Royal-Blue.png\",\"contentUrl\":\"https:\\\/\\\/banneroftruth.org\\\/us\\\/wp-content\\\/uploads\\\/sites\\\/2\\\/2023\\\/04\\\/Profile-Royal-Blue.png\",\"width\":2048,\"height\":2048,\"caption\":\"Banner of Truth USA\"},\"image\":{\"@id\":\"https:\\\/\\\/banneroftruth.org\\\/us\\\/#\\\/schema\\\/logo\\\/image\\\/\"},\"sameAs\":[\"https:\\\/\\\/www.facebook.com\\\/TheBannerofTruth\",\"https:\\\/\\\/x.com\\\/banneroftruth\",\"https:\\\/\\\/www.instagram.com\\\/banneroftruth\\\/\",\"https:\\\/\\\/www.pinterest.com\\\/banneroftruth\\\/\",\"https:\\\/\\\/www.youtube.com\\\/banneroftruth\"]}]}<\/script>\n<meta property=\"product:price:amount\" content=\"10.80\" \/>\n<meta property=\"product:price:currency\" content=\"USD\" \/>\n<meta property=\"og:availability\" content=\"out of stock\" \/>\n<meta property=\"product:availability\" content=\"out of stock\" \/>\n<meta property=\"product:retailer_item_id\" content=\"9781848711273\" \/>\n<meta property=\"product:condition\" content=\"new\" \/>\n<!-- \/ Yoast SEO Premium plugin. -->","yoast_head_json":{"title":"Un Ministerio Ideal (Volumen 1 &amp; 2)\u2013 El pastor: su persona y mensaje &#8211; Banner of Truth USA","robots":{"index":"index","follow":"follow","max-snippet":"max-snippet:-1","max-image-preview":"max-image-preview:large","max-video-preview":"max-video-preview:-1"},"canonical":"https:\/\/banneroftruth.org\/us\/store\/church-ministry\/un-ministerio-ideal-volumen-1-2dh-el-pastor-su-persona-y-mensaje\/","og_locale":"en_US","og_type":"article","og_title":"Un Ministerio Ideal (Volumen 1 &amp; 2)\u2013 El pastor: su persona y mensaje &#8211; Banner of Truth USA","og_description":"Book Description Una de las organizaciones fundadas por Charles Spurgeon fue el Pastor\u2019s College (1856), que despu\u00e9s adoptar\u00eda el nombre de Spurgeon College. Fue alli donde en 1865 inici\u00f3 unas conferencias anuales para pastores, doce de las cuales componen este libro. Spurgeon fue un evangelista que llev\u00f3 a miles de personas a los pies del [&hellip;]","og_url":"https:\/\/banneroftruth.org\/us\/store\/church-ministry\/un-ministerio-ideal-volumen-1-2dh-el-pastor-su-persona-y-mensaje\/","og_site_name":"Banner of Truth USA","article_publisher":"https:\/\/www.facebook.com\/TheBannerofTruth","article_modified_time":"2026-04-07T08:57:50+00:00","og_image":[{"width":1539,"height":2539,"url":"https:\/\/banneroftruth.org\/us\/wp-content\/uploads\/sites\/2\/2013\/01\/UnMinisterioIdeal_FINAL.jpg","type":"image\/jpeg"}],"twitter_card":"summary_large_image","twitter_site":"@banneroftruth","twitter_misc":{"Price":"&#36;10.80","Availability":"Out of stock"},"schema":{"@context":"https:\/\/schema.org","@graph":[{"@type":"WebPage","@id":"https:\/\/banneroftruth.org\/us\/store\/church-ministry\/un-ministerio-ideal-volumen-1-2dh-el-pastor-su-persona-y-mensaje\/","url":"https:\/\/banneroftruth.org\/us\/store\/church-ministry\/un-ministerio-ideal-volumen-1-2dh-el-pastor-su-persona-y-mensaje\/","name":"Un Ministerio Ideal (Volumen 1 &amp; 2)\u2013 El pastor: su persona y mensaje &#8211; Banner of Truth USA","isPartOf":{"@id":"https:\/\/banneroftruth.org\/us\/#website"},"primaryImageOfPage":{"@id":"https:\/\/banneroftruth.org\/us\/store\/church-ministry\/un-ministerio-ideal-volumen-1-2dh-el-pastor-su-persona-y-mensaje\/#primaryimage"},"image":{"@id":"https:\/\/banneroftruth.org\/us\/store\/church-ministry\/un-ministerio-ideal-volumen-1-2dh-el-pastor-su-persona-y-mensaje\/#primaryimage"},"thumbnailUrl":"https:\/\/banneroftruth.org\/us\/wp-content\/uploads\/sites\/2\/2013\/01\/UnMinisterioIdeal_FINAL.jpg","datePublished":"2013-01-30T17:39:00+00:00","dateModified":"2026-04-07T08:57:50+00:00","breadcrumb":{"@id":"https:\/\/banneroftruth.org\/us\/store\/church-ministry\/un-ministerio-ideal-volumen-1-2dh-el-pastor-su-persona-y-mensaje\/#breadcrumb"},"inLanguage":"en-US","potentialAction":[{"@type":"ReadAction","target":["https:\/\/banneroftruth.org\/us\/store\/church-ministry\/un-ministerio-ideal-volumen-1-2dh-el-pastor-su-persona-y-mensaje\/"]}]},{"@type":"ImageObject","inLanguage":"en-US","@id":"https:\/\/banneroftruth.org\/us\/store\/church-ministry\/un-ministerio-ideal-volumen-1-2dh-el-pastor-su-persona-y-mensaje\/#primaryimage","url":"https:\/\/banneroftruth.org\/us\/wp-content\/uploads\/sites\/2\/2013\/01\/UnMinisterioIdeal_FINAL.jpg","contentUrl":"https:\/\/banneroftruth.org\/us\/wp-content\/uploads\/sites\/2\/2013\/01\/UnMinisterioIdeal_FINAL.jpg","width":1539,"height":2539},{"@type":"BreadcrumbList","@id":"https:\/\/banneroftruth.org\/us\/store\/church-ministry\/un-ministerio-ideal-volumen-1-2dh-el-pastor-su-persona-y-mensaje\/#breadcrumb","itemListElement":[{"@type":"ListItem","position":1,"name":"Home","item":"https:\/\/banneroftruth.org\/us\/"},{"@type":"ListItem","position":2,"name":"Store","item":"https:\/\/banneroftruth.org\/us\/store\/"},{"@type":"ListItem","position":3,"name":"Un Ministerio Ideal (Volumen 1 &amp; 2)\u2013 El pastor: su persona y mensaje"}]},{"@type":"WebSite","@id":"https:\/\/banneroftruth.org\/us\/#website","url":"https:\/\/banneroftruth.org\/us\/","name":"Banner of Truth USA","description":"Christian Publisher of Reformed &amp; Puritan Books","publisher":{"@id":"https:\/\/banneroftruth.org\/us\/#organization"},"potentialAction":[{"@type":"SearchAction","target":{"@type":"EntryPoint","urlTemplate":"https:\/\/banneroftruth.org\/us\/?s={search_term_string}"},"query-input":{"@type":"PropertyValueSpecification","valueRequired":true,"valueName":"search_term_string"}}],"inLanguage":"en-US"},{"@type":"Organization","@id":"https:\/\/banneroftruth.org\/us\/#organization","name":"Banner of Truth USA","url":"https:\/\/banneroftruth.org\/us\/","logo":{"@type":"ImageObject","inLanguage":"en-US","@id":"https:\/\/banneroftruth.org\/us\/#\/schema\/logo\/image\/","url":"https:\/\/banneroftruth.org\/us\/wp-content\/uploads\/sites\/2\/2023\/04\/Profile-Royal-Blue.png","contentUrl":"https:\/\/banneroftruth.org\/us\/wp-content\/uploads\/sites\/2\/2023\/04\/Profile-Royal-Blue.png","width":2048,"height":2048,"caption":"Banner of Truth USA"},"image":{"@id":"https:\/\/banneroftruth.org\/us\/#\/schema\/logo\/image\/"},"sameAs":["https:\/\/www.facebook.com\/TheBannerofTruth","https:\/\/x.com\/banneroftruth","https:\/\/www.instagram.com\/banneroftruth\/","https:\/\/www.pinterest.com\/banneroftruth\/","https:\/\/www.youtube.com\/banneroftruth"]}]},"product_price_amount":"10.80","product_price_currency":"USD","og_availability":"out of stock","product_availability":"out of stock","product_retailer_item_id":"9781848711273","product_condition":"new"},"_links":{"self":[{"href":"https:\/\/banneroftruth.org\/us\/wp-json\/wp\/v2\/product\/890","targetHints":{"allow":["GET"]}}],"collection":[{"href":"https:\/\/banneroftruth.org\/us\/wp-json\/wp\/v2\/product"}],"about":[{"href":"https:\/\/banneroftruth.org\/us\/wp-json\/wp\/v2\/types\/product"}],"replies":[{"embeddable":true,"href":"https:\/\/banneroftruth.org\/us\/wp-json\/wp\/v2\/comments?post=890"}],"wp:featuredmedia":[{"embeddable":true,"href":"https:\/\/banneroftruth.org\/us\/wp-json\/wp\/v2\/media\/9816"}],"wp:attachment":[{"href":"https:\/\/banneroftruth.org\/us\/wp-json\/wp\/v2\/media?parent=890"}],"wp:term":[{"taxonomy":"product_brand","embeddable":true,"href":"https:\/\/banneroftruth.org\/us\/wp-json\/wp\/v2\/product_brand?post=890"},{"taxonomy":"product_cat","embeddable":true,"href":"https:\/\/banneroftruth.org\/us\/wp-json\/wp\/v2\/product_cat?post=890"},{"taxonomy":"product_tag","embeddable":true,"href":"https:\/\/banneroftruth.org\/us\/wp-json\/wp\/v2\/product_tag?post=890"}],"curies":[{"name":"wp","href":"https:\/\/api.w.org\/{rel}","templated":true}]}}