{"id":893,"date":"2013-01-30T12:39:00","date_gmt":"2013-01-30T17:39:00","guid":{"rendered":"http:\/\/54.225.232.228\/us\/store\/uncategorized\/vamos-a-estudiar-juan\/"},"modified":"2026-04-05T05:12:50","modified_gmt":"2026-04-05T10:12:50","slug":"vamos-a-estudiar-juan","status":"publish","type":"product","link":"https:\/\/banneroftruth.org\/us\/store\/commentaries\/vamos-a-estudiar-juan\/","title":{"rendered":"Vamos a estudiar Juan"},"content":{"rendered":"<h2>Endorsement<\/h2>\n<p>&#8216;Toda la serie Vamos a estudiar&#8230;que se est\u00e1 desarrollando es vital para todo hogar cristiano que sinceramente quiere llegar a conocer la Palabra de Dios&#8217;. ,  COVENANTER WITNESS<\/p>\n<h2>Book Description<\/h2>\n<p>Se ha descrito el Evangelio seg\u00fan Juan como tan sencillo que un ni\u00f1o puede vadearlo, y tan profundo que un elefante puede nadar en \u00e9l. Esto demuestra que el mismo Evangelio sirve de punto de partida para los reci\u00e9n convertidos al cristianismo y a la vez es un lugar predilecto para los que conocen bien la Biblia y la aman. Mark Johnston nos gu\u00eda a trav\u00e9s del relato que Juan hace de la vida de Jesucristo, el Hijo de Dios. Demuestra que el Evangelio seg\u00fan Juan se puede considerar el Evangelio contemplativo: una selecci\u00f3n de las obras y palabras de Cristo para la meditaci\u00f3n profunda. Juan nos toma de la mano y nos lleva a las profundidades y misterios de la persona de Cristo y las maravillas que \u00c9l ha hecho, de manera que el lector llegue a una fe viva en Jes\u00fas como el Cristo, el Hijo de Dios, y alcance la vida eterna en su Nombre.<\/p>\n","protected":false},"excerpt":{"rendered":"<p>Endorsement &#8216;Toda la serie Vamos a estudiar&#8230;que se est\u00e1 desarrollando es vital para todo hogar cristiano que sinceramente quiere llegar a conocer la Palabra de Dios&#8217;. , COVENANTER WITNESS Book Description Se ha descrito el Evangelio seg\u00fan Juan como tan sencillo que un ni\u00f1o puede vadearlo, y tan profundo que un elefante puede nadar en [&hellip;]<\/p>\n","protected":false},"featured_media":9815,"comment_status":"open","ping_status":"closed","template":"","meta":[],"product_brand":[],"product_cat":[1499,6644],"product_tag":[4673],"class_list":{"0":"post-893","1":"product","2":"type-product","3":"status-publish","4":"has-post-thumbnail","6":"product_cat-commentaries","7":"product_cat-sale-lets-study","8":"product_tag-bible-study","9":"pa_binding-paperback","10":"pa_class-sp","11":"pa_format-book","12":"pa_isbn-5244","13":"pa_language-spanish","14":"pa_original-pub-date-1561","15":"pa_page-count-1552","16":"pa_recent-pub-date-jan-1-2010","17":"pa_recent-pub-date-year-6166","18":"pa_scripture-john-new-testament","19":"pa_short-isbn-4705","20":"pa_subtitle-lets-study-john","21":"pa_theauthor-johnston-mark-g","23":"first","24":"outofstock","25":"sale","26":"taxable","27":"shipping-taxable","28":"purchasable","29":"product-type-simple"},"bundled_by":[],"bundle_stock_status":"outofstock","bundle_stock_quantity":0,"bundle_virtual":false,"bundle_layout":"","bundle_add_to_cart_form_location":"","bundle_editable_in_cart":false,"bundle_sold_individually_context":"","bundle_item_grouping":"","bundle_min_size":"","bundle_max_size":"","bundle_price":[],"bundled_items":[],"bundle_sell_ids":[],"yoast_head":"<!-- This site is optimized with the Yoast SEO Premium plugin v27.3 (Yoast SEO v27.3) - https:\/\/yoast.com\/product\/yoast-seo-premium-wordpress\/ -->\n<title>Vamos a estudiar Juan &#8211; Banner of Truth USA<\/title>\n<meta name=\"robots\" content=\"index, follow, max-snippet:-1, max-image-preview:large, max-video-preview:-1\" \/>\n<link rel=\"canonical\" href=\"https:\/\/banneroftruth.org\/us\/store\/commentaries\/vamos-a-estudiar-juan\/\" \/>\n<meta property=\"og:locale\" content=\"en_US\" \/>\n<meta property=\"og:type\" content=\"article\" \/>\n<meta property=\"og:title\" content=\"Vamos a estudiar Juan &#8211; Banner of Truth USA\" \/>\n<meta property=\"og:description\" content=\"Endorsement &#8216;Toda la serie Vamos a estudiar&#8230;que se est\u00e1 desarrollando es vital para todo hogar cristiano que sinceramente quiere llegar a conocer la Palabra de Dios&#8217;. , COVENANTER WITNESS Book Description Se ha descrito el Evangelio seg\u00fan Juan como tan sencillo que un ni\u00f1o puede vadearlo, y tan profundo que un elefante puede nadar en [&hellip;]\" \/>\n<meta property=\"og:url\" content=\"https:\/\/banneroftruth.org\/us\/store\/commentaries\/vamos-a-estudiar-juan\/\" \/>\n<meta property=\"og:site_name\" content=\"Banner of Truth USA\" \/>\n<meta property=\"article:publisher\" content=\"https:\/\/www.facebook.com\/TheBannerofTruth\" \/>\n<meta property=\"article:modified_time\" content=\"2026-04-05T10:12:50+00:00\" \/>\n<meta property=\"og:image\" content=\"https:\/\/banneroftruth.org\/us\/wp-content\/uploads\/sites\/2\/2013\/01\/VamosAEstudiarJuan_FINAL.jpg\" \/>\n\t<meta property=\"og:image:width\" content=\"1510\" \/>\n\t<meta property=\"og:image:height\" content=\"2530\" \/>\n\t<meta property=\"og:image:type\" content=\"image\/jpeg\" \/>\n<meta name=\"twitter:card\" content=\"summary_large_image\" \/>\n<meta name=\"twitter:site\" content=\"@banneroftruth\" \/>\n<meta name=\"twitter:label1\" content=\"Price\" \/>\n\t<meta name=\"twitter:data1\" content=\"&#036;9.90\" \/>\n\t<meta name=\"twitter:label2\" content=\"Availability\" \/>\n\t<meta name=\"twitter:data2\" content=\"Out of stock\" \/>\n<script type=\"application\/ld+json\" class=\"yoast-schema-graph\">{\"@context\":\"https:\\\/\\\/schema.org\",\"@graph\":[{\"@type\":\"WebPage\",\"@id\":\"https:\\\/\\\/banneroftruth.org\\\/us\\\/store\\\/commentaries\\\/vamos-a-estudiar-juan\\\/\",\"url\":\"https:\\\/\\\/banneroftruth.org\\\/us\\\/store\\\/commentaries\\\/vamos-a-estudiar-juan\\\/\",\"name\":\"Vamos a estudiar Juan &#8211; Banner of Truth USA\",\"isPartOf\":{\"@id\":\"https:\\\/\\\/banneroftruth.org\\\/us\\\/#website\"},\"primaryImageOfPage\":{\"@id\":\"https:\\\/\\\/banneroftruth.org\\\/us\\\/store\\\/commentaries\\\/vamos-a-estudiar-juan\\\/#primaryimage\"},\"image\":{\"@id\":\"https:\\\/\\\/banneroftruth.org\\\/us\\\/store\\\/commentaries\\\/vamos-a-estudiar-juan\\\/#primaryimage\"},\"thumbnailUrl\":\"https:\\\/\\\/banneroftruth.org\\\/us\\\/wp-content\\\/uploads\\\/sites\\\/2\\\/2013\\\/01\\\/VamosAEstudiarJuan_FINAL.jpg\",\"datePublished\":\"2013-01-30T17:39:00+00:00\",\"dateModified\":\"2026-04-05T10:12:50+00:00\",\"breadcrumb\":{\"@id\":\"https:\\\/\\\/banneroftruth.org\\\/us\\\/store\\\/commentaries\\\/vamos-a-estudiar-juan\\\/#breadcrumb\"},\"inLanguage\":\"en-US\",\"potentialAction\":[{\"@type\":\"ReadAction\",\"target\":[\"https:\\\/\\\/banneroftruth.org\\\/us\\\/store\\\/commentaries\\\/vamos-a-estudiar-juan\\\/\"]}]},{\"@type\":\"ImageObject\",\"inLanguage\":\"en-US\",\"@id\":\"https:\\\/\\\/banneroftruth.org\\\/us\\\/store\\\/commentaries\\\/vamos-a-estudiar-juan\\\/#primaryimage\",\"url\":\"https:\\\/\\\/banneroftruth.org\\\/us\\\/wp-content\\\/uploads\\\/sites\\\/2\\\/2013\\\/01\\\/VamosAEstudiarJuan_FINAL.jpg\",\"contentUrl\":\"https:\\\/\\\/banneroftruth.org\\\/us\\\/wp-content\\\/uploads\\\/sites\\\/2\\\/2013\\\/01\\\/VamosAEstudiarJuan_FINAL.jpg\",\"width\":1510,\"height\":2530},{\"@type\":\"BreadcrumbList\",\"@id\":\"https:\\\/\\\/banneroftruth.org\\\/us\\\/store\\\/commentaries\\\/vamos-a-estudiar-juan\\\/#breadcrumb\",\"itemListElement\":[{\"@type\":\"ListItem\",\"position\":1,\"name\":\"Home\",\"item\":\"https:\\\/\\\/banneroftruth.org\\\/us\\\/\"},{\"@type\":\"ListItem\",\"position\":2,\"name\":\"Store\",\"item\":\"https:\\\/\\\/banneroftruth.org\\\/us\\\/store\\\/\"},{\"@type\":\"ListItem\",\"position\":3,\"name\":\"Vamos a estudiar Juan\"}]},{\"@type\":\"WebSite\",\"@id\":\"https:\\\/\\\/banneroftruth.org\\\/us\\\/#website\",\"url\":\"https:\\\/\\\/banneroftruth.org\\\/us\\\/\",\"name\":\"Banner of Truth USA\",\"description\":\"Christian Publisher of Reformed &amp; Puritan Books\",\"publisher\":{\"@id\":\"https:\\\/\\\/banneroftruth.org\\\/us\\\/#organization\"},\"potentialAction\":[{\"@type\":\"SearchAction\",\"target\":{\"@type\":\"EntryPoint\",\"urlTemplate\":\"https:\\\/\\\/banneroftruth.org\\\/us\\\/?s={search_term_string}\"},\"query-input\":{\"@type\":\"PropertyValueSpecification\",\"valueRequired\":true,\"valueName\":\"search_term_string\"}}],\"inLanguage\":\"en-US\"},{\"@type\":\"Organization\",\"@id\":\"https:\\\/\\\/banneroftruth.org\\\/us\\\/#organization\",\"name\":\"Banner of Truth USA\",\"url\":\"https:\\\/\\\/banneroftruth.org\\\/us\\\/\",\"logo\":{\"@type\":\"ImageObject\",\"inLanguage\":\"en-US\",\"@id\":\"https:\\\/\\\/banneroftruth.org\\\/us\\\/#\\\/schema\\\/logo\\\/image\\\/\",\"url\":\"https:\\\/\\\/banneroftruth.org\\\/us\\\/wp-content\\\/uploads\\\/sites\\\/2\\\/2023\\\/04\\\/Profile-Royal-Blue.png\",\"contentUrl\":\"https:\\\/\\\/banneroftruth.org\\\/us\\\/wp-content\\\/uploads\\\/sites\\\/2\\\/2023\\\/04\\\/Profile-Royal-Blue.png\",\"width\":2048,\"height\":2048,\"caption\":\"Banner of Truth USA\"},\"image\":{\"@id\":\"https:\\\/\\\/banneroftruth.org\\\/us\\\/#\\\/schema\\\/logo\\\/image\\\/\"},\"sameAs\":[\"https:\\\/\\\/www.facebook.com\\\/TheBannerofTruth\",\"https:\\\/\\\/x.com\\\/banneroftruth\",\"https:\\\/\\\/www.instagram.com\\\/banneroftruth\\\/\",\"https:\\\/\\\/www.pinterest.com\\\/banneroftruth\\\/\",\"https:\\\/\\\/www.youtube.com\\\/banneroftruth\"]}]}<\/script>\n<meta property=\"product:price:amount\" content=\"9.90\" \/>\n<meta property=\"product:price:currency\" content=\"USD\" \/>\n<meta property=\"og:availability\" content=\"out of stock\" \/>\n<meta property=\"product:availability\" content=\"out of stock\" \/>\n<meta property=\"product:retailer_item_id\" content=\"9781848710771\" \/>\n<meta property=\"product:condition\" content=\"new\" \/>\n<!-- \/ Yoast SEO Premium plugin. -->","yoast_head_json":{"title":"Vamos a estudiar Juan &#8211; Banner of Truth USA","robots":{"index":"index","follow":"follow","max-snippet":"max-snippet:-1","max-image-preview":"max-image-preview:large","max-video-preview":"max-video-preview:-1"},"canonical":"https:\/\/banneroftruth.org\/us\/store\/commentaries\/vamos-a-estudiar-juan\/","og_locale":"en_US","og_type":"article","og_title":"Vamos a estudiar Juan &#8211; Banner of Truth USA","og_description":"Endorsement &#8216;Toda la serie Vamos a estudiar&#8230;que se est\u00e1 desarrollando es vital para todo hogar cristiano que sinceramente quiere llegar a conocer la Palabra de Dios&#8217;. , COVENANTER WITNESS Book Description Se ha descrito el Evangelio seg\u00fan Juan como tan sencillo que un ni\u00f1o puede vadearlo, y tan profundo que un elefante puede nadar en [&hellip;]","og_url":"https:\/\/banneroftruth.org\/us\/store\/commentaries\/vamos-a-estudiar-juan\/","og_site_name":"Banner of Truth USA","article_publisher":"https:\/\/www.facebook.com\/TheBannerofTruth","article_modified_time":"2026-04-05T10:12:50+00:00","og_image":[{"width":1510,"height":2530,"url":"https:\/\/banneroftruth.org\/us\/wp-content\/uploads\/sites\/2\/2013\/01\/VamosAEstudiarJuan_FINAL.jpg","type":"image\/jpeg"}],"twitter_card":"summary_large_image","twitter_site":"@banneroftruth","twitter_misc":{"Price":"&#36;9.90","Availability":"Out of stock"},"schema":{"@context":"https:\/\/schema.org","@graph":[{"@type":"WebPage","@id":"https:\/\/banneroftruth.org\/us\/store\/commentaries\/vamos-a-estudiar-juan\/","url":"https:\/\/banneroftruth.org\/us\/store\/commentaries\/vamos-a-estudiar-juan\/","name":"Vamos a estudiar Juan &#8211; Banner of Truth USA","isPartOf":{"@id":"https:\/\/banneroftruth.org\/us\/#website"},"primaryImageOfPage":{"@id":"https:\/\/banneroftruth.org\/us\/store\/commentaries\/vamos-a-estudiar-juan\/#primaryimage"},"image":{"@id":"https:\/\/banneroftruth.org\/us\/store\/commentaries\/vamos-a-estudiar-juan\/#primaryimage"},"thumbnailUrl":"https:\/\/banneroftruth.org\/us\/wp-content\/uploads\/sites\/2\/2013\/01\/VamosAEstudiarJuan_FINAL.jpg","datePublished":"2013-01-30T17:39:00+00:00","dateModified":"2026-04-05T10:12:50+00:00","breadcrumb":{"@id":"https:\/\/banneroftruth.org\/us\/store\/commentaries\/vamos-a-estudiar-juan\/#breadcrumb"},"inLanguage":"en-US","potentialAction":[{"@type":"ReadAction","target":["https:\/\/banneroftruth.org\/us\/store\/commentaries\/vamos-a-estudiar-juan\/"]}]},{"@type":"ImageObject","inLanguage":"en-US","@id":"https:\/\/banneroftruth.org\/us\/store\/commentaries\/vamos-a-estudiar-juan\/#primaryimage","url":"https:\/\/banneroftruth.org\/us\/wp-content\/uploads\/sites\/2\/2013\/01\/VamosAEstudiarJuan_FINAL.jpg","contentUrl":"https:\/\/banneroftruth.org\/us\/wp-content\/uploads\/sites\/2\/2013\/01\/VamosAEstudiarJuan_FINAL.jpg","width":1510,"height":2530},{"@type":"BreadcrumbList","@id":"https:\/\/banneroftruth.org\/us\/store\/commentaries\/vamos-a-estudiar-juan\/#breadcrumb","itemListElement":[{"@type":"ListItem","position":1,"name":"Home","item":"https:\/\/banneroftruth.org\/us\/"},{"@type":"ListItem","position":2,"name":"Store","item":"https:\/\/banneroftruth.org\/us\/store\/"},{"@type":"ListItem","position":3,"name":"Vamos a estudiar Juan"}]},{"@type":"WebSite","@id":"https:\/\/banneroftruth.org\/us\/#website","url":"https:\/\/banneroftruth.org\/us\/","name":"Banner of Truth USA","description":"Christian Publisher of Reformed &amp; Puritan Books","publisher":{"@id":"https:\/\/banneroftruth.org\/us\/#organization"},"potentialAction":[{"@type":"SearchAction","target":{"@type":"EntryPoint","urlTemplate":"https:\/\/banneroftruth.org\/us\/?s={search_term_string}"},"query-input":{"@type":"PropertyValueSpecification","valueRequired":true,"valueName":"search_term_string"}}],"inLanguage":"en-US"},{"@type":"Organization","@id":"https:\/\/banneroftruth.org\/us\/#organization","name":"Banner of Truth USA","url":"https:\/\/banneroftruth.org\/us\/","logo":{"@type":"ImageObject","inLanguage":"en-US","@id":"https:\/\/banneroftruth.org\/us\/#\/schema\/logo\/image\/","url":"https:\/\/banneroftruth.org\/us\/wp-content\/uploads\/sites\/2\/2023\/04\/Profile-Royal-Blue.png","contentUrl":"https:\/\/banneroftruth.org\/us\/wp-content\/uploads\/sites\/2\/2023\/04\/Profile-Royal-Blue.png","width":2048,"height":2048,"caption":"Banner of Truth USA"},"image":{"@id":"https:\/\/banneroftruth.org\/us\/#\/schema\/logo\/image\/"},"sameAs":["https:\/\/www.facebook.com\/TheBannerofTruth","https:\/\/x.com\/banneroftruth","https:\/\/www.instagram.com\/banneroftruth\/","https:\/\/www.pinterest.com\/banneroftruth\/","https:\/\/www.youtube.com\/banneroftruth"]}]},"product_price_amount":"9.90","product_price_currency":"USD","og_availability":"out of stock","product_availability":"out of stock","product_retailer_item_id":"9781848710771","product_condition":"new"},"_links":{"self":[{"href":"https:\/\/banneroftruth.org\/us\/wp-json\/wp\/v2\/product\/893","targetHints":{"allow":["GET"]}}],"collection":[{"href":"https:\/\/banneroftruth.org\/us\/wp-json\/wp\/v2\/product"}],"about":[{"href":"https:\/\/banneroftruth.org\/us\/wp-json\/wp\/v2\/types\/product"}],"replies":[{"embeddable":true,"href":"https:\/\/banneroftruth.org\/us\/wp-json\/wp\/v2\/comments?post=893"}],"wp:featuredmedia":[{"embeddable":true,"href":"https:\/\/banneroftruth.org\/us\/wp-json\/wp\/v2\/media\/9815"}],"wp:attachment":[{"href":"https:\/\/banneroftruth.org\/us\/wp-json\/wp\/v2\/media?parent=893"}],"wp:term":[{"taxonomy":"product_brand","embeddable":true,"href":"https:\/\/banneroftruth.org\/us\/wp-json\/wp\/v2\/product_brand?post=893"},{"taxonomy":"product_cat","embeddable":true,"href":"https:\/\/banneroftruth.org\/us\/wp-json\/wp\/v2\/product_cat?post=893"},{"taxonomy":"product_tag","embeddable":true,"href":"https:\/\/banneroftruth.org\/us\/wp-json\/wp\/v2\/product_tag?post=893"}],"curies":[{"name":"wp","href":"https:\/\/api.w.org\/{rel}","templated":true}]}}